{"id":2583,"date":"2020-08-24T11:45:53","date_gmt":"2020-08-24T09:45:53","guid":{"rendered":"https:\/\/semmelweis.hu\/etk\/?page_id=2583"},"modified":"2023-11-20T10:32:41","modified_gmt":"2023-11-20T09:32:41","slug":"deans-office","status":"publish","type":"page","link":"https:\/\/semmelweis.hu\/etk\/en\/about-the-faculty\/deans-office\/","title":{"rendered":"Dean&#8217;s Office"},"content":{"rendered":"<p><strong>Address<\/strong>: 1088 Budapest, Vas utca 17. Room 103 (first floor)<br \/>\n<strong>Phone<\/strong>: (+36) 1 486 5910<br \/>\n<strong>E-mail<\/strong>: etk.dekanihivatal@semmelweis.hu<\/p>\n<h2>Head of Office<\/h2>\n<p><strong>Marianna KAKUK<\/strong><\/p>\n<p><strong>Phone<\/strong>: (+36) 1 486 5910<\/p>\n<p><strong>E-mail: <\/strong>etk.dekanihivatal@semmelweis.hu<\/p>\n<h2>Secretariat<\/h2>\n<table style=\"hwidth: 100%; border-collapse: collapse;\">\n<tbody>\n<tr>\n<td><strong>Benedek Bal\u00e1zs HORV\u00c1TH<\/strong><br \/>\nSecretary<\/td>\n<td>+36 1 486 5911<\/td>\n<td>horvath.benedek@semmelweis.hu<\/td>\n<\/tr>\n<tr>\n<td><strong>\u00c9va M\u00e1ria K\u00c1M\u00c1N<\/strong><br \/>\nInternational affairs<\/td>\n<td>+36 1 486 5917<\/td>\n<td>etk.international@semmelweis.hu<\/td>\n<\/tr>\n<tr>\n<td><strong>N\u00f3ra R\u00d3ZSA-OLTV\u00d6LGYI<\/strong><br \/>\nErasmus program coordinator<\/td>\n<td>+36 1 486 5845<\/td>\n<td>etk.erasmus@semmelweis.hu<\/td>\n<\/tr>\n<\/tbody>\n<\/table>\n<p>&nbsp;<\/p>\n","protected":false},"excerpt":{"rendered":"<p>Address: 1088 Budapest, Vas utca 17. Room 103 (first floor) Phone: (+36) 1 486 5910 E-mail: etk.dekanihivatal@semmelweis.hu Head of Office Marianna KAKUK Phone: (+36) 1 486 5910 E-mail: etk.dekanihivatal@semmelweis.hu Secretariat Benedek Bal\u00e1zs HORV\u00c1TH Secretary +36 1 486 5911 horvath.benedek@semmelweis.hu \u00c9va M\u00e1ria K\u00c1M\u00c1N International affairs +36 1 486 5917 etk.international@semmelweis.hu N\u00f3ra R\u00d3ZSA-OLTV\u00d6LGYI Erasmus program coordinator +36 &hellip;<\/p>\n","protected":false},"author":101733,"featured_media":0,"parent":806,"menu_order":3,"comment_status":"closed","ping_status":"closed","template":"","meta":{"_acf_changed":false,"footnotes":""},"categories":[],"tags":[],"class_list":["post-2583","page","type-page","status-publish","hentry"],"acf":[],"_links":{"self":[{"href":"https:\/\/semmelweis.hu\/etk\/wp-json\/wp\/v2\/pages\/2583","targetHints":{"allow":["GET"]}}],"collection":[{"href":"https:\/\/semmelweis.hu\/etk\/wp-json\/wp\/v2\/pages"}],"about":[{"href":"https:\/\/semmelweis.hu\/etk\/wp-json\/wp\/v2\/types\/page"}],"author":[{"embeddable":true,"href":"https:\/\/semmelweis.hu\/etk\/wp-json\/wp\/v2\/users\/101733"}],"replies":[{"embeddable":true,"href":"https:\/\/semmelweis.hu\/etk\/wp-json\/wp\/v2\/comments?post=2583"}],"version-history":[{"count":10,"href":"https:\/\/semmelweis.hu\/etk\/wp-json\/wp\/v2\/pages\/2583\/revisions"}],"predecessor-version":[{"id":14288,"href":"https:\/\/semmelweis.hu\/etk\/wp-json\/wp\/v2\/pages\/2583\/revisions\/14288"}],"up":[{"embeddable":true,"href":"https:\/\/semmelweis.hu\/etk\/wp-json\/wp\/v2\/pages\/806"}],"wp:attachment":[{"href":"https:\/\/semmelweis.hu\/etk\/wp-json\/wp\/v2\/media?parent=2583"}],"wp:term":[{"taxonomy":"category","embeddable":true,"href":"https:\/\/semmelweis.hu\/etk\/wp-json\/wp\/v2\/categories?post=2583"},{"taxonomy":"post_tag","embeddable":true,"href":"https:\/\/semmelweis.hu\/etk\/wp-json\/wp\/v2\/tags?post=2583"}],"curies":[{"name":"wp","href":"https:\/\/api.w.org\/{rel}","templated":true}]}}