{"id":251,"date":"2020-03-26T15:54:44","date_gmt":"2020-03-26T14:54:44","guid":{"rendered":"http:\/\/semmelweis.hu\/etk\/?page_id=251"},"modified":"2023-08-10T08:27:37","modified_gmt":"2023-08-10T06:27:37","slug":"contacts","status":"publish","type":"page","link":"https:\/\/semmelweis.hu\/etk\/en\/contacts\/","title":{"rendered":"Contacts"},"content":{"rendered":"<p>H \u2013 1088 Budapest, 17 Vas street<br \/>\n(+36 1) 486-4800<br \/>\n<a href=\"mailto:etk.info@semmelweis.hu\">etk.info@semmelweis.hu<\/a><br \/>\nMailing address: 1085 Budapest, \u00dcll\u0151i \u00fat 26.<br \/>\n1428 Budapest, Pf.2.<\/p>\n<p>Semmelweis University registration No: FI 62576<\/p>\n<table style=\"border-collapse: collapse;width: 100%;height: 362px\">\n<tbody>\n<tr style=\"height: 33px\">\n<td style=\"width: 25.1008%;height: 33px\"><strong>Vas street reception <\/strong><strong><br \/>\n<\/strong><\/td>\n<td style=\"width: 24.8992%;height: 33px\">etk.portaszolgalat@semmelweis.hu<\/td>\n<td style=\"width: 25%;height: 33px\">(+36) 1 486 5801<\/td>\n<td style=\"width: 25%;height: 33px\">17 Vas street, 1088<\/td>\n<\/tr>\n<tr style=\"height: 63px\">\n<td style=\"width: 25.1008%;height: 63px\"><strong>Erkel Street reception<\/strong><\/td>\n<td style=\"width: 24.8992%;height: 63px\">\u00a0<\/td>\n<td style=\"width: 25%;height: 63px\">(+36) 1 272 1390<\/td>\n<td style=\"width: 25%;height: 63px\">26 Erkel Gyula str, 1046<\/td>\n<\/tr>\n<tr style=\"height: 35px\">\n<td style=\"width: 25.1008%;height: 35px\"><strong>Dean&#8217;s Office<\/strong><\/td>\n<td style=\"width: 24.8992%;height: 35px\">etk.dekanihivatal@semmelweis.hu<\/td>\n<td style=\"width: 25%;height: 35px\">(+36) 1 486 5910<\/td>\n<td style=\"width: 25%;height: 35px\">17 Vas street, room 103 (1st floor)<\/td>\n<\/tr>\n<tr style=\"height: 33px\">\n<td style=\"width: 25.1008%;height: 33px\"><strong>Foreign Students&#8217; Secretariat<\/strong><\/td>\n<td style=\"width: 24.8992%;height: 33px\">etk.student@semmelweis.hu<\/td>\n<td style=\"width: 25%;height: 33px\">(+36) 1 486 4970<\/td>\n<td style=\"width: 25%;height: 33px\">17 Vas street, room 129 (1st floor)<\/td>\n<\/tr>\n<tr style=\"height: 33px\">\n<td style=\"width: 25.1008%;height: 33px\"><strong>International Affairs<\/strong><\/td>\n<td style=\"width: 24.8992%;height: 33px\">etk.international@semmelweis.hu<\/td>\n<td style=\"width: 25%;height: 33px\">(+36) 1 486 5917<\/td>\n<td style=\"width: 25%;height: 33px\">17 Vas street, room 103 (1st floor)<\/td>\n<\/tr>\n<tr style=\"height: 33px\">\n<td style=\"width: 25.1008%;height: 33px\"><strong>Erasmus+ Office<\/strong><\/td>\n<td style=\"width: 24.8992%;height: 33px\">etk.erasmus@semmelweis.hu<\/td>\n<td style=\"width: 25%;height: 33px\">(+36) 1 486 5845<\/td>\n<td style=\"width: 25%;height: 33px\">17 Vas street, room 103 (1st floor)<\/td>\n<\/tr>\n<tr style=\"height: 33px\">\n<td style=\"width: 25.1008%;height: 33px\"><strong>Library<\/strong><\/td>\n<td style=\"width: 24.8992%;height: 33px\">etk.konyvtar@semmelweis.hu<\/td>\n<td style=\"width: 25%;height: 33px\">(+36) 1 486 5959<\/td>\n<td style=\"width: 25%;height: 33px\">17 Vas street, room 21 (1st floor, staircase)<\/td>\n<\/tr>\n<tr style=\"height: 33px\">\n<td style=\"width: 25.1008%;height: 33px\"><strong>Students&#8217; Union<\/strong><\/td>\n<td style=\"width: 24.8992%;height: 33px\">hok.health@semmelweis.hu<\/td>\n<td style=\"width: 25%;height: 33px\">(+36) 1 486 5888<\/td>\n<td style=\"width: 25%;height: 33px\">17 Vas street, H\u00d6K office (ground floor)<\/td>\n<\/tr>\n<tr style=\"height: 33px\">\n<td style=\"width: 25.1008%;height: 33px\"><strong>Doctor&#8217;s Office<\/strong><\/td>\n<td style=\"width: 24.8992%;height: 33px\">etk.rendelo@semmelweis.hu<\/td>\n<td style=\"width: 25%;height: 33px\">(+36) 1 486 5975<\/td>\n<td style=\"width: 25%;height: 33px\">17 Vas street, F2 (Mezzanine)<\/td>\n<\/tr>\n<tr>\n<td style=\"width: 25.1008%\"><strong>University Bookstore<\/strong><\/td>\n<td style=\"width: 24.8992%\">etk.jegyzetbolt@semmelweis.hu<\/td>\n<td style=\"width: 25%\">(+36) 1 486 5860<\/td>\n<td style=\"width: 25%\">17 Vas street, room 42 (ground floor)<\/td>\n<\/tr>\n<\/tbody>\n<\/table>\n<p>&nbsp;<\/p>\n<p>&nbsp;<\/p>\n","protected":false},"excerpt":{"rendered":"<p>H \u2013 1088 Budapest, 17 Vas street (+36 1) 486-4800 <a href=\"mailto:etk.info@semmelweis.hu\">etk.info@semmelweis.hu<\/a> Mailing address: 1085 Budapest, \u00dcll\u0151i \u00fat 26. 1428 Budapest, Pf.2. Semmelweis University registration No: FI 62576 Vas street reception etk.portaszolgalat@semmelweis.hu (+36) 1 486 5801 17 Vas street, 1088 Erkel Street reception \u00a0 (+36) 1 272 1390 26 Erkel Gyula str, 1046 Dean&#8217;s Office etk.dekanihivatal@semmelweis.hu (+36) &hellip;<\/p>\n","protected":false},"author":12,"featured_media":0,"parent":0,"menu_order":8,"comment_status":"closed","ping_status":"closed","template":"","meta":{"_acf_changed":false,"footnotes":""},"categories":[],"tags":[],"class_list":["post-251","page","type-page","status-publish","hentry"],"acf":[],"_links":{"self":[{"href":"https:\/\/semmelweis.hu\/etk\/wp-json\/wp\/v2\/pages\/251","targetHints":{"allow":["GET"]}}],"collection":[{"href":"https:\/\/semmelweis.hu\/etk\/wp-json\/wp\/v2\/pages"}],"about":[{"href":"https:\/\/semmelweis.hu\/etk\/wp-json\/wp\/v2\/types\/page"}],"author":[{"embeddable":true,"href":"https:\/\/semmelweis.hu\/etk\/wp-json\/wp\/v2\/users\/12"}],"replies":[{"embeddable":true,"href":"https:\/\/semmelweis.hu\/etk\/wp-json\/wp\/v2\/comments?post=251"}],"version-history":[{"count":10,"href":"https:\/\/semmelweis.hu\/etk\/wp-json\/wp\/v2\/pages\/251\/revisions"}],"predecessor-version":[{"id":13121,"href":"https:\/\/semmelweis.hu\/etk\/wp-json\/wp\/v2\/pages\/251\/revisions\/13121"}],"wp:attachment":[{"href":"https:\/\/semmelweis.hu\/etk\/wp-json\/wp\/v2\/media?parent=251"}],"wp:term":[{"taxonomy":"category","embeddable":true,"href":"https:\/\/semmelweis.hu\/etk\/wp-json\/wp\/v2\/categories?post=251"},{"taxonomy":"post_tag","embeddable":true,"href":"https:\/\/semmelweis.hu\/etk\/wp-json\/wp\/v2\/tags?post=251"}],"curies":[{"name":"wp","href":"https:\/\/api.w.org\/{rel}","templated":true}]}}