{"id":235,"date":"2020-03-26T15:38:09","date_gmt":"2020-03-26T14:38:09","guid":{"rendered":"http:\/\/semmelweis.hu\/etk\/?page_id=235"},"modified":"2023-08-10T11:04:55","modified_gmt":"2023-08-10T09:04:55","slug":"impressum","status":"publish","type":"page","link":"https:\/\/semmelweis.hu\/etk\/en\/impressum\/","title":{"rendered":"Impressum"},"content":{"rendered":"<p><b>Publisher:<\/b> Semmelweis University<\/p>\n<p><b>Unit: <\/b>Faculty of Healthcare<\/p>\n<p><b>Leader of the Unit: <\/b>Dr. Gabriella D\u00d6RNYEI\u00a0<\/p>\n<p><b>Editor of the website: <\/b>\u00c9va K\u00c1M\u00c1N<\/p>\n<p><b>E-mail: <\/b><a href=\"mailto:kaman.eva.maria@semmelweis.hu\">kaman.eva.maria@semmelweis.hu<\/a><\/p>\n","protected":false},"excerpt":{"rendered":"<p>Publisher: Semmelweis University<br \/>\nUnit: Faculty of Healthcare<br \/>\nLeader of the Unit: Dr. Gabriella D\u00d6RNYEI\u00a0<br \/>\nEditor of the website: \u00c9va K\u00c1M\u00c1N<br \/>\nE-mail: <a href=\"mailto:kaman.eva.maria@semmelweis.hu\">kaman.eva.maria@semmelweis.hu<\/a><\/p>\n","protected":false},"author":12,"featured_media":0,"parent":0,"menu_order":9,"comment_status":"closed","ping_status":"closed","template":"","meta":{"_acf_changed":false,"footnotes":""},"categories":[],"tags":[],"class_list":["post-235","page","type-page","status-publish","hentry"],"acf":[],"_links":{"self":[{"href":"https:\/\/semmelweis.hu\/etk\/wp-json\/wp\/v2\/pages\/235","targetHints":{"allow":["GET"]}}],"collection":[{"href":"https:\/\/semmelweis.hu\/etk\/wp-json\/wp\/v2\/pages"}],"about":[{"href":"https:\/\/semmelweis.hu\/etk\/wp-json\/wp\/v2\/types\/page"}],"author":[{"embeddable":true,"href":"https:\/\/semmelweis.hu\/etk\/wp-json\/wp\/v2\/users\/12"}],"replies":[{"embeddable":true,"href":"https:\/\/semmelweis.hu\/etk\/wp-json\/wp\/v2\/comments?post=235"}],"version-history":[{"count":5,"href":"https:\/\/semmelweis.hu\/etk\/wp-json\/wp\/v2\/pages\/235\/revisions"}],"predecessor-version":[{"id":13200,"href":"https:\/\/semmelweis.hu\/etk\/wp-json\/wp\/v2\/pages\/235\/revisions\/13200"}],"wp:attachment":[{"href":"https:\/\/semmelweis.hu\/etk\/wp-json\/wp\/v2\/media?parent=235"}],"wp:term":[{"taxonomy":"category","embeddable":true,"href":"https:\/\/semmelweis.hu\/etk\/wp-json\/wp\/v2\/categories?post=235"},{"taxonomy":"post_tag","embeddable":true,"href":"https:\/\/semmelweis.hu\/etk\/wp-json\/wp\/v2\/tags?post=235"}],"curies":[{"name":"wp","href":"https:\/\/api.w.org\/{rel}","templated":true}]}}