{"id":19458,"date":"2026-01-30T09:32:34","date_gmt":"2026-01-30T08:32:34","guid":{"rendered":"https:\/\/semmelweis.hu\/etk\/?page_id=19458"},"modified":"2026-03-03T08:37:20","modified_gmt":"2026-03-03T07:37:20","slug":"sportegeszsegugyi-szervezo","status":"publish","type":"page","link":"https:\/\/semmelweis.hu\/etk\/oktatas\/alapkepzesek-bsc\/egeszsegugyi-szervezo-szak\/sportegeszsegugyi-szervezo\/","title":{"rendered":"Sporteg\u00e9szs\u00e9g\u00fcgyi szervez\u0151"},"content":{"rendered":"<h3>Eg\u00e9szs\u00e9g\u00fcgyi szervez\u0151 alapk\u00e9pz\u00e9si szak<\/h3>\n<h2>EG\u00c9SZS\u00c9G\u00dcGYI-SZERVEZ\u0150\/SPORTEG\u00c9SZS\u00c9G\u00dcGYI SZERVEZ\u0150 SPECIALIZ\u00c1CI\u00d3<\/h2>\n<div class=\"keretes w-100\">\n<h6><strong>Munkarend:<\/strong> levelez\u0151<\/h6>\n<h6><strong>K\u00e9pz\u00e9si id\u0151: <\/strong>7 f\u00e9l\u00e9v, 210 kredit<\/h6>\n<h6><strong>K\u00e9pz\u00e9s nyelve:<\/strong> magyar<\/h6>\n<\/div>\n<p><a href=\"#jelentkezes\">A felv\u00e9teli elj\u00e1r\u00e1ssal kapcsolatos b\u0151vebb inform\u00e1ci\u00f3k&#8230;<\/a><\/p>\n<h4><strong>Kiket v\u00e1runk a k\u00e9pz\u00e9sre?<\/strong><\/h4>\n<p style=\"text-align: justify;\">Els\u0151k\u00e9nt a Semmelweis Egyetem eg\u00e9szs\u00e9g\u00fcgyi-szervez\u0151 alapk\u00e9pz\u00e9si (BSc) szak\u00e1n tanulhatnak a jelentkez\u0151k sporteg\u00e9szs\u00e9g\u00fcgyi szervez\u0151 specializ\u00e1ci\u00f3 k\u00e9pz\u00e9sen. <br \/>\nAz eg\u00e9szs\u00e9g\u00fcgyi-szervez\u0151 alapk\u00e9pz\u00e9si szak\/sporteg\u00e9szs\u00e9g\u00fcgyi szervez\u0151 specializ\u00e1ci\u00f3ja olyan tov\u00e1bbtanul\u00f3k sz\u00e1m\u00e1ra ny\u00fajt vonz\u00f3 lehet\u0151s\u00e9get, akik a sporteg\u00e9szs\u00e9g\u00fcgy menedzsment ter\u00fcletei ir\u00e1nt \u00e9rdekl\u0151dnek. A k\u00e9pz\u00e9sre olyan hallgat\u00f3kat v\u00e1runk, akik kell\u0151en innovat\u00edvak, gyakorlatorient\u00e1ltak \u00e9s kreat\u00edvak.<br \/>\nA sporteg\u00e9szs\u00e9g\u00fcgyi k\u00e9pz\u00e9sen v\u00e9gzett eg\u00e9szs\u00e9g\u00fcgyi szervez\u0151i szakember ismeri 1) az eg\u00e9szs\u00e9g\u00fcgy, a sport, a sporteg\u00e9szs\u00e9g\u00fcgy int\u00e9zm\u00e9nyrendszer\u00e9t, tev\u00e9kenys\u00e9gi form\u00e1it, szervez\u00e9s\u00e9t, 2) j\u00e1rtas az emberi szervezet biol\u00f3giai \u00e9s anat\u00f3miai fel\u00e9p\u00edt\u00e9s\u00e9ben, (sport)\u00e9lettani mechanizmusainak folyamataiban, 3) ismeri a versenysportok testi \u00e9s lelki eg\u00e9szs\u00e9gre gyakorolt hat\u00e1sait, 4) t\u00e1j\u00e9kozott a prevenci\u00f3, a sportdietetika, a tervezett \u00e9s a s\u00fcrg\u0151ss\u00e9gi eg\u00e9szs\u00e9g\u00fcgyi beavatkoz\u00e1sok, valamint a rehabilit\u00e1ci\u00f3 \u00e9s az eg\u00e9szs\u00e9g\u00fcgyi ell\u00e1t\u00f3rendszer m\u0171k\u00f6d\u00e9si mechanizmusaiban, valamint az eg\u00e9szs\u00e9g\u00fcgyi ell\u00e1t\u00e1s \u00e9s a sportszab\u00e1lyoz\u00e1s etikai \u00e9s jogi k\u00e9rd\u00e9sk\u00f6reiben. \u00c9p\u00edtve a fenti, kiemelten a sporttal \u00e9s az eg\u00e9szs\u00e9ggel kapcsolatos gazdas\u00e1gtani, menedzsment, t\u00e1rsadalmi \u00e9s pszichol\u00f3giai k\u00e9rd\u00e9sekben szerzett komplex ismereteire, r\u00e9szt vesz a sporteg\u00e9szs\u00e9g\u00fcgyi ell\u00e1t\u00e1s k\u00fcl\u00f6nb\u00f6z\u0151 ter\u00fcletein, \u00edgy a v\u00e9gzettek sz\u00e1m\u00e1ra a diploma megszerz\u00e9s\u00e9t k\u00f6vet\u0151en rendk\u00edv\u00fcl sz\u00e9les elhelyezked\u00e9si lehet\u0151s\u00e9gek ny\u00edlnak meg a sporteg\u00e9szs\u00e9g\u00fcgyi ell\u00e1t\u00f3rendszer k\u00fcl\u00f6nb\u00f6z\u0151 sz\u00ednterein megjelen\u0151 eg\u00e9szs\u00e9g\u00fcgyi szervez\u0151 munka (health care management) szakmater\u00fcletein. V\u00e9gzett hallgat\u00f3ink egyfajta \u00f6sszek\u00f6t\u0151 kapcsot is jelenthetnek majd a sport \u00e9s az eg\u00e9szs\u00e9g\u00fcgyi \u00e1gazat k\u00f6z\u00f6tt, ez\u00e1ltal m\u00e9g hat\u00e9konyabb\u00e1 tehetik az eg\u00e9szs\u00e9g\u00fcgyi \u00e9s a sportter\u00fcletek egy\u00fcttm\u0171k\u00f6d\u00e9s\u00e9t.<\/p>\n<h4><strong>F\u0151bb szakmai ismeretk\u00f6r\u00f6k<\/strong><\/h4>\n<p style=\"text-align: justify;\">Vezet\u00e9si \u00e9s szervez\u00e9si ismeretek, Gazdas\u00e1gi \u00e9s eg\u00e9szs\u00e9ggazdas\u00e1gtani ismeretek, Sporttudom\u00e1nyi ismeretek, \u00d6sszehasonl\u00edt\u00f3 eg\u00e9szs\u00e9g\u00fcgyi- \u00e9s sport int\u00e9zm\u00e9nyrendszerek, Eg\u00e9szs\u00e9g\u00fcgyi menedzsment, P\u00e1ly\u00e1zat- \u00e9s projektmenedzsment, Sportmarketing \u00e9s m\u00e9dia, K\u00f6nyvviteli ismeretek, Digit\u00e1lis eg\u00e9szs\u00e9g\u00fcgyi ismeretek, Jogi \u00e9s etikai k\u00e9rd\u00e9sek a sporteg\u00e9szs\u00e9g\u00fcgy ter\u00fclet\u00e9n, Marketing, Eg\u00e9szs\u00e9gtudom\u00e1nyi alapismeretek, Beteg\u00fatszervez\u00e9s m\u00f3dszertani ismeretek, Sportpszichol\u00f3gia, Sportinnov\u00e1ci\u00f3 \u00e9s strat\u00e9giai menedzsment, Sportrendezv\u00e9nyek, Sportdietetika, Komplex fizioter\u00e1pia a sports\u00e9r\u00fcl\u00e9sekben, Prevenci\u00f3 \u00e9s rehabilit\u00e1ci\u00f3 a sport ter\u00fclet\u00e9n, Sport oxiol\u00f3gia, Rekre\u00e1ci\u00f3 \u00e9s \u00e9letm\u00f3d, Kommunik\u00e1ci\u00f3s ismeretek, t\u00e1rgyal\u00e1stechnika<\/p>\n<h4><strong>Tov\u00e1bbtanul\u00e1si lehet\u0151s\u00e9gek mesterszakon<\/strong><\/h4>\n<ul style=\"list-style-type: disc;\">\n<li>Eg\u00e9szs\u00e9g\u00fcgyi menedzser<\/li>\n<li>Eg\u00e9szs\u00e9g\u00fcgyi-min\u0151s\u00e9g\u00fcgyi \u00e9s betegbiztons\u00e1gi menedzsment<\/li>\n<li>Eg\u00e9szs\u00e9g\u00fcgyi adattudom\u00e1ny<\/li>\n<li>Integr\u00e1lt Szoci\u00e1lis Szolg\u00e1ltat\u00e1si Menedzsment<\/li>\n<li>Eg\u00e9szs\u00e9gpolitika, tervez\u00e9s \u00e9s finansz\u00edroz\u00e1s mesterszak<\/li>\n<\/ul>\n<h4><strong>Mit csin\u00e1l egy EG\u00c9SZS\u00c9G\u00dcGYI SZERVEZ\u0150\/SPORTeg\u00e9szs\u00e9g\u00dcGYI szervez\u0151?<\/strong><\/h4>\n<p style=\"text-align: justify;\">Az eg\u00e9szs\u00e9g\u00fcgyi-szervez\u0151\/sporteg\u00e9szs\u00e9g\u00fcgyi szervez\u0151 olyan sokoldal\u00fa szakember, aki az eg\u00e9szs\u00e9g\u00fcgyi folyamatokban \u00e9s a sport ter\u00fcletein egyar\u00e1nt j\u00e1rtas. Tud\u00e1sa \u00f6tv\u00f6zi az eg\u00e9szs\u00e9g\u00fcgyi, az \u00fczleti \u00e9s a sporttudom\u00e1nyi ismereteket, ez\u00e1ltal nem csak az eg\u00e9szs\u00e9g\u00fcgyi int\u00e9zm\u00e9nyek m\u0171k\u00f6d\u00e9s\u00e9t l\u00e1tja \u00e1t \u00e9s k\u00e9pes annak folyamatait megszervezni \u00e9s koordin\u00e1lni, de \u00fczleti ismereteivel k\u00e9pes azt piacra vinni \u00e9s menedzselni is. A sporteg\u00e9szs\u00e9g\u00fcgyi szervez\u0151 specializ\u00e1ci\u00f3n folytatott tanulm\u00e1nyok sor\u00e1n a hallgat\u00f3k olyan tud\u00e1st \u00e9s k\u00e9pess\u00e9geket saj\u00e1t\u00edtanak el, melyek sz\u00fcks\u00e9gesek 1) a k\u00fcl\u00f6nf\u00e9le szint\u0171 sportszervezetek, sportrendezv\u00e9nyek sporteg\u00e9szs\u00e9g\u00fcgyi feladatainak meg\u00e9rt\u00e9s\u00e9re, szervez\u00e9s\u00e9re, valamint 2) az eg\u00e9szs\u00e9g\u00fcgyi ell\u00e1t\u00f3rendszerben a megel\u0151z\u0151, valamint a gy\u00f3gy\u00edt\u00f3 sporteg\u00e9szs\u00e9g\u00fcgyi ell\u00e1t\u00e1sok \u00e1tfog\u00f3 szint\u0171 szervez\u00e9s\u00e9re, alapozva a vonatkoz\u00f3 korm\u00e1nyrendeletben foglaltakra. A v\u00e9gzett szakemberek k\u00e9pesekk\u00e9 v\u00e1lnak a hazai sportorvosi rendszerben a hat\u00e9kony m\u0171k\u00f6d\u00e9sre, benne a beteg\u00fatszervez\u00e9sre, melynek keret\u00e9ben c\u00e9l 1) a sports\u00e9r\u00fcl\u00e9sek, a betegs\u00e9gek megel\u0151z\u00e9se, a k\u00fcl\u00f6nf\u00e9le kock\u00e1zati t\u00e9nyez\u0151k cs\u00f6kkent\u00e9se, f\u0151k\u00e9nt a verseny- \u00e9s szabadid\u0151 sportol\u00f3k eg\u00e9szs\u00e9g\u00e9nek meg\u0151rz\u00e9s\u00e9vel, eg\u00e9szs\u00e9gi \u00e1llapotuk jav\u00edt\u00e1s\u00e1val, sz\u0171r\u0151vizsg\u00e1latok szervez\u00e9s\u00e9vel; 2) a korai st\u00e1diumban t\u00f6rt\u00e9n\u0151 betegs\u00e9gek felismer\u00e9se, a k\u00fcl\u00f6nf\u00e9le sports\u00e9r\u00fcl\u00e9sek, sporttal \u00f6sszef\u00fcgg\u0151 betegs\u00e9gek kezel\u00e9s\u00e9nek, a gy\u00f3gyul\u00e1s el\u0151seg\u00edt\u00e9s\u00e9nek \u00e9s a s\u00e9r\u00fclt beteg \u00e9letmin\u0151s\u00e9gjav\u00edt\u00e1s\u00e1nak el\u00e9r\u00e9se sporteg\u00e9szs\u00e9g\u00fcgyi szervez\u0151i feladatok keret\u00e9ben.<\/p>\n<h4><strong>Elhelyezked\u00e9si lehet\u0151s\u00e9gek<\/strong><\/h4>\n<ul style=\"list-style-type: disc;\">\n<li>k\u00f6z- \u00e9s\/vagy mag\u00e1nfinansz\u00edrozott eg\u00e9szs\u00e9g\u00fcgyi szolg\u00e1ltat\u00f3kn\u00e1l (sportorvosi rendel\u0151kben, rehabilit\u00e1ci\u00f3s, mozg\u00e1sszervi oszt\u00e1lyokon, eg\u00e9szs\u00e9g\u00fcgyi int\u00e9zm\u00e9nyekben);<\/li>\n<li>eg\u00e9szs\u00e9gfejleszt\u00e9si irod\u00e1kban (EFI), prevenci\u00f3s \u00e9s \u00e9letm\u00f3dprogramokat m\u0171k\u00f6dtet\u0151 k\u00f6z-\u00e9s mag\u00e1nfinansz\u00edrozott szervezetekn\u00e9l;<\/li>\n<li>k\u00fcl\u00f6nf\u00e9le sportint\u00e9zm\u00e9nyekn\u00e9l, klubbokn\u00e1l;<\/li>\n<li>eg\u00e9szs\u00e9g- \u00e9s sport gy\u00f3gyturizmussal foglalkoz\u00f3, prevenci\u00f3s, rekre\u00e1ci\u00f3s c\u00e9lokat el\u0151t\u00e9rbe helyez\u0151 szolg\u00e1ltat\u00f3kn\u00e1l, sportrendezv\u00e9nyszervez\u0151kn\u00e9l<\/li>\n<\/ul>\n            <div class=\"qae-faqs-container qae-faqs-toggle-container\">\n\t\t\t\t\t\t\t<ul class=\"qe-faqs-filters-container\">\n\t\t\t\t<li class=\"active\"><a class=\"qe-faqs-filter all-faqs\" href=\"#\" data-filter=\"*\">All<\/a><\/li>\n\t\t\t\t<li><a class=\"qe-faqs-filter\" href=\"#jelentkezes-alapkepzesek\" data-filter=\".jelentkezes-alapkepzesek\">Jelentkez\u00e9s - Alapk\u00e9pz\u00e9sek<\/a><\/li>\t\t\t<\/ul>\n\t\t\t\t\t<div id=\"qaef-14497\" class=\"qe-faq-toggle jelentkezes-alapkepzesek\">\n\t\t\t<div class=\"qe-toggle-title\">\n\t\t\t\t<h4>\n\t\t\t\t\t<i class=\"fa fa-minus-circle\"><\/i> Jelentkez\u00e9s alapk\u00e9pz\u00e9sre\t\t\t\t<\/h4>\n\t\t\t<\/div>\n\t\t\t<div class=\"qe-toggle-content\">\n\t\t\t\t<p><a href=\"https:\/\/www.felvi.hu\/felveteli\/jelentkezes\/mikor_es_mire\/Mikor_lehet_jelentkezni\"><strong>Hivatalos felv\u00e9teli menetrend (felvi.hu) \u2192<\/strong><\/a><\/p>\n<h4><strong>A jelentkez\u00e9s felt\u00e9tele:<\/strong><\/h4>\n<p>\u00c9retts\u00e9gi bizony\u00edtv\u00e1ny<\/p>\n<h4><strong>Finansz\u00edroz\u00e1si forma: <\/strong><\/h4>\n<ul>\n<li>\u00e1llami \u00f6szt\u00f6nd\u00edjjal t\u00e1mogatott<\/li>\n<li>\u00f6nk\u00f6lts\u00e9ges (300.000 Ft\/f\u00e9l\u00e9v: \u00e1pol\u00f3 szakir\u00e1ny, hang-, besz\u00e9d \u00e9s nyel\u00e9sterapeuta szakir\u00e1ny, ment\u0151tiszt szakir\u00e1ny, sz\u00fcl\u00e9szn\u0151 szakir\u00e1ny, n\u00e9peg\u00e9szs\u00e9g\u00fcgyi ellen\u0151r szakir\u00e1ny, v\u00e9d\u0151n\u0151 szakir\u00e1ny, eg\u00e9szs\u00e9gturizmus szervez\u0151 specializ\u00e1ci\u00f3; 350.000 Ft\/f\u00e9l\u00e9v: sporteg\u00e9szs\u00e9g\u00fcgyi szervez\u0151 specializ\u00e1ci\u00f3; 400.000 Ft\/f\u00e9l\u00e9v: dietetikus szakir\u00e1ny, gy\u00f3gytorn\u00e1sz szakir\u00e1ny, optometria specializ\u00e1ci\u00f3, radiogr\u00e1fia specializ\u00e1ci\u00f3)<\/li>\n<li>angol nyelv\u0171 eg\u00e9szs\u00e9gturizmus-szervez\u0151 k\u00e9pz\u00e9s eset\u00e9n 220.000 Ft\/f\u00e9l\u00e9v idegen nyelvi hozz\u00e1j\u00e1rul\u00e1s fizetend\u0151 finansz\u00edroz\u00e1si form\u00e1t\u00f3l f\u00fcggetlen\u00fcl<\/li>\n<\/ul>\n<h4><strong>Jelentkez\u00e9si hat\u00e1rid\u0151:<\/strong><\/h4>\n<ul>\n<li>2026. szeptemberi kezd\u00e9ssel hirdetett k\u00e9pz\u00e9s eset\u00e9n: 2026. febru\u00e1r 15.<\/li>\n<\/ul>\n<h4><strong>Jelentkez\u00e9s m\u00f3dja:<\/strong><\/h4>\n<p>Kiz\u00e1r\u00f3lag elektronikusan jelentkezhetsz a <a href=\"http:\/\/www.felvi.hu\">www.felvi.hu<\/a> honlapon az E-felv\u00e9teli szolg\u00e1ltat\u00e1son kereszt\u00fcl regisztr\u00e1ci\u00f3 ut\u00e1n.<\/p>\n<h4><strong>Megjel\u00f6lt helyek sz\u00e1ma:<\/strong><\/h4>\n<p>Legfeljebb hat helyet jel\u00f6lhetsz meg. Egy jelentkez\u00e9si helynek sz\u00e1m\u00edt, ha a jelentkez\u00e9si hely csak a finansz\u00edroz\u00e1si (\u00e1llami \u00f6szt\u00f6nd\u00edjas, \u00f6nk\u00f6lts\u00e9ges) form\u00e1ban t\u00e9r el.<\/p>\n<h4><strong>D\u00edjak:<\/strong><\/h4>\n<p>H\u00e1rom k\u00e9pz\u00e9s megjel\u00f6l\u00e9se d\u00edjmentes, minden tov\u00e1bbi\u00e9rt 2000-2000 Ft kieg\u00e9sz\u00edt\u0151 d\u00edjat kell fizetni.<\/p>\n<h4><strong>Dokumentumok felt\u00f6lt\u00e9se:<\/strong><\/h4>\n<p>Fel kell t\u00f6lteni azokat a dokumentumokat, melyek a jelentkez\u00e9skor m\u00e1r rendelkez\u00e9sedre \u00e1llnak, a k\u00e9s\u0151bb k\u00e9zhez kapottakat pedig 2026. j\u00falius 07-ig. Az eredeti dokumentumokat a fels\u0151oktat\u00e1si int\u00e9zm\u00e9nyben a beiratkoz\u00e1s alkalm\u00e1val kell bemutatnod, amely a hallgat\u00f3i jogviszony l\u00e9tes\u00edt\u00e9s\u00e9nek is a felt\u00e9tele.<\/p>\n<h4><strong>\u00c9rv\u00e9nyes a jelentkez\u00e9s:<\/strong><\/h4>\n<p>Ha az E-felv\u00e9teliben ny\u00fajtod be \u00e9s a jelentkez\u00e9si \u0171rlapot hiteles\u00edted 2026. febru\u00e1r 15-ig \u00fcgyf\u00e9lkapun kereszt\u00fcl.<\/p>\n<h4><strong>Fontos!<\/strong><\/h4>\n<p>Az eg\u00e9sz felv\u00e9teli elj\u00e1r\u00e1s sor\u00e1n rendszeresen figyeld a megadott e-mail fi\u00f3kodat \u00e9s az E-felv\u00e9teli fel\u00fcletet.<\/p>\n\t\t\t<\/div>\n\t\t<\/div>\n\t\t            <\/div>\n\t\t\n<hr style=\"border-top: 1px solid white;\" \/>\n","protected":false},"excerpt":{"rendered":"<p><a href=\"https:\/\/www.felvi.hu\/felveteli\/jelentkezes\/mikor_es_mire\/Mikor_lehet_jelentkezni\">Hivatalos felv\u00e9teli menetrend (felvi.hu) \u2192<\/a> A jelentkez\u00e9s felt\u00e9tele: \u00c9retts\u00e9gi bizony\u00edtv\u00e1ny Finansz\u00edroz\u00e1si forma: \u00e1llami \u00f6szt\u00f6nd\u00edjjal t\u00e1mogatott \u00f6nk\u00f6lts\u00e9ges (300.000 Ft\/f\u00e9l\u00e9v: \u00e1pol\u00f3 szakir\u00e1ny, hang-, besz\u00e9d \u00e9s nyel\u00e9sterapeuta szakir\u00e1ny, ment\u0151tiszt szakir\u00e1ny, sz\u00fcl\u00e9szn\u0151 szakir\u00e1ny, n\u00e9peg\u00e9szs\u00e9g\u00fcgyi ellen\u0151r szakir\u00e1ny, v\u00e9d\u0151n\u0151 szakir\u00e1ny, eg\u00e9szs\u00e9gturizmus szervez\u0151 specializ\u00e1ci\u00f3; 350.000 Ft\/f\u00e9l\u00e9v: sporteg\u00e9szs\u00e9g\u00fcgyi szervez\u0151 specializ\u00e1ci\u00f3; 400.000 Ft\/f\u00e9l\u00e9v: dietetikus szakir\u00e1ny, gy\u00f3gytorn\u00e1sz szakir\u00e1ny, optometria specializ\u00e1ci\u00f3, radiogr\u00e1fia specializ\u00e1ci\u00f3) angol nyelv\u0171 eg\u00e9szs\u00e9gturizmus-szervez\u0151 k\u00e9pz\u00e9s eset\u00e9n 220.000 Ft\/f\u00e9l\u00e9v idegen &hellip;<\/p>\n","protected":false},"author":101796,"featured_media":19603,"parent":134,"menu_order":0,"comment_status":"closed","ping_status":"closed","template":"","meta":{"_acf_changed":false,"footnotes":""},"categories":[57,59],"tags":[],"class_list":["post-19458","page","type-page","status-publish","has-post-thumbnail","hentry","category-kepzesek","category-turizmus"],"acf":[],"_links":{"self":[{"href":"https:\/\/semmelweis.hu\/etk\/wp-json\/wp\/v2\/pages\/19458","targetHints":{"allow":["GET"]}}],"collection":[{"href":"https:\/\/semmelweis.hu\/etk\/wp-json\/wp\/v2\/pages"}],"about":[{"href":"https:\/\/semmelweis.hu\/etk\/wp-json\/wp\/v2\/types\/page"}],"author":[{"embeddable":true,"href":"https:\/\/semmelweis.hu\/etk\/wp-json\/wp\/v2\/users\/101796"}],"replies":[{"embeddable":true,"href":"https:\/\/semmelweis.hu\/etk\/wp-json\/wp\/v2\/comments?post=19458"}],"version-history":[{"count":5,"href":"https:\/\/semmelweis.hu\/etk\/wp-json\/wp\/v2\/pages\/19458\/revisions"}],"predecessor-version":[{"id":19604,"href":"https:\/\/semmelweis.hu\/etk\/wp-json\/wp\/v2\/pages\/19458\/revisions\/19604"}],"up":[{"embeddable":true,"href":"https:\/\/semmelweis.hu\/etk\/wp-json\/wp\/v2\/pages\/134"}],"wp:featuredmedia":[{"embeddable":true,"href":"https:\/\/semmelweis.hu\/etk\/wp-json\/wp\/v2\/media\/19603"}],"wp:attachment":[{"href":"https:\/\/semmelweis.hu\/etk\/wp-json\/wp\/v2\/media?parent=19458"}],"wp:term":[{"taxonomy":"category","embeddable":true,"href":"https:\/\/semmelweis.hu\/etk\/wp-json\/wp\/v2\/categories?post=19458"},{"taxonomy":"post_tag","embeddable":true,"href":"https:\/\/semmelweis.hu\/etk\/wp-json\/wp\/v2\/tags?post=19458"}],"curies":[{"name":"wp","href":"https:\/\/api.w.org\/{rel}","templated":true}]}}