{"id":19110,"date":"2025-12-16T09:32:52","date_gmt":"2025-12-16T08:32:52","guid":{"rendered":"https:\/\/semmelweis.hu\/etk\/?page_id=19110"},"modified":"2025-12-16T09:37:02","modified_gmt":"2025-12-16T08:37:02","slug":"faculty-committees","status":"publish","type":"page","link":"https:\/\/semmelweis.hu\/etk\/en\/about-the-faculty\/faculty-committees\/","title":{"rendered":"Faculty Committees"},"content":{"rendered":"<div id=\"tablist1-panel2\" class=\"tabcontent responsive-tabs__panel responsive-tabs__panel--active\" role=\"tabpanel\" aria-hidden=\"false\" aria-labelledby=\"tablist1-tab2\">\n<h2>Faculty Examination and Studies Committee<\/h2>\n<div class=\"keretes\">\n<h6><strong>chairperson<\/strong><\/h6>\n<p><strong>Dr. Vingender<\/strong> Istv\u00e1n, Vice Dean<br \/>\n<a href=\"mailto:vingender.istvan@semmelweis.hu\"><span class=\"tel-value\">vingender.istvan@semmelweis.hu<\/span><\/a><\/p>\n<\/div>\n<h6><strong>members:<\/strong><\/h6>\n<ul>\n<li><strong>Dr. Benedek<\/strong> Csilla, college associate professor<br \/>\n<a href=\"mailto:benedek.csilla@semmelweis.hu\"><span class=\"tel-value\">benedek.csilla@semmelweis.hu<\/span><\/a><\/li>\n<li><strong>Bodn\u00e1r<\/strong> Hajnalka, master teacher<br \/>\n<a href=\"mailto:bodnar.hajnalka@semmelweis.hu\"><span class=\"tel-value\">bodnar.hajnalka@semmelweis.hu<\/span><\/a><\/li>\n<li><strong>Dr. Borj\u00e1n<\/strong> Eszter, senior lecturer<br \/>\n<a href=\"https:\/\/semmelweis.hu\/etk\/az-egeszsegtudomanyi-karrol\/kari-tanacs-kari-bizottsagok\/borjan.eszter@semmelweis.hu\"><span class=\"tel-value\">borjan.eszter@semmelweis.hu<\/span><\/a><\/li>\n<li><strong>K\u00e1d\u00e1r<\/strong> L\u00e1szl\u00f3 Csaba, senior lecturer<br \/>\n<a href=\"https:\/\/semmelweis.hu\/etk\/az-egeszsegtudomanyi-karrol\/kari-tanacs-kari-bizottsagok\/kadar.laszlo1@semmelweis.hu\"><span class=\"tel-value\">kadar.laszlo1@semmelweis.hu<\/span><\/a><\/li>\n<li><strong>N\u00e1gel<\/strong> J\u00f3zsefn\u00e9, <span class=\"emp-job\">academic studies expert<br \/>\n<\/span><a href=\"https:\/\/semmelweis.hu\/etk\/az-egeszsegtudomanyi-karrol\/kari-tanacs-kari-bizottsagok\/nagel.jozsefne@semmelweis.hu\"><span class=\"tel-value\">nagel.jozsefne@semmelweis.hu<\/span><\/a><\/li>\n<li><strong>Suhajd\u00e1n\u00e9 Dr. Urb\u00e1n<\/strong> Veronika, college professor<br \/>\n<a href=\"mailto:suhajdane.urban.veronika@semmelweis.hu\"><span class=\"tel-value\">suhajdane.urban.veronika@semmelweis.hu<\/span><\/a><\/li>\n<li><strong>Dr. Cs\u00e1k<\/strong> R\u00e9ka Borb\u00e1la, Head of Registrar&#8217;s Office<br \/>\n<a href=\"mailto:csak.reka.borbala@semmelweis.hu\">csak.reka.borbala@semmelweis.hu<\/a><\/li>\n<li><strong>Hervatin-R\u00e1cz<\/strong> Eszter, student<br \/>\n<a href=\"mailto:hervatin.eszter@stud.semmelweis.hu\">hervatin.eszter@stud.semmelweis.hu<\/a><\/li>\n<li><strong>Bartalos<\/strong> Szabolcs Martin,\u00a0student<br \/>\n<a href=\"mailto:bartalos.szabolcs@stud.semmelweis.hu\">bartalos.szabolcs@stud.semmelweis.hu<\/a><\/li>\n<li><strong>Vakles<\/strong> \u00c1gnes,\u00a0student<br \/>\n<a href=\"mailto:vakles.agnes@stud.semmelweis.hu\">vakles.agnes@stud.semmelweis.hu<\/a><\/li>\n<li><strong>Sink\u00f3<\/strong> Luca, student<br \/>\n<a href=\"mailto:sinko.luca@stud.semmelweis.hu\">sinko.luca@stud.semmelweis.hu<\/a><\/li>\n<li><strong>Fekete<\/strong> Rea R\u00e9ka, student<br \/>\n<a class=\"Hyperlink SCXW188008746 BCX0\" href=\"mailto:fekete.rea@stud.semmelweis.hu\" target=\"_blank\" rel=\"noreferrer noopener\"><span class=\"TextRun Underlined SCXW188008746 BCX0\" lang=\"HU-HU\" xml:lang=\"HU-HU\" data-contrast=\"none\"><span class=\"NormalTextRun SCXW188008746 BCX0\" data-ccp-charstyle=\"Hyperlink\">fekete.rea@stud.semmelweis.hu<\/span><\/span><\/a><\/li>\n<\/ul>\n<p><a href=\"https:\/\/semmelweis.hu\/bizottsagok\/en\/constant-committees\/committees-of-faculty-of-health-sciences\/etk-examination-and-studies-committee\/\">More information<\/a><\/p>\n<p><a href=\"https:\/\/semmelweis.hu\/jogigfoig\/files\/2025\/08\/SZMSZ_HKR_III_KONYV_III_2_RESZ_Tanulmanyi_es_Vizsgaszabalyzat_hatalyos_20250618_EN_v.pdf\">Semmelweis University Study and Examination Regulation<\/a><\/p>\n<h2>Faculty Credit Transfer Committee<\/h2>\n<div class=\"keretes\">\n<h6><strong>chairperson<\/strong><\/h6>\n<p><strong>Dr. Sinka<\/strong> Magdolna, College associate professor<br \/>\n<a href=\"mailto:sinka.magdolna@semmelweis.hu\"><span class=\"tel-value\">sinka.magdolna@semmelweis.hu<\/span><\/a><\/p>\n<\/div>\n<h6><strong>members<\/strong><\/h6>\n<ul>\n<li><strong>Dr. T\u00f3th<\/strong> Timea, college associate professor<br \/>\n<a href=\"mailto:toth.timea@semmelweis.hu\"><span class=\"tel-value\">toth.timea@semmelweis.hu<\/span><\/a><\/li>\n<li><strong>Dr. Vingender<\/strong> Istv\u00e1n, Vice Dean<br \/>\n<a href=\"https:\/\/semmelweis.hu\/etk\/az-egeszsegtudomanyi-karrol\/kari-tanacs-kari-bizottsagok\/vingender.istvan@semmelweis.hu\"><span class=\"tel-value\">vingender.istvan@semmelweis.hu<\/span><\/a><\/li>\n<li><strong>T\u00f3th<\/strong> Attila Imre, student<br \/>\n<a href=\"mailto:toth.attila@stud.semmelweis.hu\">toth.attila@stud.semmelweis.hu<\/a><\/li>\n<li><strong>Fekete<\/strong> Rea R\u00e9ka, student<br \/>\n<a href=\"mailto:fekete.rea@stud.semmelweis.hu\">fekete.rea@stud.semmelweis.hu<\/a><\/li>\n<li><strong>Csord\u00e1s<\/strong> Vikt\u00f3ria, student<br \/>\n<a href=\"mailto:csordas.viktoria@stud.semmelweis.hu\">csordas.viktoria@stud.semmelweis.hu<\/a><\/li>\n<\/ul>\n<p><a href=\"https:\/\/semmelweis.hu\/bizottsagok\/en\/constant-committees\/committees-of-faculty-of-health-sciences\/etk-credit-transfer-committee\/\">More information<\/a><\/p>\n<h2>Faculty Ethical and Dispiclinary Committee<\/h2>\n<div class=\"keretes\">\n<h6><strong>chairperson<\/strong><\/h6>\n<p><strong>Dr. Feith<\/strong> Helga Judit, Head of Department<br \/>\n<a href=\"mailto:feith.helga@semmelweis.hu\"><span class=\"tel-value\">feith.helga@semmelweis.hu<\/span><\/a><\/p>\n<\/div>\n<h6><strong>members<\/strong><\/h6>\n<ul>\n<li><strong>Dr. Gad\u00f3<\/strong> Kl\u00e1ra, Vice Dean<br \/>\n<a href=\"mailto:gado.klara@semmelweis.hu\"><span class=\"tel-value\">gado.klara@semmelweis.hu<\/span><\/a><\/li>\n<li><strong>Dr. Vingender<\/strong> Istv\u00e1n, Vice Dean<br \/>\n<a href=\"mailto:vingender.istvan@semmelweis.hu\"><span class=\"tel-value\">vingender.istvan@semmelweis.hu<\/span><\/a><\/li>\n<li><strong>Hakkel<\/strong> Martina, student<br \/>\n<a href=\"mailto:hakkel.martina@stud.semmelweis.hu\">hakkel.martina@stud.semmelweis.hu<\/a><\/li>\n<li><strong>Fekete<\/strong> Rea R\u00e9ka, student<br \/>\n<a href=\"mailto:fekete.rea@stud.semmelweis.hu\">fekete.rea@stud.semmelweis.hu<\/a><\/li>\n<li><strong>T\u00e1nczos<\/strong> Gr\u00e9ta Lujza, student<br \/>\n<a href=\"mailto:tanczos.greta@stud.semmelweis.hu\">tanczos.greta@stud.semmelweis.hu<\/a><\/li>\n<\/ul>\n<p><a href=\"https:\/\/semmelweis.hu\/bizottsagok\/en\/constant-committees\/committees-of-faculty-of-health-sciences\/etk-ethical-and-disciplinary-committee-faculty-of-health-sciences-i-e-etk\/\">More information<\/a><\/p>\n<p><a href=\"https:\/\/semmelweis.hu\/jogigfoig\/files\/2022\/10\/Code_of_Ethics_Effective_date_21_05_2022.pdf\">Semmelweis University&#8217;s Code of Ethics<\/a><\/p>\n<h2>Faculty OMHV Committee<\/h2>\n<div class=\"keretes\">\n<h6><strong>chariperson<\/strong><\/h6>\n<p><strong>Bedn\u00e1rikn\u00e9 Dr. D\u00f6rnyei<\/strong> Gabriella, Dean<br \/>\n<a href=\"mailto:etk.dekan@semmelweis.hu\">etk.dekan@semmelweis.hu<\/a><\/p>\n<\/div>\n<h6><strong>members<\/strong><\/h6>\n<ul>\n<li><strong>Dr. Gad\u00f3<\/strong> Kl\u00e1ra, Vice Dean<br \/>\n<a href=\"mailto:gado.klara@semmelweis.hu\">gado.klara@semmelweis.hu<\/a><\/li>\n<li><strong>Dr. Vingender<\/strong> Istv\u00e1n, Vice Dean<br \/>\n<a href=\"mailto:vingender.istvan@semmelweis.hu\">vingender.istvan@semmelweis.hu<\/a><\/li>\n<li><strong>Dr. Balogh<\/strong> Zolt\u00e1n, Vice Dean<br \/>\n<a href=\"mailto:balogh.zoltan@semmelweis.hu\">balogh.zoltan@semmelweis.hu<\/a><\/li>\n<li><strong>Fekete<\/strong> Rea R\u00e9ka, student<br \/>\n<a href=\"mailto:fekete.rea@stud.semmelweis.hu\">fekete.rea@stud.semmelweis.hu<\/a><\/li>\n<\/ul>\n<\/div>\n","protected":false},"excerpt":{"rendered":"<p>Faculty Examination and Studies Committee chairperson Dr. Vingender Istv\u00e1n, Vice Dean <a href=\"mailto:vingender.istvan@semmelweis.hu\">vingender.istvan@semmelweis.hu<\/a> members: Dr. Benedek Csilla, college associate professor <a href=\"mailto:benedek.csilla@semmelweis.hu\">benedek.csilla@semmelweis.hu<\/a> Bodn\u00e1r Hajnalka, master teacher <a href=\"mailto:bodnar.hajnalka@semmelweis.hu\">bodnar.hajnalka@semmelweis.hu<\/a> Dr. Borj\u00e1n Eszter, senior lecturer <a href=\"https:\/\/semmelweis.hu\/etk\/az-egeszsegtudomanyi-karrol\/kari-tanacs-kari-bizottsagok\/borjan.eszter@semmelweis.hu\">borjan.eszter@semmelweis.hu<\/a> K\u00e1d\u00e1r L\u00e1szl\u00f3 Csaba, senior lecturer <a href=\"https:\/\/semmelweis.hu\/etk\/az-egeszsegtudomanyi-karrol\/kari-tanacs-kari-bizottsagok\/kadar.laszlo1@semmelweis.hu\">kadar.laszlo1@semmelweis.hu<\/a> N\u00e1gel J\u00f3zsefn\u00e9, academic studies expert <a href=\"https:\/\/semmelweis.hu\/etk\/az-egeszsegtudomanyi-karrol\/kari-tanacs-kari-bizottsagok\/nagel.jozsefne@semmelweis.hu\">nagel.jozsefne@semmelweis.hu<\/a> Suhajd\u00e1n\u00e9 Dr. Urb\u00e1n Veronika, college professor <a href=\"mailto:suhajdane.urban.veronika@semmelweis.hu\">suhajdane.urban.veronika@semmelweis.hu<\/a> Dr. Cs\u00e1k R\u00e9ka Borb\u00e1la, Head of Registrar&#8217;s Office <a href=\"mailto:csak.reka.borbala@semmelweis.hu\">csak.reka.borbala@semmelweis.hu<\/a> Hervatin-R\u00e1cz Eszter, student <a href=\"mailto:hervatin.eszter@stud.semmelweis.hu\">hervatin.eszter@stud.semmelweis.hu<\/a> Bartalos &hellip;<\/p>\n","protected":false},"author":101733,"featured_media":0,"parent":806,"menu_order":7,"comment_status":"closed","ping_status":"closed","template":"","meta":{"_acf_changed":false,"footnotes":""},"categories":[],"tags":[],"class_list":["post-19110","page","type-page","status-publish","hentry"],"acf":[],"_links":{"self":[{"href":"https:\/\/semmelweis.hu\/etk\/wp-json\/wp\/v2\/pages\/19110","targetHints":{"allow":["GET"]}}],"collection":[{"href":"https:\/\/semmelweis.hu\/etk\/wp-json\/wp\/v2\/pages"}],"about":[{"href":"https:\/\/semmelweis.hu\/etk\/wp-json\/wp\/v2\/types\/page"}],"author":[{"embeddable":true,"href":"https:\/\/semmelweis.hu\/etk\/wp-json\/wp\/v2\/users\/101733"}],"replies":[{"embeddable":true,"href":"https:\/\/semmelweis.hu\/etk\/wp-json\/wp\/v2\/comments?post=19110"}],"version-history":[{"count":4,"href":"https:\/\/semmelweis.hu\/etk\/wp-json\/wp\/v2\/pages\/19110\/revisions"}],"predecessor-version":[{"id":19115,"href":"https:\/\/semmelweis.hu\/etk\/wp-json\/wp\/v2\/pages\/19110\/revisions\/19115"}],"up":[{"embeddable":true,"href":"https:\/\/semmelweis.hu\/etk\/wp-json\/wp\/v2\/pages\/806"}],"wp:attachment":[{"href":"https:\/\/semmelweis.hu\/etk\/wp-json\/wp\/v2\/media?parent=19110"}],"wp:term":[{"taxonomy":"category","embeddable":true,"href":"https:\/\/semmelweis.hu\/etk\/wp-json\/wp\/v2\/categories?post=19110"},{"taxonomy":"post_tag","embeddable":true,"href":"https:\/\/semmelweis.hu\/etk\/wp-json\/wp\/v2\/tags?post=19110"}],"curies":[{"name":"wp","href":"https:\/\/api.w.org\/{rel}","templated":true}]}}