{"id":18477,"date":"2025-08-14T09:00:44","date_gmt":"2025-08-14T07:00:44","guid":{"rendered":"https:\/\/semmelweis.hu\/etk\/?page_id=18477"},"modified":"2025-11-27T09:06:25","modified_gmt":"2025-11-27T08:06:25","slug":"etk-50","status":"publish","type":"page","link":"https:\/\/semmelweis.hu\/etk\/az-egeszsegtudomanyi-karrol\/etk-50\/","title":{"rendered":"ETK 50"},"content":{"rendered":"<div class=\"responsive-tabs\">\n<h2 class=\"tabtitle\">Rajzp\u00e1ly\u00e1zat<\/h2>\n<div class=\"tabcontent\">\n\n<p style=\"text-align: center\"><strong>Rajzp\u00e1ly\u00e1zat a Semmelweis Egyetem Eg\u00e9szs\u00e9gtudom\u00e1nyi Kar 50. \u00e9vfordul\u00f3j\u00e1nak alkalm\u00e1b\u00f3l<\/strong><\/p>\n<p style=\"text-align: center\"><strong>\u201eMit gondolsz, mivel foglalkozik\u2026?\u201d<\/strong><\/p>\n<p style=\"text-align: justify\">A Semmelweis Egyetem Eg\u00e9szs\u00e9gtudom\u00e1nyi Kara (SE ETK) az 50. jubileumi programsorozat keret\u00e9ben orsz\u00e1gos rajzp\u00e1ly\u00e1zatot hirdet Magyarorsz\u00e1gon \u00e9l\u0151, k\u00f6zoktat\u00e1sban tanul\u00f3 6-18 \u00e9ves di\u00e1kok r\u00e9sz\u00e9re.<\/p>\n<p style=\"text-align: justify\">Ha Magyarorsz\u00e1gon j\u00e1rsz \u00e1ltal\u00e1nos- vagy k\u00f6z\u00e9piskol\u00e1ba \u00e9s szeretsz rajzolni, k\u00fcldd el nek\u00fcnk saj\u00e1t tapasztalatodat vagy elk\u00e9pzel\u00e9sedet arr\u00f3l, hogy mivel foglalkozhat az eg\u00e9szs\u00e9g\u00fcgyi int\u00e9zm\u00e9nyekben dolgoz\u00f3: <a href=\"https:\/\/semmelweis.hu\/etk\/oktatas\/alapkepzesek-bsc\/apolas-es-betegellatas-szak\/apolo-szakirany\/\">\u00c1pol\u00f3<\/a>, <a href=\"https:\/\/semmelweis.hu\/etk\/oktatas\/alapkepzesek-bsc\/apolas-es-betegellatas-szak\/dietetikus-szakirany\/\">Dietetikus<\/a>, <a href=\"https:\/\/semmelweis.hu\/etk\/oktatas\/alapkepzesek-bsc\/apolas-es-betegellatas-szak\/gyogytornasz-szakirany\/\">Gy\u00f3gytorn\u00e1sz<\/a>, <a href=\"https:\/\/semmelweis.hu\/etk\/oktatas\/alapkepzesek-bsc\/apolas-es-betegellatas-szak\/hang-beszed-es-nyelesterapeuta-szakirany\/\">Hang-, besz\u00e9d- \u00e9s nyel\u00e9sterapeuta<\/a>, <a href=\"https:\/\/semmelweis.hu\/etk\/oktatas\/alapkepzesek-bsc\/apolas-es-betegellatas-szak\/mentotiszt-szakirany\/\">Ment\u0151tiszt<\/a>, <a href=\"https:\/\/semmelweis.hu\/etk\/oktatas\/alapkepzesek-bsc\/apolas-es-betegellatas-szak\/szuleszno-szakirany\/\">Sz\u00fcl\u00e9szn\u0151<\/a>, <a href=\"https:\/\/semmelweis.hu\/etk\/oktatas\/alapkepzesek-bsc\/egeszsegugyi-gondozas-es-prevencio-szak\/nepegeszsegugyi-ellenor-szakirany\/\">N\u00e9peg\u00e9szs\u00e9g\u00fcgyi ellen\u0151r<\/a>, <a href=\"https:\/\/semmelweis.hu\/etk\/oktatas\/alapkepzesek-bsc\/egeszsegugyi-gondozas-es-prevencio-szak\/vedono-szakirany\/\">V\u00e9d\u0151n\u0151<\/a>, <a href=\"https:\/\/semmelweis.hu\/etk\/oktatas\/alapkepzesek-bsc\/egeszsegugyi-szervezo-szak\/\">Eg\u00e9szs\u00e9gturizmus-szervez\u0151<\/a>, <a href=\"https:\/\/semmelweis.hu\/etk\/oktatas\/alapkepzesek-bsc\/orvosi-diagnosztikai-analitikus-szak\/optometria-specializacio\/\">Optometrista<\/a>, <a href=\"https:\/\/semmelweis.hu\/etk\/oktatas\/alapkepzesek-bsc\/orvosi-diagnosztikai-analitikus-szak\/radiografia-specializacio\/\">Radiogr\u00e1fus<\/a>, <a href=\"https:\/\/semmelweis.hu\/etk\/oktatas\/szakiranyu-tovabbkepzesek\/addiktologiai-konzultans\/\">Addiktol\u00f3giai konzult\u00e1ns<\/a>, <a href=\"https:\/\/semmelweis.hu\/etk\/oktatas\/szakiranyu-tovabbkepzesek\/podiater\/\">Podi\u00e1ter<\/a><\/p>\n<p style=\"text-align: justify\">A rajzp\u00e1ly\u00e1zatra szabadon v\u00e1lasztott technik\u00e1val k\u00e9sz\u00fclt, \u00e1ll\u00f3 vagy fekv\u0151 elrendez\u00e9s\u0171, A4-es vagy A3-as, pap\u00edrra k\u00e9sz\u00edtett alkot\u00e1sokat, p\u00e1ly\u00e1z\u00f3nk\u00e9nt max. 3 db-ot, v\u00e1runk.<\/p>\n<p style=\"text-align: justify\">A p\u00e1ly\u00e1zatokat postai \u00faton vagy szem\u00e9lyesen az al\u00e1bbi c\u00edmre k\u00e9rj\u00fck eljuttatni:<\/p>\n<p style=\"text-align: justify\"><strong>Semmelweis Egyetem Eg\u00e9szs\u00e9gtudom\u00e1nyi Kar, D\u00e9k\u00e1ni Hivatal, 1088 Budapest, Vas utca 17.<\/strong><\/p>\n<p style=\"text-align: justify\">A p\u00e1ly\u00e1zatok be\u00e9rkez\u00e9si hat\u00e1rideje: <strong>2025. november 5., 24.00 \u00f3ra<\/strong><\/p>\n<p style=\"text-align: justify\">Eredm\u00e9nyhirdet\u00e9s: <strong>2025. november 28.<\/strong><\/p>\n<p style=\"text-align: justify\">A bor\u00edt\u00e9kon mindenk\u00e9pp t\u00fcntess\u00e9tek fel: <strong>ETK 50<\/strong><\/p>\n<p style=\"text-align: justify\">A p\u00e1ly\u00e1zatok mell\u00e9 ne felejtsd el csatolni a <strong><a href=\"https:\/\/semmelweis.hu\/etk\/files\/2025\/08\/rajzpalyazat-szuloi-beleegyezo-nyilatkozat.docx\">\u201eHozz\u00e1j\u00e1rul\u00e1si nyilatkozatot\u201d<\/a><\/strong>, amely a te \u00e9s a sz\u00fcleid adatait is tartalmazza. Emellett k\u00e9rlek, hogy t\u00fcntesd fel olvashat\u00f3an az alkot\u00e1sod h\u00e1toldal\u00e1n a k\u00f6vetkez\u0151ket:<\/p>\n<ul>\n<li style=\"text-align: justify\"><strong>alkot\u00e1s c\u00edme, technik\u00e1ja<\/strong><\/li>\n<li style=\"text-align: justify\"><strong>p\u00e1ly\u00e1z\u00f3 neve<\/strong><\/li>\n<li style=\"text-align: justify\"><strong>sz\u00fcl\u0151\/gondvisel\u0151 neve<\/strong><\/li>\n<li style=\"text-align: justify\"><strong>sz\u00fcl\u0151 email c\u00edme, telefonsz\u00e1ma<\/strong><\/li>\n<li style=\"text-align: justify\"><strong>p\u00e1ly\u00e1z\u00f3 oktat\u00e1si int\u00e9zm\u00e9ny\u00e9nek neve, felk\u00e9sz\u00edt\u0151 tan\u00e1r neve<\/strong><\/li>\n<li style=\"text-align: justify\"><strong>p\u00e1ly\u00e1z\u00f3 \u00e9vfolyama<\/strong><\/li>\n<\/ul>\n<p style=\"text-align: justify\">A p\u00e1lyam\u0171veket a SE ETK \u00e1ltal fel\u00e1ll\u00edtott szakmai zs\u0171ri b\u00edr\u00e1lja el, h\u00e1rom korcsoportban (1-4. \u00e9vfolyam, 5-8. \u00e9vfolyam, 9-12. \u00e9vfolyam).<\/p>\n<p style=\"text-align: justify\">A nyerteseket telefonon \u00e9s e-mailben \u00e9rtes\u00edtj\u00fck. A be\u00e9rkezett alkot\u00e1sokat nem k\u00fcldj\u00fck vissza.<\/p>\n<p style=\"text-align: justify\">A legjobb 30 alkot\u00e1s megjelenik a SE ETK 50. \u00e9vfordul\u00f3j\u00e1ra szervezett ki\u00e1ll\u00edt\u00e1son, ahov\u00e1 az alkot\u00f3k megh\u00edv\u00e1st kapnak. <strong>A ki\u00e1ll\u00edt\u00e1s megnyit\u00f3ja \u00e9s az eredm\u00e9nyhirdet\u00e9s<\/strong> az 50. jubileumi programsorozat keret\u00e9ben az Eg\u00e9szs\u00e9gtudom\u00e1nyi Karon lesz <strong>2025. november 28-\u00e1n, d\u00e9lut\u00e1n 15.00 \u00f3r\u00e1t\u00f3l, ahol izgalmas programok v\u00e1rj\u00e1k a r\u00e9sztvev\u0151ket<\/strong>.<\/p>\n<p style=\"text-align: justify\">Korcsoportonk\u00e9nt a legjobb h\u00e1rom alkot\u00e1s t\u00e1rgynyerem\u00e9nyben r\u00e9szes\u00fcl, illetve sz\u00e1mos k\u00fcl\u00f6nd\u00edj \u00e1tad\u00e1s\u00e1ra is sor ker\u00fcl.<\/p>\n<p style=\"text-align: justify\">Tov\u00e1bbi inform\u00e1ci\u00f3: <a href=\"mailto:kelemen.krisztina.anna@semmelweis.hu\">kelemen.krisztina.anna@semmelweis.hu<\/a><\/p>\n<p>Az adatv\u00e9delmi t\u00e1j\u00e9koztat\u00f3 <strong><a href=\"https:\/\/semmelweis.hu\/etk\/files\/2025\/08\/Rajzpalyazat-Adatvedelmi-tajekoztato_SE.pdf\">IDE kattintva<\/a><\/strong> olvashat\u00f3.<\/p>\n<p>A rajzp\u00e1ly\u00e1zat plak\u00e1tja <strong><a href=\"https:\/\/semmelweis.hu\/etk\/files\/2025\/08\/Letoltheto-plakat_ETK50-rajzpalyazat.pdf\">IDE kattintva<\/a><\/strong> \u00e9rhet\u0151 el.<\/p>\n\n<\/div><h2 class=\"tabtitle\">Jubileumi \u00fcnneps\u00e9g<\/h2>\n<div class=\"tabcontent\">\n\n<p style=\"text-align: center\"><strong>Az ETK50 jubileumi \u00fcnneps\u00e9g programja<\/strong><\/p>\n<p style=\"text-align: center\"><strong>2025. november 26.<\/strong><br \/>\nSemmelweis Egyetem Eg\u00e9szs\u00e9gtudom\u00e1nyi Kar (1088 Budapest, Vas utca 17.)<\/p>\n<p>&nbsp;<\/p>\n<p style=\"text-align: justify\"><strong>10.30\u00a0<\/strong><\/p>\n<p style=\"text-align: justify;padding-left: 40px\"><strong>Dr. D\u00f6rnyei Gabriella<\/strong> d\u00e9k\u00e1n megnyit\u00f3 besz\u00e9de<br \/>\n<strong>Dr. Domj\u00e1n Gyula<\/strong> t\u00f6rt\u00e9neti bevezet\u0151je<br \/>\n<strong>Dr. Polg\u00e1r Vera<\/strong> bemutatja az 50. jubileumi k\u00f6nyvet<br \/>\n<strong>Dr. D\u00f6rnyei Gabriella<\/strong> d\u00e9k\u00e1n \u00e9s <strong>Dr. Nagy Zolt\u00e1n Zsolt<\/strong> prod\u00e9k\u00e1n besz\u00e9lget\u00e9se<br \/>\n<strong>Dr. Feith Helga<\/strong> megnyitja az orsz\u00e1gos rajzp\u00e1ly\u00e1zat ki\u00e1ll\u00edt\u00e1s\u00e1t<br \/>\n<strong>Dr. Gad\u00f3 Kl\u00e1ra<\/strong> \u00e9s <strong>Dr. Forg\u00e1cs Bal\u00e1zs<\/strong> felavatja Dr. Forg\u00e1cs Iv\u00e1n eml\u00e9kt\u00e1bl\u00e1j\u00e1t<\/p>\n<p style=\"text-align: justify\">12.00 \u00c1ll\u00f3fogad\u00e1s<\/p>\n<p style=\"text-align: justify\"><strong>13.30 <\/strong><span style=\"font-size: 1rem\">P\u00f3diumbesz\u00e9lget\u00e9s volt \u00e9s jelenlegi hallgat\u00f3kkal, oktat\u00f3kkal, vezet\u0151kkel 1. r\u00e9sz:<\/span><\/p>\n<ul>\n<li style=\"list-style-type: none\">\n<ul>\n<li><strong>Gy\u0151rfi P\u00e1l<\/strong> Orsz\u00e1gos Ment\u0151szolg\u00e1lat sz\u00f3viv\u0151<\/li>\n<li><strong>Dr. Mih\u00e1ly S\u00e1ndor<\/strong> Orsz\u00e1gos V\u00e9rell\u00e1t\u00f3 Szolg\u00e1lat, Igazgat\u00f3- Transzplant\u00e1ci\u00f3s Igazgat\u00f3s\u00e1g<\/li>\n<li><strong>Sz\u0171cs Zsuzsanna<\/strong> Magyar Dietetikusok Orsz\u00e1gos Sz\u00f6vets\u00e9ge Eln\u00f6k<\/li>\n<li><strong>Fekete Rea<\/strong> ETK Kari vezet\u0151, jelenlegi MSC hallgat\u00f3, dietetikus<\/li>\n<li><strong>D\u00e1niel G\u00e1bor<\/strong> opera\u00e9nekes, a Hang-, besz\u00e9d- \u00e9s nyel\u00e9ster\u00e1pia Tansz\u00e9k jelenlegi hallgat\u00f3ja<\/li>\n<\/ul>\n<\/li>\n<\/ul>\n<p style=\"text-align: justify;padding-left: 40px\"><strong>Kahlichn\u00e9 Dr. Simon M\u00e1rta<\/strong> megnyitja a \u201cSzemelv\u00e9nyek a v\u00e9d\u0151n\u0151i hivat\u00e1s t\u00f6rt\u00e9net\u00e9b\u0151l\u201d c\u00edm\u0171 ki\u00e1ll\u00edt\u00e1st<\/p>\n<p style=\"text-align: justify\">14.45 K\u00e1v\u00e9sz\u00fcnet<\/p>\n<p style=\"text-align: justify\">15.15 P\u00f3diumbesz\u00e9lget\u00e9s volt \u00e9s jelenlegi hallgat\u00f3kkal, oktat\u00f3kkal, vezet\u0151kkel 2. r\u00e9sz:<\/p>\n<ul>\n<li style=\"list-style-type: none\">\n<ul>\n<li><strong>Dr. R\u00e9thy Lajos<\/strong> Csal\u00e1dgondoz\u00e1si M\u00f3dszertani Tansz\u00e9k f\u0151iskolai tan\u00e1r, tansz\u00e9kvezet\u0151<\/li>\n<li><strong>Kahlichn\u00e9 Dr. Simon M\u00e1rta<\/strong> Csal\u00e1dgondoz\u00e1si M\u00f3dszertani Tansz\u00e9k professor emerita, kor\u00e1bbi tansz\u00e9kvezet\u0151<\/li>\n<li><strong>Dr. Gad\u00f3 Kl\u00e1ra<\/strong> Eg\u00e9szs\u00e9gtudom\u00e1nyi Klinikai Tansz\u00e9k f\u0151iskolai tan\u00e1r, tansz\u00e9kvezet\u0151, \u00e1ltal\u00e1nos d\u00e9k\u00e1nhelyettes<\/li>\n<li><strong>Dr. Holl\u00f3s S\u00e1ndor<\/strong> Eg\u00e9szs\u00e9gtudom\u00e1nyi Klinikai Tansz\u00e9k professzor emeritus, volt tansz\u00e9kvezet\u0151<\/li>\n<li><strong>Dr. Horv\u00e1th M\u00f3nika<\/strong> Fizioter\u00e1piai Tansz\u00e9k tansz\u00e9kvezet\u0151, f\u0151iskolai tan\u00e1r<\/li>\n<li><strong>Tringer L\u00e1szl\u00f3n\u00e9<\/strong> Fizioter\u00e1piai Tansz\u00e9k volt tansz\u00e9kvezet\u0151<\/li>\n<\/ul>\n<\/li>\n<\/ul>\n<ul>\n<li style=\"list-style-type: none\">\n<ul>\n<li><strong>Dr. Balogh Zolt\u00e1n<\/strong> \u00c1pol\u00e1stan Tansz\u00e9k tansz\u00e9kvezet\u0151 f\u0151iskolai tan\u00e1r, klinikai kapcsolatok d\u00e9k\u00e1nhelyettes<\/li>\n<li><strong>Nosza Magdolna<\/strong> \u00c1pol\u00e1stan Tansz\u00e9k nyugalmazott tansz\u00e9kvezet\u0151<\/li>\n<li><strong>Dr. Sz\u00e9kely Andrea<\/strong> Oxiol\u00f3gia \u00e9s S\u00fcrg\u0151ss\u00e9gi Ell\u00e1t\u00e1s Tansz\u00e9k tansz\u00e9kvezet\u0151 egyetemi tan\u00e1r<\/li>\n<li><strong>Dr. G\u0151bl G\u00e1bor<\/strong> Oxiol\u00f3gia \u00e9s S\u00fcrg\u0151ss\u00e9gi Ell\u00e1t\u00e1s Tansz\u00e9k volt tansz\u00e9kvezet\u0151, az Orsz\u00e1gos Ment\u0151szolg\u00e1lat volt f\u0151igazgat\u00f3ja<\/li>\n<li><strong>Csajb\u00f3kn\u00e9 Dr. Csobod \u00c9va<\/strong> Dietetikai \u00e9s T\u00e1pl\u00e1lkoz\u00e1studom\u00e1nyi Tansz\u00e9k tansz\u00e9kvezet\u0151 f\u0151iskolai tan\u00e1r<\/li>\n<li><strong>Dr. T\u00e1trai N\u00e9meth Katalin<\/strong> Dietetikai \u00e9s T\u00e1pl\u00e1lkoz\u00e1studom\u00e1nyi Tansz\u00e9k professor emerita, nyugalmazott tansz\u00e9kvezet\u0151<\/li>\n<\/ul>\n<\/li>\n<\/ul>\n<p style=\"text-align: justify\"><strong>18.00 <\/strong>(Ur\u00e1nia Mozi 1088 R\u00e1k\u00f3czi \u00fat 21.)<\/p>\n<p style=\"padding-left: 40px\"><strong>Dr. Merkely B\u00e9la<\/strong> rektor k\u00f6sz\u00f6nt\u0151 besz\u00e9de<br \/>\nA <strong>Medikus Zenekar<\/strong> \u00fcnnepi koncertje az Ur\u00e1nia Moziban<\/p>\n<\/div><\/div>\n","protected":false},"excerpt":{"rendered":"<p>Rajzp\u00e1ly\u00e1zat a Semmelweis Egyetem Eg\u00e9szs\u00e9gtudom\u00e1nyi Kar 50. \u00e9vfordul\u00f3j\u00e1nak alkalm\u00e1b\u00f3l \u201eMit gondolsz, mivel foglalkozik\u2026?\u201d A Semmelweis Egyetem Eg\u00e9szs\u00e9gtudom\u00e1nyi Kara (SE ETK) az 50. jubileumi programsorozat keret\u00e9ben orsz\u00e1gos rajzp\u00e1ly\u00e1zatot hirdet Magyarorsz\u00e1gon \u00e9l\u0151, k\u00f6zoktat\u00e1sban tanul\u00f3 6-18 \u00e9ves di\u00e1kok r\u00e9sz\u00e9re. Ha Magyarorsz\u00e1gon j\u00e1rsz \u00e1ltal\u00e1nos- vagy k\u00f6z\u00e9piskol\u00e1ba \u00e9s szeretsz rajzolni, k\u00fcldd el nek\u00fcnk saj\u00e1t tapasztalatodat vagy elk\u00e9pzel\u00e9sedet arr\u00f3l, hogy mivel &hellip;<\/p>\n","protected":false},"author":101796,"featured_media":19017,"parent":5,"menu_order":10,"comment_status":"closed","ping_status":"closed","template":"","meta":{"_acf_changed":false,"footnotes":""},"categories":[],"tags":[],"class_list":["post-18477","page","type-page","status-publish","has-post-thumbnail","hentry"],"acf":[],"_links":{"self":[{"href":"https:\/\/semmelweis.hu\/etk\/wp-json\/wp\/v2\/pages\/18477","targetHints":{"allow":["GET"]}}],"collection":[{"href":"https:\/\/semmelweis.hu\/etk\/wp-json\/wp\/v2\/pages"}],"about":[{"href":"https:\/\/semmelweis.hu\/etk\/wp-json\/wp\/v2\/types\/page"}],"author":[{"embeddable":true,"href":"https:\/\/semmelweis.hu\/etk\/wp-json\/wp\/v2\/users\/101796"}],"replies":[{"embeddable":true,"href":"https:\/\/semmelweis.hu\/etk\/wp-json\/wp\/v2\/comments?post=18477"}],"version-history":[{"count":8,"href":"https:\/\/semmelweis.hu\/etk\/wp-json\/wp\/v2\/pages\/18477\/revisions"}],"predecessor-version":[{"id":19016,"href":"https:\/\/semmelweis.hu\/etk\/wp-json\/wp\/v2\/pages\/18477\/revisions\/19016"}],"up":[{"embeddable":true,"href":"https:\/\/semmelweis.hu\/etk\/wp-json\/wp\/v2\/pages\/5"}],"wp:featuredmedia":[{"embeddable":true,"href":"https:\/\/semmelweis.hu\/etk\/wp-json\/wp\/v2\/media\/19017"}],"wp:attachment":[{"href":"https:\/\/semmelweis.hu\/etk\/wp-json\/wp\/v2\/media?parent=18477"}],"wp:term":[{"taxonomy":"category","embeddable":true,"href":"https:\/\/semmelweis.hu\/etk\/wp-json\/wp\/v2\/categories?post=18477"},{"taxonomy":"post_tag","embeddable":true,"href":"https:\/\/semmelweis.hu\/etk\/wp-json\/wp\/v2\/tags?post=18477"}],"curies":[{"name":"wp","href":"https:\/\/api.w.org\/{rel}","templated":true}]}}