{"id":18281,"date":"2025-07-15T14:14:21","date_gmt":"2025-07-15T12:14:21","guid":{"rendered":"https:\/\/semmelweis.hu\/etk\/?page_id=18281"},"modified":"2026-03-04T09:53:52","modified_gmt":"2026-03-04T08:53:52","slug":"szuleszno-mesterkepzes","status":"publish","type":"page","link":"https:\/\/semmelweis.hu\/etk\/oktatas\/mesterkepzesek-msc\/szuleszno-mesterkepzes\/","title":{"rendered":"Sz\u00fcl\u00e9szn\u0151 mesterk\u00e9pz\u00e9s"},"content":{"rendered":"<h1>SZ\u00dcL\u00c9SZN\u0150 MESTERK\u00c9PZ\u00c9SI SZAK<\/h1>\n<div class=\"keretes w-100\">\n<p><strong>Munkarend:<\/strong> levelez\u0151<\/p>\n<p><strong>K\u00e9pz\u00e9si id\u0151:<\/strong> 4 f\u00e9l\u00e9v, 120 kredit<\/p>\n<\/div>\n<p><a href=\"https:\/\/semmelweis.hu\/etk\/oktatas\/mesterkepzesek-msc\/apolas-mesterkepzesi-szak\/#jelentkezes\">Tov\u00e1bb a felv\u00e9teli elj\u00e1r\u00e1ssal kapcsolatos inform\u00e1ci\u00f3khoz&#8230;<\/a><\/p>\n<h4><strong>Mi a k\u00e9pz\u00e9s c\u00e9lja?<\/strong><\/h4>\n<p style=\"text-align: justify\">A sz\u00fcl\u00e9szn\u0151 mesterk\u00e9pz\u00e9s c\u00e9lja: olyan eg\u00e9szs\u00e9g\u00fcgyi szakemberek k\u00e9pz\u00e9se a sz\u00fcl\u00e9szet-n\u0151gy\u00f3gy\u00e1szat ter\u00fclet\u00e9n, akik speci\u00e1lis szak\u00e9rt\u0151i tud\u00e1suk birtok\u00e1ban komplex d\u00f6nt\u00e9si k\u00e9pess\u00e9gekkel \u00e9s b\u0151vebb kompetenciak\u00f6rrel rendelkeznek a klinikai gyakorlatban. K\u00e9pesek a mentor\u00e1l\u00e1si feladatok magas szint\u0171 ell\u00e1t\u00e1s\u00e1ra, a megfelel\u0151 kritikus gondolkod\u00e1sra, az \u00f6n\u00e1ll\u00f3 munkav\u00e9gz\u00e9sre. K\u00e9pess\u00e9 v\u00e1lnak a dolgoz\u00f3k \u00e9s a szervezeti egys\u00e9gek vezet\u00e9s\u00e9re, oktat\u00e1si tev\u00e9kenys\u00e9gek szervez\u00e9s\u00e9re \u00e9s v\u00e9gz\u00e9s\u00e9re, klinikai kutat\u00e1sok megtervez\u00e9s\u00e9re \u00e9s lebonyol\u00edt\u00e1s\u00e1ra. Tev\u00e9kenys\u00e9g\u00fckkel hozz\u00e1j\u00e1rulnak a sz\u00fcl\u00e9szn\u0151i szakma preszt\u00edzs\u00e9nek n\u00f6vel\u00e9s\u00e9hez, az egyes ter\u00fcleteken jelentkez\u0151 orvoshi\u00e1nyb\u00f3l \u00e9s az eg\u00e9szs\u00e9g\u00fcgyre jellemz\u0151 forr\u00e1shi\u00e1nyb\u00f3l ered\u0151 probl\u00e9m\u00e1k kezel\u00e9s\u00e9re.<\/p>\n<p style=\"text-align: justify\">Elm\u00e9leti \u00e9s gyakorlati ismereteik k\u00e9pess\u00e9 teszik a betegell\u00e1t\u00e1s k\u00fcl\u00f6nb\u00f6z\u0151 sz\u00ednterein a betegvizsg\u00e1lattal, diagn\u00f3zisalkot\u00e1ssal kapcsolatos sz\u00fcl\u00e9szet-n\u0151gy\u00f3gy\u00e1szati, kiterjesztett hat\u00e1sk\u00f6r\u0171 \u00f6n\u00e1ll\u00f3 munkav\u00e9gz\u00e9sre, valamint betegvezet\u00e9si \u00e9s betegeduk\u00e1ci\u00f3s feladatok ell\u00e1t\u00e1s\u00e1ra is. Munk\u00e1jukkal hozz\u00e1j\u00e1rulhatnak a v\u00e1rand\u00f3sgondoz\u00e1st \u00e9s a sz\u00fcl\u00e9szeti fekv\u0151betegell\u00e1t\u00e1st, a s\u00fcrg\u0151ss\u00e9gi ell\u00e1t\u00e1st \u00e9rint\u0151 orvoshi\u00e1nyb\u00f3l, valamint az eg\u00e9szs\u00e9g\u00fcgyet \u00e9rint\u0151 forr\u00e1shi\u00e1nyb\u00f3l ered\u0151 probl\u00e9m\u00e1k kezel\u00e9s\u00e9hez.<\/p>\n<p style=\"text-align: justify\">Menedzsmentismereteik \u00e1ltal k\u00e9pess\u00e9 v\u00e1lnak szakdolgoz\u00f3k \u00e9s szervezeti egys\u00e9gek vezet\u00e9s\u00e9re, valamint kutat\u00e1sm\u00f3dszertani \u00e9s biostatisztikai ismereteiknek k\u00f6sz\u00f6nhet\u0151en klinikai kutat\u00e1sok megtervez\u00e9s\u00e9re \u00e9s lebonyol\u00edt\u00e1s\u00e1ra. K\u00e9pess\u00e9geiket azon orsz\u00e1gban, int\u00e9zm\u00e9nyben alkalmazhatj\u00e1k a gyakorlatban is, ahol az alkalmazand\u00f3 jogszab\u00e1lyok, ir\u00e1nyelvek, protokollok ezt lehet\u0151v\u00e9 teszik. Felk\u00e9sz\u00fcltek tanulm\u00e1nyaik doktori k\u00e9pz\u00e9sben t\u00f6rt\u00e9n\u0151 folytat\u00e1s\u00e1ra.<\/p>\n<h4><strong>A k\u00e9pz\u00e9sben val\u00f3 r\u00e9szv\u00e9tel felt\u00e9telei<\/strong><\/h4>\n<p style=\"text-align: justify\">a) a bemenethez <strong>felt\u00e9tel n\u00e9lk\u00fcl<\/strong> elfogadott (alap)szakok: \u00c1pol\u00e1s \u00e9s betegell\u00e1t\u00e1s alapszak, Sz\u00fcl\u00e9szn\u0151 szakir\u00e1ny<\/p>\n<p style=\"text-align: justify\">b) a bemenethez <strong>felt\u00e9telekkel<\/strong> elfogadott: Orvos- \u00e9s eg\u00e9szs\u00e9gtudom\u00e1ny ter\u00fclet\u00e9n <strong>alap- \u00e9s\/vagy mesterk\u00e9pz\u00e9si diplom\u00e1val \u00e9s Fels\u0151fok\u00fa sz\u00fcl\u00e9szn\u0151 (OKJ 5.4., OKJ 5.5) v\u00e9gzetts\u00e9ggel egyar\u00e1nt rendelkez\u0151 sz\u00fcl\u00e9szn\u0151k<\/strong>.<br \/>\nEzen bementi szakok eset\u00e9ben tov\u00e1bbi felt\u00e9tel, hogy a jelentkez\u0151 a felv\u00e9telt megel\u0151z\u0151en, eg\u00e9szs\u00e9g\u00fcgyi int\u00e9zm\u00e9ny <strong>sz\u00fcl\u00e9szeti \u00e9s n\u0151gy\u00f3gy\u00e1szati oszt\u00e1ly\u00e1n az elm\u00falt 10 \u00e9vben<\/strong> fekv\u0151beteg ell\u00e1t\u00e1sra ir\u00e1nyul\u00f3 (sz\u00fcl\u00e9szet-n\u0151gy\u00f3gy\u00e1szati) szakmai tev\u00e9kenys\u00e9get folytatott.<\/p>\n            <div class=\"qae-faqs-container qae-faqs-toggle-container\">\n\t\t\t\t\t\t\t<ul class=\"qe-faqs-filters-container\">\n\t\t\t\t<li class=\"active\"><a class=\"qe-faqs-filter all-faqs\" href=\"#\" data-filter=\"*\">All<\/a><\/li>\n\t\t\t\t<li><a class=\"qe-faqs-filter\" href=\"#jelentkezes-keresztfeleves-mesterkepzesek\" data-filter=\".jelentkezes-keresztfeleves-mesterkepzesek\">Jelentkez\u00e9s - Keresztf\u00e9l\u00e9ves mesterk\u00e9pz\u00e9sek<\/a><\/li>\t\t\t<\/ul>\n\t\t\t\t\t<div id=\"qaef-19615\" class=\"qe-faq-toggle jelentkezes-keresztfeleves-mesterkepzesek\">\n\t\t\t<div class=\"qe-toggle-title\">\n\t\t\t\t<h4>\n\t\t\t\t\t<i class=\"fa fa-minus-circle\"><\/i> Felv\u00e9teli vizsga \u00e9s \u00e1ltal\u00e1nos pontsz\u00e1m\u00edt\u00e1si m\u00f3dszerek (Keresztf\u00e9l\u00e9ves MSc)\t\t\t\t<\/h4>\n\t\t\t<\/div>\n\t\t\t<div class=\"qe-toggle-content\">\n\t\t\t\t<h4><strong>Felv\u00e9teli vizsga id\u0151pontja <br \/>\n<\/strong><\/h4>\n<p>2025. december 08-12.<\/p>\n<p><strong>A felv\u00e9teli vizsga d\u00edja<\/strong><\/p>\n<p>Egys\u00e9gesen 4.000 Ft <em>(befizet\u00e9s m\u00f3dja al\u00e1bb r\u00e9szletezve)<\/em><\/p>\n<h4><strong>Felv\u00e9teli vizsga m\u00f3dja<\/strong><\/h4>\n<p><strong>Fizioter\u00e1pia, kiterjesztett hat\u00e1sk\u00f6r\u0171 \u00e1pol\u00f3 \u00e9s t\u00e1pl\u00e1lkoz\u00e1studom\u00e1nyi, n\u00e9peg\u00e9szs\u00e9g\u00fcgyi, sz\u00fcl\u00e9szn\u0151 mesterk\u00e9pz\u00e9seken<br \/>\n<\/strong><\/p>\n<p style=\"padding-left: 40px\">Felv\u00e9teli elbesz\u00e9lget\u00e9s<br \/>\nPontsz\u00e1ma: 80 pont<\/p>\n<p><strong>Eg\u00e9szs\u00e9g\u00fcgyi tan\u00e1r mesterk\u00e9pz\u00e9sen<\/strong><\/p>\n<p style=\"padding-left: 40px\">\u00cdr\u00e1sbeli vizsga<br \/>\nPontsz\u00e1ma: 80 pont<\/p>\n<h4><strong>T\u00d6BBLETPONTOK<br \/>\n<\/strong><\/h4>\n<p>legfeljebb <strong>20<\/strong> pont lehet<\/p>\n<ul>\n<li><strong>fogyat\u00e9koss\u00e1g: <\/strong><strong>3<\/strong> pont<\/li>\n<li><strong>gyermekgondoz\u00e1s: <\/strong><strong>3<\/strong> pont<\/li>\n<li><strong>h\u00e1tr\u00e1nyos helyzet: <\/strong><strong>2<\/strong> pont<\/li>\n<li><strong>C1 komplex nyelvvizsga: <\/strong><strong>5<\/strong> pont<\/li>\n<li><strong>int\u00e9zm\u00e9nyi vagy orsz\u00e1gos TDK 1-3. helyez\u00e9s: <\/strong><strong>5<\/strong> pont<\/li>\n<\/ul>\n<h4><strong>Vizsgad\u00edj befizet\u00e9se:<\/strong><\/h4>\n<p style=\"text-align: justify\">A 4000 Ft-os vizsgad\u00edj befizet\u00e9se &#8211; kiz\u00e1r\u00f3lag &#8211; \u00e1tutal\u00e1ssal t\u00f6rt\u00e9nhet. Az ehhez sz\u00fcks\u00e9ges sz\u00e1ml\u00e1t postai \u00faton vagy e-mail c\u00edmedre kapod meg a felv\u00e9teli rendszerben r\u00f6gz\u00edtett adataidnak megfelel\u0151en. <strong>A befizet\u00e9si hat\u00e1rid\u0151<\/strong> keresztf\u00e9l\u00e9ves k\u00e9pz\u00e9s eset\u00e9n: 2025. november 28<strong>.<\/strong> Csak akkor kezdheted meg a felv\u00e9teli vizsg\u00e1t, ha a d\u00edja a megadott hat\u00e1rid\u0151re az egyetem sz\u00e1ml\u00e1j\u00e1ra be\u00e9rkezik.<\/p>\n<div class=\"keretes w-100\">\n<p style=\"text-align: justify\"><strong>\u00d6sszpontsz\u00e1modat <\/strong>100 pontos pontsz\u00e1m\u00edt\u00e1si rendszerben sz\u00e1molj\u00e1k, a felv\u00e9teli elbesz\u00e9lget\u00e9sen vagy az \u00edr\u00e1sbeli vizsg\u00e1n el\u00e9rt eredm\u00e9nyedet \u00e9s a t\u00f6bbletpontokat \u00f6sszeadj\u00e1k.<\/p>\n<p style=\"text-align: justify\"><strong>Ponthat\u00e1r-meg\u00e1llap\u00edt\u00e1s:<\/strong> v\u00e1rhat\u00f3an 2026. janu\u00e1r v\u00e9ge<\/p>\n<\/div>\n<h4 style=\"text-align: justify\"><strong>A felv\u00e9tel felt\u00e9tele:<\/strong><\/h4>\n<ul style=\"text-align: justify\">\n<li>rendelkezned kell a szak k\u00e9pz\u00e9si \u00e9s kimeneti k\u00f6vetelm\u00e9ny\u00e9ben meghat\u00e1rozott, a bel\u00e9p\u00e9shez sz\u00fcks\u00e9ges \u2013 legal\u00e1bb \u2013 alapk\u00e9pz\u00e9sben szerzett v\u00e9gzetts\u00e9ggel (2006 el\u0151tti k\u00e9pz\u00e9si rendszer szerinti \u2013 legal\u00e1bb &#8211; f\u0151iskolai szint\u0171 v\u00e9gzetts\u00e9ggel)<\/li>\n<li>a felv\u00e9teli elj\u00e1r\u00e1s sor\u00e1n el kell \u00e9rned legal\u00e1bb 50 pontot (jogszab\u00e1lyi minimumpont)<\/li>\n<li>el kell \u00e9rned a szak felv\u00e9teli ponthat\u00e1r\u00e1t.<\/li>\n<\/ul>\n\t\t\t<\/div>\n\t\t<\/div>\n\t\t\t\t<div id=\"qaef-19608\" class=\"qe-faq-toggle jelentkezes-keresztfeleves-mesterkepzesek\">\n\t\t\t<div class=\"qe-toggle-title\">\n\t\t\t\t<h4>\n\t\t\t\t\t<i class=\"fa fa-minus-circle\"><\/i> Jelentkez\u00e9s keresztf\u00e9l\u00e9ves mesterk\u00e9pz\u00e9sre\t\t\t\t<\/h4>\n\t\t\t<\/div>\n\t\t\t<div class=\"qe-toggle-content\">\n\t\t\t\t<p><a href=\"https:\/\/www.felvi.hu\/felveteli\/jelentkezes\/mikor_es_mire\/Mikor_lehet_jelentkezni\"><strong>Hivatalos felv\u00e9teli menetrend (felvi.hu) \u2192<\/strong><\/a><\/p>\n<h4><strong>A jelentkez\u00e9s felt\u00e9tele: <\/strong><\/h4>\n<p>A bemeneti k\u00f6vetelm\u00e9nyeknek megfelel\u0151 v\u00e9gzetts\u00e9get tan\u00fas\u00edt\u00f3 fels\u0151fok\u00fa oklev\u00e9l.<\/p>\n<h4><strong>Finansz\u00edroz\u00e1si forma: <\/strong><\/h4>\n<ul>\n<li>\u00e1llami \u00f6szt\u00f6nd\u00edjjal t\u00e1mogatott<\/li>\n<li>\u00f6nk\u00f6lts\u00e9ges (400.000 Ft\/f\u00e9l\u00e9v)<\/li>\n<\/ul>\n<h4><strong>Jelentkez\u00e9si hat\u00e1rid\u0151: <\/strong><\/h4>\n<ul>\n<li>2025. november 15.<\/li>\n<\/ul>\n<h4><strong>Jelentkez\u00e9s m\u00f3dja: <\/strong><strong>\u00a0<\/strong><\/h4>\n<p>Kiz\u00e1r\u00f3lag elektronikusan jelentkezhetsz a <a href=\"http:\/\/www.felvi.hu\">www.felvi.hu<\/a> honlapon az E-felv\u00e9teli szolg\u00e1ltat\u00e1son kereszt\u00fcl regisztr\u00e1ci\u00f3 ut\u00e1n.<\/p>\n<h4><strong>Megjel\u00f6lt helyek sz\u00e1ma:<\/strong><\/h4>\n<p>Legfeljebb hat helyet jel\u00f6lhetsz meg. Egy jelentkez\u00e9si helynek sz\u00e1m\u00edt, ha a jelentkez\u00e9si hely csak a finansz\u00edroz\u00e1si (\u00e1llami \u00f6szt\u00f6nd\u00edjas, \u00f6nk\u00f6lts\u00e9ges) form\u00e1ban t\u00e9r el.<\/p>\n<h4><strong>D\u00edjak: <\/strong><\/h4>\n<p>H\u00e1rom k\u00e9pz\u00e9s megjel\u00f6l\u00e9se d\u00edjmentes, minden tov\u00e1bbi\u00e9rt 2.000-2.000 Ft kieg\u00e9sz\u00edt\u0151 d\u00edjat kell fizetni.<\/p>\n<h4><strong>Dokumentumok felt\u00f6lt\u00e9se: <\/strong><\/h4>\n<p>Fel kell t\u00f6lteni azokat a dokumentumokat, melyek a jelentkez\u00e9skor m\u00e1r rendelkez\u00e9sedre \u00e1llnak, a k\u00e9s\u0151bb megkapottakat pedig 2026. janu\u00e1r elej\u00e9ig. Az eredeti dokumentumokat a fels\u0151oktat\u00e1si int\u00e9zm\u00e9nyben a beiratkoz\u00e1s alkalm\u00e1val kell bemutatnod, amely a hallgat\u00f3i jogviszony l\u00e9tes\u00edt\u00e9s\u00e9nek is a felt\u00e9tele.<\/p>\n<h4><strong>\u00c9rv\u00e9nyes a jelentkez\u00e9s:<\/strong><\/h4>\n<p>Ha az E-felv\u00e9teliben ny\u00fajtod be \u00e9s a jelentkez\u00e9si \u0171rlapot hiteles\u00edted 2025. november 15-ig \u00fcgyf\u00e9lkapun kereszt\u00fcl.<\/p>\n<h4><strong>Fontos! <\/strong><\/h4>\n<p>Az eg\u00e9sz felv\u00e9teli elj\u00e1r\u00e1s sor\u00e1n rendszeresen figyeld a megadott e-mail fi\u00f3kodat \u00e9s az E-felv\u00e9teli fel\u00fcletet.<\/p>\n\t\t\t<\/div>\n\t\t<\/div>\n\t\t            <\/div>\n\t\t\n<h4>\u00a0<\/h4>\n<h4><strong>LET\u00d6LTHET\u0150 DOKUMENTUMOK<\/strong><\/h4>\n<ul>\n<li><a href=\"https:\/\/semmelweis.hu\/etk\/files\/2023\/06\/Szuleszno-msc-szobeli-temakorok-2.pdf\">Sz\u00fcl\u00e9szn\u0151 MSc felv\u00e9teli elbesz\u00e9lget\u00e9s t\u00e9mak\u00f6rei<\/a><\/li>\n<\/ul>\n","protected":false},"excerpt":{"rendered":"<p><a href=\"https:\/\/www.felvi.hu\/felveteli\/jelentkezes\/mikor_es_mire\/Mikor_lehet_jelentkezni\">Hivatalos felv\u00e9teli menetrend (felvi.hu) \u2192<\/a> A jelentkez\u00e9s felt\u00e9tele: A bemeneti k\u00f6vetelm\u00e9nyeknek megfelel\u0151 v\u00e9gzetts\u00e9get tan\u00fas\u00edt\u00f3 fels\u0151fok\u00fa oklev\u00e9l. Finansz\u00edroz\u00e1si forma: \u00e1llami \u00f6szt\u00f6nd\u00edjjal t\u00e1mogatott \u00f6nk\u00f6lts\u00e9ges (400.000 Ft\/f\u00e9l\u00e9v) Jelentkez\u00e9si hat\u00e1rid\u0151: 2025. november 15. Jelentkez\u00e9s m\u00f3dja: \u00a0 Kiz\u00e1r\u00f3lag elektronikusan jelentkezhetsz a <a href=\"http:\/\/www.felvi.hu\">www.felvi.hu<\/a> honlapon az E-felv\u00e9teli szolg\u00e1ltat\u00e1son kereszt\u00fcl regisztr\u00e1ci\u00f3 ut\u00e1n. Megjel\u00f6lt helyek sz\u00e1ma: Legfeljebb hat helyet jel\u00f6lhetsz meg. Egy jelentkez\u00e9si helynek sz\u00e1m\u00edt, ha a jelentkez\u00e9si hely csak &hellip;<\/p>\n","protected":false},"author":101796,"featured_media":13345,"parent":9,"menu_order":3,"comment_status":"closed","ping_status":"closed","template":"","meta":{"_acf_changed":false,"footnotes":""},"categories":[57,53],"tags":[],"class_list":["post-18281","page","type-page","status-publish","has-post-thumbnail","hentry","category-kepzesek","category-mester"],"acf":[],"_links":{"self":[{"href":"https:\/\/semmelweis.hu\/etk\/wp-json\/wp\/v2\/pages\/18281","targetHints":{"allow":["GET"]}}],"collection":[{"href":"https:\/\/semmelweis.hu\/etk\/wp-json\/wp\/v2\/pages"}],"about":[{"href":"https:\/\/semmelweis.hu\/etk\/wp-json\/wp\/v2\/types\/page"}],"author":[{"embeddable":true,"href":"https:\/\/semmelweis.hu\/etk\/wp-json\/wp\/v2\/users\/101796"}],"replies":[{"embeddable":true,"href":"https:\/\/semmelweis.hu\/etk\/wp-json\/wp\/v2\/comments?post=18281"}],"version-history":[{"count":7,"href":"https:\/\/semmelweis.hu\/etk\/wp-json\/wp\/v2\/pages\/18281\/revisions"}],"predecessor-version":[{"id":19612,"href":"https:\/\/semmelweis.hu\/etk\/wp-json\/wp\/v2\/pages\/18281\/revisions\/19612"}],"up":[{"embeddable":true,"href":"https:\/\/semmelweis.hu\/etk\/wp-json\/wp\/v2\/pages\/9"}],"wp:featuredmedia":[{"embeddable":true,"href":"https:\/\/semmelweis.hu\/etk\/wp-json\/wp\/v2\/media\/13345"}],"wp:attachment":[{"href":"https:\/\/semmelweis.hu\/etk\/wp-json\/wp\/v2\/media?parent=18281"}],"wp:term":[{"taxonomy":"category","embeddable":true,"href":"https:\/\/semmelweis.hu\/etk\/wp-json\/wp\/v2\/categories?post=18281"},{"taxonomy":"post_tag","embeddable":true,"href":"https:\/\/semmelweis.hu\/etk\/wp-json\/wp\/v2\/tags?post=18281"}],"curies":[{"name":"wp","href":"https:\/\/api.w.org\/{rel}","templated":true}]}}