{"id":1818,"date":"2020-07-28T09:58:20","date_gmt":"2020-07-28T07:58:20","guid":{"rendered":"https:\/\/semmelweis.hu\/etk\/?page_id=1818"},"modified":"2026-01-14T08:26:19","modified_gmt":"2026-01-14T07:26:19","slug":"megbizott-dekanheylettes","status":"publish","type":"page","link":"https:\/\/semmelweis.hu\/etk\/az-egeszsegtudomanyi-karrol\/kari-vezetok-tisztsegviselok\/megbizott-dekanheylettes\/","title":{"rendered":"\u00c1ltal\u00e1nos d\u00e9k\u00e1nhelyettes"},"content":{"rendered":"<h2>Dr. Gad\u00f3 Kl\u00e1ra<\/h2>\n<p><strong>\u00c1ltal\u00e1nos d\u00e9k\u00e1nhelyettes<\/strong><strong><img loading=\"lazy\" decoding=\"async\" class=\" wp-image-1871 alignright\" src=\"https:\/\/semmelweis.hu\/etk\/files\/2020\/07\/Dr_Gado_Klara_web-267x400.jpg\" alt=\"\" width=\"210\" height=\"315\" \/><\/strong><\/p>\n<p>Beoszt\u00e1s: f\u0151iskolai tan\u00e1r<\/p>\n<p>El\u00e9rhet\u0151s\u00e9g: Tel.: 4865-970 <br \/>\nE-mail: <a href=\"mailto:gado.klara@semmelweis.hu\">gado.klara@semmelweis.hu<\/a><\/p>\n<p><strong>V\u00e9gzetts\u00e9g \u00e9s szakk\u00e9pzetts\u00e9g:<\/strong><\/p>\n<ul style=\"list-style-type: disc\">\n<li>SOTE, \u00c1OK klinikai farmakol\u00f3gus<\/li>\n<li>belgy\u00f3gy\u00e1sz<\/li>\n<li>klinikai immunol\u00f3gus<\/li>\n<li>haematol\u00f3gus<\/li>\n<\/ul>\n<p><strong>Tudom\u00e1nyos fokozat(ok):<\/strong><\/p>\n<p style=\"padding-left: 40px\">PhD Doktori \u00e9rtekez\u00e9s t\u00e9m\u00e1ja: A prolactin szerepe myeloma multiplexben<\/p>\n<p style=\"text-align: justify\"><strong>Szakmai-tudom\u00e1nyos \u00e9letp\u00e1lya:<\/strong><\/p>\n<ul style=\"list-style-type: disc;text-align: justify\">\n<li>EGIS Gy\u00f3gyszergy\u00e1r, kutat\u00f3 farmakol\u00f3gus<\/li>\n<li>HIETE, I. Belgy\u00f3gy\u00e1szati Klinika<\/li>\n<li>Orsz\u00e1gos Hematol\u00f3giai \u00e9s V\u00e9rtranszf\u00fazi\u00f3s Int\u00e9zet<\/li>\n<li>Szent R\u00f3kus K\u00f3rh\u00e1z, I. Belgy\u00f3gy\u00e1szat Immunol\u00f3giai R\u00e9szleg &#8211; vezet\u0151 f\u0151orvos<\/li>\n<li>jelenleg:Szent R\u00f3kus K\u00f3rh\u00e1z, Belgy\u00f3gy\u00e1szati Rehabilit\u00e1ci\u00f3s Oszt\u00e1ly &#8211; oszt\u00e1lyvezet\u0151 f\u0151orvos<\/li>\n<li>jelenleg: Semmelweis Egyetem, Eg\u00e9szs\u00e9gtudom\u00e1nyi Kar, Eg\u00e9szs\u00e9gtudom\u00e1nyi Klinikai Tansz\u00e9k &#8211; f\u0151iskolai tan\u00e1r.<\/li>\n<\/ul>\n<p style=\"text-align: justify\"><strong>Oktatott tant\u00e1rgyak:<\/strong><\/p>\n<div class=\"exp-col-content-holder\"><a class=\"expand-cnt-link\" href=\"#\">Klinikai alapismeretek<\/a><\/p>\n<div class=\"hidden-content\">\n<p class=\"hiddenContentp\" style=\"text-align: justify\">A tant\u00e1rgy c\u00e9lja a klinikai szeml\u00e9letet megalapoz\u00e1sa a klinikai \u00e9szlel\u00e9s, a p\u00e1ciensek betegs\u00e9gre utal\u00f3 panaszainak \u00e9rt\u00e9kel\u00e9s\u00e9t \u00e9s vizsg\u00e1l\u00f3 m\u00f3dszereket, a belgy\u00f3gy\u00e1szati \u00e9s seb\u00e9szeti ell\u00e1t\u00e1s saj\u00e1tos m\u00f3dszereit, a gyakoribb k\u00f3rk\u00e9pek szervrendszerek szerinti rendszerez\u00e9s\u00e9t illet\u0151en egyar\u00e1nt. Feladata: megismertetni az egyes szervek, szervrendszerek f\u0151bb betegs\u00e9gcsoportjait, a gyakoribb k\u00f3rk\u00e9pek okait, a megbeteged\u00e9sre utal\u00f3 jellemz\u0151 probl\u00e9m\u00e1kat, klinikai t\u00fcneteket, fontosabb laborat\u00f3riumi elt\u00e9r\u00e9seket, a ter\u00e1pi\u00e1s lehet\u0151s\u00e9geket \u00e9s ezek hat\u00e1sait, lehets\u00e9ges sz\u00f6v\u0151dm\u00e9nyeit, a k\u00f3rk\u00e9pek sor\u00e1n kialakult funkci\u00f3beli elt\u00e9r\u00e9seket, a szervezet v\u00e1laszreakci\u00f3it \u00e9s ezek kihat\u00e1sait a leend\u0151 szakk\u00e9pzetts\u00e9ge vonatkoz\u00e1s\u00e1ban. Felismerik az \u00f6sszef\u00fcgg\u00e9seket a k\u00f3rlefoly\u00e1s \u00e9s a t\u00fcneti megnyilv\u00e1nul\u00e1sok k\u00f6z\u00f6tt, tov\u00e1bb\u00e1 az akut, \u00e9letvesz\u00e9lyhez vezet\u0151 \u00e1llapotokat, \u00e9s azok elh\u00e1r\u00edt\u00e1s\u00e1hoz sz\u00fcks\u00e9ges feladatokat, az asszisztensi \u00e9s az orvosi kompetenci\u00e1k szerint.<\/p>\n<\/div>\n<\/div>\n<p>&nbsp;<\/p>\n<div class=\"exp-col-content-holder\"><a class=\"expand-cnt-link\" href=\"#\">Belgy\u00f3gy\u00e1szat<\/a><\/p>\n<div class=\"hidden-content\">\n<p class=\"hiddenContentp\" style=\"text-align: justify\">A belgy\u00f3gy\u00e1szati klinikai ismeretek szervrendszerek szerint &#8211; a m\u00e1sik kurzusban oktatott \u00e1pol\u00e1stannal p\u00e1rhuzamosan &#8211; mutatja be az egyes k\u00f3rk\u00e9peket, a jellegzetes t\u00fcneteket \u00e9s a probl\u00e9m\u00e1kat, a f\u0151bb vizsg\u00e1l\u00f3m\u00f3dszereket, a diagn\u00f3zishoz vezet\u0151 vizsg\u00e1latok f\u0151bb vonulatait, a s\u00fcrg\u0151ss\u00e9gi helyzeteket \u00e9s probl\u00e9m\u00e1kat, \u00e9s a ter\u00e1pi\u00e1s teend\u0151ket is. Kit\u00e9r az \u00e1pol\u00e1s szempontj\u00e1b\u00f3l fontos r\u00e9szletekre a komplik\u00e1ci\u00f3k \u00e9s azok elh\u00e1r\u00edt\u00e1sa, valamint a megel\u0151z\u00e9s \u00e9s az eg\u00e9szs\u00e9gnevel\u00e9s szempontj\u00e1b\u00f3l is.<\/p>\n<\/div>\n<\/div>\n<p style=\"text-align: justify\"><strong>Az ut\u00f3bbi 5 \u00e9v fontosabb publik\u00e1ci\u00f3i:<\/strong><\/p>\n<ul style=\"list-style-type: disc\">\n<li style=\"text-align: justify\">Gad\u00f3 K.: B\u0151v\u00fcl\u0151 ismereteink egy rosszindulat\u00fa v\u00e9rk\u00e9pz\u0151 szervi betegs\u00e9g, a myeloma multiplex genetikai h\u00e1tter\u00e9r\u0151l. Magyar Tudom\u00e1ny, 2010;171(5) 558-562.<\/li>\n<li style=\"text-align: justify\">Gad\u00f3 K, Demeter J, V\u00e1rnai K, Kicsi D, Nagy Zs, Bek \u0151 G, S\u00e1tori A, Domj\u00e1n Gy.: A v\u00e9ralvad\u00e1s vizsg\u00e1lata myeloma multiplexben. Magyar Belorvosi Arch\u00edvum, 2010; 63(5) 322-325.<\/li>\n<li style=\"text-align: justify\">Losonczy H, Tar A, Domj\u00e1n Gy, Gad\u00f3 K , Gy\u00e1ni \u00c9, Szaliszny\u00f3 I, Kecsk\u00e9s G, Wrana G, Lakatos J, Borb\u00e9ly C, Ledniczki I, Al-Absi S, Mayer K, J\u00f3j\u00e1rt I, Ruzsa C, Bern\u00e1th B, Zeher M, Kerekes G: Az ENDORSE vizsg\u00e1lat magyarorsz\u00e1gi eredm\u00e9nyei: Az akut k\u00f3rh\u00e1zi betegek v\u00e9n\u00e1s thromboembolia- kock\u00e1zat\u00e1nak \u00e9s profilaxis\u00e1nak nemzetk\u00f6zi, keresztmetszeti felm\u00e9r\u00e9se Orvosi Hetilap, 2008; 149 (44) 2069-2076<\/li>\n<li style=\"text-align: justify\">Gad\u00f3 K ; Kicsi D; Menyhart O; Konyar E; Domjan Gy. Plasmocytomas of the skull base &#8211; three case reports. Blood Reviews, 2007; 21 128-S128.<\/li>\n<li style=\"text-align: justify\">Gad\u00f3 K. Myelodysplasia-szindr\u00f3m\u00e1k: \u00faj ter\u00e1pi\u00e1s lehet\u0151s\u00e9gek. 2007; 17(12) 43-851<\/li>\n<\/ul>\n<p><strong>A szakmai \u00e9rdekl\u0151d\u00e9s szempontj\u00e1b\u00f3l legfontosabb 5 publik\u00e1ci\u00f3\/tudom\u00e1nyos eredm\u00e9ny:<\/strong><\/p>\n<ul style=\"list-style-type: disc\">\n<li style=\"text-align: justify\">Gad\u00f3 K, Domj\u00e1n G, Kormos L, Falus A.: Functional significance of genetic abnormalities in multiple myeloma. Haematologia, 2002; 32(3): 191-208<\/li>\n<li style=\"text-align: justify\">Gad\u00f3 K, Nagy G, Hasitz A, Toth BE, Rimanoczi E, Domjan G. Evidence of prolactin immunoreactivity in the bone marrow of untreated multiple myeloma patients. Neuroimmunomodulation , 2001; 9(2) 95-102.<\/li>\n<li style=\"text-align: justify\">Gad\u00f3 K, Pallinger E, Kovacs P, Takacs E, Szilvasi I, Toth BE, Nagy G, Domjan G, Falus A.: Prolactin influences prolif eration and apoptosis of a human IgE secreting myeloma cell line, U266. Immunology Letters, 2002; 82(3) 91-6.<\/li>\n<li style=\"text-align: justify\">Gad\u00f3 K, Rimanoczi E, Hasitz A, Gigler G, Toth BE, Nagy GM, Paloczi K, Domjan Gy.: Elevated levels of serum prolactin in patients with advanced multiple myeloma. Neuroimmunomodulation , 2001; 9(4): 231-6.<\/li>\n<li style=\"text-align: justify\">Gad\u00f3 K, Silva S, Paloczi K, Domjan G, Falus A.: Mouse plasmacytoma: an experimental model of human multiple myeloma. Haematologica, 2001; 86(3) 227-36.<\/li>\n<\/ul>\n<p><strong>K\u00f6z\u00e9leti tev\u00e9kenys\u00e9g:<\/strong><\/p>\n<ul style=\"list-style-type: disc\">\n<li style=\"text-align: justify\">Magyar Belgy\u00f3gy\u00e1szati T\u00e1rsas\u00e1g<\/li>\n<li style=\"text-align: justify\">Magyar Thrombosis \u00e9s Hemoszt\u00e1zis T\u00e1rsas\u00e1g<\/li>\n<li style=\"text-align: justify\">Magyar Hematol\u00f3giai \u00e9s V\u00e9rtranszf\u00fazi\u00f3s T\u00e1rsas\u00e1g<\/li>\n<\/ul>\n<p><strong>R\u00e9szv\u00e9tel doktori k\u00e9pz\u00e9sben:<\/strong><\/p>\n<p style=\"padding-left: 40px\">Opponens: Semmelweis Egyetem, A human molekul\u00e1ris genetika \u00e9s a g\u00e9ndiagnosztika alapjai<\/p>\n<p><strong>R\u00e9szv\u00e9tel TDK munk\u00e1ban:<\/strong><\/p>\n<p style=\"padding-left: 40px\">2 TDK munka<\/p>\n","protected":false},"excerpt":{"rendered":"<p>Dr. Gad\u00f3 Kl\u00e1ra \u00c1ltal\u00e1nos d\u00e9k\u00e1nhelyettes Beoszt\u00e1s: f\u0151iskolai tan\u00e1r El\u00e9rhet\u0151s\u00e9g: Tel.: 4865-970 E-mail: <a href=\"mailto:gado.klara@semmelweis.hu\">gado.klara@semmelweis.hu<\/a> V\u00e9gzetts\u00e9g \u00e9s szakk\u00e9pzetts\u00e9g: SOTE, \u00c1OK klinikai farmakol\u00f3gus belgy\u00f3gy\u00e1sz klinikai immunol\u00f3gus haematol\u00f3gus Tudom\u00e1nyos fokozat(ok): PhD Doktori \u00e9rtekez\u00e9s t\u00e9m\u00e1ja: A prolactin szerepe myeloma multiplexben Szakmai-tudom\u00e1nyos \u00e9letp\u00e1lya: EGIS Gy\u00f3gyszergy\u00e1r, kutat\u00f3 farmakol\u00f3gus HIETE, I. Belgy\u00f3gy\u00e1szati Klinika Orsz\u00e1gos Hematol\u00f3giai \u00e9s V\u00e9rtranszf\u00fazi\u00f3s Int\u00e9zet Szent R\u00f3kus K\u00f3rh\u00e1z, I. Belgy\u00f3gy\u00e1szat Immunol\u00f3giai &hellip;<\/p>\n","protected":false},"author":101729,"featured_media":0,"parent":110,"menu_order":2,"comment_status":"closed","ping_status":"closed","template":"","meta":{"_acf_changed":false,"footnotes":""},"categories":[],"tags":[],"class_list":["post-1818","page","type-page","status-publish","hentry"],"acf":[],"_links":{"self":[{"href":"https:\/\/semmelweis.hu\/etk\/wp-json\/wp\/v2\/pages\/1818","targetHints":{"allow":["GET"]}}],"collection":[{"href":"https:\/\/semmelweis.hu\/etk\/wp-json\/wp\/v2\/pages"}],"about":[{"href":"https:\/\/semmelweis.hu\/etk\/wp-json\/wp\/v2\/types\/page"}],"author":[{"embeddable":true,"href":"https:\/\/semmelweis.hu\/etk\/wp-json\/wp\/v2\/users\/101729"}],"replies":[{"embeddable":true,"href":"https:\/\/semmelweis.hu\/etk\/wp-json\/wp\/v2\/comments?post=1818"}],"version-history":[{"count":10,"href":"https:\/\/semmelweis.hu\/etk\/wp-json\/wp\/v2\/pages\/1818\/revisions"}],"predecessor-version":[{"id":18842,"href":"https:\/\/semmelweis.hu\/etk\/wp-json\/wp\/v2\/pages\/1818\/revisions\/18842"}],"up":[{"embeddable":true,"href":"https:\/\/semmelweis.hu\/etk\/wp-json\/wp\/v2\/pages\/110"}],"wp:attachment":[{"href":"https:\/\/semmelweis.hu\/etk\/wp-json\/wp\/v2\/media?parent=1818"}],"wp:term":[{"taxonomy":"category","embeddable":true,"href":"https:\/\/semmelweis.hu\/etk\/wp-json\/wp\/v2\/categories?post=1818"},{"taxonomy":"post_tag","embeddable":true,"href":"https:\/\/semmelweis.hu\/etk\/wp-json\/wp\/v2\/tags?post=1818"}],"curies":[{"name":"wp","href":"https:\/\/api.w.org\/{rel}","templated":true}]}}