{"id":18150,"date":"2025-06-19T09:19:54","date_gmt":"2025-06-19T07:19:54","guid":{"rendered":"https:\/\/semmelweis.hu\/etk\/?page_id=18150"},"modified":"2025-08-28T10:20:58","modified_gmt":"2025-08-28T08:20:58","slug":"hagyomanyos-kinai-orvoslas-kepzes","status":"publish","type":"page","link":"https:\/\/semmelweis.hu\/etk\/oktatas\/hagyomanyos-kinai-orvoslas-kepzes\/","title":{"rendered":"Hagyom\u00e1nyos k\u00ednai orvosl\u00e1s k\u00e9pz\u00e9s"},"content":{"rendered":"<p style=\"text-align: center\"><strong>Hagyom\u00e1nyos k\u00ednai orvos k\u00e9pz\u00e9s a Semmelweis Egyetem Eg\u00e9szs\u00e9gtudom\u00e1nyi Kar\u00e1n<\/strong><\/p>\n<p>&nbsp;<\/p>\n<p style=\"text-align: justify\">2025. szeptember\u00e9ben meg\u00fajult form\u00e1ban <strong>Hagyom\u00e1nyos k\u00ednai orvos k\u00e9pz\u00e9s indul<\/strong> a Semmelweis Egyetem Eg\u00e9szs\u00e9gtudom\u00e1nyi Kar\u00e1n <strong>orvosok \u00e9s fogorvosok r\u00e9sz\u00e9re<\/strong>.<\/p>\n<p style=\"text-align: justify\">A k\u00e9pz\u00e9s a Heilongjiang Hagyom\u00e1nyos K\u00ednai Orvostudom\u00e1nyi Egyetem (Harbin, K\u00edna) sz\u00e9khelyen k\u00edv\u00fcli alapk\u00e9pz\u00e9se (BSc). Az egyetlen magyarorsz\u00e1gi k\u00e9pz\u00e9s, amely Hagyom\u00e1nyos K\u00ednai Orvos v\u00e9gzetts\u00e9get \u00e9s diplom\u00e1t ad.<\/p>\n<p style=\"text-align: justify\">A k\u00e9pz\u00e9si program a Heilongjiang Hagyom\u00e1nyos K\u00ednai Orvostudom\u00e1nyi Egyetem (HKO) \u00e1ltal kidolgozott \u00e9s j\u00f3v\u00e1hagyott, a K\u00ednai Oktat\u00e1si Miniszt\u00e9rium \u00e1ltal enged\u00e9lyezett curriculum. Min\u0151s\u00e9gbiztos\u00edt\u00e1s\u00e1t a k\u00ednai egyetem (szakmai-tartalmi szegmens) \u00e9s a Semmelweis Egyetem (oktat\u00e1s-szervez\u00e9si szegmens) egy\u00fcttesen v\u00e9gzik. Az el\u0151ad\u00f3k \u00e9s gyakorlatvezet\u0151k Magyarorsz\u00e1gon \u00e9l\u0151, praktiz\u00e1l\u00f3 \u00e9s a Heilongjiang HKO Egyetem \u00e1ltal akkredit\u00e1lt hagyom\u00e1nyos k\u00ednai orvosok.<\/p>\n<p style=\"text-align: justify\">A szakk\u00e9pzetts\u00e9get tan\u00fas\u00edt\u00f3 oklevelet a Heilongjiang Hagyom\u00e1nyos K\u00ednai Orvostudom\u00e1nyi Egyetem \u00e1ll\u00edtja ki. A v\u00e9gzetts\u00e9g minden tekintetben megfelel az <em>1997. \u00e9vi CLIV t\u00f6rv\u00e9ny az eg\u00e9szs\u00e9g\u00fcgyr\u0151l, illetve az 506\/2017. (XII. 29.) Korm. rendelet<\/em> a hagyom\u00e1nyos k\u00ednai gy\u00f3gy\u00e1szat ter\u00fclet\u00e9n oklev\u00e9llel rendelkez\u0151 szem\u00e9ly \u00e1ltal v\u00e9gezhet\u0151 eg\u00e9szs\u00e9g\u00fcgyi tev\u00e9kenys\u00e9g enged\u00e9lyez\u00e9s\u00e9re vonatkoz\u00f3 szab\u00e1lyok el\u0151\u00edr\u00e1sainak.<\/p>\n<p style=\"text-align: justify\">A program &#8211; elfogadva a magyar orvos- \u00e9s fogorvos tanulm\u00e1nyok nyugati orvosl\u00e1s t\u00e1rgyait &#8211; kiz\u00e1r\u00f3lag a hagyom\u00e1nyos k\u00ednai orvosl\u00e1s-ismereteket \u00f6leli fel.<\/p>\n<h3 style=\"text-align: justify\">F\u0151bb szakmai ismeretk\u00f6r\u00f6k:<\/h3>\n<p style=\"text-align: justify\"><strong>\u00c1ltal\u00e1nos t\u00e1rgyak:<\/strong> HKO k\u00ednai nyelv, K\u00edna bemutat\u00e1sa, Hagyom\u00e1nyos prevenci\u00f3s tornagyakorlatok<\/p>\n<p style=\"text-align: justify\"><strong>HKO alapoz\u00f3 t\u00e1rgyak:<\/strong> K\u00ednai orvosl\u00e1s elm\u00e9leti alapjai, HKO diagnosztika, HKO gy\u00f3gyszertan, HKO recepttan<\/p>\n<p style=\"text-align: justify\"><strong>Akupunkt\u00fara-manu\u00e1lter\u00e1pia szakos t\u00e1rgyak:<\/strong> Csatorna- \u00e9s akuponttan, Sz\u00far\u00e1s- \u00e9s moxatechnika, Akupunkt\u00far\u00e1s ter\u00e1pia, Manu\u00e1lter\u00e1pi\u00e1s technik\u00e1k, Klinikai manu\u00e1lter\u00e1pia, Neurol\u00f3giai lokaliz\u00e1ci\u00f3s diagnosztika<\/p>\n<p style=\"text-align: justify\"><strong>Szakir\u00e1ny\u00fa v\u00e1laszthat\u00f3 tant\u00e1rgyak:<\/strong> Bevezet\u00e9s a k\u00ednai orvosl\u00e1s klasszikus sz\u00f6vegeibe, Akupont anat\u00f3mia, K\u00eds\u00e9rleti akupunkt\u00fara, HKO ortop\u00e9dia \u00e9s traumatol\u00f3gia, Bevezet\u00e9s a HKO klinikumba<\/p>\n<h3>A k\u00e9pz\u00e9s adatai:<\/h3>\n<p style=\"text-align: justify\"><strong>Id\u0151tartam:<\/strong> K\u00e9t \u00e9v (de a v\u00e9gzetts\u00e9g 5 \u00e9ves k\u00e9pz\u00e9si programnak felel meg). A k\u00e9pz\u00e9s t\u00f6mb\u00f6s\u00edtett form\u00e1ban zajlik p\u00e9nteki \u00e9s szombati tan\u00f3r\u00e1kkal.<\/p>\n<p style=\"text-align: justify\"><strong>Helysz\u00edn: <\/strong>Semmelweis Egyetem, Eg\u00e9szs\u00e9gtudom\u00e1nyi Kar \u2013 1088 Budapest, Vas u. 17. Az utols\u00f3 szemeszter mag\u00e1ban foglal 6 h\u00e9t klinikai gyakorlatot K\u00edn\u00e1ban, Harbinban, a Heilongjiang HKO Egyetem Klinik\u00e1in.<\/p>\n<p style=\"text-align: justify\"><strong>Tand\u00edj:<\/strong> 3000 Euro\/f\u00e9l\u00e9v.<\/p>\n<h3 style=\"text-align: justify\">Jelentkez\u00e9s \u00e9s tov\u00e1bbi inform\u00e1ci\u00f3:<\/h3>\n<p style=\"text-align: justify\">A <strong><a href=\"https:\/\/semmelweis.hu\/etk\/dokumentumok\/nyomtatvanyok\/\">Jelentkez\u00e9si lapok<\/a><\/strong> alatt megtal\u00e1lhat\u00f3 <span style=\"color: #000000\">jelentkez\u00e9si lap<\/span> elk\u00fcld\u00e9s\u00e9vel az <a href=\"mailto:etk.hko@semmelweis.hu\">etk.hko@semmelweis.hu<\/a> c\u00edmre. A felv\u00e9teli elbesz\u00e9lget\u00e9s \u00e9s a beiratkoz\u00e1s szeptember elej\u00e9n v\u00e1rhat\u00f3.<\/p>\n<p><strong>Jelentkez\u00e9si hat\u00e1rid\u0151:<\/strong> <strong>2025. szeptember 05.<\/strong><\/p>\n<p>&nbsp;<\/p>\n<p style=\"text-align: center\"><strong>Tov\u00e1bbi inform\u00e1ci\u00f3 az <a href=\"mailto:etk.hko@semmelweis.hu\">etk.hko@semmelweis.hu<\/a> e-mail c\u00edmen k\u00e9rhet\u0151.<\/strong><\/p>\n\r\n        [slb_exclude]\r\n        <div class=\"row galeria-wrapper mx-0 h-auto\">\r\n            <div class=\"col-9 pl-0 pr-2\">\r\n            <span class=\"gallery-item frame\">\r\n\t\t\t\t<div class=\"galeria-left-img\"><a href=\"https:\/\/semmelweis.hu\/etk\/files\/2025\/06\/IMG_1122-scaled.jpg\"><img src=https:\/\/semmelweis.hu\/etk\/files\/2025\/06\/IMG_1122-scaled.jpg  \r\n                            alt=\"\" \r\n                            class=\"attachment-sote-gallery-big size-sote-gallery-big\" \r\n                            srcset=\"https:\/\/semmelweis.hu\/etk\/files\/2025\/06\/IMG_1122-400x267.jpg 400w, https:\/\/semmelweis.hu\/etk\/files\/2025\/06\/IMG_1122-1024x683.jpg 1024w, https:\/\/semmelweis.hu\/etk\/files\/2025\/06\/IMG_1122-768x512.jpg 768w, https:\/\/semmelweis.hu\/etk\/files\/2025\/06\/IMG_1122-1536x1024.jpg 1536w, https:\/\/semmelweis.hu\/etk\/files\/2025\/06\/IMG_1122-2048x1365.jpg 2048w, https:\/\/semmelweis.hu\/etk\/files\/2025\/06\/IMG_1122-753x502.jpg 753w, https:\/\/semmelweis.hu\/etk\/files\/2025\/06\/IMG_1122-203x135.jpg 203w\" ><\/a><\/div>\r\n            <\/span>\r\n\r\n            <\/div>\r\n\r\n\t\t\t<div class=\"col-3 pl-0 pr-0\">\r\n\t\t\t\t<div class=\"galeria-right-img d-flex justify-content-between flex-column h-100 w-100 px-0 mx-0 \">\r\n                <div class=\"galeria-box\">\r\n\t\t\t\t\t<h3 class=\"galeria-title\">Gal\u00e9ria<\/h3>\r\n\t\t\t\t\t<div class=\"galeria-subtitle\">\r\n\r\n\t\t\t\t\t\t<div class=\"galeria-page-counter\"><span>7<\/span>k\u00e9p<\/div>\r\n                    <\/div> <\/div>\r\n                    <span class=\"gallery-item frame d-none d-md-flex\">\r\n\t\t\t\t\t<div class=\"galeria-small-img mt-0\"><a href=\"https:\/\/semmelweis.hu\/etk\/files\/2025\/06\/IMG_1107-scaled.jpg\"><img src=https:\/\/semmelweis.hu\/etk\/files\/2025\/06\/IMG_1107-scaled.jpg \r\n                                alt=\"\"  \r\n                                class=\"attachment-sote-gallery-small size-sote-gallery-small\" \r\n                                srcset=\"https:\/\/semmelweis.hu\/etk\/files\/2025\/06\/IMG_1107-400x267.jpg 400w, https:\/\/semmelweis.hu\/etk\/files\/2025\/06\/IMG_1107-1024x683.jpg 1024w, https:\/\/semmelweis.hu\/etk\/files\/2025\/06\/IMG_1107-768x512.jpg 768w, https:\/\/semmelweis.hu\/etk\/files\/2025\/06\/IMG_1107-1536x1024.jpg 1536w, https:\/\/semmelweis.hu\/etk\/files\/2025\/06\/IMG_1107-2048x1365.jpg 2048w, https:\/\/semmelweis.hu\/etk\/files\/2025\/06\/IMG_1107-753x502.jpg 753w, https:\/\/semmelweis.hu\/etk\/files\/2025\/06\/IMG_1107-203x135.jpg 203w\" ><\/a><\/div>\r\n                    <\/span>\r\n                    <span class=\"gallery-item frame d-none d-md-flex\">\r\n\t\t\t\t\t<div class=\"galeria-small-img mt-0\"><a href=\"https:\/\/semmelweis.hu\/etk\/files\/2025\/06\/IMG_1105-scaled.jpg\"><img src=https:\/\/semmelweis.hu\/etk\/files\/2025\/06\/IMG_1105-scaled.jpg \r\n                                alt=\"\" \r\n                                class=\"attachment-sote-gallery-small size-sote-gallery-small\" \r\n                                srcset=\"https:\/\/semmelweis.hu\/etk\/files\/2025\/06\/IMG_1105-400x267.jpg 400w, https:\/\/semmelweis.hu\/etk\/files\/2025\/06\/IMG_1105-1024x683.jpg 1024w, https:\/\/semmelweis.hu\/etk\/files\/2025\/06\/IMG_1105-768x512.jpg 768w, https:\/\/semmelweis.hu\/etk\/files\/2025\/06\/IMG_1105-1536x1024.jpg 1536w, https:\/\/semmelweis.hu\/etk\/files\/2025\/06\/IMG_1105-2048x1365.jpg 2048w, https:\/\/semmelweis.hu\/etk\/files\/2025\/06\/IMG_1105-753x502.jpg 753w, https:\/\/semmelweis.hu\/etk\/files\/2025\/06\/IMG_1105-203x135.jpg 203w\" ><\/a><\/div>\r\n                    <\/span>\r\n\r\n                <\/div>\r\n\r\n            <\/div>\r\n\r\n            <span class=\"gallery-item\"><div class=\"hidden\"><a href=\"https:\/\/semmelweis.hu\/etk\/files\/2025\/06\/IMG_1097-scaled.jpg\">\r\n        <img src=https:\/\/semmelweis.hu\/etk\/files\/2025\/06\/IMG_1097-scaled.jpg alt=\"\" class=\"attachment-sote-gallery-big size-sote-gallery-big\" srcset=\"https:\/\/semmelweis.hu\/etk\/files\/2025\/06\/IMG_1097-267x400.jpg 267w, https:\/\/semmelweis.hu\/etk\/files\/2025\/06\/IMG_1097-683x1024.jpg 683w, https:\/\/semmelweis.hu\/etk\/files\/2025\/06\/IMG_1097-768x1152.jpg 768w, https:\/\/semmelweis.hu\/etk\/files\/2025\/06\/IMG_1097-1024x1536.jpg 1024w, https:\/\/semmelweis.hu\/etk\/files\/2025\/06\/IMG_1097-1365x2048.jpg 1365w, https:\/\/semmelweis.hu\/etk\/files\/2025\/06\/IMG_1097-753x1130.jpg 753w, https:\/\/semmelweis.hu\/etk\/files\/2025\/06\/IMG_1097-scaled.jpg 1707w\" >\r\n        <\/a><\/div><\/span><span class=\"gallery-item\"><div class=\"hidden\"><a href=\"https:\/\/semmelweis.hu\/etk\/files\/2025\/06\/IMG_1094-scaled.jpg\">\r\n        <img src=https:\/\/semmelweis.hu\/etk\/files\/2025\/06\/IMG_1094-scaled.jpg alt=\"\" class=\"attachment-sote-gallery-big size-sote-gallery-big\" srcset=\"https:\/\/semmelweis.hu\/etk\/files\/2025\/06\/IMG_1094-267x400.jpg 267w, https:\/\/semmelweis.hu\/etk\/files\/2025\/06\/IMG_1094-683x1024.jpg 683w, https:\/\/semmelweis.hu\/etk\/files\/2025\/06\/IMG_1094-768x1152.jpg 768w, https:\/\/semmelweis.hu\/etk\/files\/2025\/06\/IMG_1094-1024x1536.jpg 1024w, https:\/\/semmelweis.hu\/etk\/files\/2025\/06\/IMG_1094-1365x2048.jpg 1365w, https:\/\/semmelweis.hu\/etk\/files\/2025\/06\/IMG_1094-753x1130.jpg 753w, https:\/\/semmelweis.hu\/etk\/files\/2025\/06\/IMG_1094-scaled.jpg 1707w\" >\r\n        <\/a><\/div><\/span><span class=\"gallery-item\"><div class=\"hidden\"><a href=\"https:\/\/semmelweis.hu\/etk\/files\/2025\/06\/IMG_1085-scaled.jpg\">\r\n        <img src=https:\/\/semmelweis.hu\/etk\/files\/2025\/06\/IMG_1085-scaled.jpg alt=\"\" class=\"attachment-sote-gallery-big size-sote-gallery-big\" srcset=\"https:\/\/semmelweis.hu\/etk\/files\/2025\/06\/IMG_1085-400x267.jpg 400w, https:\/\/semmelweis.hu\/etk\/files\/2025\/06\/IMG_1085-1024x683.jpg 1024w, https:\/\/semmelweis.hu\/etk\/files\/2025\/06\/IMG_1085-768x512.jpg 768w, https:\/\/semmelweis.hu\/etk\/files\/2025\/06\/IMG_1085-1536x1024.jpg 1536w, https:\/\/semmelweis.hu\/etk\/files\/2025\/06\/IMG_1085-2048x1365.jpg 2048w, https:\/\/semmelweis.hu\/etk\/files\/2025\/06\/IMG_1085-753x502.jpg 753w, https:\/\/semmelweis.hu\/etk\/files\/2025\/06\/IMG_1085-203x135.jpg 203w\" >\r\n        <\/a><\/div><\/span><span class=\"gallery-item\"><div class=\"hidden\"><a href=\"https:\/\/semmelweis.hu\/etk\/files\/2025\/06\/IMG_1116-scaled.jpg\">\r\n        <img src=https:\/\/semmelweis.hu\/etk\/files\/2025\/06\/IMG_1116-scaled.jpg alt=\"\" class=\"attachment-sote-gallery-big size-sote-gallery-big\" srcset=\"https:\/\/semmelweis.hu\/etk\/files\/2025\/06\/IMG_1116-267x400.jpg 267w, https:\/\/semmelweis.hu\/etk\/files\/2025\/06\/IMG_1116-683x1024.jpg 683w, https:\/\/semmelweis.hu\/etk\/files\/2025\/06\/IMG_1116-768x1152.jpg 768w, https:\/\/semmelweis.hu\/etk\/files\/2025\/06\/IMG_1116-1024x1536.jpg 1024w, https:\/\/semmelweis.hu\/etk\/files\/2025\/06\/IMG_1116-1365x2048.jpg 1365w, https:\/\/semmelweis.hu\/etk\/files\/2025\/06\/IMG_1116-753x1130.jpg 753w, https:\/\/semmelweis.hu\/etk\/files\/2025\/06\/IMG_1116-scaled.jpg 1707w\" >\r\n        <\/a><\/div><\/span>\r\n            <\/div>\r\n\r\n            [\/slb_exclude]\r\n\t\n","protected":false},"excerpt":{"rendered":"<p>Hagyom\u00e1nyos k\u00ednai orvos k\u00e9pz\u00e9s a Semmelweis Egyetem Eg\u00e9szs\u00e9gtudom\u00e1nyi Kar\u00e1n &nbsp; 2025. szeptember\u00e9ben meg\u00fajult form\u00e1ban Hagyom\u00e1nyos k\u00ednai orvos k\u00e9pz\u00e9s indul a Semmelweis Egyetem Eg\u00e9szs\u00e9gtudom\u00e1nyi Kar\u00e1n orvosok \u00e9s fogorvosok r\u00e9sz\u00e9re. A k\u00e9pz\u00e9s a Heilongjiang Hagyom\u00e1nyos K\u00ednai Orvostudom\u00e1nyi Egyetem (Harbin, K\u00edna) sz\u00e9khelyen k\u00edv\u00fcli alapk\u00e9pz\u00e9se (BSc). Az egyetlen magyarorsz\u00e1gi k\u00e9pz\u00e9s, amely Hagyom\u00e1nyos K\u00ednai Orvos v\u00e9gzetts\u00e9get \u00e9s diplom\u00e1t ad. A &hellip;<\/p>\n","protected":false},"author":101796,"featured_media":18157,"parent":10,"menu_order":1,"comment_status":"closed","ping_status":"closed","template":"","meta":{"_acf_changed":false,"footnotes":""},"categories":[57],"tags":[],"class_list":["post-18150","page","type-page","status-publish","has-post-thumbnail","hentry","category-kepzesek"],"acf":[],"_links":{"self":[{"href":"https:\/\/semmelweis.hu\/etk\/wp-json\/wp\/v2\/pages\/18150","targetHints":{"allow":["GET"]}}],"collection":[{"href":"https:\/\/semmelweis.hu\/etk\/wp-json\/wp\/v2\/pages"}],"about":[{"href":"https:\/\/semmelweis.hu\/etk\/wp-json\/wp\/v2\/types\/page"}],"author":[{"embeddable":true,"href":"https:\/\/semmelweis.hu\/etk\/wp-json\/wp\/v2\/users\/101796"}],"replies":[{"embeddable":true,"href":"https:\/\/semmelweis.hu\/etk\/wp-json\/wp\/v2\/comments?post=18150"}],"version-history":[{"count":10,"href":"https:\/\/semmelweis.hu\/etk\/wp-json\/wp\/v2\/pages\/18150\/revisions"}],"predecessor-version":[{"id":18522,"href":"https:\/\/semmelweis.hu\/etk\/wp-json\/wp\/v2\/pages\/18150\/revisions\/18522"}],"up":[{"embeddable":true,"href":"https:\/\/semmelweis.hu\/etk\/wp-json\/wp\/v2\/pages\/10"}],"wp:featuredmedia":[{"embeddable":true,"href":"https:\/\/semmelweis.hu\/etk\/wp-json\/wp\/v2\/media\/18157"}],"wp:attachment":[{"href":"https:\/\/semmelweis.hu\/etk\/wp-json\/wp\/v2\/media?parent=18150"}],"wp:term":[{"taxonomy":"category","embeddable":true,"href":"https:\/\/semmelweis.hu\/etk\/wp-json\/wp\/v2\/categories?post=18150"},{"taxonomy":"post_tag","embeddable":true,"href":"https:\/\/semmelweis.hu\/etk\/wp-json\/wp\/v2\/tags?post=18150"}],"curies":[{"name":"wp","href":"https:\/\/api.w.org\/{rel}","templated":true}]}}