{"id":1787,"date":"2020-07-27T15:40:19","date_gmt":"2020-07-27T13:40:19","guid":{"rendered":"https:\/\/semmelweis.hu\/etk\/?page_id=1787"},"modified":"2026-03-05T13:19:46","modified_gmt":"2026-03-05T12:19:46","slug":"nemzetkozi-kapcsolatok","status":"publish","type":"page","link":"https:\/\/semmelweis.hu\/etk\/az-egeszsegtudomanyi-karrol\/nemzetkozi-kapcsolatok\/","title":{"rendered":"Nemzetk\u00f6zi kapcsolatok"},"content":{"rendered":"<p style=\"text-align: justify\">A Kar kiterjedt nemzetk\u00f6zi kapcsolatrendszerrel rendelkezik Eur\u00f3p\u00e1ban, \u00c1zsi\u00e1ban \u00e9s Amerik\u00e1ban. 2024 nyar\u00e1ig az Erasmus+ csereprogram, az\u00f3ta a Pann\u00f3nia \u00d6szt\u00f6nd\u00edjprogram k\u00edn\u00e1l lehet\u0151s\u00e9get a di\u00e1koknak \u00e9s tan\u00e1roknak arra, hogy k\u00fclf\u00f6ld\u00f6n fejlessz\u00e9k k\u00e9szs\u00e9geiket \u00e9s tud\u00e1sukat. A Kar <strong>mintegy 40 partneregyetemmel rendelkezik<\/strong>, \u00e9s \u00e9vente sz\u00e1mos hallgat\u00f3 \u00e9s oktat\u00f3 mobilit\u00e1si programj\u00e1t szervezi meg. A partnerek k\u00f6z\u00f6tt Eur\u00f3pa-szerte magas rang\u00fa int\u00e9zm\u00e9nyek tal\u00e1lhat\u00f3k. Sikeres jelentkez\u00e9s ut\u00e1n a hallgat\u00f3k k\u00fclf\u00f6ldi partnerekkel szakmai konferenci\u00e1kon vagy r\u00f6vid k\u00e9pz\u00e9si programokon is r\u00e9szt vehetnek.<\/p>\n<p>A k\u00fcl\u00f6nb\u00f6z\u0151 mobilit\u00e1st\u00edpusokr\u00f3l \u00e9s a p\u00e1ly\u00e1z\u00e1s folyamat\u00e1r\u00f3l <a href=\"https:\/\/semmelweis.hu\/mobilitas\/hallgatoknak\/pannonia-hallgatoknak\/\" target=\"_blank\" rel=\"noopener\">itt<\/a> tal\u00e1lhat\u00f3 r\u00e9szletes inform\u00e1ci\u00f3.<\/p>\n<p>A kar <strong>3-4 hetes szakmai k\u00e9pz\u00e9seket<\/strong> szervezett \u00e9s jelenleg is szervez a Tiencsin K\u00f6zeg\u00e9szs\u00e9g\u00fcgyi Hivatal, a Josai Egyetem (Jap\u00e1n), az International University of Health and Welfare (Otawara, Jap\u00e1n), a Jiao Tong University of Shanghai \u00e9s a Gulf Medical University sz\u00e1m\u00e1ra. A fentieken t\u00fal szoros kapcsolatot \u00e1pol a George Washington Egyetemmel (USA) \u00e9s a Sanghaji Hagyom\u00e1nyos K\u00ednai Orvostudom\u00e1nyi Egyetemmel (K\u00edna) is, \u00e9s k\u00f6z\u00f6sen sikeresen p\u00e1ly\u00e1ztak oktat\u00f3i Erasmus-\u00f6szt\u00f6nd\u00edjra, amely utat nyit a kutat\u00e1si \u00e9s oktat\u00e1si egy\u00fcttm\u0171k\u00f6d\u00e9s fel\u00e9.<\/p>\n<h3>Erasmus+ Programok<\/h3>\n<h3><img loading=\"lazy\" decoding=\"async\" class=\"size-full wp-image-13073 alignright\" src=\"https:\/\/semmelweis.hu\/etk\/files\/2023\/08\/Erasmus.png\" alt=\"\" width=\"353\" height=\"143\" \/><\/h3>\n<p style=\"text-align: left\">Karunk a 2000-es \u00e9vek elej\u00e9t\u0151l kezd\u0151d\u0151en vesz r\u00e9szt az <strong>Erasmus<\/strong> Life-long Learning programban, amelynek keret\u00e9n bel\u00fcl 3-6 h\u00f3napos (els\u0151sorban szakmai gyakorlatra, m\u00e1sodsorban elm\u00e9leti) k\u00e9pz\u00e9sre k\u00fcld\u00fcnk \u00e9s fogadunk hallgat\u00f3kat. K\u00f6r\u00fclbel\u00fcl 20 partneregyetemmel, \u00e9vente kb. 40 hallgat\u00f3i \u00e9s 15 oktat\u00f3i mobilit\u00e1st szervez\u00fcnk. Erasmus partneregyetemeink list\u00e1j\u00e1n szerepel pl:<\/p>\n<ul style=\"text-align: left\">\n<li style=\"list-style-type: none\">\n<ul style=\"text-align: justify;list-style-type: disc\">\n<li>Medizinische Universitat Graz, FH Joanneum University of Applied Sciences (Ausztria<\/li>\n<li>Thomas More Kempen, Odissee University and College (Belgium)<\/li>\n<li>University of Ostrava (Csehorsz\u00e1g)<\/li>\n<li>University College of Northern Denmark, Aalborg (D\u00e1nia)<\/li>\n<li>Saimaa University of Applied Sciences, Laurea University of Applied Sciences, Turku University of Applied Sciences, Tampere University of Applied Sciences (Finnorsz\u00e1g)<\/li>\n<li>University School of Physical Education in Poznan, Wyzsza Szkola Rehabilitacji z siedziba w Warszawie, Akademia Wychowania Fizycznego we Wroclawiu (Lengyelorsz\u00e1g)<\/li>\n<li>Aalen University (N\u00e9metorsz\u00e1g)<\/li>\n<li>Instituto Politecnico de Castelo Branco, University of Coimbra, Cruz Vermelha Portugesa, Instituto Politecnico de Lisboa (Portug\u00e1lia)<\/li>\n<li>Sapientia Hungarian University of Transylvania (Rom\u00e1nia)<\/li>\n<li>Universidad de Castilla-La Mancha, Universitat de Vic (Spanyolorsz\u00e1g)<\/li>\n<li>Pamukkale University, University of Marmara, Istanbul Medipol University, Abant Izzet Baysal University (T\u00f6r\u00f6korsz\u00e1g)<\/li>\n<\/ul>\n<\/li>\n<\/ul>\n<h3 style=\"text-align: justify\">Eur\u00f3pai kapcsolatok<strong><img loading=\"lazy\" decoding=\"async\" class=\"size-medium wp-image-13057 alignright\" src=\"https:\/\/semmelweis.hu\/etk\/files\/2023\/08\/Map-Europe_1200-753x622-1-400x330.png\" alt=\"\" width=\"400\" height=\"330\" srcset=\"https:\/\/semmelweis.hu\/etk\/files\/2023\/08\/Map-Europe_1200-753x622-1-400x330.png 400w, https:\/\/semmelweis.hu\/etk\/files\/2023\/08\/Map-Europe_1200-753x622-1.png 753w\" sizes=\"auto, (max-width: 400px) 100vw, 400px\" \/><br \/>\n<\/strong><\/h3>\n<p style=\"text-align: justify\">2006-ban indult az angol nyelv\u0171 BSc Gy\u00f3gytorn\u00e1sz k\u00e9pz\u00e9s Karunkon, amelyet 2009-t\u0151l sz\u00e9khelyen k\u00edv\u00fcl is m\u0171k\u00f6dtet\u00fcnk <strong>Luganoban<\/strong> el\u0151bb angol, majd olasz nyelven is. Az angol nyelv\u0171 BSc programjainkon (\u00c1pol\u00f3, Dietetikus, Sz\u00fcl\u00e9szn\u0151) k\u00edv\u00fcl tantervfejleszt\u00e9s\u00fcnk eredm\u00e9nyek\u00e9nt akkredit\u00e1lt angol nyelv\u0171 MSc programot hoztunk l\u00e9tre \u00e1pol\u00f3k illetve gy\u00f3gytorn\u00e1szok sz\u00e1m\u00e1ra.<\/p>\n<p style=\"text-align: justify\">2006-ban bel\u00e9pt\u00fcnk a <a href=\"http:\/\/www.cohehre.com\" target=\"_blank\" rel=\"noopener\"><strong>COHEHRE<\/strong> <\/a>(Consortium of Institutes of Higher Education in Health and Rehabilitation in Europe) nemzetk\u00f6zi, kb. 50 eg\u00e9szs\u00e9g\u00fcgyi fels\u0151oktat\u00e1si int\u00e9zm\u00e9nyt t\u00f6m\u00f6r\u00edt\u0151 szervezetbe. Ugyanazon \u00e9v tel\u00e9n megszervezt\u00fck a konzorcium \u00e9ves konferenci\u00e1j\u00e1t, \u00e9s a COHEHRE 2015. \u00e9vi Kongresszus\u00e1t \u00e9s K\u00f6zgy\u0171l\u00e9s\u00e9t is Karunk rendezte 2015 \u00e1prilis\u00e1ban.<\/p>\n<p>2008-ban indult a vil\u00e1gon egyed\u00fcl\u00e1ll\u00f3 <strong>Atlantis \u00c1pol\u00f3 BSc<\/strong> programunk; az EU \u00e9s az USA \u00e1ltal szponzor\u00e1lt program keret\u00e9ben a kiv\u00e1lasztott magyar, finn \u00e9s amerikai hallgat\u00f3k kett\u0151s, eur\u00f3pai-amerikai \u201ebachelor\u201d v\u00e9gzetts\u00e9get szereztek. \u00c9vente 3-5 magyar hallgat\u00f3 \u00e9s 2-4 oktat\u00f3 vett r\u00e9szt a programban.<\/p>\n<p style=\"text-align: justify\">2013-t\u00f3l tagjai vagyunk az \u00fan. <strong>European Later Life Network<\/strong><strong> programnak<\/strong>, amely keret\u00e9ben 26 egyetemet sz\u00e1ml\u00e1l\u00f3 eur\u00f3pai konzorcium tagjaik\u00e9nt dolgozunk az EU \u00e1ltal finansz\u00edrozott tantervfejleszt\u00e9sen. 2018-ban a Kar csatlakozott a Tallinn Health Care College \u00e1ltal vezetett p\u00e1ly\u00e1zati konzorciumhoz, \u00e9s a Turku University of Applied Sciences-szel, az Escola Superior de Enfermagem de Coimbra-val \u00e9s az Istanbul University-vel k\u00f6z\u00f6sen Erasmus+ p\u00e1ly\u00e1zati forr\u00e1sokat nyert el a t\u00f6bb\u00e9ves <strong>\u201eCare of Pressure and Venour Ulcers in Simulation Environment\u201d<\/strong> c\u00edm\u0171 projektre.<\/p>\n<h3 style=\"text-align: justify\">\u00c9szak- \u00e9s d\u00e9l-amerikai kapcsolatok<\/h3>\n<h3 style=\"text-align: justify\"><strong><img loading=\"lazy\" decoding=\"async\" class=\"size-medium wp-image-13059 alignright\" src=\"https:\/\/semmelweis.hu\/etk\/files\/2023\/08\/Map-North-America_1200-753x502-1-400x267.png\" alt=\"\" width=\"400\" height=\"267\" srcset=\"https:\/\/semmelweis.hu\/etk\/files\/2023\/08\/Map-North-America_1200-753x502-1-400x267.png 400w, https:\/\/semmelweis.hu\/etk\/files\/2023\/08\/Map-North-America_1200-753x502-1-203x135.png 203w, https:\/\/semmelweis.hu\/etk\/files\/2023\/08\/Map-North-America_1200-753x502-1.png 753w\" sizes=\"auto, (max-width: 400px) 100vw, 400px\" \/><\/strong><\/h3>\n<p style=\"text-align: justify\">2003-ban szervezt\u00fck meg els\u0151 alkalommal a <strong>Nazareth Summer Program<\/strong> ny\u00e1ri iskol\u00e1t a Kar \u00e9s a Semmelweis Egyetem valamennyi hallgat\u00f3ja sz\u00e1m\u00e1ra. Az amerikai partner, a Nazareth College of Rochester 3-4 hetes, intenz\u00edv angol nyelvi \u00e9s kultur\u00e1lis programot szervez SE hallgat\u00f3knak \u00e9s oktat\u00f3knak, amelyben az elm\u00falt t\u00edz \u00e9v sor\u00e1n t\u00f6bb mint 130 f\u0151 vett r\u00e9szt.<\/p>\n<p style=\"text-align: justify\">2008-ban indult a vil\u00e1gon egyed\u00fcl\u00e1ll\u00f3 \u00c1pol\u00f3 BSc Atlantis programunk; az EU \u00e9s az USA \u00e1ltal szponzor\u00e1lt program keret\u00e9ben a kiv\u00e1lasztott magyar, finn \u00e9s amerikai hallgat\u00f3k kett\u0151s, eur\u00f3pai-amerikai \u201ebachelor\u201d v\u00e9gzetts\u00e9get szereztek. \u00c9vente 3-5 magyar hallgat\u00f3 \u00e9s 2-4 oktat\u00f3 vett r\u00e9szt a programban.<\/p>\n<p style=\"text-align: justify\">2009 \u00f3ta p\u00e1ly\u00e1zunk a <strong>Fulbright<\/strong> programban amerikai egyes\u00fclt \u00e1llamokbeli oktat\u00f3k magyarorsz\u00e1gi \u00f6szt\u00f6nd\u00edj\u00e1ra. A felh\u00edv\u00e1s keret\u00e9ben amerikai oktat\u00f3k tan\u00edthatnak a Karunkon, jellemz\u0151en egy f\u00e9l\u00e9vben. A programban eddig 3 \u00e1pol\u00f3 \u00e9s 2 gy\u00f3gytorn\u00e1sz oktat\u00f3 vett r\u00e9szt az USA-b\u00f3l.<\/p>\n<p>\u00a0\u00a0\u00a0\u00a0\u00a0\u00a0\u00a0 A University of West Georgia-val 2013-ban \u00e1pol\u00f3tudom\u00e1nyi tov\u00e1bbk\u00e9pz\u00e9si programot ind\u00edtottunk. 2013-ban a <strong>Rutgers Egyetem<\/strong>mel is partneri kapcsolatot\u00a0\u00a0\u00a0\u00a0\u00a0\u00a0\u00a0\u00a0 alak\u00edtottunk ki, amely m\u00e1r egyetemi szint\u0171 kapcsolatt\u00e1 b\u0151v\u00fclt. Emellett a Kar a 2022\/23-as tan\u00e9vben az Erasmus KA 107 program keret\u00e9ben k\u00f6z\u00f6s munkat\u00e1rsi mobilit\u00e1si projektet val\u00f3s\u00edtott meg a <strong>George Washington Egyetem Orvosi \u00e9s Eg\u00e9szs\u00e9gtudom\u00e1nyi Kar<\/strong>\u00e1val.<\/p>\n<h3 style=\"text-align: justify\">\u00c1zsiai kapcsolatok<\/h3>\n<h3 style=\"text-align: justify\"><strong><img loading=\"lazy\" decoding=\"async\" class=\"size-medium wp-image-13061 alignright\" src=\"https:\/\/semmelweis.hu\/etk\/files\/2023\/08\/Map-Asia_1200-753x518-1-400x275.png\" alt=\"\" width=\"400\" height=\"275\" srcset=\"https:\/\/semmelweis.hu\/etk\/files\/2023\/08\/Map-Asia_1200-753x518-1-400x275.png 400w, https:\/\/semmelweis.hu\/etk\/files\/2023\/08\/Map-Asia_1200-753x518-1-175x120.png 175w, https:\/\/semmelweis.hu\/etk\/files\/2023\/08\/Map-Asia_1200-753x518-1.png 753w\" sizes=\"auto, (max-width: 400px) 100vw, 400px\" \/><\/strong><\/h3>\n<p style=\"text-align: justify\">2007-ben ind\u00edtottuk a <strong>Jiao Tong University of Shanghai<\/strong> partneregyetemmel kialak\u00edtott csereprogramot, amelynek keret\u00e9ben kb. 20 hallgat\u00f3 \u00e9s oktat\u00f3 vett r\u00e9szt k\u00e9thetes, szakmai \u00e9s kultur\u00e1lis programban ezzel is el\u0151seg\u00edtve k\u00e9pz\u00e9s\u00fcnk interkultur\u00e1lis jelleg\u00e9t. 2011 \u00e9s 2019 k\u00f6z\u00f6tt \u00e1pol\u00f3 szakemberek sz\u00e1mos csoportja \u00e9rkezett Karunkra szakmai tov\u00e1bbk\u00e9pz\u00e9sre a <strong>Tianjin Public Health Bureau <\/strong>szervez\u00e9s\u00e9ben, \u00e9s hasonl\u00f3 k\u00e9pz\u00e9seket 6 alkalommal tartottunk a jap\u00e1n <strong>Josai Egyetem<\/strong> hallgat\u00f3i csoportjainak, illetve r\u00f6videbb k\u00e9pz\u00e9st szervezt\u00fcnk a jap\u00e1n <strong>International University of Health and Welfare (Otawara)<\/strong> sz\u00e1m\u00e1ra.<\/p>\n<p style=\"text-align: justify\">2010-ben ind\u00edtotta sz\u00e9khelyen k\u00edv\u00fcli <strong>Hagyom\u00e1nyos K\u00ednai Orvosl\u00e1s BSc<\/strong> k\u00e9pz\u00e9s\u00e9t Karunkon a<strong> Heilongjiang University of Chinese Medicine<\/strong>. Emellett a Kar szoros kapcsolatokat \u00e1pol a <strong>Shanghai University of Traditional Chinese Medicine<\/strong>-nel is, \u00e9s k\u00f6z\u00f6sen sikeresen p\u00e1ly\u00e1ztunk vel\u00fck oktat\u00f3i mobilit\u00e1s c\u00e9l\u00fa Erasmus+ t\u00e1mogat\u00e1sra. Ez szil\u00e1rd alapot biztos\u00edthat a kutat\u00e1si \u00e9s oktat\u00e1si egy\u00fcttm\u0171k\u00f6d\u00e9shez, melyr\u0151l az egyetemek vezet\u0151i t\u00f6bb \u00edzben szem\u00e9lyesen is t\u00e1rgyaltak.<\/p>\n<p>Kapcsolat: <a href=\"mailto:etk.international@semmelweis.hu\">etk.international@semmelweis.hu<\/a><\/p>\n<p style=\"text-align: justify;padding-left: 40px\">\u00a0<\/p>\n","protected":false},"excerpt":{"rendered":"<p>A Kar kiterjedt nemzetk\u00f6zi kapcsolatrendszerrel rendelkezik Eur\u00f3p\u00e1ban, \u00c1zsi\u00e1ban \u00e9s Amerik\u00e1ban. 2024 nyar\u00e1ig az Erasmus+ csereprogram, az\u00f3ta a Pann\u00f3nia \u00d6szt\u00f6nd\u00edjprogram k\u00edn\u00e1l lehet\u0151s\u00e9get a di\u00e1koknak \u00e9s tan\u00e1roknak arra, hogy k\u00fclf\u00f6ld\u00f6n fejlessz\u00e9k k\u00e9szs\u00e9geiket \u00e9s tud\u00e1sukat. A Kar mintegy 40 partneregyetemmel rendelkezik, \u00e9s \u00e9vente sz\u00e1mos hallgat\u00f3 \u00e9s oktat\u00f3 mobilit\u00e1si programj\u00e1t szervezi meg. A partnerek k\u00f6z\u00f6tt Eur\u00f3pa-szerte magas rang\u00fa int\u00e9zm\u00e9nyek &hellip;<\/p>\n","protected":false},"author":101729,"featured_media":0,"parent":5,"menu_order":7,"comment_status":"closed","ping_status":"closed","template":"","meta":{"_acf_changed":false,"footnotes":""},"categories":[],"tags":[],"class_list":["post-1787","page","type-page","status-publish","hentry"],"acf":[],"_links":{"self":[{"href":"https:\/\/semmelweis.hu\/etk\/wp-json\/wp\/v2\/pages\/1787","targetHints":{"allow":["GET"]}}],"collection":[{"href":"https:\/\/semmelweis.hu\/etk\/wp-json\/wp\/v2\/pages"}],"about":[{"href":"https:\/\/semmelweis.hu\/etk\/wp-json\/wp\/v2\/types\/page"}],"author":[{"embeddable":true,"href":"https:\/\/semmelweis.hu\/etk\/wp-json\/wp\/v2\/users\/101729"}],"replies":[{"embeddable":true,"href":"https:\/\/semmelweis.hu\/etk\/wp-json\/wp\/v2\/comments?post=1787"}],"version-history":[{"count":12,"href":"https:\/\/semmelweis.hu\/etk\/wp-json\/wp\/v2\/pages\/1787\/revisions"}],"predecessor-version":[{"id":19665,"href":"https:\/\/semmelweis.hu\/etk\/wp-json\/wp\/v2\/pages\/1787\/revisions\/19665"}],"up":[{"embeddable":true,"href":"https:\/\/semmelweis.hu\/etk\/wp-json\/wp\/v2\/pages\/5"}],"wp:attachment":[{"href":"https:\/\/semmelweis.hu\/etk\/wp-json\/wp\/v2\/media?parent=1787"}],"wp:term":[{"taxonomy":"category","embeddable":true,"href":"https:\/\/semmelweis.hu\/etk\/wp-json\/wp\/v2\/categories?post=1787"},{"taxonomy":"post_tag","embeddable":true,"href":"https:\/\/semmelweis.hu\/etk\/wp-json\/wp\/v2\/tags?post=1787"}],"curies":[{"name":"wp","href":"https:\/\/api.w.org\/{rel}","templated":true}]}}