{"id":1785,"date":"2020-07-27T15:39:57","date_gmt":"2020-07-27T13:39:57","guid":{"rendered":"https:\/\/semmelweis.hu\/etk\/?page_id=1785"},"modified":"2025-12-10T15:13:28","modified_gmt":"2025-12-10T14:13:28","slug":"dhs","status":"publish","type":"page","link":"https:\/\/semmelweis.hu\/etk\/dhs\/","title":{"rendered":"DHS"},"content":{"rendered":"<h2><img loading=\"lazy\" decoding=\"async\" class=\"size-medium wp-image-2110 alignleft\" src=\"https:\/\/semmelweis.hu\/etk\/files\/2020\/08\/dhs-282x400.jpg\" alt=\"Developments in Health Sciences\" width=\"282\" height=\"400\" \/>Developments in Health Sciences<\/h2>\n<p style=\"text-align: justify\">A Semmelweis Egyetem Eg\u00e9szs\u00e9gtudom\u00e1nyi Kar az Akad\u00e9miai Kiad\u00f3 gondoz\u00e1s\u00e1ban tudom\u00e1nyos foly\u00f3iratot ind\u00edtott Developments in Health Sciences (DHS) c\u00edmen.<\/p>\n<p style=\"text-align: justify\">A Developments in Health Sciences (DHS) Open Access foly\u00f3irat, mely angol nyelv\u0171 k\u00e9ziratokat k\u00f6z\u00f6l az eg\u00e9szs\u00e9gtudom\u00e1nyok, valamint a kapcsol\u00f3d\u00f3 orvostudom\u00e1nyok \u00e9s eg\u00e9szs\u00e9g\u00fcgyi ell\u00e1t\u00e1s ter\u00fcleteir\u0151l (dietetika, optometria, \u00e1pol\u00e1s, fizioter\u00e1pia, sz\u00fcl\u00e9szet, n\u00e9peg\u00e9szs\u00e9g\u00fcgy stb.).<\/p>\n<p style=\"text-align: justify\">K\u00f6zl\u00e9sre v\u00e1runk eredeti tudom\u00e1nyos munk\u00e1kat, \u00f6sszefoglal\u00f3 \u00e9s r\u00f6vid k\u00f6zlem\u00e9nyeket, esetismertet\u00e9seket, tov\u00e1bb\u00e1 m\u00e9g egy\u00e9b, az eg\u00e9szs\u00e9gtudom\u00e1nyok ter\u00fclet\u00e9n aktu\u00e1lis \u00edr\u00e1sokat, k\u00f6nyvismertet\u00e9seket, besz\u00e1mol\u00f3kat.<\/p>\n<p>&nbsp;<\/p>\n<p style=\"text-align: justify\"><strong>Szerz\u0151k figyelm\u00e9be!<\/strong><br \/>\n<strong>T\u00e1j\u00e9koztatjuk szerz\u0151inket, hogy a Developments in Health Sciences foly\u00f3irat \u00faj kiad\u00f3hoz ker\u00fcl. Ez id\u0151 alatt az online peer review rendszer nem el\u00e9rhet\u0151.<\/strong><br \/>\n<strong>A k\u00e9ziratokat k\u00f6zvetlen\u00fcl e-mailben lehet elk\u00fcldeni a k\u00f6vetkez\u0151 c\u00edmre: <a href=\"mailto:dhs.journal@semmelweis.hu\">dhs.journal@semmelweis.hu<\/a><\/strong><br \/>\n<strong>K\u00f6sz\u00f6nj\u00fck egy\u00fcttm\u0171k\u00f6d\u00e9s\u00fcket.<\/strong><\/p>\n","protected":false},"excerpt":{"rendered":"<p>Developments in Health Sciences A Semmelweis Egyetem Eg\u00e9szs\u00e9gtudom\u00e1nyi Kar az Akad\u00e9miai Kiad\u00f3 gondoz\u00e1s\u00e1ban tudom\u00e1nyos foly\u00f3iratot ind\u00edtott Developments in Health Sciences (DHS) c\u00edmen. A Developments in Health Sciences (DHS) Open Access foly\u00f3irat, mely angol nyelv\u0171 k\u00e9ziratokat k\u00f6z\u00f6l az eg\u00e9szs\u00e9gtudom\u00e1nyok, valamint a kapcsol\u00f3d\u00f3 orvostudom\u00e1nyok \u00e9s eg\u00e9szs\u00e9g\u00fcgyi ell\u00e1t\u00e1s ter\u00fcleteir\u0151l (dietetika, optometria, \u00e1pol\u00e1s, fizioter\u00e1pia, sz\u00fcl\u00e9szet, n\u00e9peg\u00e9szs\u00e9g\u00fcgy stb.). K\u00f6zl\u00e9sre v\u00e1runk &hellip;<\/p>\n","protected":false},"author":101729,"featured_media":0,"parent":0,"menu_order":7,"comment_status":"closed","ping_status":"closed","template":"","meta":{"_acf_changed":false,"footnotes":""},"categories":[],"tags":[],"class_list":["post-1785","page","type-page","status-publish","hentry"],"acf":[],"_links":{"self":[{"href":"https:\/\/semmelweis.hu\/etk\/wp-json\/wp\/v2\/pages\/1785","targetHints":{"allow":["GET"]}}],"collection":[{"href":"https:\/\/semmelweis.hu\/etk\/wp-json\/wp\/v2\/pages"}],"about":[{"href":"https:\/\/semmelweis.hu\/etk\/wp-json\/wp\/v2\/types\/page"}],"author":[{"embeddable":true,"href":"https:\/\/semmelweis.hu\/etk\/wp-json\/wp\/v2\/users\/101729"}],"replies":[{"embeddable":true,"href":"https:\/\/semmelweis.hu\/etk\/wp-json\/wp\/v2\/comments?post=1785"}],"version-history":[{"count":10,"href":"https:\/\/semmelweis.hu\/etk\/wp-json\/wp\/v2\/pages\/1785\/revisions"}],"predecessor-version":[{"id":19065,"href":"https:\/\/semmelweis.hu\/etk\/wp-json\/wp\/v2\/pages\/1785\/revisions\/19065"}],"wp:attachment":[{"href":"https:\/\/semmelweis.hu\/etk\/wp-json\/wp\/v2\/media?parent=1785"}],"wp:term":[{"taxonomy":"category","embeddable":true,"href":"https:\/\/semmelweis.hu\/etk\/wp-json\/wp\/v2\/categories?post=1785"},{"taxonomy":"post_tag","embeddable":true,"href":"https:\/\/semmelweis.hu\/etk\/wp-json\/wp\/v2\/tags?post=1785"}],"curies":[{"name":"wp","href":"https:\/\/api.w.org\/{rel}","templated":true}]}}