{"id":140,"date":"2023-08-01T00:29:17","date_gmt":"2023-07-31T22:29:17","guid":{"rendered":"http:\/\/semmelweis.hu\/etk\/?page_id=140"},"modified":"2024-09-20T08:14:27","modified_gmt":"2024-09-20T06:14:27","slug":"radiografia-specializacio","status":"publish","type":"page","link":"https:\/\/semmelweis.hu\/etk\/oktatas\/alapkepzesek-bsc\/orvosi-diagnosztikai-analitikus-szak\/radiografia-specializacio\/","title":{"rendered":"Radiogr\u00e1fia"},"content":{"rendered":"<h3>Orvosi diagnosztikai analitikus alapk\u00e9pz\u00e9si szak<\/h3>\n<h2>RADIOGR\u00c1FIA SPECIALIZ\u00c1CI\u00d3<\/h2>\n<div class=\"keretes w-100\">\n<h6><strong>Munkarend:<\/strong> levelez\u0151<\/h6>\n<h6><strong>K\u00e9pz\u00e9si id\u0151: <\/strong>8 f\u00e9l\u00e9v, 240 kredit<\/h6>\n<\/div>\n<p><a href=\"#jelentkezes\">A felv\u00e9teli elj\u00e1r\u00e1ssal kapcsolatos b\u0151vebb inform\u00e1ci\u00f3k&#8230;<\/a><\/p>\n<h4><strong>Kiket v\u00e1runk a k\u00e9pz\u00e9sre?<\/strong><\/h4>\n<p style=\"text-align: justify\">Azon tov\u00e1bbtanul\u00f3k jelentkez\u00e9s\u00e9t v\u00e1rjuk, akik \u00e9rdekl\u0151dnek az informatika, a modern technol\u00f3giai fejleszt\u00e9sek, a diagnosztikai technol\u00f3gi\u00e1k ir\u00e1nt. A p\u00e1lya olyan prec\u00edz \u00e9s fegyelmezett fiataloknak aj\u00e1nlott, akik k\u00e9pesek az \u00f6n\u00e1ll\u00f3 munkav\u00e9gz\u00e9sre, nyitottak, szeretik a kih\u00edv\u00e1sokat. Fontos a t\u00fcrelem, a kitart\u00e1s, a felel\u0151ss\u00e9gteljes, logikus gondolkod\u00e1s, j\u00f3 probl\u00e9mamegold\u00f3, elemz\u0151 k\u00e9szs\u00e9g, a k\u00f6rnyezettudatoss\u00e1g. F\u0151bb szakmai ismeretk\u00f6r\u00f6k Alapvet\u0151 klinikai ismeretek, a k\u00e9palkot\u00e1s folyamata \u00e9s eszk\u00f6zei, hagyom\u00e1nyos radiol\u00f3gia, ultrahang k\u00e9p\u00adalkot\u00e1s, computer tomogr\u00e1fia \u00e9s m\u00e1gneses rezonancia k\u00e9palkot\u00e1s, angiogr\u00e1fia, intervencion\u00e1lis radiol\u00f3gia, alkalmazott anat\u00f3miai k\u00e9palkot\u00f3 m\u00f3dszerek, sug\u00e1rbiol\u00f3gia \u00e9s sug\u00e1rv\u00e9delem, sug\u00e1rte\u00adr\u00e1pia, in vivo izot\u00f3pdiagnosztika, kontrasztanyagok alkalmaz\u00e1sa \u00e9s alkal\u00admaz\u00e1suk vesz\u00e9lyei, gy\u00f3gyszertan alapjai, valamint a fentiekhez kapcsol\u00f3d\u00f3 gyakorlati ismeretek.<\/p>\n<h4><strong>Tov\u00e1bbtanul\u00e1si lehet\u0151s\u00e9gek mesterszakon<\/strong><\/h4>\n<ul style=\"list-style-type: disc\">\n<li>Radiogr\u00e1fia<\/li>\n<li>Eg\u00e9szs\u00e9g\u00fcgyi m\u00e9rn\u00f6k<\/li>\n<li>Eg\u00e9szs\u00e9g\u00fcgyi menedzser<\/li>\n<\/ul>\n<h4><strong>Mit csin\u00e1l egy k\u00e9palkot\u00f3 analitikus?<\/strong><\/h4>\n<p style=\"text-align: justify\">\u00d6n\u00e1ll\u00f3an \u00fczemelteti a modern k\u00e9palkot\u00f3 berendez\u00e9seket (pl. r\u00f6ntgen, ultrahang, computer tomogr\u00e1f (CT)), ismeri az ehhez kapcsol\u00f3d\u00f3 elj\u00e1r\u00e1sokat, el tudja v\u00e9gezni a rendelkez\u00e9s\u00e9re \u00e1ll\u00f3 inform\u00e1ci\u00f3k k\u00e9pi feldolgoz\u00e1s\u00e1t, \u00e9rt\u00e9kel\u00e9s\u00e9t \u00e9s archiv\u00e1l\u00e1s\u00e1t. Mindennapi kapcsolatban \u00e1ll a p\u00e1\u00adciensekkel, felk\u00e9sz\u00edti \u0151ket a ter\u00e1pi\u00e1s elj\u00e1r\u00e1sokra.<\/p>\n<h4><strong>Elhelyezked\u00e9si lehet\u0151s\u00e9gek<\/strong><\/h4>\n<ul style=\"list-style-type: disc\">\n<li>klinik\u00e1kon,<\/li>\n<li>priv\u00e1t szolg\u00e1ltat\u00f3kn\u00e1l,<\/li>\n<li>egyetemi, kutat\u00f3i k\u00f6zpontokban,<\/li>\n<li>k\u00e9palkot\u00f3 diagnosztikai \u00e9s intervenci\u00f3s ter\u00e1pi\u00e1s munkahelyeken kezel\u0151i \u00e9s vezet\u0151i \u00e1ll\u00e1sokban,<\/li>\n<li>hemodinamikai, kat\u00e9terdiagnosztikai \u00e9s ter\u00e1pi\u00ad\u00e1s munkahelyeken,<\/li>\n<li>onkol\u00f3giai, sug\u00e1rter\u00e1pi\u00e1s, izot\u00f3pdiagnosztikai \u00e9s izot\u00f3p ter\u00e1pi\u00e1s asszisztensi munkak\u00f6rben.<a id=\"jelentkezes\"><\/a><\/li>\n<\/ul>\n            <div class=\"qae-faqs-container qae-faqs-toggle-container\">\n\t\t\t\t\t\t\t<ul class=\"qe-faqs-filters-container\">\n\t\t\t\t<li class=\"active\"><a class=\"qe-faqs-filter all-faqs\" href=\"#\" data-filter=\"*\">All<\/a><\/li>\n\t\t\t\t<li><a class=\"qe-faqs-filter\" href=\"#jelentkezes-alapkepzesek\" data-filter=\".jelentkezes-alapkepzesek\">Jelentkez\u00e9s - Alapk\u00e9pz\u00e9sek<\/a><\/li>\t\t\t<\/ul>\n\t\t\t\t\t<div id=\"qaef-14497\" class=\"qe-faq-toggle jelentkezes-alapkepzesek\">\n\t\t\t<div class=\"qe-toggle-title\">\n\t\t\t\t<h4>\n\t\t\t\t\t<i class=\"fa fa-minus-circle\"><\/i> Jelentkez\u00e9s alapk\u00e9pz\u00e9sre\t\t\t\t<\/h4>\n\t\t\t<\/div>\n\t\t\t<div class=\"qe-toggle-content\">\n\t\t\t\t<p><a href=\"https:\/\/www.felvi.hu\/felveteli\/jelentkezes\/mikor_es_mire\/Mikor_lehet_jelentkezni\"><strong>Hivatalos felv\u00e9teli menetrend (felvi.hu) \u2192<\/strong><\/a><\/p>\n<h4><strong>A jelentkez\u00e9s felt\u00e9tele:<\/strong><\/h4>\n<p>\u00c9retts\u00e9gi bizony\u00edtv\u00e1ny<\/p>\n<h4><strong>Finansz\u00edroz\u00e1si forma: <\/strong><\/h4>\n<ul>\n<li>\u00e1llami \u00f6szt\u00f6nd\u00edjjal t\u00e1mogatott<\/li>\n<li>\u00f6nk\u00f6lts\u00e9ges (300.000 Ft\/f\u00e9l\u00e9v: \u00e1pol\u00f3 szakir\u00e1ny, hang-, besz\u00e9d \u00e9s nyel\u00e9sterapeuta szakir\u00e1ny, ment\u0151tiszt szakir\u00e1ny, sz\u00fcl\u00e9szn\u0151 szakir\u00e1ny, n\u00e9peg\u00e9szs\u00e9g\u00fcgyi ellen\u0151r szakir\u00e1ny, v\u00e9d\u0151n\u0151 szakir\u00e1ny, eg\u00e9szs\u00e9gturizmus szervez\u0151 specializ\u00e1ci\u00f3; 350.000 Ft\/f\u00e9l\u00e9v: sporteg\u00e9szs\u00e9g\u00fcgyi szervez\u0151 specializ\u00e1ci\u00f3; 400.000 Ft\/f\u00e9l\u00e9v: dietetikus szakir\u00e1ny, gy\u00f3gytorn\u00e1sz szakir\u00e1ny, optometria specializ\u00e1ci\u00f3, radiogr\u00e1fia specializ\u00e1ci\u00f3)<\/li>\n<li>angol nyelv\u0171 eg\u00e9szs\u00e9gturizmus-szervez\u0151 k\u00e9pz\u00e9s eset\u00e9n 220.000 Ft\/f\u00e9l\u00e9v idegen nyelvi hozz\u00e1j\u00e1rul\u00e1s fizetend\u0151 finansz\u00edroz\u00e1si form\u00e1t\u00f3l f\u00fcggetlen\u00fcl<\/li>\n<\/ul>\n<h4><strong>Jelentkez\u00e9si hat\u00e1rid\u0151:<\/strong><\/h4>\n<ul>\n<li>2026. szeptemberi kezd\u00e9ssel hirdetett k\u00e9pz\u00e9s eset\u00e9n: 2026. febru\u00e1r 15.<\/li>\n<\/ul>\n<h4><strong>Jelentkez\u00e9s m\u00f3dja:<\/strong><\/h4>\n<p>Kiz\u00e1r\u00f3lag elektronikusan jelentkezhetsz a <a href=\"http:\/\/www.felvi.hu\">www.felvi.hu<\/a> honlapon az E-felv\u00e9teli szolg\u00e1ltat\u00e1son kereszt\u00fcl regisztr\u00e1ci\u00f3 ut\u00e1n.<\/p>\n<h4><strong>Megjel\u00f6lt helyek sz\u00e1ma:<\/strong><\/h4>\n<p>Legfeljebb hat helyet jel\u00f6lhetsz meg. Egy jelentkez\u00e9si helynek sz\u00e1m\u00edt, ha a jelentkez\u00e9si hely csak a finansz\u00edroz\u00e1si (\u00e1llami \u00f6szt\u00f6nd\u00edjas, \u00f6nk\u00f6lts\u00e9ges) form\u00e1ban t\u00e9r el.<\/p>\n<h4><strong>D\u00edjak:<\/strong><\/h4>\n<p>H\u00e1rom k\u00e9pz\u00e9s megjel\u00f6l\u00e9se d\u00edjmentes, minden tov\u00e1bbi\u00e9rt 2000-2000 Ft kieg\u00e9sz\u00edt\u0151 d\u00edjat kell fizetni.<\/p>\n<h4><strong>Dokumentumok felt\u00f6lt\u00e9se:<\/strong><\/h4>\n<p>Fel kell t\u00f6lteni azokat a dokumentumokat, melyek a jelentkez\u00e9skor m\u00e1r rendelkez\u00e9sedre \u00e1llnak, a k\u00e9s\u0151bb k\u00e9zhez kapottakat pedig 2026. j\u00falius 07-ig. Az eredeti dokumentumokat a fels\u0151oktat\u00e1si int\u00e9zm\u00e9nyben a beiratkoz\u00e1s alkalm\u00e1val kell bemutatnod, amely a hallgat\u00f3i jogviszony l\u00e9tes\u00edt\u00e9s\u00e9nek is a felt\u00e9tele.<\/p>\n<h4><strong>\u00c9rv\u00e9nyes a jelentkez\u00e9s:<\/strong><\/h4>\n<p>Ha az E-felv\u00e9teliben ny\u00fajtod be \u00e9s a jelentkez\u00e9si \u0171rlapot hiteles\u00edted 2026. febru\u00e1r 15-ig \u00fcgyf\u00e9lkapun kereszt\u00fcl.<\/p>\n<h4><strong>Fontos!<\/strong><\/h4>\n<p>Az eg\u00e9sz felv\u00e9teli elj\u00e1r\u00e1s sor\u00e1n rendszeresen figyeld a megadott e-mail fi\u00f3kodat \u00e9s az E-felv\u00e9teli fel\u00fcletet.<\/p>\n\t\t\t<\/div>\n\t\t<\/div>\n\t\t            <\/div>\n\t\t\n<hr style=\"border-top: 1px solid white\" \/>\n","protected":false},"excerpt":{"rendered":"<p><a href=\"https:\/\/www.felvi.hu\/felveteli\/jelentkezes\/mikor_es_mire\/Mikor_lehet_jelentkezni\">Hivatalos felv\u00e9teli menetrend (felvi.hu) \u2192<\/a> A jelentkez\u00e9s felt\u00e9tele: \u00c9retts\u00e9gi bizony\u00edtv\u00e1ny Finansz\u00edroz\u00e1si forma: \u00e1llami \u00f6szt\u00f6nd\u00edjjal t\u00e1mogatott \u00f6nk\u00f6lts\u00e9ges (300.000 Ft\/f\u00e9l\u00e9v: \u00e1pol\u00f3 szakir\u00e1ny, hang-, besz\u00e9d \u00e9s nyel\u00e9sterapeuta szakir\u00e1ny, ment\u0151tiszt szakir\u00e1ny, sz\u00fcl\u00e9szn\u0151 szakir\u00e1ny, n\u00e9peg\u00e9szs\u00e9g\u00fcgyi ellen\u0151r szakir\u00e1ny, v\u00e9d\u0151n\u0151 szakir\u00e1ny, eg\u00e9szs\u00e9gturizmus szervez\u0151 specializ\u00e1ci\u00f3; 350.000 Ft\/f\u00e9l\u00e9v: sporteg\u00e9szs\u00e9g\u00fcgyi szervez\u0151 specializ\u00e1ci\u00f3; 400.000 Ft\/f\u00e9l\u00e9v: dietetikus szakir\u00e1ny, gy\u00f3gytorn\u00e1sz szakir\u00e1ny, optometria specializ\u00e1ci\u00f3, radiogr\u00e1fia specializ\u00e1ci\u00f3) angol nyelv\u0171 eg\u00e9szs\u00e9gturizmus-szervez\u0151 k\u00e9pz\u00e9s eset\u00e9n 220.000 Ft\/f\u00e9l\u00e9v idegen &hellip;<\/p>\n","protected":false},"author":101729,"featured_media":13478,"parent":138,"menu_order":0,"comment_status":"closed","ping_status":"closed","template":"","meta":{"_acf_changed":false,"footnotes":""},"categories":[51,57],"tags":[],"class_list":["post-140","page","type-page","status-publish","has-post-thumbnail","hentry","category-diagnosztika","category-kepzesek"],"acf":[],"_links":{"self":[{"href":"https:\/\/semmelweis.hu\/etk\/wp-json\/wp\/v2\/pages\/140","targetHints":{"allow":["GET"]}}],"collection":[{"href":"https:\/\/semmelweis.hu\/etk\/wp-json\/wp\/v2\/pages"}],"about":[{"href":"https:\/\/semmelweis.hu\/etk\/wp-json\/wp\/v2\/types\/page"}],"author":[{"embeddable":true,"href":"https:\/\/semmelweis.hu\/etk\/wp-json\/wp\/v2\/users\/101729"}],"replies":[{"embeddable":true,"href":"https:\/\/semmelweis.hu\/etk\/wp-json\/wp\/v2\/comments?post=140"}],"version-history":[{"count":11,"href":"https:\/\/semmelweis.hu\/etk\/wp-json\/wp\/v2\/pages\/140\/revisions"}],"predecessor-version":[{"id":16374,"href":"https:\/\/semmelweis.hu\/etk\/wp-json\/wp\/v2\/pages\/140\/revisions\/16374"}],"up":[{"embeddable":true,"href":"https:\/\/semmelweis.hu\/etk\/wp-json\/wp\/v2\/pages\/138"}],"wp:featuredmedia":[{"embeddable":true,"href":"https:\/\/semmelweis.hu\/etk\/wp-json\/wp\/v2\/media\/13478"}],"wp:attachment":[{"href":"https:\/\/semmelweis.hu\/etk\/wp-json\/wp\/v2\/media?parent=140"}],"wp:term":[{"taxonomy":"category","embeddable":true,"href":"https:\/\/semmelweis.hu\/etk\/wp-json\/wp\/v2\/categories?post=140"},{"taxonomy":"post_tag","embeddable":true,"href":"https:\/\/semmelweis.hu\/etk\/wp-json\/wp\/v2\/tags?post=140"}],"curies":[{"name":"wp","href":"https:\/\/api.w.org\/{rel}","templated":true}]}}