{"id":13622,"date":"2023-06-25T14:17:13","date_gmt":"2023-06-25T12:17:13","guid":{"rendered":"https:\/\/semmelweis.hu\/etk\/?page_id=13622"},"modified":"2026-03-04T09:49:51","modified_gmt":"2026-03-04T08:49:51","slug":"nepegeszsegugyi","status":"publish","type":"page","link":"https:\/\/semmelweis.hu\/etk\/oktatas\/mesterkepzesek-msc\/nepegeszsegugyi\/","title":{"rendered":"N\u00e9peg\u00e9szs\u00e9g\u00fcgyi mesterk\u00e9pz\u00e9s"},"content":{"rendered":"<h1 style=\"text-align: justify\">N\u00e9peg\u00e9szs\u00e9g\u00fcgyi mesterk\u00e9pz\u00e9si szak<\/h1>\n<div class=\"keretes w-100\">\n<h6><strong>Munkarend:<\/strong> levelez\u0151<\/h6>\n<h6><strong>K\u00e9pz\u00e9si id\u0151:<\/strong> 3 f\u00e9l\u00e9v, 90 kredit<\/h6>\n<\/div>\n<p style=\"text-align: justify\"><a href=\"#jelentkezes\">Tov\u00e1bb a felv\u00e9teli elj\u00e1r\u00e1ssal kapcsolatos inform\u00e1ci\u00f3khoz&#8230;<\/a><\/p>\n<h4 style=\"text-align: justify\"><strong>Kiket v\u00e1runk a k\u00e9pz\u00e9sre?<\/strong><\/h4>\n<p>Els\u0151sorban az eg\u00e9szs\u00e9gtudom\u00e1nyok ter\u00fclet\u00e9n (f\u0151k\u00e9nt n\u00e9peg\u00e9szs\u00e9g\u00fcgyi ellen\u0151r szakir\u00e1nyon) szerzett BSc v\u00e9gzetts\u00e9ggel rendelkez\u0151k tartoznak a k\u00e9pz\u00e9s c\u00e9lcsoportj\u00e1ba. A n\u00e9peg\u00e9szs\u00e9g\u00fcgyi mesterk\u00e9pz\u00e9si szakon v\u00e1rjuk mindazokat, akik elk\u00f6telezettek a n\u00e9peg\u00e9szs\u00e9g\u00fcgy c\u00e9lkit\u0171z\u00e9sei ir\u00e1nt, \u00e9s a j\u00f6v\u0151ben a lakoss\u00e1g eg\u00e9szs\u00e9g\u00e9t befoly\u00e1sol\u00f3 t\u00e9nyez\u0151k, a j\u00e1rv\u00e1ny\u00fcgyi, k\u00f6rnyezeti \u00e9s foglalkoz\u00e1si eredet\u0171 eg\u00e9szs\u00e9gkock\u00e1zatok elemz\u00e9s\u00e9vel, azonos\u00edt\u00e1s\u00e1val, valamint a prevenci\u00f3t c\u00e9lz\u00f3 int\u00e9zked\u00e9sek \u00e9s programok tervez\u00e9s\u00e9vel \u00e9s ir\u00e1ny\u00edt\u00e1s\u00e1val professzion\u00e1lis szinten szeretn\u00e9nek foglalkozni.<\/p>\n<h4 style=\"text-align: justify\"><strong>Specializ\u00e1ci\u00f3k:<\/strong><\/h4>\n<p style=\"text-align: justify\">a) epidemiol\u00f3gia specializ\u00e1ci\u00f3<br \/>\nb) k\u00f6rnyezet- \u00e9s foglalkoz\u00e1seg\u00e9szs\u00e9g\u00fcgyi specializ\u00e1ci\u00f3<\/p>\n<h4 style=\"text-align: justify\"><strong>F\u0151bb szakmai ismeretk\u00f6r\u00f6k<\/strong><\/h4>\n<p><strong>K\u00f6z\u00f6s ismeretk\u00f6r\u00f6k:<\/strong> emelt szint\u0171 n\u00e9peg\u00e9szs\u00e9gtan, kutat\u00e1sm\u00f3dszertan \u00e9s biostatisztika alapjai, bizony\u00edt\u00e9kokon alapul\u00f3 gyakorlat, n\u00e9peg\u00e9szs\u00e9g\u00fcgyi tervez\u00e9s \u00e9s ir\u00e1ny\u00edt\u00e1s m\u00f3dszertana, v\u00e9szhelyzeti reag\u00e1l\u00e1s.<\/p>\n<p><strong>Epidemiol\u00f3gia specializ\u00e1ci\u00f3:<\/strong> k\u00f6rnyezeti kock\u00e1zatok az epidemiol\u00f3gi\u00e1ban, epidemiol\u00f3giai vizsg\u00e1latok m\u00f3dszertana, korszer\u0171 \u00e9s intervenci\u00f3s epidemiol\u00f3giai vizsg\u00e1latok, k\u00f3rh\u00e1zi \u00e9s klinikai epidemiol\u00f3gia, molekul\u00e1ris \u00e9s genetikai epidemiol\u00f3gia, alkalmazott epidemiol\u00f3giai biostatisztika.<\/p>\n<p><strong>K\u00f6rnyezet- \u00e9s foglalkoz\u00e1seg\u00e9szs\u00e9g\u00fcgy specializ\u00e1ci\u00f3:<\/strong> k\u00f6rnyezet- \u00e9s foglalkoz\u00e1seg\u00e9szs\u00e9g\u00fcgyi orvostan, radiobiol\u00f3gia, k\u00f6rnyezeti kih\u00edv\u00e1sok n\u00e9peg\u00e9szs\u00e9g\u00fcgyi vonatkoz\u00e1sai, k\u00f6rnyezeti monitoring vizsg\u00e1latok, hat\u00e1svizsg\u00e1latok m\u00f3dszertana, kock\u00e1zatbecsl\u00e9s m\u00f3dszertana, k\u00f6rnyezeteg\u00e9szs\u00e9g\u00fcgyi projektek.<\/p>\n<h4 style=\"text-align: justify\"><strong>A k\u00e9pz\u00e9sben val\u00f3 r\u00e9szv\u00e9tel felt\u00e9telei<\/strong><\/h4>\n<p style=\"text-align: justify\">Elismerhet\u0151 legyen legal\u00e1bb 50 kredit a kor\u00e1bbi tanulm\u00e1nyokb\u00f3l az al\u00e1bbi ismeretk\u00f6r\u00f6kb\u0151l:<\/p>\n<ul>\n<li style=\"text-align: justify\">term\u00e9szet \u00e9s eg\u00e9szs\u00e9gtudom\u00e1nyi ismeretek: 40 kredit a mikrobiol\u00f3gia, a k\u00e9mia, a n\u00e9peg\u00e9szs\u00e9g\u00fcgy egyes szakter\u00fcleteinek (bele\u00e9rtve a j\u00e1rv\u00e1nytant, k\u00f6rnyezeteg\u00e9szs\u00e9gtant, munkahigi\u00e9n\u00e9t, k\u00e9miai biztons\u00e1got, \u00e9lelmiszerhigi\u00e9n\u00e9t, nem fert\u0151z\u0151 betegs\u00e9gek j\u00e1rv\u00e1nytan\u00e1t, a n\u00e9peg\u00e9szs\u00e9g\u00fcgyi medicin\u00e1t) ismeretk\u00f6reib\u0151l;<\/li>\n<li style=\"text-align: justify\">t\u00e1rsadalomtudom\u00e1nyi ismeretek: 10 kredit az eg\u00e9szs\u00e9g\u00fcgyi igazgat\u00e1s, eg\u00e9szs\u00e9g\u00fcgyi jog, eg\u00e9szs\u00e9g\u00fcgyi menedzsment, hivat\u00e1setika ismeretk\u00f6reib\u0151l.<\/li>\n<\/ul>\n<p style=\"text-align: justify\">A mesterk\u00e9pz\u00e9sbe val\u00f3 felv\u00e9tel felt\u00e9tele, hogy a felsorolt ismeretk\u00f6r\u00f6kben legal\u00e1bb 30 kredittel rendelkezzen a hallgat\u00f3. A tov\u00e1bbi 20 kreditet a mesterfokozat megszerz\u00e9s\u00e9re ir\u00e1nyul\u00f3 k\u00e9pz\u00e9ssel p\u00e1rhuzamosan, a felv\u00e9telt\u0151l sz\u00e1m\u00edtott k\u00e9t f\u00e9l\u00e9ven bel\u00fcl, a fels\u0151oktat\u00e1si int\u00e9zm\u00e9ny tanulm\u00e1nyi \u00e9s vizsgaszab\u00e1lyzat\u00e1ban meghat\u00e1rozottak szerint kell megszerezni.<\/p>\n<h4 style=\"text-align: justify\"><strong>Tov\u00e1bbtanul\u00e1si lehet\u0151s\u00e9gek<\/strong><\/h4>\n<ul>\n<li style=\"text-align: justify\">\u00a0eg\u00e9szs\u00e9g\u00fcgyi menedzser\u00a0<\/li>\n<li style=\"text-align: justify\">eg\u00e9szs\u00e9g\u00fcgyi m\u00e9rn\u00f6k<\/li>\n<li style=\"text-align: justify\">k\u00f6rnyezet- \u00e9s munkav\u00e9delem<\/li>\n<li style=\"text-align: justify\">jogtudom\u00e1nyok<\/li>\n<li style=\"text-align: justify\">doktori k\u00e9pz\u00e9s<\/li>\n<\/ul>\n<h4><strong>Elhelyezked\u00e9si lehet\u0151s\u00e9gek<\/strong><\/h4>\n<ul>\n<li>az eg\u00e9szs\u00e9g\u00fcgyi \u00e1llamigazgat\u00e1s k\u00fcl\u00f6nb\u00f6z\u0151 szintjein a tev\u00e9kenys\u00e9gek szervez\u00e9s\u00e9ben, fejleszt\u00e9s\u00e9ben \u00e9s ir\u00e1ny\u00edt\u00e1s\u00e1ban,<\/li>\n<li>\u00e1llami \u00e9s mag\u00e1nk\u00f3rh\u00e1zakban infekci\u00f3kontroll \u00e9s higi\u00e9ne ter\u00fcleten vezet\u0151k\u00e9nt,<\/li>\n<li>eg\u00e9szs\u00e9gbiztos\u00edt\u00e1si int\u00e9zm\u00e9nyekben,<\/li>\n<li>k\u00f6rnyezetv\u00e9delmi \u00e9s\/vagy k\u00f6rnyezeteg\u00e9szs\u00e9g\u00fcgyi feladatokat szervez\u0151 \u00e9s\/vagy ell\u00e1t\u00f3 egys\u00e9gekben,<\/li>\n<li>foglalkoz\u00e1seg\u00e9szs\u00e9g\u00fcgyi feladatokat szervez\u0151 \u00e9s\/vagy ell\u00e1t\u00f3 egys\u00e9gekben,<\/li>\n<li>eg\u00e9szs\u00e9gfejleszt\u00e9si, \u00e9letm\u00f3dprevenci\u00f3s tan\u00e1csad\u00f3k\u00e9nt.<a id=\"jelentkezes\"><\/a><\/li>\n<\/ul>\n            <div class=\"qae-faqs-container qae-faqs-toggle-container\">\n\t\t\t\t\t\t\t<ul class=\"qe-faqs-filters-container\">\n\t\t\t\t<li class=\"active\"><a class=\"qe-faqs-filter all-faqs\" href=\"#\" data-filter=\"*\">All<\/a><\/li>\n\t\t\t\t<li><a class=\"qe-faqs-filter\" href=\"#jelentkezes-keresztfeleves-mesterkepzesek\" data-filter=\".jelentkezes-keresztfeleves-mesterkepzesek\">Jelentkez\u00e9s - Keresztf\u00e9l\u00e9ves mesterk\u00e9pz\u00e9sek<\/a><\/li>\t\t\t<\/ul>\n\t\t\t\t\t<div id=\"qaef-19615\" class=\"qe-faq-toggle jelentkezes-keresztfeleves-mesterkepzesek\">\n\t\t\t<div class=\"qe-toggle-title\">\n\t\t\t\t<h4>\n\t\t\t\t\t<i class=\"fa fa-minus-circle\"><\/i> Felv\u00e9teli vizsga \u00e9s \u00e1ltal\u00e1nos pontsz\u00e1m\u00edt\u00e1si m\u00f3dszerek (Keresztf\u00e9l\u00e9ves MSc)\t\t\t\t<\/h4>\n\t\t\t<\/div>\n\t\t\t<div class=\"qe-toggle-content\">\n\t\t\t\t<h4><strong>Felv\u00e9teli vizsga id\u0151pontja <br \/>\n<\/strong><\/h4>\n<p>2025. december 08-12.<\/p>\n<p><strong>A felv\u00e9teli vizsga d\u00edja<\/strong><\/p>\n<p>Egys\u00e9gesen 4.000 Ft <em>(befizet\u00e9s m\u00f3dja al\u00e1bb r\u00e9szletezve)<\/em><\/p>\n<h4><strong>Felv\u00e9teli vizsga m\u00f3dja<\/strong><\/h4>\n<p><strong>Fizioter\u00e1pia, kiterjesztett hat\u00e1sk\u00f6r\u0171 \u00e1pol\u00f3 \u00e9s t\u00e1pl\u00e1lkoz\u00e1studom\u00e1nyi, n\u00e9peg\u00e9szs\u00e9g\u00fcgyi, sz\u00fcl\u00e9szn\u0151 mesterk\u00e9pz\u00e9seken<br \/>\n<\/strong><\/p>\n<p style=\"padding-left: 40px\">Felv\u00e9teli elbesz\u00e9lget\u00e9s<br \/>\nPontsz\u00e1ma: 80 pont<\/p>\n<p><strong>Eg\u00e9szs\u00e9g\u00fcgyi tan\u00e1r mesterk\u00e9pz\u00e9sen<\/strong><\/p>\n<p style=\"padding-left: 40px\">\u00cdr\u00e1sbeli vizsga<br \/>\nPontsz\u00e1ma: 80 pont<\/p>\n<h4><strong>T\u00d6BBLETPONTOK<br \/>\n<\/strong><\/h4>\n<p>legfeljebb <strong>20<\/strong> pont lehet<\/p>\n<ul>\n<li><strong>fogyat\u00e9koss\u00e1g: <\/strong><strong>3<\/strong> pont<\/li>\n<li><strong>gyermekgondoz\u00e1s: <\/strong><strong>3<\/strong> pont<\/li>\n<li><strong>h\u00e1tr\u00e1nyos helyzet: <\/strong><strong>2<\/strong> pont<\/li>\n<li><strong>C1 komplex nyelvvizsga: <\/strong><strong>5<\/strong> pont<\/li>\n<li><strong>int\u00e9zm\u00e9nyi vagy orsz\u00e1gos TDK 1-3. helyez\u00e9s: <\/strong><strong>5<\/strong> pont<\/li>\n<\/ul>\n<h4><strong>Vizsgad\u00edj befizet\u00e9se:<\/strong><\/h4>\n<p style=\"text-align: justify\">A 4000 Ft-os vizsgad\u00edj befizet\u00e9se &#8211; kiz\u00e1r\u00f3lag &#8211; \u00e1tutal\u00e1ssal t\u00f6rt\u00e9nhet. Az ehhez sz\u00fcks\u00e9ges sz\u00e1ml\u00e1t postai \u00faton vagy e-mail c\u00edmedre kapod meg a felv\u00e9teli rendszerben r\u00f6gz\u00edtett adataidnak megfelel\u0151en. <strong>A befizet\u00e9si hat\u00e1rid\u0151<\/strong> keresztf\u00e9l\u00e9ves k\u00e9pz\u00e9s eset\u00e9n: 2025. november 28<strong>.<\/strong> Csak akkor kezdheted meg a felv\u00e9teli vizsg\u00e1t, ha a d\u00edja a megadott hat\u00e1rid\u0151re az egyetem sz\u00e1ml\u00e1j\u00e1ra be\u00e9rkezik.<\/p>\n<div class=\"keretes w-100\">\n<p style=\"text-align: justify\"><strong>\u00d6sszpontsz\u00e1modat <\/strong>100 pontos pontsz\u00e1m\u00edt\u00e1si rendszerben sz\u00e1molj\u00e1k, a felv\u00e9teli elbesz\u00e9lget\u00e9sen vagy az \u00edr\u00e1sbeli vizsg\u00e1n el\u00e9rt eredm\u00e9nyedet \u00e9s a t\u00f6bbletpontokat \u00f6sszeadj\u00e1k.<\/p>\n<p style=\"text-align: justify\"><strong>Ponthat\u00e1r-meg\u00e1llap\u00edt\u00e1s:<\/strong> v\u00e1rhat\u00f3an 2026. janu\u00e1r v\u00e9ge<\/p>\n<\/div>\n<h4 style=\"text-align: justify\"><strong>A felv\u00e9tel felt\u00e9tele:<\/strong><\/h4>\n<ul style=\"text-align: justify\">\n<li>rendelkezned kell a szak k\u00e9pz\u00e9si \u00e9s kimeneti k\u00f6vetelm\u00e9ny\u00e9ben meghat\u00e1rozott, a bel\u00e9p\u00e9shez sz\u00fcks\u00e9ges \u2013 legal\u00e1bb \u2013 alapk\u00e9pz\u00e9sben szerzett v\u00e9gzetts\u00e9ggel (2006 el\u0151tti k\u00e9pz\u00e9si rendszer szerinti \u2013 legal\u00e1bb &#8211; f\u0151iskolai szint\u0171 v\u00e9gzetts\u00e9ggel)<\/li>\n<li>a felv\u00e9teli elj\u00e1r\u00e1s sor\u00e1n el kell \u00e9rned legal\u00e1bb 50 pontot (jogszab\u00e1lyi minimumpont)<\/li>\n<li>el kell \u00e9rned a szak felv\u00e9teli ponthat\u00e1r\u00e1t.<\/li>\n<\/ul>\n\t\t\t<\/div>\n\t\t<\/div>\n\t\t\t\t<div id=\"qaef-19608\" class=\"qe-faq-toggle jelentkezes-keresztfeleves-mesterkepzesek\">\n\t\t\t<div class=\"qe-toggle-title\">\n\t\t\t\t<h4>\n\t\t\t\t\t<i class=\"fa fa-minus-circle\"><\/i> Jelentkez\u00e9s keresztf\u00e9l\u00e9ves mesterk\u00e9pz\u00e9sre\t\t\t\t<\/h4>\n\t\t\t<\/div>\n\t\t\t<div class=\"qe-toggle-content\">\n\t\t\t\t<p><a href=\"https:\/\/www.felvi.hu\/felveteli\/jelentkezes\/mikor_es_mire\/Mikor_lehet_jelentkezni\"><strong>Hivatalos felv\u00e9teli menetrend (felvi.hu) \u2192<\/strong><\/a><\/p>\n<h4><strong>A jelentkez\u00e9s felt\u00e9tele: <\/strong><\/h4>\n<p>A bemeneti k\u00f6vetelm\u00e9nyeknek megfelel\u0151 v\u00e9gzetts\u00e9get tan\u00fas\u00edt\u00f3 fels\u0151fok\u00fa oklev\u00e9l.<\/p>\n<h4><strong>Finansz\u00edroz\u00e1si forma: <\/strong><\/h4>\n<ul>\n<li>\u00e1llami \u00f6szt\u00f6nd\u00edjjal t\u00e1mogatott<\/li>\n<li>\u00f6nk\u00f6lts\u00e9ges (400.000 Ft\/f\u00e9l\u00e9v)<\/li>\n<\/ul>\n<h4><strong>Jelentkez\u00e9si hat\u00e1rid\u0151: <\/strong><\/h4>\n<ul>\n<li>2025. november 15.<\/li>\n<\/ul>\n<h4><strong>Jelentkez\u00e9s m\u00f3dja: <\/strong><strong>\u00a0<\/strong><\/h4>\n<p>Kiz\u00e1r\u00f3lag elektronikusan jelentkezhetsz a <a href=\"http:\/\/www.felvi.hu\">www.felvi.hu<\/a> honlapon az E-felv\u00e9teli szolg\u00e1ltat\u00e1son kereszt\u00fcl regisztr\u00e1ci\u00f3 ut\u00e1n.<\/p>\n<h4><strong>Megjel\u00f6lt helyek sz\u00e1ma:<\/strong><\/h4>\n<p>Legfeljebb hat helyet jel\u00f6lhetsz meg. Egy jelentkez\u00e9si helynek sz\u00e1m\u00edt, ha a jelentkez\u00e9si hely csak a finansz\u00edroz\u00e1si (\u00e1llami \u00f6szt\u00f6nd\u00edjas, \u00f6nk\u00f6lts\u00e9ges) form\u00e1ban t\u00e9r el.<\/p>\n<h4><strong>D\u00edjak: <\/strong><\/h4>\n<p>H\u00e1rom k\u00e9pz\u00e9s megjel\u00f6l\u00e9se d\u00edjmentes, minden tov\u00e1bbi\u00e9rt 2.000-2.000 Ft kieg\u00e9sz\u00edt\u0151 d\u00edjat kell fizetni.<\/p>\n<h4><strong>Dokumentumok felt\u00f6lt\u00e9se: <\/strong><\/h4>\n<p>Fel kell t\u00f6lteni azokat a dokumentumokat, melyek a jelentkez\u00e9skor m\u00e1r rendelkez\u00e9sedre \u00e1llnak, a k\u00e9s\u0151bb megkapottakat pedig 2026. janu\u00e1r elej\u00e9ig. Az eredeti dokumentumokat a fels\u0151oktat\u00e1si int\u00e9zm\u00e9nyben a beiratkoz\u00e1s alkalm\u00e1val kell bemutatnod, amely a hallgat\u00f3i jogviszony l\u00e9tes\u00edt\u00e9s\u00e9nek is a felt\u00e9tele.<\/p>\n<h4><strong>\u00c9rv\u00e9nyes a jelentkez\u00e9s:<\/strong><\/h4>\n<p>Ha az E-felv\u00e9teliben ny\u00fajtod be \u00e9s a jelentkez\u00e9si \u0171rlapot hiteles\u00edted 2025. november 15-ig \u00fcgyf\u00e9lkapun kereszt\u00fcl.<\/p>\n<h4><strong>Fontos! <\/strong><\/h4>\n<p>Az eg\u00e9sz felv\u00e9teli elj\u00e1r\u00e1s sor\u00e1n rendszeresen figyeld a megadott e-mail fi\u00f3kodat \u00e9s az E-felv\u00e9teli fel\u00fcletet.<\/p>\n\t\t\t<\/div>\n\t\t<\/div>\n\t\t            <\/div>\n\t\t\n<h4 style=\"margin-top: 20px !important\"><strong>Let\u00f6lthet\u0151 dokumentumok<\/strong><\/h4>\n<ul>\n<li>\n<p><a href=\"https:\/\/semmelweis.hu\/etk\/files\/2023\/10\/felveteli_elbeszelgetes_NE_MSc.pdf\">N\u00e9peg\u00e9szs\u00e9g\u00fcgyi MSc felv\u00e9teli elbesz\u00e9lget\u00e9s t\u00e9mak\u00f6rei<\/a><\/p>\n<\/li>\n<li>\n<p><a href=\"https:\/\/semmelweis.hu\/etk\/files\/2023\/06\/nepeg_msc_kreditelismeres2.pdf\">N\u00e9peg\u00e9szs\u00e9g\u00fcgyi MSc el\u0151zetes kreditelismer\u00e9si k\u00e9relme<\/a><\/p>\n<\/li>\n<\/ul>\n","protected":false},"excerpt":{"rendered":"<p><a href=\"https:\/\/www.felvi.hu\/felveteli\/jelentkezes\/mikor_es_mire\/Mikor_lehet_jelentkezni\">Hivatalos felv\u00e9teli menetrend (felvi.hu) \u2192<\/a> A jelentkez\u00e9s felt\u00e9tele: A bemeneti k\u00f6vetelm\u00e9nyeknek megfelel\u0151 v\u00e9gzetts\u00e9get tan\u00fas\u00edt\u00f3 fels\u0151fok\u00fa oklev\u00e9l. Finansz\u00edroz\u00e1si forma: \u00e1llami \u00f6szt\u00f6nd\u00edjjal t\u00e1mogatott \u00f6nk\u00f6lts\u00e9ges (400.000 Ft\/f\u00e9l\u00e9v) Jelentkez\u00e9si hat\u00e1rid\u0151: 2025. november 15. Jelentkez\u00e9s m\u00f3dja: \u00a0 Kiz\u00e1r\u00f3lag elektronikusan jelentkezhetsz a <a href=\"http:\/\/www.felvi.hu\">www.felvi.hu<\/a> honlapon az E-felv\u00e9teli szolg\u00e1ltat\u00e1son kereszt\u00fcl regisztr\u00e1ci\u00f3 ut\u00e1n. Megjel\u00f6lt helyek sz\u00e1ma: Legfeljebb hat helyet jel\u00f6lhetsz meg. Egy jelentkez\u00e9si helynek sz\u00e1m\u00edt, ha a jelentkez\u00e9si hely csak &hellip;<\/p>\n","protected":false},"author":101796,"featured_media":13808,"parent":9,"menu_order":3,"comment_status":"closed","ping_status":"closed","template":"","meta":{"_acf_changed":false,"footnotes":""},"categories":[57,53],"tags":[],"class_list":["post-13622","page","type-page","status-publish","has-post-thumbnail","hentry","category-kepzesek","category-mester"],"acf":[],"_links":{"self":[{"href":"https:\/\/semmelweis.hu\/etk\/wp-json\/wp\/v2\/pages\/13622","targetHints":{"allow":["GET"]}}],"collection":[{"href":"https:\/\/semmelweis.hu\/etk\/wp-json\/wp\/v2\/pages"}],"about":[{"href":"https:\/\/semmelweis.hu\/etk\/wp-json\/wp\/v2\/types\/page"}],"author":[{"embeddable":true,"href":"https:\/\/semmelweis.hu\/etk\/wp-json\/wp\/v2\/users\/101796"}],"replies":[{"embeddable":true,"href":"https:\/\/semmelweis.hu\/etk\/wp-json\/wp\/v2\/comments?post=13622"}],"version-history":[{"count":11,"href":"https:\/\/semmelweis.hu\/etk\/wp-json\/wp\/v2\/pages\/13622\/revisions"}],"predecessor-version":[{"id":19616,"href":"https:\/\/semmelweis.hu\/etk\/wp-json\/wp\/v2\/pages\/13622\/revisions\/19616"}],"up":[{"embeddable":true,"href":"https:\/\/semmelweis.hu\/etk\/wp-json\/wp\/v2\/pages\/9"}],"wp:featuredmedia":[{"embeddable":true,"href":"https:\/\/semmelweis.hu\/etk\/wp-json\/wp\/v2\/media\/13808"}],"wp:attachment":[{"href":"https:\/\/semmelweis.hu\/etk\/wp-json\/wp\/v2\/media?parent=13622"}],"wp:term":[{"taxonomy":"category","embeddable":true,"href":"https:\/\/semmelweis.hu\/etk\/wp-json\/wp\/v2\/categories?post=13622"},{"taxonomy":"post_tag","embeddable":true,"href":"https:\/\/semmelweis.hu\/etk\/wp-json\/wp\/v2\/tags?post=13622"}],"curies":[{"name":"wp","href":"https:\/\/api.w.org\/{rel}","templated":true}]}}