{"id":132,"date":"2023-08-01T00:29:23","date_gmt":"2023-07-31T22:29:23","guid":{"rendered":"http:\/\/semmelweis.hu\/etk\/?page_id=132"},"modified":"2023-12-14T15:57:12","modified_gmt":"2023-12-14T14:57:12","slug":"vedono-szakirany","status":"publish","type":"page","link":"https:\/\/semmelweis.hu\/etk\/oktatas\/alapkepzesek-bsc\/egeszsegugyi-gondozas-es-prevencio-szak\/vedono-szakirany\/","title":{"rendered":"V\u00e9d\u0151n\u0151"},"content":{"rendered":"<h3>Eg\u00e9szs\u00e9g\u00fcgyi gondoz\u00e1s \u00e9s prevenci\u00f3 alapk\u00e9pz\u00e9si szak<\/h3>\n<h2>V\u00c9D\u0150N\u0150 SZAKIR\u00c1NY<\/h2>\n<div class=\"keretes w-100\">\n<h6><strong>Munkarend:<\/strong> nappali\u00a0<\/h6>\n<h6><strong>K\u00e9pz\u00e9si id\u0151: <\/strong>8 f\u00e9l\u00e9v, 240 kredit<\/h6>\n<\/div>\n<p><a href=\"#jelentkezes\">A felv\u00e9teli elj\u00e1r\u00e1ssal kapcsolatos b\u0151vebb inform\u00e1ci\u00f3k&#8230;<\/a><\/p>\n<h4><strong>Kiket v\u00e1runk a k\u00e9pz\u00e9sre?<\/strong><\/h4>\n<p style=\"text-align: justify\">A v\u00e9d\u0151n\u0151k munk\u00e1ja \u00e9rt\u00e9kes, egyedi \u00e9s p\u00f3tolhatatlan, komplex tev\u00e9kenys\u00e9g, melyet csak higgadtan, kiegyens\u00falyozottan lehet v\u00e9gezni. Azokat a tov\u00e1bbtanul\u00f3kat v\u00e1rjuk, akik a v\u00e1rand\u00f3s any\u00e1k, csecsem\u0151k, gyermekek \u00e9s serd\u00fcl\u0151k eg\u00e9szs\u00e9g\u00e9\u00adnek meg\u00f3v\u00e1s\u00e1val \u00e9s fejleszt\u00e9s\u00e9vel szeretn\u00e9nek foglalkozni. A v\u00e9d\u0151n\u0151k szoros kapcsolatban \u00e1llnak a csal\u00e1dokkal, \u00edgy a j\u00f3 kommunik\u00e1ci\u00f3s k\u00e9\u00adpess\u00e9g, az emp\u00e1tia, a meg\u00e9rt\u00e9s \u00e9s az eg\u00e9szs\u00e9gnevel\u00e9s ir\u00e1nti elk\u00f6telez\u0151d\u00e9s fontos t\u00e9nyez\u0151 ebben a szakm\u00e1ban.<\/p>\n<h4><strong>F\u0151bb szakmai ismeretk\u00f6r\u00f6k<\/strong><\/h4>\n<p style=\"text-align: justify\">Sz\u00fcl\u00e9szet\u00ad-n\u0151gy\u00f3gy\u00e1szat, csecsem\u0151\u00ad \u00e9s gyer\u00admekgy\u00f3gy\u00e1szat, eg\u00e9szs\u00e9gnevel\u00e9s\u00ad-eg\u00e9szs\u00e9g\u00adfejleszt\u00e9s, v\u00e9d\u0151n\u0151i m\u00f3dszertan, dietetika, \u00e1pol\u00e1stan, csal\u00e1dgondoz\u00e1s \u00e9s kr\u00edzispreven\u00adci\u00f3, csecsem\u0151\u00ad-gyermekgy\u00f3gy\u00e1szat szak \u00e1po\u00adl\u00e1stan, pedag\u00f3gia.<\/p>\n<h4><strong>Tov\u00e1bbtanul\u00e1si lehet\u0151s\u00e9gek mesterszakon<\/strong><\/h4>\n<ul style=\"list-style-type: disc\">\n<li style=\"list-style-type: none\">\n<ul style=\"list-style-type: disc\">\n<li><a href=\"https:\/\/semmelweis.hu\/etk\/oktatas\/mesterkepzesek-msc\/nepegeszsegugyi\/\">N\u00e9peg\u00e9szs\u00e9g\u00fcgyi<\/a><\/li>\n<li><a href=\"https:\/\/semmelweis.hu\/etk\/oktatas\/mesterkepzesek-msc\/taplalkozastudomanyi-mesterkepzesi-szak\/\">T\u00e1pl\u00e1lkoz\u00e1studom\u00e1nyi<\/a><\/li>\n<li>Komplex rehabilit\u00e1ci\u00f3<\/li>\n<li>Eg\u00e9szs\u00e9g\u00fcgyi szoci\u00e1lis munka<\/li>\n<li>Eg\u00e9szs\u00e9gpolitika, tervez\u00e9s \u00e9s finansz\u00edroz\u00e1s<\/li>\n<li>Eg\u00e9szs\u00e9g\u00fcgyi menedzser<\/li>\n<li><a href=\"https:\/\/semmelweis.hu\/etk\/oktatas\/mesterkepzesek-msc\/egeszsegugyi-tanar-mesterkepzesi-szak\/\">Eg\u00e9szs\u00e9g\u00fcgyi tan\u00e1r<\/a><\/li>\n<\/ul>\n<\/li>\n<\/ul>\n<h4><strong>Mit csin\u00e1l egy v\u00e9d\u0151n\u0151?<\/strong><\/h4>\n<p style=\"text-align: justify\">A v\u00e9d\u0151n\u0151 a legfontosabb \u00e9letszakaszokn\u00e1l van jelen a csal\u00e1d \u00e9let\u00e9ben \u2013 a gyermekv\u00e1r\u00e1sn\u00e1l, az \u00fajsz\u00fcl\u00f6tt fogad\u00e1s\u00e1n\u00e1l, a csal\u00e1di \u00e9let kialak\u00edt\u00e1\u00ads\u00e1n\u00e1l, a gyermekek \u00f3vod\u00e1ba, iskol\u00e1ba mene\u00adtel\u00e9n\u00e9l. Tan\u00e1csad\u00e1st folytat a csal\u00e1dtervez\u00e9ssel kapcsolatban, a v\u00e1rand\u00f3s any\u00e1t gondozza,<\/p>\n<p style=\"text-align: justify\">seg\u00edti, elv\u00e9gzi a sz\u0171r\u0151vizsg\u00e1latokat. A sz\u00fcl\u00e9s ut\u00e1n megismerteti az any\u00e1t az anyatejes t\u00e1pl\u00e1l\u00e1s m\u00f3dszereivel \u00e9s a gyermek k\u00f6r\u00fcli teend\u0151kkel. A gondoz\u00e1s\u00e1ban lev\u0151 csal\u00e1dokat otthonukban is megl\u00e1togatja. Figyelemmel k\u00eds\u00e9ri \u00fajsz\u00fcl\u00f6ttek, csecsem\u0151k \u00e9s gyermekek fejl\u0151\u00add\u00e9s\u00e9t, seg\u00edts\u00e9get ny\u00fajt a helyes \u00e9letvitelhez. Az iskol\u00e1kban r\u00e9szt vesz az egy\u00e9ni \u00e9s k\u00f6z\u00f6ss\u00e9gi eg\u00e9szs\u00e9gfejleszt\u00e9si, eg\u00e9szs\u00e9gv\u00e9delmi programok tervez\u00e9s\u00e9ben, szervez\u00e9s\u00e9ben \u00e9s megval\u00f3s\u00edt\u00e1s\u00e1ban.<\/p>\n<h4><strong>Elhelyezked\u00e9si lehet\u0151s\u00e9gek<\/strong><\/h4>\n<ul style=\"list-style-type: disc\">\n<li>ter\u00fcleti v\u00e9d\u0151n\u0151k\u00e9nt,<\/li>\n<li>k\u00f3rh\u00e1zi v\u00e9d\u0151n\u0151k\u00e9nt,<\/li>\n<li>iskola\u00ad \u00e9s ifj\u00fas\u00e1gi v\u00e9d\u0151n\u0151k\u00e9nt k\u00f6zoktat\u00e1si int\u00e9zm\u00e9nyekben,<\/li>\n<li>csal\u00e1dv\u00e9delmi szolg\u00e1latban \u00ad- N\u00e9peg\u00e9szs\u00e9g\u00fcgyi Szakigazgat\u00e1si Szervekn\u00e9l,<\/li>\n<li>az eg\u00e9szs\u00e9gmeg\u0151rz\u00e9s \u00e9s-\u00adfejleszt\u00e9s egy\u00e9b ter\u00fcletein.<a id=\"jelentkezes\"><\/a><\/li>\n<\/ul>\n            <div class=\"qae-faqs-container qae-faqs-toggle-container\">\n\t\t\t\t\t\t\t<ul class=\"qe-faqs-filters-container\">\n\t\t\t\t<li class=\"active\"><a class=\"qe-faqs-filter all-faqs\" href=\"#\" data-filter=\"*\">All<\/a><\/li>\n\t\t\t\t<li><a class=\"qe-faqs-filter\" href=\"#jelentkezes-alapkepzesek\" data-filter=\".jelentkezes-alapkepzesek\">Jelentkez\u00e9s - Alapk\u00e9pz\u00e9sek<\/a><\/li>\t\t\t<\/ul>\n\t\t\t\t\t<div id=\"qaef-14497\" class=\"qe-faq-toggle jelentkezes-alapkepzesek\">\n\t\t\t<div class=\"qe-toggle-title\">\n\t\t\t\t<h4>\n\t\t\t\t\t<i class=\"fa fa-minus-circle\"><\/i> Jelentkez\u00e9s alapk\u00e9pz\u00e9sre\t\t\t\t<\/h4>\n\t\t\t<\/div>\n\t\t\t<div class=\"qe-toggle-content\">\n\t\t\t\t<p><a href=\"https:\/\/www.felvi.hu\/felveteli\/jelentkezes\/mikor_es_mire\/Mikor_lehet_jelentkezni\"><strong>Hivatalos felv\u00e9teli menetrend (felvi.hu) \u2192<\/strong><\/a><\/p>\n<h4><strong>A jelentkez\u00e9s felt\u00e9tele:<\/strong><\/h4>\n<p>\u00c9retts\u00e9gi bizony\u00edtv\u00e1ny<\/p>\n<h4><strong>Finansz\u00edroz\u00e1si forma: <\/strong><\/h4>\n<ul>\n<li>\u00e1llami \u00f6szt\u00f6nd\u00edjjal t\u00e1mogatott<\/li>\n<li>\u00f6nk\u00f6lts\u00e9ges (300.000 Ft\/f\u00e9l\u00e9v: \u00e1pol\u00f3 szakir\u00e1ny, hang-, besz\u00e9d \u00e9s nyel\u00e9sterapeuta szakir\u00e1ny, ment\u0151tiszt szakir\u00e1ny, sz\u00fcl\u00e9szn\u0151 szakir\u00e1ny, n\u00e9peg\u00e9szs\u00e9g\u00fcgyi ellen\u0151r szakir\u00e1ny, v\u00e9d\u0151n\u0151 szakir\u00e1ny, eg\u00e9szs\u00e9gturizmus szervez\u0151 specializ\u00e1ci\u00f3; 350.000 Ft\/f\u00e9l\u00e9v: sporteg\u00e9szs\u00e9g\u00fcgyi szervez\u0151 specializ\u00e1ci\u00f3; 400.000 Ft\/f\u00e9l\u00e9v: dietetikus szakir\u00e1ny, gy\u00f3gytorn\u00e1sz szakir\u00e1ny, optometria specializ\u00e1ci\u00f3, radiogr\u00e1fia specializ\u00e1ci\u00f3)<\/li>\n<li>angol nyelv\u0171 eg\u00e9szs\u00e9gturizmus-szervez\u0151 k\u00e9pz\u00e9s eset\u00e9n 220.000 Ft\/f\u00e9l\u00e9v idegen nyelvi hozz\u00e1j\u00e1rul\u00e1s fizetend\u0151 finansz\u00edroz\u00e1si form\u00e1t\u00f3l f\u00fcggetlen\u00fcl<\/li>\n<\/ul>\n<h4><strong>Jelentkez\u00e9si hat\u00e1rid\u0151:<\/strong><\/h4>\n<ul>\n<li>2026. szeptemberi kezd\u00e9ssel hirdetett k\u00e9pz\u00e9s eset\u00e9n: 2026. febru\u00e1r 15.<\/li>\n<\/ul>\n<h4><strong>Jelentkez\u00e9s m\u00f3dja:<\/strong><\/h4>\n<p>Kiz\u00e1r\u00f3lag elektronikusan jelentkezhetsz a <a href=\"http:\/\/www.felvi.hu\">www.felvi.hu<\/a> honlapon az E-felv\u00e9teli szolg\u00e1ltat\u00e1son kereszt\u00fcl regisztr\u00e1ci\u00f3 ut\u00e1n.<\/p>\n<h4><strong>Megjel\u00f6lt helyek sz\u00e1ma:<\/strong><\/h4>\n<p>Legfeljebb hat helyet jel\u00f6lhetsz meg. Egy jelentkez\u00e9si helynek sz\u00e1m\u00edt, ha a jelentkez\u00e9si hely csak a finansz\u00edroz\u00e1si (\u00e1llami \u00f6szt\u00f6nd\u00edjas, \u00f6nk\u00f6lts\u00e9ges) form\u00e1ban t\u00e9r el.<\/p>\n<h4><strong>D\u00edjak:<\/strong><\/h4>\n<p>H\u00e1rom k\u00e9pz\u00e9s megjel\u00f6l\u00e9se d\u00edjmentes, minden tov\u00e1bbi\u00e9rt 2000-2000 Ft kieg\u00e9sz\u00edt\u0151 d\u00edjat kell fizetni.<\/p>\n<h4><strong>Dokumentumok felt\u00f6lt\u00e9se:<\/strong><\/h4>\n<p>Fel kell t\u00f6lteni azokat a dokumentumokat, melyek a jelentkez\u00e9skor m\u00e1r rendelkez\u00e9sedre \u00e1llnak, a k\u00e9s\u0151bb k\u00e9zhez kapottakat pedig 2026. j\u00falius 07-ig. Az eredeti dokumentumokat a fels\u0151oktat\u00e1si int\u00e9zm\u00e9nyben a beiratkoz\u00e1s alkalm\u00e1val kell bemutatnod, amely a hallgat\u00f3i jogviszony l\u00e9tes\u00edt\u00e9s\u00e9nek is a felt\u00e9tele.<\/p>\n<h4><strong>\u00c9rv\u00e9nyes a jelentkez\u00e9s:<\/strong><\/h4>\n<p>Ha az E-felv\u00e9teliben ny\u00fajtod be \u00e9s a jelentkez\u00e9si \u0171rlapot hiteles\u00edted 2026. febru\u00e1r 15-ig \u00fcgyf\u00e9lkapun kereszt\u00fcl.<\/p>\n<h4><strong>Fontos!<\/strong><\/h4>\n<p>Az eg\u00e9sz felv\u00e9teli elj\u00e1r\u00e1s sor\u00e1n rendszeresen figyeld a megadott e-mail fi\u00f3kodat \u00e9s az E-felv\u00e9teli fel\u00fcletet.<\/p>\n\t\t\t<\/div>\n\t\t<\/div>\n\t\t            <\/div>\n\t\t\n<hr style=\"border-top: 1px solid white\" \/>\n","protected":false},"excerpt":{"rendered":"<p><a href=\"https:\/\/www.felvi.hu\/felveteli\/jelentkezes\/mikor_es_mire\/Mikor_lehet_jelentkezni\">Hivatalos felv\u00e9teli menetrend (felvi.hu) \u2192<\/a> A jelentkez\u00e9s felt\u00e9tele: \u00c9retts\u00e9gi bizony\u00edtv\u00e1ny Finansz\u00edroz\u00e1si forma: \u00e1llami \u00f6szt\u00f6nd\u00edjjal t\u00e1mogatott \u00f6nk\u00f6lts\u00e9ges (300.000 Ft\/f\u00e9l\u00e9v: \u00e1pol\u00f3 szakir\u00e1ny, hang-, besz\u00e9d \u00e9s nyel\u00e9sterapeuta szakir\u00e1ny, ment\u0151tiszt szakir\u00e1ny, sz\u00fcl\u00e9szn\u0151 szakir\u00e1ny, n\u00e9peg\u00e9szs\u00e9g\u00fcgyi ellen\u0151r szakir\u00e1ny, v\u00e9d\u0151n\u0151 szakir\u00e1ny, eg\u00e9szs\u00e9gturizmus szervez\u0151 specializ\u00e1ci\u00f3; 350.000 Ft\/f\u00e9l\u00e9v: sporteg\u00e9szs\u00e9g\u00fcgyi szervez\u0151 specializ\u00e1ci\u00f3; 400.000 Ft\/f\u00e9l\u00e9v: dietetikus szakir\u00e1ny, gy\u00f3gytorn\u00e1sz szakir\u00e1ny, optometria specializ\u00e1ci\u00f3, radiogr\u00e1fia specializ\u00e1ci\u00f3) angol nyelv\u0171 eg\u00e9szs\u00e9gturizmus-szervez\u0151 k\u00e9pz\u00e9s eset\u00e9n 220.000 Ft\/f\u00e9l\u00e9v idegen &hellip;<\/p>\n","protected":false},"author":101729,"featured_media":13445,"parent":128,"menu_order":0,"comment_status":"closed","ping_status":"closed","template":"","meta":{"_acf_changed":false,"footnotes":""},"categories":[49,57],"tags":[],"class_list":["post-132","page","type-page","status-publish","has-post-thumbnail","hentry","category-egond","category-kepzesek"],"acf":[],"_links":{"self":[{"href":"https:\/\/semmelweis.hu\/etk\/wp-json\/wp\/v2\/pages\/132","targetHints":{"allow":["GET"]}}],"collection":[{"href":"https:\/\/semmelweis.hu\/etk\/wp-json\/wp\/v2\/pages"}],"about":[{"href":"https:\/\/semmelweis.hu\/etk\/wp-json\/wp\/v2\/types\/page"}],"author":[{"embeddable":true,"href":"https:\/\/semmelweis.hu\/etk\/wp-json\/wp\/v2\/users\/101729"}],"replies":[{"embeddable":true,"href":"https:\/\/semmelweis.hu\/etk\/wp-json\/wp\/v2\/comments?post=132"}],"version-history":[{"count":10,"href":"https:\/\/semmelweis.hu\/etk\/wp-json\/wp\/v2\/pages\/132\/revisions"}],"predecessor-version":[{"id":14654,"href":"https:\/\/semmelweis.hu\/etk\/wp-json\/wp\/v2\/pages\/132\/revisions\/14654"}],"up":[{"embeddable":true,"href":"https:\/\/semmelweis.hu\/etk\/wp-json\/wp\/v2\/pages\/128"}],"wp:featuredmedia":[{"embeddable":true,"href":"https:\/\/semmelweis.hu\/etk\/wp-json\/wp\/v2\/media\/13445"}],"wp:attachment":[{"href":"https:\/\/semmelweis.hu\/etk\/wp-json\/wp\/v2\/media?parent=132"}],"wp:term":[{"taxonomy":"category","embeddable":true,"href":"https:\/\/semmelweis.hu\/etk\/wp-json\/wp\/v2\/categories?post=132"},{"taxonomy":"post_tag","embeddable":true,"href":"https:\/\/semmelweis.hu\/etk\/wp-json\/wp\/v2\/tags?post=132"}],"curies":[{"name":"wp","href":"https:\/\/api.w.org\/{rel}","templated":true}]}}