{"id":122,"date":"2023-08-01T00:22:56","date_gmt":"2023-07-31T22:22:56","guid":{"rendered":"http:\/\/semmelweis.hu\/etk\/?page_id=122"},"modified":"2023-12-14T15:52:46","modified_gmt":"2023-12-14T14:52:46","slug":"hang-beszed-es-nyelesterapeuta-szakirany","status":"publish","type":"page","link":"https:\/\/semmelweis.hu\/etk\/oktatas\/alapkepzesek-bsc\/apolas-es-betegellatas-szak\/hang-beszed-es-nyelesterapeuta-szakirany\/","title":{"rendered":"Hang-, besz\u00e9d- \u00e9s nyel\u00e9sterapeuta"},"content":{"rendered":"<h3>\u00c1pol\u00e1s \u00e9s betegell\u00e1t\u00e1s alapk\u00e9pz\u00e9si szak<\/h3>\n<h2>HANG-, BESZ\u00c9D- \u00c9S NYEL\u00c9STERAPEUTA SZAKIR\u00c1NY<\/h2>\n<div class=\"keretes w-100\">\n<h6><strong>Munkarend:<\/strong> nappali\u00a0<\/h6>\n<h6><strong>K\u00e9pz\u00e9si id\u0151: <\/strong>8 f\u00e9l\u00e9v, 240 kredit<\/h6>\n<\/div>\n<p><a href=\"#jelentkezes\">A felv\u00e9teli elj\u00e1r\u00e1ssal kapcsolatos b\u0151vebb inform\u00e1ci\u00f3k&#8230;<\/a><\/p>\n<h4><strong>Kiket v\u00e1runk a k\u00e9pz\u00e9sre?<\/strong><\/h4>\n<p style=\"text-align: justify\">Olyan tov\u00e1bbtanul\u00f3kat v\u00e1runk, akiket \u00e9rdekel az eg\u00e9szs\u00e9gtudom\u00e1ny, akik megszerzett tud\u00e1sukkal a hangk\u00e9pz\u00e9si zavarokban, besz\u00e9d- \u00e9s nyelvi, tov\u00e1bb\u00e1 nyel\u00e9si zavarokban szenved\u0151 szem\u00e9lyek kezel\u00e9s\u00e9t magas sz\u00ednvonalon k\u00e9pesek majd v\u00e9gezni az eg\u00e9szs\u00e9g\u00fcgy valamely ter\u00fclet\u00e9n. Ebben a szakm\u00e1ban fontos a j\u00f3 kommunik\u00e1ci\u00f3s k\u00e9pess\u00e9g, az emp\u00e1tia, a seg\u00edt\u0151k\u00e9szs\u00e9g \u00e9s a szoci\u00e1lis \u00e9rz\u00e9kenys\u00e9g.<\/p>\n<h4><strong>F\u0151bb szakmai ismeretk\u00f6r\u00f6k<\/strong><\/h4>\n<p style=\"text-align: justify\">A tananyag mag\u00e1ban foglalja az emberi szervezet fel\u00e9p\u00edt\u00e9s\u00e9t, m\u0171k\u00f6d\u00e9s\u00e9t, a hang- \u00e9s besz\u00e9dk\u00e9pz\u0151, a r\u00e1g\u00e1st \u00e9s nyel\u00e9st v\u00e9gz\u0151 szervek, szervrendszerek \u00e9lettan\u00e1nak, betegs\u00e9geinek ismereteit, a nyelvi k\u00e9pess\u00e9gek zavarait. Tartalmazza tov\u00e1bb\u00e1 a professzion\u00e1lis besz\u00e9d \u00e9s a hangk\u00e9pz\u00e9s m\u0171helytitkait, az ezzel kapcsolatos differenci\u00e1lt hall\u00e1st \u00e9s az optim\u00e1lis testmozg\u00e1st. A nagysz\u00e1m\u00fa gyakorlatot tartalmaz\u00f3 k\u00e9pz\u00e9s felk\u00e9sz\u00edt arra, hogy a v\u00e9gzett szakember k\u00e9pes legyen a fent le\u00edrt funkci\u00f3zavarokban \u00e9s betegs\u00e9gekben \u00e9rintett gyermekeket \u00e9s feln\u0151tteket kezelni, gy\u00f3gy\u00edtani.<\/p>\n<h4><strong>Tov\u00e1bbtanul\u00e1si lehet\u0151s\u00e9gek mesterszakon<\/strong><\/h4>\n<ul style=\"list-style-type: disc\">\n<li><a href=\"https:\/\/semmelweis.hu\/etk\/oktatas\/mesterkepzesek-msc\/egeszsegugyi-tanar-mesterkepzesi-szak\/\">Eg\u00e9szs\u00e9g\u00fcgyi tan\u00e1r<\/a><\/li>\n<li><a href=\"https:\/\/semmelweis.hu\/emk\/oktatas\/mesterkepzes\/msc-kepzes-felveteli-informaciok\/\" target=\"_blank\" rel=\"noopener\">Eg\u00e9szs\u00e9g\u00fcgyi menedzser<\/a><\/li>\n<\/ul>\n<h4><strong>Mit csin\u00e1l egy hang-, besz\u00e9d- \u00e9s nyel\u00e9sterapeuta?<\/strong><\/h4>\n<p style=\"text-align: justify\">Diagnosztikai \u00e9s ter\u00e1pi\u00e1s munk\u00e1t v\u00e9gez f\u00fcl-orr-g\u00e9g\u00e9szeti, foni\u00e1triai, neurol\u00f3giai, gyermekgy\u00f3gy\u00e1szati, geri\u00e1triai \u00e9s rehabilit\u00e1ci\u00f3s oszt\u00e1lyokon, illetve j\u00e1r\u00f3beteg-rendel\u00e9sen, egyes funkci\u00f3zavarok ell\u00e1t\u00e1s\u00e1t pedig ak\u00e1r mag\u00e1nrendel\u00e9sen is v\u00e9gezheti. Feladata a hangk\u00e9pz\u00e9s, az artikul\u00e1ci\u00f3, a besz\u00e9d- nyelvi k\u00e9pess\u00e9gek, a t\u00e1pl\u00e1l\u00e9kfelv\u00e9tel (r\u00e1g\u00e1s, nyel\u00e9s) funkcion\u00e1lis vizsg\u00e1lata \u00e9s ter\u00e1pi\u00e1ja. A k\u00e9pz\u00e9s a Nyugat-Eur\u00f3p\u00e1ban \u00e9s az Egyes\u00fclt \u00c1llamokban ismert speech, language and swallowing therapy, illetve az eg\u00e9szs\u00e9gtudom\u00e1nyi-klinikai logop\u00e9dia hazai megfelel\u0151je.<\/p>\n<h4><strong>Elhelyezked\u00e9si lehet\u0151s\u00e9gek<\/strong><\/h4>\n<p style=\"text-align: justify\">A p\u00e1lyakezd\u0151 hang-, besz\u00e9d- \u00e9s nyel\u00e9sterapeut\u00e1k munkaer\u0151piaci helyzete az eg\u00e9sz orsz\u00e1g ter\u00fclet\u00e9n v\u00e1rhat\u00f3an stabil, elhelyezked\u00e9si es\u00e9ly\u00fck nagyon j\u00f3, hiszen hi\u00e1nyszakm\u00e1r\u00f3l van sz\u00f3.<\/p>\n<h4><strong>Elhelyezkedhetnek:<\/strong><\/h4>\n<ul style=\"list-style-type: disc\">\n<li>k\u00f3rh\u00e1zakban, egyetemi klinik\u00e1kon,<\/li>\n<li>\u00e1pol\u00e1si int\u00e9zm\u00e9nyekben,<\/li>\n<li>id\u0151sek otthon\u00e1ban,<\/li>\n<li>rehabilit\u00e1ci\u00f3s k\u00f6zpontokban,<\/li>\n<li>hangk\u00e9pz\u00e9si \u00e9s besz\u00e9dter\u00e1pi\u00e1val, kommunik\u00e1ci\u00f3val foglalkoz\u00f3 egy\u00e9b int\u00e9zetekben, mag\u00e1nrendel\u0151kben.<a id=\"jelentkezes\"><\/a><\/li>\n<\/ul>\n            <div class=\"qae-faqs-container qae-faqs-toggle-container\">\n\t\t\t\t\t\t\t<ul class=\"qe-faqs-filters-container\">\n\t\t\t\t<li class=\"active\"><a class=\"qe-faqs-filter all-faqs\" href=\"#\" data-filter=\"*\">All<\/a><\/li>\n\t\t\t\t<li><a class=\"qe-faqs-filter\" href=\"#jelentkezes-alapkepzesek\" data-filter=\".jelentkezes-alapkepzesek\">Jelentkez\u00e9s - Alapk\u00e9pz\u00e9sek<\/a><\/li>\t\t\t<\/ul>\n\t\t\t\t\t<div id=\"qaef-14497\" class=\"qe-faq-toggle jelentkezes-alapkepzesek\">\n\t\t\t<div class=\"qe-toggle-title\">\n\t\t\t\t<h4>\n\t\t\t\t\t<i class=\"fa fa-minus-circle\"><\/i> Jelentkez\u00e9s alapk\u00e9pz\u00e9sre\t\t\t\t<\/h4>\n\t\t\t<\/div>\n\t\t\t<div class=\"qe-toggle-content\">\n\t\t\t\t<p><a href=\"https:\/\/www.felvi.hu\/felveteli\/jelentkezes\/mikor_es_mire\/Mikor_lehet_jelentkezni\"><strong>Hivatalos felv\u00e9teli menetrend (felvi.hu) \u2192<\/strong><\/a><\/p>\n<h4><strong>A jelentkez\u00e9s felt\u00e9tele:<\/strong><\/h4>\n<p>\u00c9retts\u00e9gi bizony\u00edtv\u00e1ny<\/p>\n<h4><strong>Finansz\u00edroz\u00e1si forma: <\/strong><\/h4>\n<ul>\n<li>\u00e1llami \u00f6szt\u00f6nd\u00edjjal t\u00e1mogatott<\/li>\n<li>\u00f6nk\u00f6lts\u00e9ges (300.000 Ft\/f\u00e9l\u00e9v: \u00e1pol\u00f3 szakir\u00e1ny, hang-, besz\u00e9d \u00e9s nyel\u00e9sterapeuta szakir\u00e1ny, ment\u0151tiszt szakir\u00e1ny, sz\u00fcl\u00e9szn\u0151 szakir\u00e1ny, n\u00e9peg\u00e9szs\u00e9g\u00fcgyi ellen\u0151r szakir\u00e1ny, v\u00e9d\u0151n\u0151 szakir\u00e1ny, eg\u00e9szs\u00e9gturizmus szervez\u0151 specializ\u00e1ci\u00f3; 350.000 Ft\/f\u00e9l\u00e9v: sporteg\u00e9szs\u00e9g\u00fcgyi szervez\u0151 specializ\u00e1ci\u00f3; 400.000 Ft\/f\u00e9l\u00e9v: dietetikus szakir\u00e1ny, gy\u00f3gytorn\u00e1sz szakir\u00e1ny, optometria specializ\u00e1ci\u00f3, radiogr\u00e1fia specializ\u00e1ci\u00f3)<\/li>\n<li>angol nyelv\u0171 eg\u00e9szs\u00e9gturizmus-szervez\u0151 k\u00e9pz\u00e9s eset\u00e9n 220.000 Ft\/f\u00e9l\u00e9v idegen nyelvi hozz\u00e1j\u00e1rul\u00e1s fizetend\u0151 finansz\u00edroz\u00e1si form\u00e1t\u00f3l f\u00fcggetlen\u00fcl<\/li>\n<\/ul>\n<h4><strong>Jelentkez\u00e9si hat\u00e1rid\u0151:<\/strong><\/h4>\n<ul>\n<li>2026. szeptemberi kezd\u00e9ssel hirdetett k\u00e9pz\u00e9s eset\u00e9n: 2026. febru\u00e1r 15.<\/li>\n<\/ul>\n<h4><strong>Jelentkez\u00e9s m\u00f3dja:<\/strong><\/h4>\n<p>Kiz\u00e1r\u00f3lag elektronikusan jelentkezhetsz a <a href=\"http:\/\/www.felvi.hu\">www.felvi.hu<\/a> honlapon az E-felv\u00e9teli szolg\u00e1ltat\u00e1son kereszt\u00fcl regisztr\u00e1ci\u00f3 ut\u00e1n.<\/p>\n<h4><strong>Megjel\u00f6lt helyek sz\u00e1ma:<\/strong><\/h4>\n<p>Legfeljebb hat helyet jel\u00f6lhetsz meg. Egy jelentkez\u00e9si helynek sz\u00e1m\u00edt, ha a jelentkez\u00e9si hely csak a finansz\u00edroz\u00e1si (\u00e1llami \u00f6szt\u00f6nd\u00edjas, \u00f6nk\u00f6lts\u00e9ges) form\u00e1ban t\u00e9r el.<\/p>\n<h4><strong>D\u00edjak:<\/strong><\/h4>\n<p>H\u00e1rom k\u00e9pz\u00e9s megjel\u00f6l\u00e9se d\u00edjmentes, minden tov\u00e1bbi\u00e9rt 2000-2000 Ft kieg\u00e9sz\u00edt\u0151 d\u00edjat kell fizetni.<\/p>\n<h4><strong>Dokumentumok felt\u00f6lt\u00e9se:<\/strong><\/h4>\n<p>Fel kell t\u00f6lteni azokat a dokumentumokat, melyek a jelentkez\u00e9skor m\u00e1r rendelkez\u00e9sedre \u00e1llnak, a k\u00e9s\u0151bb k\u00e9zhez kapottakat pedig 2026. j\u00falius 07-ig. Az eredeti dokumentumokat a fels\u0151oktat\u00e1si int\u00e9zm\u00e9nyben a beiratkoz\u00e1s alkalm\u00e1val kell bemutatnod, amely a hallgat\u00f3i jogviszony l\u00e9tes\u00edt\u00e9s\u00e9nek is a felt\u00e9tele.<\/p>\n<h4><strong>\u00c9rv\u00e9nyes a jelentkez\u00e9s:<\/strong><\/h4>\n<p>Ha az E-felv\u00e9teliben ny\u00fajtod be \u00e9s a jelentkez\u00e9si \u0171rlapot hiteles\u00edted 2026. febru\u00e1r 15-ig \u00fcgyf\u00e9lkapun kereszt\u00fcl.<\/p>\n<h4><strong>Fontos!<\/strong><\/h4>\n<p>Az eg\u00e9sz felv\u00e9teli elj\u00e1r\u00e1s sor\u00e1n rendszeresen figyeld a megadott e-mail fi\u00f3kodat \u00e9s az E-felv\u00e9teli fel\u00fcletet.<\/p>\n\t\t\t<\/div>\n\t\t<\/div>\n\t\t            <\/div>\n\t\t\n<hr style=\"border-top: 1px solid white\" \/>\n<p><img loading=\"lazy\" decoding=\"async\" class=\"alignleft wp-image-13252 size-large\" src=\"https:\/\/semmelweis.hu\/etk\/files\/2023\/08\/nyelbsc-1024x683.jpg\" alt=\"\" width=\"753\" height=\"502\" srcset=\"https:\/\/semmelweis.hu\/etk\/files\/2023\/08\/nyelbsc-1024x683.jpg 1024w, https:\/\/semmelweis.hu\/etk\/files\/2023\/08\/nyelbsc-400x267.jpg 400w, https:\/\/semmelweis.hu\/etk\/files\/2023\/08\/nyelbsc-768x512.jpg 768w, https:\/\/semmelweis.hu\/etk\/files\/2023\/08\/nyelbsc-1536x1024.jpg 1536w, https:\/\/semmelweis.hu\/etk\/files\/2023\/08\/nyelbsc-2048x1365.jpg 2048w, https:\/\/semmelweis.hu\/etk\/files\/2023\/08\/nyelbsc-753x502.jpg 753w, https:\/\/semmelweis.hu\/etk\/files\/2023\/08\/nyelbsc-203x135.jpg 203w\" sizes=\"auto, (max-width: 753px) 100vw, 753px\" \/><\/p>\n","protected":false},"excerpt":{"rendered":"<p><a href=\"https:\/\/www.felvi.hu\/felveteli\/jelentkezes\/mikor_es_mire\/Mikor_lehet_jelentkezni\">Hivatalos felv\u00e9teli menetrend (felvi.hu) \u2192<\/a> A jelentkez\u00e9s felt\u00e9tele: \u00c9retts\u00e9gi bizony\u00edtv\u00e1ny Finansz\u00edroz\u00e1si forma: \u00e1llami \u00f6szt\u00f6nd\u00edjjal t\u00e1mogatott \u00f6nk\u00f6lts\u00e9ges (300.000 Ft\/f\u00e9l\u00e9v: \u00e1pol\u00f3 szakir\u00e1ny, hang-, besz\u00e9d \u00e9s nyel\u00e9sterapeuta szakir\u00e1ny, ment\u0151tiszt szakir\u00e1ny, sz\u00fcl\u00e9szn\u0151 szakir\u00e1ny, n\u00e9peg\u00e9szs\u00e9g\u00fcgyi ellen\u0151r szakir\u00e1ny, v\u00e9d\u0151n\u0151 szakir\u00e1ny, eg\u00e9szs\u00e9gturizmus szervez\u0151 specializ\u00e1ci\u00f3; 350.000 Ft\/f\u00e9l\u00e9v: sporteg\u00e9szs\u00e9g\u00fcgyi szervez\u0151 specializ\u00e1ci\u00f3; 400.000 Ft\/f\u00e9l\u00e9v: dietetikus szakir\u00e1ny, gy\u00f3gytorn\u00e1sz szakir\u00e1ny, optometria specializ\u00e1ci\u00f3, radiogr\u00e1fia specializ\u00e1ci\u00f3) angol nyelv\u0171 eg\u00e9szs\u00e9gturizmus-szervez\u0151 k\u00e9pz\u00e9s eset\u00e9n 220.000 Ft\/f\u00e9l\u00e9v idegen &hellip;<\/p>\n","protected":false},"author":101729,"featured_media":13252,"parent":114,"menu_order":0,"comment_status":"closed","ping_status":"closed","template":"","meta":{"_acf_changed":false,"footnotes":""},"categories":[47,57],"tags":[],"class_list":["post-122","page","type-page","status-publish","has-post-thumbnail","hentry","category-apolas","category-kepzesek"],"acf":[],"_links":{"self":[{"href":"https:\/\/semmelweis.hu\/etk\/wp-json\/wp\/v2\/pages\/122","targetHints":{"allow":["GET"]}}],"collection":[{"href":"https:\/\/semmelweis.hu\/etk\/wp-json\/wp\/v2\/pages"}],"about":[{"href":"https:\/\/semmelweis.hu\/etk\/wp-json\/wp\/v2\/types\/page"}],"author":[{"embeddable":true,"href":"https:\/\/semmelweis.hu\/etk\/wp-json\/wp\/v2\/users\/101729"}],"replies":[{"embeddable":true,"href":"https:\/\/semmelweis.hu\/etk\/wp-json\/wp\/v2\/comments?post=122"}],"version-history":[{"count":11,"href":"https:\/\/semmelweis.hu\/etk\/wp-json\/wp\/v2\/pages\/122\/revisions"}],"predecessor-version":[{"id":14650,"href":"https:\/\/semmelweis.hu\/etk\/wp-json\/wp\/v2\/pages\/122\/revisions\/14650"}],"up":[{"embeddable":true,"href":"https:\/\/semmelweis.hu\/etk\/wp-json\/wp\/v2\/pages\/114"}],"wp:featuredmedia":[{"embeddable":true,"href":"https:\/\/semmelweis.hu\/etk\/wp-json\/wp\/v2\/media\/13252"}],"wp:attachment":[{"href":"https:\/\/semmelweis.hu\/etk\/wp-json\/wp\/v2\/media?parent=122"}],"wp:term":[{"taxonomy":"category","embeddable":true,"href":"https:\/\/semmelweis.hu\/etk\/wp-json\/wp\/v2\/categories?post=122"},{"taxonomy":"post_tag","embeddable":true,"href":"https:\/\/semmelweis.hu\/etk\/wp-json\/wp\/v2\/tags?post=122"}],"curies":[{"name":"wp","href":"https:\/\/api.w.org\/{rel}","templated":true}]}}