{"id":120,"date":"2023-08-01T00:27:27","date_gmt":"2023-07-31T22:27:27","guid":{"rendered":"http:\/\/semmelweis.hu\/etk\/?page_id=120"},"modified":"2023-12-14T15:51:54","modified_gmt":"2023-12-14T14:51:54","slug":"gyogytornasz-szakirany","status":"publish","type":"page","link":"https:\/\/semmelweis.hu\/etk\/oktatas\/alapkepzesek-bsc\/apolas-es-betegellatas-szak\/gyogytornasz-szakirany\/","title":{"rendered":"Gy\u00f3gytorn\u00e1sz"},"content":{"rendered":"<h3>\u00c1pol\u00e1s \u00e9s betegell\u00e1t\u00e1s alapk\u00e9pz\u00e9si szak<\/h3>\n<h2>GY\u00d3GYTORN\u00c1SZ SZAKIR\u00c1NY<\/h2>\n<div class=\"keretes w-100\">\n<h6><strong>Munkarend:<\/strong> nappali\u00a0<\/h6>\n<h6><strong>K\u00e9pz\u00e9si id\u0151: <\/strong>8 f\u00e9l\u00e9v, 240 kredit<\/h6>\n<\/div>\n<p><a href=\"#jelentkezes\">A felv\u00e9teli elj\u00e1r\u00e1ssal kapcsolatos b\u0151vebb inform\u00e1ci\u00f3k&#8230;<\/a><\/p>\n<h4><strong>Kiket v\u00e1runk a k\u00e9pz\u00e9sre?<\/strong><\/h4>\n<p style=\"text-align: justify\">Olyan tov\u00e1bbtanul\u00f3kat, akik \u00e9rdekl\u0151dnek a term\u00e9szet- \u00e9s t\u00e1rsadalomtudom\u00e1nyok ir\u00e1nt \u00e9s szeretn\u00e9nek mozg\u00e1ster\u00e1pi\u00e1val gy\u00f3gy\u00edtani. El\u0151ny\u00f6s, ha k\u00f6nnyen teremtenek kapcsolatot m\u00e1sokkal, fontosnak tartj\u00e1k az eg\u00e9szs\u00e9ges \u00e9letm\u00f3dot \u00e9s err\u0151l m\u00e1sokat is k\u00e9pesek meggy\u0151zni, rendszeresen mozognak, sportolnak, harm\u00f3ni\u00e1ban \u00e9lnek \u00f6nmagukkal. Ebben a szakm\u00e1ban fontos a kitart\u00e1s, a pozit\u00edv elfogad\u00e1s, az alkalmazkod\u00f3 k\u00e9szs\u00e9g, emp\u00e1tia, a m\u00e1ss\u00e1g tisztelete, a t\u00fcrelmes, tapintatos seg\u00edts\u00e9gny\u00fajt\u00e1s k\u00e9pess\u00e9ge.<\/p>\n<h4><strong>F\u0151bb szakmai ismeretk\u00f6r\u00f6k<\/strong><\/h4>\n<p style=\"text-align: justify\">Mozg\u00e1srendszer funkcion\u00e1lis elemz\u00e9se \u00e9s vizsg\u00e1lata, alapoz\u00f3 testk\u00e9pz\u0151 gimnasztika, radiol\u00f3gia \u00e9s k\u00e9palkot\u00f3 elj\u00e1r\u00e1sok, biomechanika, manu\u00e1lis technik\u00e1k, elektro\u00ad, balneo\u00ad, hydro\u00ad, klimatoter\u00e1pia, alkalmazott edz\u00e9sm\u00f3dszertan, kardiorespirat\u00f3rikus fizioter\u00e1pia, belgy\u00f3gy\u00e1szati fizioter\u00e1pia, ortop\u00e9diai fizioter\u00e1pia, traumatol\u00f3giai fizioter\u00e1pia, reumatol\u00f3giai fizioter\u00e1pia, neuropszichi\u00e1triai fizioter\u00e1pia, komplex rehabilit\u00e1ci\u00f3, \u00e9letkorok fizioter\u00e1pi\u00e1ja, speci\u00e1lis \u00e9lethelyzetek fizioter\u00e1pi\u00e1ja, szimul\u00e1ci\u00f3s esettanulm\u00e1nyok.<\/p>\n<h4><strong>Tov\u00e1bbtanul\u00e1si lehet\u0151s\u00e9gek mesterszakon<\/strong><\/h4>\n<ul style=\"list-style-type: disc\">\n<li><a href=\"https:\/\/semmelweis.hu\/etk\/oktatas\/mesterkepzesek-msc\/fizioterapia-mesterkepzesi-szak\/\">Fizioter\u00e1pia<\/a><\/li>\n<li>Hum\u00e1nkineziol\u00f3gia<\/li>\n<li>Komplex rehabilit\u00e1ci\u00f3<\/li>\n<li>Rekre\u00e1ci\u00f3<\/li>\n<li>Eg\u00e9szs\u00e9g\u00fcgyi szoci\u00e1lis munka<\/li>\n<li>Eg\u00e9szs\u00e9g\u00fcgyi menedzser<\/li>\n<li>Eg\u00e9szs\u00e9gpolitika, tervez\u00e9s \u00e9s finansz\u00edroz\u00e1s<\/li>\n<li><a href=\"https:\/\/semmelweis.hu\/etk\/oktatas\/mesterkepzesek-msc\/egeszsegugyi-tanar-mesterkepzesi-szak\/\">Eg\u00e9szs\u00e9g\u00fcgyi tan\u00e1r<\/a><\/li>\n<\/ul>\n<h4><strong>Mit csin\u00e1l egy gy\u00f3gytorn\u00e1sz?<\/strong><\/h4>\n<p style=\"text-align: justify\">Els\u0151sorban mozg\u00e1ster\u00e1pi\u00e1val \u00e9s manu\u00e1lis technik\u00e1kkal kezeli a mozg\u00e1sszervi, belgy\u00f3gy\u00e1szati, neurol\u00f3giai, pszichi\u00e1triai, valamint sz\u00fcl\u00e9szeti\u00ad n\u0151gy\u00f3gy\u00e1szati betegs\u00e9gekben szenved\u0151 k\u00fcl\u00f6nb\u00f6z\u0151 \u00e9letkor\u00fa embereket. \u00d6n\u00e1ll\u00f3 fizioter\u00e1piai vizsg\u00e1lat alapj\u00e1n m\u00e9ri fel a beteg \u00e9s a mozg\u00e1sk\u00e1rosodott emberek \u00e1llapot\u00e1t, fizikai k\u00e9pess\u00e9geit. A gy\u00f3gy\u00edt\u00e1s \u00e9s rehabilit\u00e1ci\u00f3 \u00e9rdek\u00e9ben vagy az eg\u00e9szs\u00e9gk\u00e1rosod\u00e1s kialakul\u00e1s\u00e1nak megel\u0151z\u00e9s\u00e9re \u2013 mozg\u00e1ster\u00e1pi\u00e1t dolgoz ki, elektroter\u00e1pi\u00e1s kezel\u00e9seket, ultrahang kezel\u00e9seket, k\u00fcl\u00f6nb\u00f6z\u0151 manu\u00e1lis \u00e9s massz\u00e1zskezel\u00e9seket, tov\u00e1bb\u00e1 a ter\u00e1pi\u00e1t seg\u00edt\u0151 \u00e9s gy\u00f3gy\u00e1szati seg\u00e9deszk\u00f6z\u00f6ket alkalmaz. Egy\u00fcttm\u0171k\u00f6dik az eg\u00e9szs\u00e9g\u00fcgyben, az oktat\u00e1sban, az eg\u00e9szs\u00e9gturizmusban \u00e9s a sportban dolgoz\u00f3 szakemberekkel. Sz\u0171r\u0151vizsg\u00e1latokat szervez \u00e9s szakter\u00fclet\u00e9re vonatkoz\u00f3an tan\u00e1csad\u00e1st v\u00e9gez \u00e9s eg\u00e9szs\u00e9gtervet k\u00e9sz\u00edt.<\/p>\n<h4><strong>Elhelyezked\u00e9si lehet\u0151s\u00e9gek<\/strong><\/h4>\n<ul style=\"list-style-type: disc\">\n<li>k\u00f3rh\u00e1zakban, klinik\u00e1kon (intenz\u00edv ell\u00e1t\u00e1sban, akut \u00e9s szubakut r\u00e9szlegeken),<\/li>\n<li>ambul\u00e1ns rendel\u0151kben \u00e9s klinik\u00e1kon,<\/li>\n<li>rehabilit\u00e1ci\u00f3s centrumokban,<\/li>\n<li>\u00e1pol\u00e1si \u00e9s szoci\u00e1lis int\u00e9zm\u00e9nyekben,<\/li>\n<li>az otthoni ell\u00e1t\u00e1s ter\u00fclet\u00e9n \u00e9s a hospice ell\u00e1t\u00e1sban,<\/li>\n<li>speci\u00e1lis oktat\u00e1si \u00e9s nevel\u00e9si int\u00e9zm\u00e9nyekben,<\/li>\n<li>munkahelyi \u00e9s eg\u00e9szs\u00e9g\u00fcgyi centrumokban,<\/li>\n<li>eg\u00e9szs\u00e9gturizmussal foglalkoz\u00f3 int\u00e9zm\u00e9nyekben,<\/li>\n<li>sz\u00e1llod\u00e1kban a medical wellness r\u00e9szlegekben,<\/li>\n<li>sportcentrumokban,<\/li>\n<li>gy\u00f3gy\u00e1szati seg\u00e9deszk\u00f6z\u00f6ket gy\u00e1rt\u00f3 \u00e9s forgalmaz\u00f3 c\u00e9gekn\u00e9l.<a id=\"jelentkezes\"><\/a><\/li>\n<\/ul>\n            <div class=\"qae-faqs-container qae-faqs-toggle-container\">\n\t\t\t\t\t\t\t<ul class=\"qe-faqs-filters-container\">\n\t\t\t\t<li class=\"active\"><a class=\"qe-faqs-filter all-faqs\" href=\"#\" data-filter=\"*\">All<\/a><\/li>\n\t\t\t\t<li><a class=\"qe-faqs-filter\" href=\"#jelentkezes-alapkepzesek\" data-filter=\".jelentkezes-alapkepzesek\">Jelentkez\u00e9s - Alapk\u00e9pz\u00e9sek<\/a><\/li>\t\t\t<\/ul>\n\t\t\t\t\t<div id=\"qaef-14497\" class=\"qe-faq-toggle jelentkezes-alapkepzesek\">\n\t\t\t<div class=\"qe-toggle-title\">\n\t\t\t\t<h4>\n\t\t\t\t\t<i class=\"fa fa-minus-circle\"><\/i> Jelentkez\u00e9s alapk\u00e9pz\u00e9sre\t\t\t\t<\/h4>\n\t\t\t<\/div>\n\t\t\t<div class=\"qe-toggle-content\">\n\t\t\t\t<p><a href=\"https:\/\/www.felvi.hu\/felveteli\/jelentkezes\/mikor_es_mire\/Mikor_lehet_jelentkezni\"><strong>Hivatalos felv\u00e9teli menetrend (felvi.hu) \u2192<\/strong><\/a><\/p>\n<h4><strong>A jelentkez\u00e9s felt\u00e9tele:<\/strong><\/h4>\n<p>\u00c9retts\u00e9gi bizony\u00edtv\u00e1ny<\/p>\n<h4><strong>Finansz\u00edroz\u00e1si forma: <\/strong><\/h4>\n<ul>\n<li>\u00e1llami \u00f6szt\u00f6nd\u00edjjal t\u00e1mogatott<\/li>\n<li>\u00f6nk\u00f6lts\u00e9ges (300.000 Ft\/f\u00e9l\u00e9v: \u00e1pol\u00f3 szakir\u00e1ny, hang-, besz\u00e9d \u00e9s nyel\u00e9sterapeuta szakir\u00e1ny, ment\u0151tiszt szakir\u00e1ny, sz\u00fcl\u00e9szn\u0151 szakir\u00e1ny, n\u00e9peg\u00e9szs\u00e9g\u00fcgyi ellen\u0151r szakir\u00e1ny, v\u00e9d\u0151n\u0151 szakir\u00e1ny, eg\u00e9szs\u00e9gturizmus szervez\u0151 specializ\u00e1ci\u00f3; 350.000 Ft\/f\u00e9l\u00e9v: sporteg\u00e9szs\u00e9g\u00fcgyi szervez\u0151 specializ\u00e1ci\u00f3; 400.000 Ft\/f\u00e9l\u00e9v: dietetikus szakir\u00e1ny, gy\u00f3gytorn\u00e1sz szakir\u00e1ny, optometria specializ\u00e1ci\u00f3, radiogr\u00e1fia specializ\u00e1ci\u00f3)<\/li>\n<li>angol nyelv\u0171 eg\u00e9szs\u00e9gturizmus-szervez\u0151 k\u00e9pz\u00e9s eset\u00e9n 220.000 Ft\/f\u00e9l\u00e9v idegen nyelvi hozz\u00e1j\u00e1rul\u00e1s fizetend\u0151 finansz\u00edroz\u00e1si form\u00e1t\u00f3l f\u00fcggetlen\u00fcl<\/li>\n<\/ul>\n<h4><strong>Jelentkez\u00e9si hat\u00e1rid\u0151:<\/strong><\/h4>\n<ul>\n<li>2026. szeptemberi kezd\u00e9ssel hirdetett k\u00e9pz\u00e9s eset\u00e9n: 2026. febru\u00e1r 15.<\/li>\n<\/ul>\n<h4><strong>Jelentkez\u00e9s m\u00f3dja:<\/strong><\/h4>\n<p>Kiz\u00e1r\u00f3lag elektronikusan jelentkezhetsz a <a href=\"http:\/\/www.felvi.hu\">www.felvi.hu<\/a> honlapon az E-felv\u00e9teli szolg\u00e1ltat\u00e1son kereszt\u00fcl regisztr\u00e1ci\u00f3 ut\u00e1n.<\/p>\n<h4><strong>Megjel\u00f6lt helyek sz\u00e1ma:<\/strong><\/h4>\n<p>Legfeljebb hat helyet jel\u00f6lhetsz meg. Egy jelentkez\u00e9si helynek sz\u00e1m\u00edt, ha a jelentkez\u00e9si hely csak a finansz\u00edroz\u00e1si (\u00e1llami \u00f6szt\u00f6nd\u00edjas, \u00f6nk\u00f6lts\u00e9ges) form\u00e1ban t\u00e9r el.<\/p>\n<h4><strong>D\u00edjak:<\/strong><\/h4>\n<p>H\u00e1rom k\u00e9pz\u00e9s megjel\u00f6l\u00e9se d\u00edjmentes, minden tov\u00e1bbi\u00e9rt 2000-2000 Ft kieg\u00e9sz\u00edt\u0151 d\u00edjat kell fizetni.<\/p>\n<h4><strong>Dokumentumok felt\u00f6lt\u00e9se:<\/strong><\/h4>\n<p>Fel kell t\u00f6lteni azokat a dokumentumokat, melyek a jelentkez\u00e9skor m\u00e1r rendelkez\u00e9sedre \u00e1llnak, a k\u00e9s\u0151bb k\u00e9zhez kapottakat pedig 2026. j\u00falius 07-ig. Az eredeti dokumentumokat a fels\u0151oktat\u00e1si int\u00e9zm\u00e9nyben a beiratkoz\u00e1s alkalm\u00e1val kell bemutatnod, amely a hallgat\u00f3i jogviszony l\u00e9tes\u00edt\u00e9s\u00e9nek is a felt\u00e9tele.<\/p>\n<h4><strong>\u00c9rv\u00e9nyes a jelentkez\u00e9s:<\/strong><\/h4>\n<p>Ha az E-felv\u00e9teliben ny\u00fajtod be \u00e9s a jelentkez\u00e9si \u0171rlapot hiteles\u00edted 2026. febru\u00e1r 15-ig \u00fcgyf\u00e9lkapun kereszt\u00fcl.<\/p>\n<h4><strong>Fontos!<\/strong><\/h4>\n<p>Az eg\u00e9sz felv\u00e9teli elj\u00e1r\u00e1s sor\u00e1n rendszeresen figyeld a megadott e-mail fi\u00f3kodat \u00e9s az E-felv\u00e9teli fel\u00fcletet.<\/p>\n\t\t\t<\/div>\n\t\t<\/div>\n\t\t            <\/div>\n\t\t\n<hr style=\"border-top: 1px solid white\" \/>\n\r\n        [slb_exclude]\r\n        <div class=\"row galeria-wrapper mx-0 h-auto\">\r\n            <div class=\"col-9 pl-0 pr-2\">\r\n            <span class=\"gallery-item frame\">\r\n\t\t\t\t<div class=\"galeria-left-img\"><a href=\"https:\/\/semmelweis.hu\/etk\/files\/2023\/08\/RS33637_KA-20150521-IMG_1996-etk-scr.jpg\"><img src=https:\/\/semmelweis.hu\/etk\/files\/2023\/08\/RS33637_KA-20150521-IMG_1996-etk-scr.jpg  \r\n                            alt=\"\" \r\n                            class=\"attachment-sote-gallery-big size-sote-gallery-big\" \r\n                            srcset=\"https:\/\/semmelweis.hu\/etk\/files\/2023\/08\/RS33637_KA-20150521-IMG_1996-etk-scr-400x267.jpg 400w, https:\/\/semmelweis.hu\/etk\/files\/2023\/08\/RS33637_KA-20150521-IMG_1996-etk-scr-768x512.jpg 768w, https:\/\/semmelweis.hu\/etk\/files\/2023\/08\/RS33637_KA-20150521-IMG_1996-etk-scr-753x502.jpg 753w, https:\/\/semmelweis.hu\/etk\/files\/2023\/08\/RS33637_KA-20150521-IMG_1996-etk-scr-203x135.jpg 203w, https:\/\/semmelweis.hu\/etk\/files\/2023\/08\/RS33637_KA-20150521-IMG_1996-etk-scr.jpg 950w\" ><\/a><\/div>\r\n            <\/span>\r\n\r\n            <\/div>\r\n\r\n\t\t\t<div class=\"col-3 pl-0 pr-0\">\r\n\t\t\t\t<div class=\"galeria-right-img d-flex justify-content-between flex-column h-100 w-100 px-0 mx-0 \">\r\n                <div class=\"galeria-box\">\r\n\t\t\t\t\t<h3 class=\"galeria-title\">Gal\u00e9ria<\/h3>\r\n\t\t\t\t\t<div class=\"galeria-subtitle\">\r\n\r\n\t\t\t\t\t\t<div class=\"galeria-page-counter\"><span>10<\/span>k\u00e9p<\/div>\r\n                    <\/div> <\/div>\r\n                    <span class=\"gallery-item frame d-none d-md-flex\">\r\n\t\t\t\t\t<div class=\"galeria-small-img mt-0\"><a href=\"https:\/\/semmelweis.hu\/etk\/files\/2023\/08\/RS33639_KA-20150521-IMG_1985-etk-scr.jpg\"><img src=https:\/\/semmelweis.hu\/etk\/files\/2023\/08\/RS33639_KA-20150521-IMG_1985-etk-scr.jpg \r\n                                alt=\"\"  \r\n                                class=\"attachment-sote-gallery-small size-sote-gallery-small\" \r\n                                srcset=\"https:\/\/semmelweis.hu\/etk\/files\/2023\/08\/RS33639_KA-20150521-IMG_1985-etk-scr-400x267.jpg 400w, https:\/\/semmelweis.hu\/etk\/files\/2023\/08\/RS33639_KA-20150521-IMG_1985-etk-scr-768x512.jpg 768w, https:\/\/semmelweis.hu\/etk\/files\/2023\/08\/RS33639_KA-20150521-IMG_1985-etk-scr-753x502.jpg 753w, https:\/\/semmelweis.hu\/etk\/files\/2023\/08\/RS33639_KA-20150521-IMG_1985-etk-scr-203x135.jpg 203w, https:\/\/semmelweis.hu\/etk\/files\/2023\/08\/RS33639_KA-20150521-IMG_1985-etk-scr.jpg 950w\" ><\/a><\/div>\r\n                    <\/span>\r\n                    <span class=\"gallery-item frame d-none d-md-flex\">\r\n\t\t\t\t\t<div class=\"galeria-small-img mt-0\"><a href=\"https:\/\/semmelweis.hu\/etk\/files\/2023\/08\/RS33650_KA-20150521-IMG_1931-etk-scr.jpg\"><img src=https:\/\/semmelweis.hu\/etk\/files\/2023\/08\/RS33650_KA-20150521-IMG_1931-etk-scr.jpg \r\n                                alt=\"\" \r\n                                class=\"attachment-sote-gallery-small size-sote-gallery-small\" \r\n                                srcset=\"https:\/\/semmelweis.hu\/etk\/files\/2023\/08\/RS33650_KA-20150521-IMG_1931-etk-scr-400x267.jpg 400w, https:\/\/semmelweis.hu\/etk\/files\/2023\/08\/RS33650_KA-20150521-IMG_1931-etk-scr-768x512.jpg 768w, https:\/\/semmelweis.hu\/etk\/files\/2023\/08\/RS33650_KA-20150521-IMG_1931-etk-scr-753x502.jpg 753w, https:\/\/semmelweis.hu\/etk\/files\/2023\/08\/RS33650_KA-20150521-IMG_1931-etk-scr-203x135.jpg 203w, https:\/\/semmelweis.hu\/etk\/files\/2023\/08\/RS33650_KA-20150521-IMG_1931-etk-scr.jpg 950w\" ><\/a><\/div>\r\n                    <\/span>\r\n\r\n                <\/div>\r\n\r\n            <\/div>\r\n\r\n            <span class=\"gallery-item\"><div class=\"hidden\"><a href=\"https:\/\/semmelweis.hu\/etk\/files\/2023\/08\/RS33652_KA-20150521-IMG_1926-etk-scr.jpg\">\r\n        <img src=https:\/\/semmelweis.hu\/etk\/files\/2023\/08\/RS33652_KA-20150521-IMG_1926-etk-scr.jpg alt=\"\" class=\"attachment-sote-gallery-big size-sote-gallery-big\" srcset=\"https:\/\/semmelweis.hu\/etk\/files\/2023\/08\/RS33652_KA-20150521-IMG_1926-etk-scr-400x267.jpg 400w, https:\/\/semmelweis.hu\/etk\/files\/2023\/08\/RS33652_KA-20150521-IMG_1926-etk-scr-768x512.jpg 768w, https:\/\/semmelweis.hu\/etk\/files\/2023\/08\/RS33652_KA-20150521-IMG_1926-etk-scr-753x502.jpg 753w, https:\/\/semmelweis.hu\/etk\/files\/2023\/08\/RS33652_KA-20150521-IMG_1926-etk-scr-203x135.jpg 203w, https:\/\/semmelweis.hu\/etk\/files\/2023\/08\/RS33652_KA-20150521-IMG_1926-etk-scr.jpg 950w\" >\r\n        <\/a><\/div><\/span><span class=\"gallery-item\"><div class=\"hidden\"><a href=\"https:\/\/semmelweis.hu\/etk\/files\/2023\/08\/RS62787_ka-20170602-IMG_5430-scr.jpg\">\r\n        <img src=https:\/\/semmelweis.hu\/etk\/files\/2023\/08\/RS62787_ka-20170602-IMG_5430-scr.jpg alt=\"\" class=\"attachment-sote-gallery-big size-sote-gallery-big\" srcset=\"https:\/\/semmelweis.hu\/etk\/files\/2023\/08\/RS62787_ka-20170602-IMG_5430-scr-400x267.jpg 400w, https:\/\/semmelweis.hu\/etk\/files\/2023\/08\/RS62787_ka-20170602-IMG_5430-scr-768x512.jpg 768w, https:\/\/semmelweis.hu\/etk\/files\/2023\/08\/RS62787_ka-20170602-IMG_5430-scr-753x502.jpg 753w, https:\/\/semmelweis.hu\/etk\/files\/2023\/08\/RS62787_ka-20170602-IMG_5430-scr-203x135.jpg 203w, https:\/\/semmelweis.hu\/etk\/files\/2023\/08\/RS62787_ka-20170602-IMG_5430-scr.jpg 950w\" >\r\n        <\/a><\/div><\/span><span class=\"gallery-item\"><div class=\"hidden\"><a href=\"https:\/\/semmelweis.hu\/etk\/files\/2023\/08\/RS32379_KA-20150624-IMG_3730-scr.jpg\">\r\n        <img src=https:\/\/semmelweis.hu\/etk\/files\/2023\/08\/RS32379_KA-20150624-IMG_3730-scr.jpg alt=\"\" class=\"attachment-sote-gallery-big size-sote-gallery-big\" srcset=\"https:\/\/semmelweis.hu\/etk\/files\/2023\/08\/RS32379_KA-20150624-IMG_3730-scr-400x267.jpg 400w, https:\/\/semmelweis.hu\/etk\/files\/2023\/08\/RS32379_KA-20150624-IMG_3730-scr-768x512.jpg 768w, https:\/\/semmelweis.hu\/etk\/files\/2023\/08\/RS32379_KA-20150624-IMG_3730-scr-753x502.jpg 753w, https:\/\/semmelweis.hu\/etk\/files\/2023\/08\/RS32379_KA-20150624-IMG_3730-scr-203x135.jpg 203w, https:\/\/semmelweis.hu\/etk\/files\/2023\/08\/RS32379_KA-20150624-IMG_3730-scr.jpg 950w\" >\r\n        <\/a><\/div><\/span><span class=\"gallery-item\"><div class=\"hidden\"><a href=\"https:\/\/semmelweis.hu\/etk\/files\/2023\/08\/RS32383_KA-20150624-IMG_3737-scr.jpg\">\r\n        <img src=https:\/\/semmelweis.hu\/etk\/files\/2023\/08\/RS32383_KA-20150624-IMG_3737-scr.jpg alt=\"\" class=\"attachment-sote-gallery-big size-sote-gallery-big\" srcset=\"https:\/\/semmelweis.hu\/etk\/files\/2023\/08\/RS32383_KA-20150624-IMG_3737-scr-400x267.jpg 400w, https:\/\/semmelweis.hu\/etk\/files\/2023\/08\/RS32383_KA-20150624-IMG_3737-scr-768x512.jpg 768w, https:\/\/semmelweis.hu\/etk\/files\/2023\/08\/RS32383_KA-20150624-IMG_3737-scr-753x502.jpg 753w, https:\/\/semmelweis.hu\/etk\/files\/2023\/08\/RS32383_KA-20150624-IMG_3737-scr-203x135.jpg 203w, https:\/\/semmelweis.hu\/etk\/files\/2023\/08\/RS32383_KA-20150624-IMG_3737-scr.jpg 950w\" >\r\n        <\/a><\/div><\/span><span class=\"gallery-item\"><div class=\"hidden\"><a href=\"https:\/\/semmelweis.hu\/etk\/files\/2023\/08\/RS62882_ka-20170602-IMG_4916-scr.jpg\">\r\n        <img src=https:\/\/semmelweis.hu\/etk\/files\/2023\/08\/RS62882_ka-20170602-IMG_4916-scr.jpg alt=\"\" class=\"attachment-sote-gallery-big size-sote-gallery-big\" srcset=\"https:\/\/semmelweis.hu\/etk\/files\/2023\/08\/RS62882_ka-20170602-IMG_4916-scr-400x267.jpg 400w, https:\/\/semmelweis.hu\/etk\/files\/2023\/08\/RS62882_ka-20170602-IMG_4916-scr-768x512.jpg 768w, https:\/\/semmelweis.hu\/etk\/files\/2023\/08\/RS62882_ka-20170602-IMG_4916-scr-753x502.jpg 753w, https:\/\/semmelweis.hu\/etk\/files\/2023\/08\/RS62882_ka-20170602-IMG_4916-scr-203x135.jpg 203w, https:\/\/semmelweis.hu\/etk\/files\/2023\/08\/RS62882_ka-20170602-IMG_4916-scr.jpg 950w\" >\r\n        <\/a><\/div><\/span><span class=\"gallery-item\"><div class=\"hidden\"><a href=\"https:\/\/semmelweis.hu\/etk\/files\/2023\/08\/RS62907_ka-20170602-IMG_4811-scr-1.jpg\">\r\n        <img src=https:\/\/semmelweis.hu\/etk\/files\/2023\/08\/RS62907_ka-20170602-IMG_4811-scr-1.jpg alt=\"\" class=\"attachment-sote-gallery-big size-sote-gallery-big\" srcset=\"https:\/\/semmelweis.hu\/etk\/files\/2023\/08\/RS62907_ka-20170602-IMG_4811-scr-1-400x267.jpg 400w, https:\/\/semmelweis.hu\/etk\/files\/2023\/08\/RS62907_ka-20170602-IMG_4811-scr-1-768x512.jpg 768w, https:\/\/semmelweis.hu\/etk\/files\/2023\/08\/RS62907_ka-20170602-IMG_4811-scr-1-753x502.jpg 753w, https:\/\/semmelweis.hu\/etk\/files\/2023\/08\/RS62907_ka-20170602-IMG_4811-scr-1-203x135.jpg 203w, https:\/\/semmelweis.hu\/etk\/files\/2023\/08\/RS62907_ka-20170602-IMG_4811-scr-1.jpg 950w\" >\r\n        <\/a><\/div><\/span><span class=\"gallery-item\"><div class=\"hidden\"><a href=\"https:\/\/semmelweis.hu\/etk\/files\/2023\/08\/RS62820_ka-20170602-IMG_5239-scr-1.jpg\">\r\n        <img src=https:\/\/semmelweis.hu\/etk\/files\/2023\/08\/RS62820_ka-20170602-IMG_5239-scr-1.jpg alt=\"\" class=\"attachment-sote-gallery-big size-sote-gallery-big\" srcset=\"https:\/\/semmelweis.hu\/etk\/files\/2023\/08\/RS62820_ka-20170602-IMG_5239-scr-1-400x267.jpg 400w, https:\/\/semmelweis.hu\/etk\/files\/2023\/08\/RS62820_ka-20170602-IMG_5239-scr-1-768x512.jpg 768w, https:\/\/semmelweis.hu\/etk\/files\/2023\/08\/RS62820_ka-20170602-IMG_5239-scr-1-753x502.jpg 753w, https:\/\/semmelweis.hu\/etk\/files\/2023\/08\/RS62820_ka-20170602-IMG_5239-scr-1-203x135.jpg 203w, https:\/\/semmelweis.hu\/etk\/files\/2023\/08\/RS62820_ka-20170602-IMG_5239-scr-1.jpg 950w\" >\r\n        <\/a><\/div><\/span>\r\n            <\/div>\r\n\r\n            [\/slb_exclude]\r\n\t\n","protected":false},"excerpt":{"rendered":"<p><a href=\"https:\/\/www.felvi.hu\/felveteli\/jelentkezes\/mikor_es_mire\/Mikor_lehet_jelentkezni\">Hivatalos felv\u00e9teli menetrend (felvi.hu) \u2192<\/a> A jelentkez\u00e9s felt\u00e9tele: \u00c9retts\u00e9gi bizony\u00edtv\u00e1ny Finansz\u00edroz\u00e1si forma: \u00e1llami \u00f6szt\u00f6nd\u00edjjal t\u00e1mogatott \u00f6nk\u00f6lts\u00e9ges (300.000 Ft\/f\u00e9l\u00e9v: \u00e1pol\u00f3 szakir\u00e1ny, hang-, besz\u00e9d \u00e9s nyel\u00e9sterapeuta szakir\u00e1ny, ment\u0151tiszt szakir\u00e1ny, sz\u00fcl\u00e9szn\u0151 szakir\u00e1ny, n\u00e9peg\u00e9szs\u00e9g\u00fcgyi ellen\u0151r szakir\u00e1ny, v\u00e9d\u0151n\u0151 szakir\u00e1ny, eg\u00e9szs\u00e9gturizmus szervez\u0151 specializ\u00e1ci\u00f3; 350.000 Ft\/f\u00e9l\u00e9v: sporteg\u00e9szs\u00e9g\u00fcgyi szervez\u0151 specializ\u00e1ci\u00f3; 400.000 Ft\/f\u00e9l\u00e9v: dietetikus szakir\u00e1ny, gy\u00f3gytorn\u00e1sz szakir\u00e1ny, optometria specializ\u00e1ci\u00f3, radiogr\u00e1fia specializ\u00e1ci\u00f3) angol nyelv\u0171 eg\u00e9szs\u00e9gturizmus-szervez\u0151 k\u00e9pz\u00e9s eset\u00e9n 220.000 Ft\/f\u00e9l\u00e9v idegen &hellip;<\/p>\n","protected":false},"author":101729,"featured_media":13239,"parent":114,"menu_order":0,"comment_status":"closed","ping_status":"closed","template":"","meta":{"_acf_changed":false,"footnotes":""},"categories":[47,57],"tags":[],"class_list":["post-120","page","type-page","status-publish","has-post-thumbnail","hentry","category-apolas","category-kepzesek"],"acf":[],"_links":{"self":[{"href":"https:\/\/semmelweis.hu\/etk\/wp-json\/wp\/v2\/pages\/120","targetHints":{"allow":["GET"]}}],"collection":[{"href":"https:\/\/semmelweis.hu\/etk\/wp-json\/wp\/v2\/pages"}],"about":[{"href":"https:\/\/semmelweis.hu\/etk\/wp-json\/wp\/v2\/types\/page"}],"author":[{"embeddable":true,"href":"https:\/\/semmelweis.hu\/etk\/wp-json\/wp\/v2\/users\/101729"}],"replies":[{"embeddable":true,"href":"https:\/\/semmelweis.hu\/etk\/wp-json\/wp\/v2\/comments?post=120"}],"version-history":[{"count":11,"href":"https:\/\/semmelweis.hu\/etk\/wp-json\/wp\/v2\/pages\/120\/revisions"}],"predecessor-version":[{"id":14649,"href":"https:\/\/semmelweis.hu\/etk\/wp-json\/wp\/v2\/pages\/120\/revisions\/14649"}],"up":[{"embeddable":true,"href":"https:\/\/semmelweis.hu\/etk\/wp-json\/wp\/v2\/pages\/114"}],"wp:featuredmedia":[{"embeddable":true,"href":"https:\/\/semmelweis.hu\/etk\/wp-json\/wp\/v2\/media\/13239"}],"wp:attachment":[{"href":"https:\/\/semmelweis.hu\/etk\/wp-json\/wp\/v2\/media?parent=120"}],"wp:term":[{"taxonomy":"category","embeddable":true,"href":"https:\/\/semmelweis.hu\/etk\/wp-json\/wp\/v2\/categories?post=120"},{"taxonomy":"post_tag","embeddable":true,"href":"https:\/\/semmelweis.hu\/etk\/wp-json\/wp\/v2\/tags?post=120"}],"curies":[{"name":"wp","href":"https:\/\/api.w.org\/{rel}","templated":true}]}}