{"id":114,"date":"2020-03-23T14:31:29","date_gmt":"2020-03-23T13:31:29","guid":{"rendered":"http:\/\/semmelweis.hu\/etk\/?page_id=114"},"modified":"2025-10-14T15:47:43","modified_gmt":"2025-10-14T13:47:43","slug":"apolas-es-betegellatas-szak","status":"publish","type":"page","link":"https:\/\/semmelweis.hu\/etk\/oktatas\/alapkepzesek-bsc\/apolas-es-betegellatas-szak\/","title":{"rendered":"\u00c1pol\u00e1s \u00e9s betegell\u00e1t\u00e1s szak"},"content":{"rendered":"<div class=\"keretes w-100\">\n<p>A k\u00e9pz\u00e9s c\u00e9lja olyan <strong>\u00e1pol\u00f3 \u00e9s betegell\u00e1t\u00f3 szakemberek<\/strong> k\u00e9pz\u00e9se, akik az egy\u00e9n, a csal\u00e1d, a k\u00f6z\u00f6ss\u00e9g \u00e9s a t\u00e1rsadalom eg\u00e9szs\u00e9gv\u00e9delm\u00e9r\u0151l, az eg\u00e9szs\u00e9g helyre\u00e1ll\u00edt\u00e1s\u00e1r\u00f3l, valamint az eg\u00e9szs\u00e9g\u00fcgyi \u00e9s szoci\u00e1lis ell\u00e1t\u00e1sr\u00f3l szerzett ismereteik seg\u00edts\u00e9g\u00e9vel k\u00e9pesek \u00f6n\u00e1ll\u00f3an, felel\u0151ss\u00e9ggel r\u00e9szt venni az eg\u00e9szs\u00e9g\u00fcgyi \u00e9s szoci\u00e1lis ell\u00e1t\u00f3rendszer <strong>megel\u0151z\u0151, gy\u00f3gy\u00edt\u00f3, gondoz\u00f3 \u00e9s rehabilit\u00e1ci\u00f3s<\/strong> munk\u00e1j\u00e1ban. <a href=\"#jelentkezes\"><strong>Jelentkez\u00e9s menete&#8230;<\/strong><\/a><\/p>\n<p>A v\u00e9gzett hallgat\u00f3k felk\u00e9sz\u00fcltek tanulm\u00e1nyaik <a href=\"https:\/\/semmelweis.hu\/etk\/oktatas\/mesterkepzesek-msc\/\">mesterk\u00e9pz\u00e9sben<\/a> t\u00f6rt\u00e9n\u0151 folytat\u00e1s\u00e1ra.<\/p>\n<\/div>\n<style>\n           #page-grid .card-body > .line-clamp-box.excerpt{\n        width: inherit;\n        max-width: inherit;\n        display:flex;\n        min-height: 2.4em;\n        flex-direction: column;\n        justify-content: space-around;\n        background-color: #D6E4EA;\n        min-height: 3.4rem;\n        font-family: \"Montserrat\", sans-serif;\n    }\n\n    #page-grid a:hover .card-body > .line-clamp-box.excerpt {\n        background-color: #fff;\n        color: #313B40;\n    }\n\n    #page-grid .card-body .line-clamp-box.excerpt section{\n        max-width: inherit;\n        display: -webkit-box;\n        -webkit-line-clamp: 2;\n        -webkit-box-orient: vertical;\n        overflow: hidden;\n        text-overflow: ellipsis;\n        hyphens: auto;\n        margin: auto;\n        \n    }\n    .line-clamp-box.excerpt section, .line-clamp-box.excerpt section p{\n        font-size:0.8em;\n    }\n    \n<\/style>\n    <section id=\"page-grid\">\n        <section class=\"d-block d-md-flex title-row my-3 ml-0 ml-md-1\">\n<div class=\"section-title  mb-1 \">\n<h2>\n    V\u00e1laszthat\u00f3 szakir\u00e1nyok\n<\/h2>\n<\/div>\n<\/section>\n        <div class=\"row row-cols-1 row-cols-md-2 row-cols-lg-3 no-gutters mx-0 \">    <div class =\"col  mb-2 card-wrapper\">\n        <a class=\"d-flex flex-fill card-link-warapper m-md-1\" href=\"https:\/\/semmelweis.hu\/etk\/oktatas\/alapkepzesek-bsc\/apolas-es-betegellatas-szak\/apolo-szakirany\/\">\n            <div class=\"card border border-secondary se-border flex-fill\">\n                <div class=\"row no-gutters mx-0 d-flex flex-nowrap flex-md-wrap align-items-center\">\n                    <div class =\"  col-5 col-md-12   card-image justify-content-center\">\n                        <img loading=\"lazy\" decoding=\"async\" width=\"753\" height=\"502\" src=\"https:\/\/semmelweis.hu\/etk\/files\/2023\/08\/RS12295_KA-20120919-IMG_5361-scr.jpg\" class=\"landscape wp-post-image\" alt=\"\" srcset=\"https:\/\/semmelweis.hu\/etk\/files\/2023\/08\/RS12295_KA-20120919-IMG_5361-scr.jpg 950w, https:\/\/semmelweis.hu\/etk\/files\/2023\/08\/RS12295_KA-20120919-IMG_5361-scr-400x267.jpg 400w, https:\/\/semmelweis.hu\/etk\/files\/2023\/08\/RS12295_KA-20120919-IMG_5361-scr-768x512.jpg 768w, https:\/\/semmelweis.hu\/etk\/files\/2023\/08\/RS12295_KA-20120919-IMG_5361-scr-753x502.jpg 753w, https:\/\/semmelweis.hu\/etk\/files\/2023\/08\/RS12295_KA-20120919-IMG_5361-scr-203x135.jpg 203w\" sizes=\"auto, (max-width: 753px) 100vw, 753px\" \/>\n                    <\/div>\n                    <div class=\"card-body  col flex-column  col-md-12 p-0\">\n                        <div class=\"line-clamp-box p-3\">\n                            <h5 class=\"ml-0 ml-sm-1 mt-2 align-items-center\"  >\u00c1pol\u00f3<\/h5>\n                        <\/div>\n                        \n                    <\/div>\n                <\/div>\n\n            <\/div>\n        <\/a>\n    <\/div>    <div class =\"col  mb-2 card-wrapper\">\n        <a class=\"d-flex flex-fill card-link-warapper m-md-1\" href=\"https:\/\/semmelweis.hu\/etk\/oktatas\/alapkepzesek-bsc\/apolas-es-betegellatas-szak\/dietetikus-szakirany\/\">\n            <div class=\"card border border-secondary se-border flex-fill\">\n                <div class=\"row no-gutters mx-0 d-flex flex-nowrap flex-md-wrap align-items-center\">\n                    <div class =\"  col-5 col-md-12   card-image justify-content-center\">\n                        <img loading=\"lazy\" decoding=\"async\" width=\"753\" height=\"502\" src=\"https:\/\/semmelweis.hu\/etk\/files\/2023\/12\/47714_transform.jpg\" class=\"landscape wp-post-image\" alt=\"\" srcset=\"https:\/\/semmelweis.hu\/etk\/files\/2023\/12\/47714_transform.jpg 950w, https:\/\/semmelweis.hu\/etk\/files\/2023\/12\/47714_transform-400x267.jpg 400w, https:\/\/semmelweis.hu\/etk\/files\/2023\/12\/47714_transform-768x512.jpg 768w, https:\/\/semmelweis.hu\/etk\/files\/2023\/12\/47714_transform-753x502.jpg 753w, https:\/\/semmelweis.hu\/etk\/files\/2023\/12\/47714_transform-203x135.jpg 203w\" sizes=\"auto, (max-width: 753px) 100vw, 753px\" \/>\n                    <\/div>\n                    <div class=\"card-body  col flex-column  col-md-12 p-0\">\n                        <div class=\"line-clamp-box p-3\">\n                            <h5 class=\"ml-0 ml-sm-1 mt-2 align-items-center\"  >Dietetikus<\/h5>\n                        <\/div>\n                        \n                    <\/div>\n                <\/div>\n\n            <\/div>\n        <\/a>\n    <\/div>    <div class =\"col  mb-2 card-wrapper\">\n        <a class=\"d-flex flex-fill card-link-warapper m-md-1\" href=\"https:\/\/semmelweis.hu\/etk\/oktatas\/alapkepzesek-bsc\/apolas-es-betegellatas-szak\/gyogytornasz-szakirany\/\">\n            <div class=\"card border border-secondary se-border flex-fill\">\n                <div class=\"row no-gutters mx-0 d-flex flex-nowrap flex-md-wrap align-items-center\">\n                    <div class =\"  col-5 col-md-12   card-image justify-content-center\">\n                        <img loading=\"lazy\" decoding=\"async\" width=\"753\" height=\"502\" src=\"https:\/\/semmelweis.hu\/etk\/files\/2023\/08\/Physiobsc.jpg\" class=\"landscape wp-post-image\" alt=\"\" srcset=\"https:\/\/semmelweis.hu\/etk\/files\/2023\/08\/Physiobsc.jpg 950w, https:\/\/semmelweis.hu\/etk\/files\/2023\/08\/Physiobsc-400x267.jpg 400w, https:\/\/semmelweis.hu\/etk\/files\/2023\/08\/Physiobsc-768x512.jpg 768w, https:\/\/semmelweis.hu\/etk\/files\/2023\/08\/Physiobsc-753x502.jpg 753w, https:\/\/semmelweis.hu\/etk\/files\/2023\/08\/Physiobsc-203x135.jpg 203w\" sizes=\"auto, (max-width: 753px) 100vw, 753px\" \/>\n                    <\/div>\n                    <div class=\"card-body  col flex-column  col-md-12 p-0\">\n                        <div class=\"line-clamp-box p-3\">\n                            <h5 class=\"ml-0 ml-sm-1 mt-2 align-items-center\"  >Gy\u00f3gytorn\u00e1sz<\/h5>\n                        <\/div>\n                        \n                    <\/div>\n                <\/div>\n\n            <\/div>\n        <\/a>\n    <\/div>    <div class =\"col  mb-2 card-wrapper\">\n        <a class=\"d-flex flex-fill card-link-warapper m-md-1\" href=\"https:\/\/semmelweis.hu\/etk\/oktatas\/alapkepzesek-bsc\/apolas-es-betegellatas-szak\/hang-beszed-es-nyelesterapeuta-szakirany\/\">\n            <div class=\"card border border-secondary se-border flex-fill\">\n                <div class=\"row no-gutters mx-0 d-flex flex-nowrap flex-md-wrap align-items-center\">\n                    <div class =\"  col-5 col-md-12   card-image justify-content-center\">\n                        <img loading=\"lazy\" decoding=\"async\" width=\"753\" height=\"502\" src=\"https:\/\/semmelweis.hu\/etk\/files\/2023\/08\/nyelbsc-1024x683.jpg\" class=\"landscape wp-post-image\" alt=\"\" srcset=\"https:\/\/semmelweis.hu\/etk\/files\/2023\/08\/nyelbsc-1024x683.jpg 1024w, https:\/\/semmelweis.hu\/etk\/files\/2023\/08\/nyelbsc-400x267.jpg 400w, https:\/\/semmelweis.hu\/etk\/files\/2023\/08\/nyelbsc-768x512.jpg 768w, https:\/\/semmelweis.hu\/etk\/files\/2023\/08\/nyelbsc-1536x1024.jpg 1536w, https:\/\/semmelweis.hu\/etk\/files\/2023\/08\/nyelbsc-2048x1365.jpg 2048w, https:\/\/semmelweis.hu\/etk\/files\/2023\/08\/nyelbsc-753x502.jpg 753w, https:\/\/semmelweis.hu\/etk\/files\/2023\/08\/nyelbsc-203x135.jpg 203w\" sizes=\"auto, (max-width: 753px) 100vw, 753px\" \/>\n                    <\/div>\n                    <div class=\"card-body  col flex-column  col-md-12 p-0\">\n                        <div class=\"line-clamp-box p-3\">\n                            <h5 class=\"ml-0 ml-sm-1 mt-2 align-items-center\"  >Hang-, besz\u00e9d- \u00e9s nyel\u00e9sterapeuta<\/h5>\n                        <\/div>\n                        \n                    <\/div>\n                <\/div>\n\n            <\/div>\n        <\/a>\n    <\/div>    <div class =\"col  mb-2 card-wrapper\">\n        <a class=\"d-flex flex-fill card-link-warapper m-md-1\" href=\"https:\/\/semmelweis.hu\/etk\/oktatas\/alapkepzesek-bsc\/apolas-es-betegellatas-szak\/mentotiszt-szakirany\/\">\n            <div class=\"card border border-secondary se-border flex-fill\">\n                <div class=\"row no-gutters mx-0 d-flex flex-nowrap flex-md-wrap align-items-center\">\n                    <div class =\"  col-5 col-md-12   card-image justify-content-center\">\n                        <img loading=\"lazy\" decoding=\"async\" width=\"753\" height=\"502\" src=\"https:\/\/semmelweis.hu\/etk\/files\/2023\/08\/parabsc.jpg\" class=\"landscape wp-post-image\" alt=\"\" srcset=\"https:\/\/semmelweis.hu\/etk\/files\/2023\/08\/parabsc.jpg 950w, https:\/\/semmelweis.hu\/etk\/files\/2023\/08\/parabsc-400x267.jpg 400w, https:\/\/semmelweis.hu\/etk\/files\/2023\/08\/parabsc-768x512.jpg 768w, https:\/\/semmelweis.hu\/etk\/files\/2023\/08\/parabsc-753x502.jpg 753w, https:\/\/semmelweis.hu\/etk\/files\/2023\/08\/parabsc-203x135.jpg 203w\" sizes=\"auto, (max-width: 753px) 100vw, 753px\" \/>\n                    <\/div>\n                    <div class=\"card-body  col flex-column  col-md-12 p-0\">\n                        <div class=\"line-clamp-box p-3\">\n                            <h5 class=\"ml-0 ml-sm-1 mt-2 align-items-center\"  >Ment\u0151tiszt<\/h5>\n                        <\/div>\n                        \n                    <\/div>\n                <\/div>\n\n            <\/div>\n        <\/a>\n    <\/div>    <div class =\"col  mb-2 card-wrapper\">\n        <a class=\"d-flex flex-fill card-link-warapper m-md-1\" href=\"https:\/\/semmelweis.hu\/etk\/oktatas\/alapkepzesek-bsc\/apolas-es-betegellatas-szak\/szuleszno-szakirany\/\">\n            <div class=\"card border border-secondary se-border flex-fill\">\n                <div class=\"row no-gutters mx-0 d-flex flex-nowrap flex-md-wrap align-items-center\">\n                    <div class =\"  col-5 col-md-12   card-image justify-content-center\">\n                        <img loading=\"lazy\" decoding=\"async\" width=\"753\" height=\"502\" src=\"https:\/\/semmelweis.hu\/etk\/files\/2023\/08\/Midwifebsc-1024x683.jpg\" class=\"landscape wp-post-image\" alt=\"\" srcset=\"https:\/\/semmelweis.hu\/etk\/files\/2023\/08\/Midwifebsc-1024x683.jpg 1024w, https:\/\/semmelweis.hu\/etk\/files\/2023\/08\/Midwifebsc-400x267.jpg 400w, https:\/\/semmelweis.hu\/etk\/files\/2023\/08\/Midwifebsc-768x512.jpg 768w, https:\/\/semmelweis.hu\/etk\/files\/2023\/08\/Midwifebsc-753x502.jpg 753w, https:\/\/semmelweis.hu\/etk\/files\/2023\/08\/Midwifebsc-203x135.jpg 203w, https:\/\/semmelweis.hu\/etk\/files\/2023\/08\/Midwifebsc.jpg 1200w\" sizes=\"auto, (max-width: 753px) 100vw, 753px\" \/>\n                    <\/div>\n                    <div class=\"card-body  col flex-column  col-md-12 p-0\">\n                        <div class=\"line-clamp-box p-3\">\n                            <h5 class=\"ml-0 ml-sm-1 mt-2 align-items-center\"  >Sz\u00fcl\u00e9szn\u0151<\/h5>\n                        <\/div>\n                        \n                    <\/div>\n                <\/div>\n\n            <\/div>\n        <\/a>\n    <\/div>        <\/div>\n    <\/section>\n<hr style=\"border-top: 1px solid white;\" \/>\n            <div class=\"qae-faqs-container qae-faqs-toggle-container\">\n\t\t\t\t\t\t\t<ul class=\"qe-faqs-filters-container\">\n\t\t\t\t<li class=\"active\"><a class=\"qe-faqs-filter all-faqs\" href=\"#\" data-filter=\"*\">All<\/a><\/li>\n\t\t\t\t<li><a class=\"qe-faqs-filter\" href=\"#jelentkezes-alapkepzesek\" data-filter=\".jelentkezes-alapkepzesek\">Jelentkez\u00e9s - Alapk\u00e9pz\u00e9sek<\/a><\/li>\t\t\t<\/ul>\n\t\t\t\t\t<div id=\"qaef-14497\" class=\"qe-faq-toggle jelentkezes-alapkepzesek\">\n\t\t\t<div class=\"qe-toggle-title\">\n\t\t\t\t<h4>\n\t\t\t\t\t<i class=\"fa fa-minus-circle\"><\/i> Jelentkez\u00e9s alapk\u00e9pz\u00e9sre\t\t\t\t<\/h4>\n\t\t\t<\/div>\n\t\t\t<div class=\"qe-toggle-content\">\n\t\t\t\t<p><a href=\"https:\/\/www.felvi.hu\/felveteli\/jelentkezes\/mikor_es_mire\/Mikor_lehet_jelentkezni\"><strong>Hivatalos felv\u00e9teli menetrend (felvi.hu) \u2192<\/strong><\/a><\/p>\n<h4><strong>A jelentkez\u00e9s felt\u00e9tele:<\/strong><\/h4>\n<p>\u00c9retts\u00e9gi bizony\u00edtv\u00e1ny<\/p>\n<h4><strong>Finansz\u00edroz\u00e1si forma: <\/strong><\/h4>\n<ul>\n<li>\u00e1llami \u00f6szt\u00f6nd\u00edjjal t\u00e1mogatott<\/li>\n<li>\u00f6nk\u00f6lts\u00e9ges (300.000 Ft\/f\u00e9l\u00e9v: \u00e1pol\u00f3 szakir\u00e1ny, hang-, besz\u00e9d \u00e9s nyel\u00e9sterapeuta szakir\u00e1ny, ment\u0151tiszt szakir\u00e1ny, sz\u00fcl\u00e9szn\u0151 szakir\u00e1ny, n\u00e9peg\u00e9szs\u00e9g\u00fcgyi ellen\u0151r szakir\u00e1ny, v\u00e9d\u0151n\u0151 szakir\u00e1ny, eg\u00e9szs\u00e9gturizmus szervez\u0151 specializ\u00e1ci\u00f3; 350.000 Ft\/f\u00e9l\u00e9v: sporteg\u00e9szs\u00e9g\u00fcgyi szervez\u0151 specializ\u00e1ci\u00f3; 400.000 Ft\/f\u00e9l\u00e9v: dietetikus szakir\u00e1ny, gy\u00f3gytorn\u00e1sz szakir\u00e1ny, optometria specializ\u00e1ci\u00f3, radiogr\u00e1fia specializ\u00e1ci\u00f3)<\/li>\n<li>angol nyelv\u0171 eg\u00e9szs\u00e9gturizmus-szervez\u0151 k\u00e9pz\u00e9s eset\u00e9n 220.000 Ft\/f\u00e9l\u00e9v idegen nyelvi hozz\u00e1j\u00e1rul\u00e1s fizetend\u0151 finansz\u00edroz\u00e1si form\u00e1t\u00f3l f\u00fcggetlen\u00fcl<\/li>\n<\/ul>\n<h4><strong>Jelentkez\u00e9si hat\u00e1rid\u0151:<\/strong><\/h4>\n<ul>\n<li>2026. szeptemberi kezd\u00e9ssel hirdetett k\u00e9pz\u00e9s eset\u00e9n: 2026. febru\u00e1r 15.<\/li>\n<\/ul>\n<h4><strong>Jelentkez\u00e9s m\u00f3dja:<\/strong><\/h4>\n<p>Kiz\u00e1r\u00f3lag elektronikusan jelentkezhetsz a <a href=\"http:\/\/www.felvi.hu\">www.felvi.hu<\/a> honlapon az E-felv\u00e9teli szolg\u00e1ltat\u00e1son kereszt\u00fcl regisztr\u00e1ci\u00f3 ut\u00e1n.<\/p>\n<h4><strong>Megjel\u00f6lt helyek sz\u00e1ma:<\/strong><\/h4>\n<p>Legfeljebb hat helyet jel\u00f6lhetsz meg. Egy jelentkez\u00e9si helynek sz\u00e1m\u00edt, ha a jelentkez\u00e9si hely csak a finansz\u00edroz\u00e1si (\u00e1llami \u00f6szt\u00f6nd\u00edjas, \u00f6nk\u00f6lts\u00e9ges) form\u00e1ban t\u00e9r el.<\/p>\n<h4><strong>D\u00edjak:<\/strong><\/h4>\n<p>H\u00e1rom k\u00e9pz\u00e9s megjel\u00f6l\u00e9se d\u00edjmentes, minden tov\u00e1bbi\u00e9rt 2000-2000 Ft kieg\u00e9sz\u00edt\u0151 d\u00edjat kell fizetni.<\/p>\n<h4><strong>Dokumentumok felt\u00f6lt\u00e9se:<\/strong><\/h4>\n<p>Fel kell t\u00f6lteni azokat a dokumentumokat, melyek a jelentkez\u00e9skor m\u00e1r rendelkez\u00e9sedre \u00e1llnak, a k\u00e9s\u0151bb k\u00e9zhez kapottakat pedig 2026. j\u00falius 07-ig. Az eredeti dokumentumokat a fels\u0151oktat\u00e1si int\u00e9zm\u00e9nyben a beiratkoz\u00e1s alkalm\u00e1val kell bemutatnod, amely a hallgat\u00f3i jogviszony l\u00e9tes\u00edt\u00e9s\u00e9nek is a felt\u00e9tele.<\/p>\n<h4><strong>\u00c9rv\u00e9nyes a jelentkez\u00e9s:<\/strong><\/h4>\n<p>Ha az E-felv\u00e9teliben ny\u00fajtod be \u00e9s a jelentkez\u00e9si \u0171rlapot hiteles\u00edted 2026. febru\u00e1r 15-ig \u00fcgyf\u00e9lkapun kereszt\u00fcl.<\/p>\n<h4><strong>Fontos!<\/strong><\/h4>\n<p>Az eg\u00e9sz felv\u00e9teli elj\u00e1r\u00e1s sor\u00e1n rendszeresen figyeld a megadott e-mail fi\u00f3kodat \u00e9s az E-felv\u00e9teli fel\u00fcletet.<\/p>\n\t\t\t<\/div>\n\t\t<\/div>\n\t\t            <\/div>\n\t\t\n","protected":false},"excerpt":{"rendered":"<p><a href=\"https:\/\/www.felvi.hu\/felveteli\/jelentkezes\/mikor_es_mire\/Mikor_lehet_jelentkezni\">Hivatalos felv\u00e9teli menetrend (felvi.hu) \u2192<\/a> A jelentkez\u00e9s felt\u00e9tele: \u00c9retts\u00e9gi bizony\u00edtv\u00e1ny Finansz\u00edroz\u00e1si forma: \u00e1llami \u00f6szt\u00f6nd\u00edjjal t\u00e1mogatott \u00f6nk\u00f6lts\u00e9ges (300.000 Ft\/f\u00e9l\u00e9v: \u00e1pol\u00f3 szakir\u00e1ny, hang-, besz\u00e9d \u00e9s nyel\u00e9sterapeuta szakir\u00e1ny, ment\u0151tiszt szakir\u00e1ny, sz\u00fcl\u00e9szn\u0151 szakir\u00e1ny, n\u00e9peg\u00e9szs\u00e9g\u00fcgyi ellen\u0151r szakir\u00e1ny, v\u00e9d\u0151n\u0151 szakir\u00e1ny, eg\u00e9szs\u00e9gturizmus szervez\u0151 specializ\u00e1ci\u00f3; 350.000 Ft\/f\u00e9l\u00e9v: sporteg\u00e9szs\u00e9g\u00fcgyi szervez\u0151 specializ\u00e1ci\u00f3; 400.000 Ft\/f\u00e9l\u00e9v: dietetikus szakir\u00e1ny, gy\u00f3gytorn\u00e1sz szakir\u00e1ny, optometria specializ\u00e1ci\u00f3, radiogr\u00e1fia specializ\u00e1ci\u00f3) angol nyelv\u0171 eg\u00e9szs\u00e9gturizmus-szervez\u0151 k\u00e9pz\u00e9s eset\u00e9n 220.000 Ft\/f\u00e9l\u00e9v idegen &hellip;<\/p>\n","protected":false},"author":101729,"featured_media":0,"parent":6,"menu_order":0,"comment_status":"closed","ping_status":"closed","template":"template-fullwidth.php","meta":{"_acf_changed":false,"footnotes":""},"categories":[],"tags":[],"class_list":["post-114","page","type-page","status-publish","hentry"],"acf":[],"_links":{"self":[{"href":"https:\/\/semmelweis.hu\/etk\/wp-json\/wp\/v2\/pages\/114","targetHints":{"allow":["GET"]}}],"collection":[{"href":"https:\/\/semmelweis.hu\/etk\/wp-json\/wp\/v2\/pages"}],"about":[{"href":"https:\/\/semmelweis.hu\/etk\/wp-json\/wp\/v2\/types\/page"}],"author":[{"embeddable":true,"href":"https:\/\/semmelweis.hu\/etk\/wp-json\/wp\/v2\/users\/101729"}],"replies":[{"embeddable":true,"href":"https:\/\/semmelweis.hu\/etk\/wp-json\/wp\/v2\/comments?post=114"}],"version-history":[{"count":10,"href":"https:\/\/semmelweis.hu\/etk\/wp-json\/wp\/v2\/pages\/114\/revisions"}],"predecessor-version":[{"id":18851,"href":"https:\/\/semmelweis.hu\/etk\/wp-json\/wp\/v2\/pages\/114\/revisions\/18851"}],"up":[{"embeddable":true,"href":"https:\/\/semmelweis.hu\/etk\/wp-json\/wp\/v2\/pages\/6"}],"wp:attachment":[{"href":"https:\/\/semmelweis.hu\/etk\/wp-json\/wp\/v2\/media?parent=114"}],"wp:term":[{"taxonomy":"category","embeddable":true,"href":"https:\/\/semmelweis.hu\/etk\/wp-json\/wp\/v2\/categories?post=114"},{"taxonomy":"post_tag","embeddable":true,"href":"https:\/\/semmelweis.hu\/etk\/wp-json\/wp\/v2\/tags?post=114"}],"curies":[{"name":"wp","href":"https:\/\/api.w.org\/{rel}","templated":true}]}}