{"id":112,"date":"2020-03-23T14:15:39","date_gmt":"2020-03-23T13:15:39","guid":{"rendered":"http:\/\/semmelweis.hu\/etk\/?page_id=112"},"modified":"2026-03-04T14:23:10","modified_gmt":"2026-03-04T13:23:10","slug":"kari-tanacs-kari-bizottsagok","status":"publish","type":"page","link":"https:\/\/semmelweis.hu\/etk\/az-egeszsegtudomanyi-karrol\/kari-tanacs-kari-bizottsagok\/","title":{"rendered":"Kari tan\u00e1cs, kari bizotts\u00e1gok"},"content":{"rendered":"<div class=\"responsive-tabs\">\n<h2 class=\"tabtitle\">Kari Tan\u00e1cs<\/h2>\n<div class=\"tabcontent\">\n\n<h2><span style=\"color: #333333\">Kari Tan\u00e1cs<\/span><\/h2>\n<div class=\"keretes\">\n<h6><strong>eln\u00f6k<\/strong><\/h6>\n<p>Bedn\u00e1rikn\u00e9 dr. D\u00f6rnyei Gabriella d\u00e9k\u00e1n, f\u0151iskolai tan\u00e1r<\/p>\n<\/div>\n<p><strong><span style=\"color: #333333\">Tagok<\/span><\/strong><\/p>\n<h6><strong>szavazati joggal<\/strong><\/h6>\n<ul>\n<li>Dr. Balogh Zolt\u00e1n d\u00e9k\u00e1nhelyettes, f\u0151iskolai tan\u00e1r<\/li>\n<li>Dr. Baji Ildik\u00f3, f\u0151iskolai tan\u00e1r<\/li>\n<li>Dr. Doros Attila, egyetemi docens<\/li>\n<li>Dr. Feith Helga Judit, f\u0151iskolai tan\u00e1r<\/li>\n<li>Dr. Gad\u00f3 Kl\u00e1ra d\u00e9k\u00e1nhelyettes, f\u0151iskolai tan\u00e1r<\/li>\n<li>Dr. Horv\u00e1th M\u00f3nika, f\u0151iskolai tan\u00e1r<\/li>\n<li>Dr. Kov\u00e1cs Ill\u00e9s, egyetemi docens<\/li>\n<li>Dr. Sinka Magdolna, f\u0151iskolai docens<\/li>\n<li>Dr. Rig\u00f3 J\u00e1nos, egyetemi tan\u00e1r<\/li>\n<li>So\u00f3s G\u00e1bor, vezet\u0151 testnevel\u0151 tan\u00e1r<\/li>\n<li>Dr. Sz\u00e9kely Andrea, egyetemi tan\u00e1r<\/li>\n<li>Dr. Tam\u00e1s L\u00e1szl\u00f3, egyetemi tan\u00e1r<\/li>\n<li>Csajb\u00f3kn\u00e9 Dr. Csobod \u00c9va, f\u0151iskolai tan\u00e1r<\/li>\n<li>Dr. Vingender Istv\u00e1n, f\u0151iskolai tan\u00e1r<\/li>\n<li>Dr. Lantos Zolt\u00e1n, egyetemi docens<\/li>\n<li>Csima Zolt\u00e1n, tan\u00e1rseg\u00e9d<\/li>\n<li>Csehin\u00e9 Piroska Nikolett, f\u0151n\u0151v\u00e9r<\/li>\n<li>Dr. V\u00e1mosi P\u00e9ter, doktorandusz hallgat\u00f3<\/li>\n<li>Vakles \u00c1gnes, hallgat\u00f3<\/li>\n<li>Fekete Rea R\u00e9ka, hallgat\u00f3<\/li>\n<li>B\u00e1cskai Csenge, hallgat\u00f3<\/li>\n<li>F\u00fcl\u00f6p Bianka, hallgat\u00f3<\/li>\n<li>Bartalos Szabolcs Martin, hallgat\u00f3<\/li>\n<li>Putz Fanni, hallgat\u00f3<\/li>\n<\/ul>\n<h6><strong>\u00e1lland\u00f3 megh\u00edvottak<\/strong><\/h6>\n<ul>\n<li>rektor<\/li>\n<li>kancell\u00e1r<\/li>\n<li>gazdas\u00e1gi f\u0151igazgat\u00f3<\/li>\n<li>m\u0171szaki f\u0151igazgat\u00f3<\/li>\n<li>emberier\u0151forr\u00e1s-gazd\u00e1lkod\u00e1si f\u0151igazgat\u00f3<\/li>\n<li>ellen\u0151rz\u00e9si igazgat\u00f3<\/li>\n<li>doktori tan\u00e1cs eln\u00f6ke, vagy az, akit a doktori tan\u00e1cs tagjai k\u00f6z\u00fcl helyettes\u00edt\u00e9s\u00e9vel megb\u00edz<\/li>\n<li>d\u00e9k\u00e1ni hivatal vezet\u0151je<\/li>\n<li>kar d\u00e9k\u00e1nja \u00e1ltal megh\u00edvott m\u00e1s szem\u00e9ly<\/li>\n<li>informatikai f\u0151igazgat\u00f3<\/li>\n<li>marketing \u00e9s kommunik\u00e1ci\u00f3s f\u0151igazgat\u00f3<\/li>\n<\/ul>\n\n<\/div><h2 class=\"tabtitle\">Bizotts\u00e1gok<\/h2>\n<div class=\"tabcontent\">\n\n<h2><span style=\"color: #333333\">Kari Tanulm\u00e1nyi \u00e9s Vizsgabizotts\u00e1g<\/span><\/h2>\n<div class=\"keretes\">\n<h6><strong>eln\u00f6k<\/strong><\/h6>\n<p>Dr. Vingender Istv\u00e1n, d\u00e9k\u00e1nhelyettes<br \/>\n<a href=\"mailto:vingender.istvan@semmelweis.hu\"><span class=\"tel-value\">vingender.istvan@semmelweis.hu<\/span><\/a><\/p>\n<\/div>\n<h6><strong>tagok:<\/strong><\/h6>\n<ul>\n<li>Dr. Benedek Csilla, f\u0151iskolai docens<br \/>\n<a href=\"mailto:benedek.csilla@semmelweis.hu\"><span class=\"tel-value\">benedek.csilla@semmelweis.hu<\/span><\/a><\/li>\n<li>Bodn\u00e1r Hajnalka, mestertan\u00e1r<br \/>\n<a href=\"mailto:bodnar.hajnalka@semmelweis.hu\"><span class=\"tel-value\">bodnar.hajnalka@semmelweis.hu<\/span><\/a><\/li>\n<li>Dr. Borj\u00e1n Eszter, adjunktus<br \/>\n<a href=\"borjan.eszter@semmelweis.hu\"><span class=\"tel-value\">borjan.eszter@semmelweis.hu<\/span><\/a><\/li>\n<li>K\u00e1d\u00e1r L\u00e1szl\u00f3 Csaba, adjunktus<br \/>\n<a href=\"kadar.laszlo1@semmelweis.hu\"><span class=\"tel-value\">kadar.laszlo1@semmelweis.hu<\/span><\/a><\/li>\n<li>N\u00e1gel J\u00f3zsefn\u00e9, <span class=\"emp-job\">tanulm\u00e1nyi szak\u00e9rt\u0151<br \/>\n<\/span><a href=\"nagel.jozsefne@semmelweis.hu\"><span class=\"tel-value\">nagel.jozsefne@semmelweis.hu<\/span><\/a><\/li>\n<li>Suhajd\u00e1n\u00e9 Dr. Urb\u00e1n Veronika, f\u0151iskolai tan\u00e1r<br \/>\n<a href=\"mailto:suhajdane.urban.veronika@semmelweis.hu\"><span class=\"tel-value\">suhajdane.urban.veronika@semmelweis.hu<\/span><\/a><\/li>\n<li>Dr. Cs\u00e1k R\u00e9ka Borb\u00e1la, oszt\u00e1lyvezet\u0151<br \/>\n<a href=\"mailto:csak.reka.borbala@semmelweis.hu\">csak.reka.borbala@semmelweis.hu<\/a><\/li>\n<li>Hervatin-R\u00e1cz Eszter, hallgat\u00f3<br \/>\n<a href=\"mailto:hervatin.eszter@stud.semmelweis.hu\">hervatin.eszter@stud.semmelweis.hu<\/a><\/li>\n<li>Bartalos Szabolcs Martin, hallgat\u00f3<br \/>\n<a href=\"mailto:bartalos.szabolcs@stud.semmelweis.hu\">bartalos.szabolcs@stud.semmelweis.hu<\/a><\/li>\n<li>Vakles \u00c1gnes, hallgat\u00f3<br \/>\n<a href=\"mailto:vakles.agnes@stud.semmelweis.hu\">vakles.agnes@stud.semmelweis.hu<\/a><\/li>\n<li>Hoffmann R\u00e9ka Mirtill, hallgat\u00f3<br \/>\n<a href=\"mailto:hoffmann.reka@stud.semmelweis.hu\">hoffmann.reka@stud.semmelweis.hu<\/a><\/li>\n<li>Fekete Rea R\u00e9ka, hallgat\u00f3<br \/>\n<a class=\"Hyperlink SCXW188008746 BCX0\" href=\"mailto:fekete.rea@stud.semmelweis.hu\" target=\"_blank\" rel=\"noreferrer noopener\"><span class=\"TextRun Underlined SCXW188008746 BCX0\" lang=\"HU-HU\" xml:lang=\"HU-HU\" data-contrast=\"none\"><span class=\"NormalTextRun SCXW188008746 BCX0\" data-ccp-charstyle=\"Hyperlink\">fekete.rea@stud.semmelweis.hu<\/span><\/span><\/a><\/li>\n<\/ul>\n<h2><span style=\"color: #333333\">Kari Kredit\u00e1tviteli Bizotts\u00e1g<\/span><\/h2>\n<div class=\"keretes\">\n<h6><strong>eln\u00f6k<\/strong><\/h6>\n<p>Dr. Sinka Magdolna, f\u0151iskolai docens<br \/>\n<a href=\"mailto:sinka.magdolna@semmelweis.hu\"><span class=\"tel-value\">sinka.magdolna@semmelweis.hu<\/span><\/a><\/p>\n<\/div>\n<h6><strong>tagok<\/strong><\/h6>\n<ul>\n<li>Dr. T\u00f3th Timea, f\u0151iskolai docens<br \/>\n<a href=\"mailto:toth.timea@semmelweis.hu\"><span class=\"tel-value\">toth.timea@semmelweis.hu<\/span><\/a><\/li>\n<li>Dr. Vingender Istv\u00e1n, d\u00e9k\u00e1nhelyettes<br \/>\n<a href=\"vingender.istvan@semmelweis.hu\"><span class=\"tel-value\">vingender.istvan@semmelweis.hu<\/span><\/a><\/li>\n<li>T\u00f3th Attila Imre, hallgat\u00f3<br \/>\n<a href=\"mailto:toth.attila@stud.semmelweis.hu\">toth.attila@stud.semmelweis.hu<\/a><\/li>\n<li>Fekete Rea R\u00e9ka, hallgat\u00f3<br \/>\n<a href=\"mailto:fekete.rea@stud.semmelweis.hu\">fekete.rea@stud.semmelweis.hu<\/a><\/li>\n<li>Csord\u00e1s Vikt\u00f3ria, hallgat\u00f3<br \/>\n<a href=\"mailto:csordas.viktoria@stud.semmelweis.hu\">csordas.viktoria@stud.semmelweis.hu<\/a><\/li>\n<\/ul>\n<h2><span style=\"color: #333333\">Min\u0151s\u00e9gfejleszt\u00e9si \u00e9s Min\u0151s\u00e9g\u00e9rt\u00e9kel\u0151 Bizotts\u00e1g Kari Albizotts\u00e1ga<\/span><\/h2>\n<div class=\"keretes\">\n<h6><strong>eln\u00f6k<\/strong><\/h6>\n<p>Horv\u00e1th Zolt\u00e1nn\u00e9 Phd, f\u0151iskolai tan\u00e1r<br \/>\n<a href=\"mailto:horvath.zoltanne@semmelweis.hu\"><span class=\"tel-value\">horvath.zoltanne@semmelweis.hu<\/span><\/a><\/p>\n<\/div>\n<h6><strong>tagok<\/strong><\/h6>\n<ul>\n<li>Kakuk Marianna, hivatalvezet\u0151<br \/>\n<a href=\"mailto:kakuk.marianna@semmelweis.hu\">kakuk.marianna@semmelweis.hu<\/a><\/li>\n<li>Dr. Vingender Istv\u00e1n, d\u00e9k\u00e1nhelyettes<br \/>\n<a href=\"vingender.istvan@semmelweis.hu\"><span class=\"tel-value\">vingender.istvan@semmelweis.hu<\/span><\/a><\/li>\n<\/ul>\n<h2><span style=\"color: #333333\">Kari Etikai \u00e9s Fegyelmi Bizotts\u00e1g<\/span><\/h2>\n<div class=\"keretes\">\n<h6><strong>eln\u00f6k<\/strong><\/h6>\n<p>Dr. Feith Helga Judit, tansz\u00e9kvezet\u0151<br \/>\n<a href=\"mailto:feith.helga@semmelweis.hu\"><span class=\"tel-value\">feith.helga@semmelweis.hu<\/span><\/a><\/p>\n<\/div>\n<h6><strong>tagok<\/strong><\/h6>\n<ul>\n<li>Dr. Gad\u00f3 Kl\u00e1ra, d\u00e9k\u00e1nhelyettes<br \/>\n<a href=\"mailto:gado.klara@semmelweis.hu\"><span class=\"tel-value\">gado.klara@semmelweis.hu<\/span><\/a><\/li>\n<li>Dr. Vingender Istv\u00e1n, d\u00e9k\u00e1nhelyettes<br \/>\n<a href=\"mailto:vingender.istvan@semmelweis.hu\"><span class=\"tel-value\">vingender.istvan@semmelweis.hu<\/span><\/a><\/li>\n<li>Hakkel Martina, hallgat\u00f3<br \/>\n<a href=\"mailto:hakkel.martina@stud.semmelweis.hu\">hakkel.martina@stud.semmelweis.hu<\/a><\/li>\n<li>Fekete Rea R\u00e9ka, hallgat\u00f3<br \/>\n<a href=\"mailto:fekete.rea@stud.semmelweis.hu\">fekete.rea@stud.semmelweis.hu<\/a><\/li>\n<li>Hoffmann R\u00e9ka Mirtill, hallgat\u00f3<br \/>\n<a href=\"mailto:hoffmann.reka@stud.semmelweis.hu\">hoffmann.reka@stud.semmelweis.hu<\/a><\/li>\n<\/ul>\n<h2><span style=\"color: #333333\">Kari OMHV Bizotts\u00e1g<\/span><\/h2>\n<div class=\"keretes\">\n<h6><strong>eln\u00f6k<\/strong><\/h6>\n<p>Bedn\u00e1rikn\u00e9 Dr. D\u00f6rnyei Gabriella, d\u00e9k\u00e1n<br \/>\n<a href=\"mailto:etk.dekan@semmelweis.hu\">etk.dekan@semmelweis.hu<\/a><\/p>\n<\/div>\n<h6><strong>tagok<\/strong><\/h6>\n<ul>\n<li>Dr. Gad\u00f3 Kl\u00e1ra, d\u00e9k\u00e1nhelyettes<br \/>\n<a href=\"mailto:gado.klara@semmelweis.hu\">gado.klara@semmelweis.hu<\/a><\/li>\n<li>Dr. Vingender Istv\u00e1n, d\u00e9k\u00e1nhelyettes<br \/>\n<a href=\"mailto:vingender.istvan@semmelweis.hu\">vingender.istvan@semmelweis.hu<\/a><\/li>\n<li>Dr. Balogh Zolt\u00e1n, d\u00e9k\u00e1nhelyettes<br \/>\n<a href=\"mailto:balogh.zoltan@semmelweis.hu\">balogh.zoltan@semmelweis.hu<\/a><\/li>\n<li>Fekete Rea R\u00e9ka, hallgat\u00f3<br \/>\n<a href=\"mailto:fekete.rea@stud.semmelweis.hu\">fekete.rea@stud.semmelweis.hu<\/a><\/li>\n<\/ul>\n<\/div><\/div>\n","protected":false},"excerpt":{"rendered":"<p>Kari Tan\u00e1cs eln\u00f6k Bedn\u00e1rikn\u00e9 dr. D\u00f6rnyei Gabriella d\u00e9k\u00e1n, f\u0151iskolai tan\u00e1r Tagok szavazati joggal Dr. Balogh Zolt\u00e1n d\u00e9k\u00e1nhelyettes, f\u0151iskolai tan\u00e1r Dr. Baji Ildik\u00f3, f\u0151iskolai tan\u00e1r Dr. Doros Attila, egyetemi docens Dr. Feith Helga Judit, f\u0151iskolai tan\u00e1r Dr. Gad\u00f3 Kl\u00e1ra d\u00e9k\u00e1nhelyettes, f\u0151iskolai tan\u00e1r Dr. Horv\u00e1th M\u00f3nika, f\u0151iskolai tan\u00e1r Dr. Kov\u00e1cs Ill\u00e9s, egyetemi docens Dr. Sinka Magdolna, f\u0151iskolai &hellip;<\/p>\n","protected":false},"author":101729,"featured_media":0,"parent":5,"menu_order":2,"comment_status":"closed","ping_status":"closed","template":"","meta":{"_acf_changed":false,"footnotes":""},"categories":[],"tags":[],"class_list":["post-112","page","type-page","status-publish","hentry"],"acf":[],"_links":{"self":[{"href":"https:\/\/semmelweis.hu\/etk\/wp-json\/wp\/v2\/pages\/112","targetHints":{"allow":["GET"]}}],"collection":[{"href":"https:\/\/semmelweis.hu\/etk\/wp-json\/wp\/v2\/pages"}],"about":[{"href":"https:\/\/semmelweis.hu\/etk\/wp-json\/wp\/v2\/types\/page"}],"author":[{"embeddable":true,"href":"https:\/\/semmelweis.hu\/etk\/wp-json\/wp\/v2\/users\/101729"}],"replies":[{"embeddable":true,"href":"https:\/\/semmelweis.hu\/etk\/wp-json\/wp\/v2\/comments?post=112"}],"version-history":[{"count":12,"href":"https:\/\/semmelweis.hu\/etk\/wp-json\/wp\/v2\/pages\/112\/revisions"}],"predecessor-version":[{"id":19658,"href":"https:\/\/semmelweis.hu\/etk\/wp-json\/wp\/v2\/pages\/112\/revisions\/19658"}],"up":[{"embeddable":true,"href":"https:\/\/semmelweis.hu\/etk\/wp-json\/wp\/v2\/pages\/5"}],"wp:attachment":[{"href":"https:\/\/semmelweis.hu\/etk\/wp-json\/wp\/v2\/media?parent=112"}],"wp:term":[{"taxonomy":"category","embeddable":true,"href":"https:\/\/semmelweis.hu\/etk\/wp-json\/wp\/v2\/categories?post=112"},{"taxonomy":"post_tag","embeddable":true,"href":"https:\/\/semmelweis.hu\/etk\/wp-json\/wp\/v2\/tags?post=112"}],"curies":[{"name":"wp","href":"https:\/\/api.w.org\/{rel}","templated":true}]}}