{"id":11100,"date":"2022-10-28T11:39:20","date_gmt":"2022-10-28T09:39:20","guid":{"rendered":"https:\/\/semmelweis.hu\/etk\/?page_id=11100"},"modified":"2025-12-09T11:14:50","modified_gmt":"2025-12-09T10:14:50","slug":"student-services","status":"publish","type":"page","link":"https:\/\/semmelweis.hu\/etk\/en\/students\/student-services\/","title":{"rendered":"Student services"},"content":{"rendered":"<div class=\"exp-col-content-holder\"><a class=\"expand-cnt-link\" href=\"#\">Equal opportunities and code of conduct<\/a><\/p>\n<div class=\"hidden-content\">\n<p><strong>Equal Opportunities<\/strong><strong> a<\/strong><strong>t<\/strong><strong> Semmelweis <\/strong><strong>University Faculty of Health Sciences<br \/>\n<\/strong><\/p>\n<p>The Plan of Equal Opportunities is a document laying the guidelines and requirements for the promotion of equal opportunities. It also contains the rules and regulations to aid the implementation of the aforementioned guidelines and requirements. Its main principle is that it is every person\u2019s inalienable right to receive equal treatment and not to be subject of direct or indirect discrimination.<\/p>\n<p>Semmelweis University dedicates special attention to the following areas of equal opportunities:\u00a0<\/p>\n<ol>\n<li>it recognises the equal rights of men and women and it aims to promote the fair and proportionate distribution of sexes in its institutions;<\/li>\n<li>it recognises the right to employment of employees with disabilities and ensures that they are not discriminated against their colleagues;<\/li>\n<li>it recognises the right to study of students with disabilities and ensures that they are not discriminated against other students;<\/li>\n<li>in order to promote equal opportunities, it provides services that promote the establishment of good living conditions and a healthy lifestyle for students and helps students with disabilities in assimilation during their studies and after graduation by its counselling and information services;<\/li>\n<li>during their studies, students with disabilities may be provided with special devices to aid their learning process.<\/li>\n<\/ol>\n<p><strong>Disability coordinator of <\/strong><strong>Semmelweis <\/strong><strong>University Faculty of Health Sciences<\/strong><strong>:<\/strong><br \/>\nMr. Bal\u00e1zs HORV\u00c1TH<\/p>\n<p><strong>Phone:<\/strong> +36 20 825 8426<\/p>\n<p>The tasks of the coordinator are as follows:<\/p>\n<ul>\n<li>participating in the evaluation of requests for help, exemptions and allowances, and in the decisions concerning appeal requests (the coordinator who took part in the evaluation of the request does not participate in the appeal procedure),<\/li>\n<li>communicating with students having disabilities as well as with their caregivers,<\/li>\n<li>ensuring assistance during the studies and exams of students living with disabilities, and organising consultations required by students,<\/li>\n<li>making proposals concerning the usage of normative subsidies that aim to help the studies of students having disabilities, and giving proposals for purchasing equipment to help students.<\/li>\n<\/ul>\n<p>Students shall provide the grounds upon which indicidualization and exemption claims are founded and they shall initiate the process to obtain preferential treatment. The evaluation of applications belongs to the jurisdiction of the Committee of Students with Disabilities, and not to the Faculty.<\/p>\n<p><strong>Semmelweis <\/strong><strong>University\u2019s Code of Conduct<\/strong><\/p>\n<p>The aim of the university\u2019s Code of Conduct is to set forth and describe those ethical standards that are essential for the university\u2019s community; however, they are not included in general ethical guidelines and codes of conduct referring to professions. Thus, it helps students and staff follow ethical standards, recognise ethical problems, find solutions and sanction non-compliant behaviour. Semmelweis University strives to promote the creation and maintenance of trust which is inevitable in making its operation successful, high standard and respectful.<\/p>\n<p>The university\u2019s Code of Conduct serves as a guideline for the general rules of conduct regarding university identity, education and university work. Besides defining proper behaviour it describes the prohibition of endangerment and the duty of protection. There is a separate chapter on respecting privacy and it also includes regulations on the evaluation of ethical complaints.<\/p>\n<\/div>\n<\/div>\n<div class=\"exp-col-content-holder\"><a class=\"expand-cnt-link\" href=\"#\">Students&#8217; Union (H\u00d6K)<\/a><\/p>\n<div class=\"hidden-content\">\n<p>The Students\u2019 Union (SU), or Hallgat\u00f3i \u00d6nkorm\u00e1nyzat (H\u00d6K) in Hungarian is Semmelweis University\u2019s organization responsible for student services and the representation of student interest.<\/p>\n<p>The SU is a body of student-elected representatives that surveys the students\u2019 opinion and presents it in front of the University itself and its leadership; represents students in the University\u2019s main decision-making bodies, together with offering services for the students.<\/p>\n<p><strong>All members of the Students\u2019 Union are active university<\/strong> <strong>students<\/strong>. All six faculties of the University (including the Faculty of Health Sciences) represent themselves in the SU through their own student representatives, creating smaller faculty government subunits within the Union. The faculty government subunits cooperate with and assist the central organization in resolving social and academic matters, facilitating the easier transfer of information and more direct communication with the students of the faculty, improving the faculty\u2019s sport life and organizing certain cultural and entertaining events, etc. Furthermore, the faculty government subunits delegate student representatives to the highest faculty bodies, the Faculty Councils.<\/p>\n<p>The Student\u2019s Union is led by the Presidency whose mandate lasts for one year and is elected by the Assembly of delegates. The Assembly of delegates is responsible for sending student delegates to the Faculty\u2019s committees. The legal monitoring of the Union\u2019s operation is performed by the Faculty Committee. Within its legal scope, the Faculty Committee has the rigth to raise objection against providions that go against a law or regulation, moreover, the Committee has the rigth to annul such provisions. The financial and material requirements needed for the operation of the Students\u2019 Union and for the completion of tasks prescribed by regulations are ensured by the Faculty\u2019 leadership, the usage of such resources is supervised by the Dean.<\/p>\n<p>SU headquarters is located in <strong>Nagyv\u00e1rad t\u00e9ri Elm\u00e9leti T\u00f6mb (NET)<\/strong>, however, <strong>there is also another student office in the Faculty of Health Sciences Building<\/strong> for <strong>Eg\u00e9szs\u00e9gtudom\u00e1nyi Kar Hallgat\u00f3i R\u00e9sz\u00f6nkorm\u00e1nyzat<\/strong>.<\/p>\n<p><em>We are delighted to welcome any students who are enthusiastic and interested in what SU FHS-SU does. <\/em><\/p>\n<p><em>If you would like to join us, please contact us by phone (+ 36 (1) 486-5888) or by email (health.hok@semmelweis.hu).<\/em><\/p>\n<\/div>\n<\/div>\n<div class=\"exp-col-content-holder\"><a class=\"expand-cnt-link\" href=\"#\">Sports<\/a><\/p>\n<div class=\"hidden-content\">\n<p>Semmelweis University Faculty of Health Sciences offers a wide range of sporting opportunities for students.<\/p>\n<p><strong>Physical education classes<\/strong> are compulsory during the first four semesters. In classes and during trainings, wearing sport clothing is compulsory and no outdoor shoes are allowed. Students arriving late are not allowed to join the class due to accident risks. Exemption from attending the PE classes can be granted. More information on the exemption: <strong><a href=\"https:\/\/semmelweis.hu\/etk\/files\/2022\/09\/STEFI_hallgatoi-utmutato_20220902_ENG_final.pdf\">Guide<\/a><\/strong><\/p>\n<p><strong>Free time sport activities<\/strong> can be pursued at the following locations:<\/p>\n<p>Facility at Vas street: 2 gyms, venues of<\/p>\n<ul>\n<li>weightlifting;<\/li>\n<li>aerobic;<\/li>\n<li>table tennis.<\/li>\n<\/ul>\n<p>Cs\u00e1sz\u00e1r-Komj\u00e1di Swimming Pool, venue of<\/p>\n<ul>\n<li>swimming;<\/li>\n<li>therapeutic swimming.<\/li>\n<\/ul>\n<p>Dormitory at Hajdu street, venue of<\/p>\n<ul>\n<li>body building, table tennis, aerobic;<\/li>\n<li>basketball, volleyball.<\/li>\n<\/ul>\n<p>Courts and sport fields rented in the vicinity of the Vas street building:<\/p>\n<ul>\n<li>basketball;<\/li>\n<li>volleyball;<\/li>\n<li>handball;<\/li>\n<li>floorball;<\/li>\n<li>football.<\/li>\n<\/ul>\n<p><strong>Club and Team Sports<br \/>\n<\/strong><\/p>\n<p>Besides the obligatory sport courses the University offers sporting opportunities on a more advanced level. The University has its own\u00a0 <a href=\"https:\/\/www.facebook.com\/semmelweisroplabda\/\" target=\"_blank\" rel=\"noopener noreferrer\">volleyball<\/a>,<a href=\"https:\/\/www.facebook.com\/Semmelweisbasketball\/\" target=\"_blank\" rel=\"noopener noreferrer\"> basketball<\/a>, <a href=\"https:\/\/www.facebook.com\/sotehandball\/\" target=\"_blank\" rel=\"noopener noreferrer\">handball<\/a>, <a href=\"https:\/\/www.facebook.com\/semmelweisfutsal\/\" target=\"_blank\" rel=\"noopener noreferrer\">football<\/a>, <a href=\"https:\/\/www.facebook.com\/secheerleaders\/\" target=\"_blank\" rel=\"noopener noreferrer\">cheerleader-<\/a> and <a href=\"https:\/\/www.facebook.com\/SemmelweisVizilabda\/\" target=\"_blank\" rel=\"noopener noreferrer\">water polo<\/a> teams. Preparation for competitions usually involves 2-3 practice sessions a week.<\/p>\n<p>The Division of Physical Education provides regular trainings and participation in university championships in volleyball, basketball, handball, soccer and floorball. Running trainings are organized every week; these serve as a good preparation opportunity for competing in the big running galas of Budapest.<\/p>\n<p class=\"entry-title \"><strong>Recreational Facilities<\/strong><\/p>\n<div class=\"entry-content\">\n<p>Apart from the sporting opportunities provided by the University there are other independent sporting facilities that the students of Semmelweis University can use for discounted prices.\u00a0\u00a0The list of discounted cultural and sporting facilities can be found<strong> <a href=\"https:\/\/semmelweis.hu\/english\/students\/discounts-for-students-and-staff\/\" target=\"_blank\" rel=\"noopener noreferrer\">here<\/a><\/strong>.<\/p>\n<p><b>Students\u2019 Sport Association (Di\u00e1ksport Egyes\u00fclet) <\/b><\/p>\n<p>Founded in 1985 and declared to be an organisation of public utility in 2002, Students\u2019 Sport Association aims at satisfying the sports needs of students of the Faculty and members of the association, managing sport trainings, and providing the conditions for competitions and free-time programmes.<\/p>\n<p><b>Tel.: <\/b>061-486-5850 <br \/>\n<b>Tel.\/Fax: <\/b>061-486-5851 <br \/>\n<b>E-mail: <\/b><a href=\"mailto:etk.testneveles@semmelweis.hu\">etk.testneveles@semmelweis.hu<\/a><br \/>\n<b>Room: <\/b>424 <br \/>\n<b>Head: <\/b>Mr. G\u00e1bor So\u00f3s, head PE teacher<\/p>\n<\/div>\n<\/div>\n<\/div>\n<div class=\"exp-col-content-holder\"><a class=\"expand-cnt-link\" href=\"#\">IT Services<\/a><\/p>\n<div class=\"hidden-content\">\n<p>Approximately 60 workstations are available for students in the Faculty buildings and the dormitories during the opening hours. The computers enable students to access high- speed Internet, use the Neptun Education System and the University\u2019s library system, search in the catalogue of the Faculty\u2019s library and print online or computer-based documents. Further 190 computers are provided in the Faculty\u2019s classrooms for learning, practising with special programs that are used in the training of dieticians and optometrists, for using word processing and electronic spreadsheet programs, and for preparing and delivering presentations. Computers of the classrooms can also be used by students provided there is no class at that time.<\/p>\n<p>Students may access the Internet via WIFI connection in the Vas street and in the Erkel street buildings.<\/p>\n<\/div>\n<\/div>\n<div class=\"exp-col-content-holder\"><a class=\"expand-cnt-link\" href=\"#\">Legal remedy<\/a><\/p>\n<div class=\"hidden-content\">\n<p>Pursuant to Article 57 \u00a7 (1) \u2013 (3) of the Act on National Higher Education (Nftv), in the event of the infringements of their rights, students may:<\/p>\n<ol>\n<li>a) seek legal assistance from the students\u2019 union,<\/li>\n<li>c) lodge an appeal, which shall be examined by the higher education institution as set out in this Act,<\/li>\n<li>d) initiate proceedings by the Commissioner for Educational Rights, provided that all remedies available under this Act, except for judicial proceedings, have been exhausted.<\/li>\n<\/ol>\n<p>(2) In the cases specified in this Act, the relevant government decrees and its rules for organization and operation, and if so requested by the student, the higher education institution shall notify the student of decisions that concern him or her in writing. The decision adopted by the higher education institution concerning the student shall be final if the student concerned fails to lodge an appeal within the time limit set in paragraph (3) or has waived the right to lodge an appeal.<\/p>\n<p>(3) With the exception of decisions relating to the assessment of academic achievements, any decision or measure, or failure to act, of the higher education institution (hereinafter referred to jointly as \u201cdecision\u201d) shall be subject to appeal within fifteen days after notification or, in the absence of notification, the student\u2019s becoming aware of it. Students may also initiate proceedings against a decision relating to the assessment of academic achievements if it was not based on the requirements adopted by the higher education institution, or conflicts with the higher education institution\u2019s rules for organization and operation or any provision applicable to the organization of examinations has been violated.<\/p>\n<p>The rules of legal remedies of the University are included in Students\u2019 System of Requirements in Semmelweis University Organizational and Operational Regulations, which is available at the homepage of the Faculty at <a href=\"https:\/\/semmelweis.hu\/etk\/en\/students\/regulations\">https:\/\/semmelweis.hu\/etk\/en\/students\/regulations<\/a><\/p>\n<\/div>\n<\/div>\n<div class=\"exp-col-content-holder\"><a class=\"expand-cnt-link\" href=\"#\">Psychological counselling for Faculty students<\/a><\/p>\n<div class=\"hidden-content\">\n<p style=\"text-align: justify\">Psychological counselling is a 3-6 session facilitation process that can be used to help the candidate to change psychological problems. It primarily supports people who are stuck in their current life situation to achieve their goals or to function more effectively. The counselling process consists of an initial interview to go around the specific issue the student brings, then discussing the purpose and focus of the work and the number of sessions the process will consist of. This typically means meetings on a weekly or fortnightly basis. Psychological counselling at the university is not psychotherapy and therefore does not constitute a medical activity. If it is needed, a referral to an appropriate professional will be made on the basis of the psychologist&#8217;s recommendation.<\/p>\n<p style=\"text-align: justify\">The following are the problem areas for which counselling may be useful:<\/p>\n<ul style=\"text-align: justify\">\n<li>exam stress and learning difficulties<\/li>\n<li>relationships with family, parents, separation<\/li>\n<li>self-esteem difficulties<\/li>\n<li>difficulty due to life stage change<\/li>\n<li>career guidance issues<\/li>\n<li>conflict management<\/li>\n<li>relationship problems<\/li>\n<li>crises arising from life situations<\/li>\n<\/ul>\n<p style=\"text-align: justify\">Psychological counselling takes place at a pre-arranged time and place in the ETK building. The counselling sessions are held by Bori Hepke and Zs\u00f3fia Szeiler.<\/p>\n<p style=\"text-align: justify\">Registration is possible by clicking <strong>HERE<\/strong>. For more information, please contact the following email addresses:<\/p>\n<p style=\"text-align: justify\">Ms. Bori Hepke: <a href=\"mailto:hborcsi@gmail.com\">hborcsi@gmail.com<\/a><br \/>\nMs. Zs\u00f3fia Szeiler: <a href=\"mailto:zsofia.szeiler@gmail.com\">zsofia.szeiler@gmail.com<\/a><\/p>\n<\/div>\n<\/div>\n<div class=\"exp-col-content-holder\"><a class=\"expand-cnt-link\" href=\"#\">Faculty book store<\/a><\/p>\n<div class=\"hidden-content\">\n<p><strong>Address of the ETK Book Store:<\/strong> 17 Vas street, Budapest 1088 \u2013 basement, room 042<\/p>\n<p><strong>Administrator<\/strong>: Ms. Zsuzsanna Pol\u00f3nyi<\/p>\n<p><strong>Phone: <\/strong>(1) 486 5860<\/p>\n<p><strong>E-mail:<\/strong> etk.jegyzetbolt@semmelweis.hu<\/p>\n<p>&nbsp;<\/p>\n<p>&nbsp;<\/p>\n<table border=\"1\" cellspacing=\"0\" cellpadding=\"3\" align=\"center\">\n<tbody>\n<tr bgcolor=\"#e0e0f0\">\n<td colspan=\"2\" align=\"CENTER\" valign=\"TOP\"><b>Opening hours\u00a0<\/b><\/td>\n<\/tr>\n<tr>\n<td valign=\"TOP\" width=\"30%\">Monday:<\/td>\n<td valign=\"TOP\" width=\"70%\"><b> 9:00 am \u2013 12:30 pm\u00a0 and 1:30 pm \u2013 3:30 pm<\/b><\/td>\n<\/tr>\n<tr>\n<td valign=\"TOP\" width=\"30%\">Tuesday:<\/td>\n<td valign=\"TOP\" width=\"70%\"><b>9:00 am \u2013 12:30 pm\u00a0 and 1:30 pm \u2013 3:30 pm<\/b><\/td>\n<\/tr>\n<tr>\n<td valign=\"TOP\" width=\"30%\">Wednesday:<\/td>\n<td valign=\"TOP\" width=\"70%\"><b>9:00 am \u2013 12:30 pm\u00a0 and 1:30 pm \u2013 3:30 pm<\/b><b><br \/>\n<\/b><\/td>\n<\/tr>\n<tr>\n<td valign=\"TOP\" width=\"30%\">Thursday:<\/td>\n<td valign=\"TOP\" width=\"70%\"><b> 9:00 am \u2013 12:30 pm\u00a0 and 1:30 pm \u2013 3:30 pm<\/b><\/td>\n<\/tr>\n<tr>\n<td valign=\"TOP\" width=\"30%\">Friday:<\/td>\n<td valign=\"TOP\" width=\"70%\"><b>9:00 am \u2013 1:30 pm<\/b><\/td>\n<\/tr>\n<\/tbody>\n<\/table>\n<p>&nbsp;<\/p>\n<p><b>Our publisher and our publications<\/b><\/p>\n<p align=\"justify\">Our publisher has been in operation since the foundation of the Faculty of Health Sciences (that was in 1975) as a university book and course book publisher. The faculty publisher serves to publish high-standard university books and course books including the latest knowledge of science for students of health sciences and postgraduate training programmes. During the last years, we also provide the students of countryside universities with university books and course books that primarily deal with the course material of physiotherapists and health visitors. Our publications are always widely welcomed. In harmony with our last years\u0092 practice, we would like to keep fulfilling our task undertaken: preparing publications that ensure the modern and high-quality education and training of students.<\/p>\n<p>Publications:<\/p>\n<ul>\n<li>course books<\/li>\n<li>university books<\/li>\n<li>technical books<\/li>\n<li>study guides<\/li>\n<li>manuals of practice<\/li>\n<li>faculty booklets<\/li>\n<\/ul>\n<p>Some of the university books \u0096 that were published by the faculty publisher \u0096 are available through the book-printer system. The great advantage of the system is that students can order even separate parts of the books electronically.<\/p>\n<p><strong>Publications in English<\/strong><\/p>\n<ul>\n<li>Applied Biology \u2013 <b>print-on-demand only,\u00a0 e-version available MeRSZ online database<\/b><\/li>\n<\/ul>\n<p><strong>Other publications for English-speaking students<\/strong><\/p>\n<table border=\"0\" cellspacing=\"3\" cellpadding=\"0\" align=\"center\">\n<tbody>\n<tr>\n<td valign=\"top\">\n<p>J\u00f3 reggelt!: Hungarian language book<\/p>\n<p>(On SoundCloud: <a href=\"https:\/\/soundcloud.com\/user-805225528\/sets\/jo-reggelt-hungarian-lessons-sound-files\">https:\/\/soundcloud.com\/user-805225528\/sets\/jo-reggelt-hungarian-lessons-sound-files<\/a>)<\/p>\n<\/td>\n<td valign=\"top\">L\u00edvia Gy\u00f6ngy\u00f6si \u2013 B\u00e1lint Hetesy<\/td>\n<td>HUF 4500<\/td>\n<\/tr>\n<tr>\n<td valign=\"top\">\n<p>J\u00f3 napot k\u00edv\u00e1nok!: Hungarian language book<\/p>\n<p>(On SoundCloud: <a href=\"https:\/\/soundcloud.com\/user-805225528\/sets\/jonapot-hungarian-lessons-sound-files\">https:\/\/soundcloud.com\/user-805225528\/sets\/jonapot-hungarian-lessons-sound-files<\/a>)<\/p>\n<\/td>\n<td valign=\"top\">L\u00edvia Gy\u00f6ngy\u00f6si \u2013 B\u00e1lint Hetesy<\/td>\n<td>HUF 4500<\/td>\n<\/tr>\n<tr>\n<td valign=\"top\">\n<p>Eg\u00e9szs\u00e9g\u00e9re!: Magyar orvosi szaknyelv (Hungarian medical language)<\/p>\n<p>(On SoundCloud: <a href=\"https:\/\/soundcloud.com\/user-805225528\/sets\/egeszsegere-hungarian-lessons-sound-files\">https:\/\/soundcloud.com\/user-805225528\/sets\/egeszsegere-hungarian-lessons-sound-files<\/a>)<\/p>\n<\/td>\n<td valign=\"top\">Annam\u00e1ria Marthy \u2013 \u00c1gnes V\u00e9gh<\/td>\n<td>HUF 4500<\/td>\n<\/tr>\n<\/tbody>\n<\/table>\n<p>&nbsp;<\/p>\n<\/div>\n<\/div>\n<p><a href=\"https:\/\/semmelweis.hu\/etk\/en\/students\/library\/\">LIBRARY\u2192<\/a><\/p>\n<p><a href=\"https:\/\/semmelweis.hu\/etk\/en\/about-the-faculty\/program-coordination-and-development-office-for-health-sciences\/\">PROGRAM COORDINATION AND DEVELOPMENT OFFICE FOR HEALTH SCIENCES<\/a> <a href=\"https:\/\/semmelweis.hu\/etk\/en\/about-the-faculty\/program-coordination-and-development-office-for-health-sciences\/\">\u2192<\/a><\/p>\n<p><a href=\"https:\/\/semmelweis.hu\/hok\/en\/useful\/student-spaces-facilities-and-services\/dormitories\/\">DORMITORIES \u2192<\/a><\/p>\n","protected":false},"excerpt":{"rendered":"<p><a class=\"expand-cnt-link\" href=\"#\">Equal opportunities and code of conduct<\/a> Equal Opportunities at Semmelweis University Faculty of Health Sciences The Plan of Equal Opportunities is a document laying the guidelines and requirements for the promotion of equal opportunities. It also contains the rules and regulations to aid the implementation of the aforementioned guidelines and requirements. Its main principle is that it is every person\u2019s inalienable &hellip;<\/p>\n","protected":false},"author":101733,"featured_media":0,"parent":289,"menu_order":5,"comment_status":"closed","ping_status":"closed","template":"","meta":{"_acf_changed":false,"footnotes":""},"categories":[],"tags":[],"class_list":["post-11100","page","type-page","status-publish","hentry"],"acf":[],"_links":{"self":[{"href":"https:\/\/semmelweis.hu\/etk\/wp-json\/wp\/v2\/pages\/11100","targetHints":{"allow":["GET"]}}],"collection":[{"href":"https:\/\/semmelweis.hu\/etk\/wp-json\/wp\/v2\/pages"}],"about":[{"href":"https:\/\/semmelweis.hu\/etk\/wp-json\/wp\/v2\/types\/page"}],"author":[{"embeddable":true,"href":"https:\/\/semmelweis.hu\/etk\/wp-json\/wp\/v2\/users\/101733"}],"replies":[{"embeddable":true,"href":"https:\/\/semmelweis.hu\/etk\/wp-json\/wp\/v2\/comments?post=11100"}],"version-history":[{"count":11,"href":"https:\/\/semmelweis.hu\/etk\/wp-json\/wp\/v2\/pages\/11100\/revisions"}],"predecessor-version":[{"id":19053,"href":"https:\/\/semmelweis.hu\/etk\/wp-json\/wp\/v2\/pages\/11100\/revisions\/19053"}],"up":[{"embeddable":true,"href":"https:\/\/semmelweis.hu\/etk\/wp-json\/wp\/v2\/pages\/289"}],"wp:attachment":[{"href":"https:\/\/semmelweis.hu\/etk\/wp-json\/wp\/v2\/media?parent=11100"}],"wp:term":[{"taxonomy":"category","embeddable":true,"href":"https:\/\/semmelweis.hu\/etk\/wp-json\/wp\/v2\/categories?post=11100"},{"taxonomy":"post_tag","embeddable":true,"href":"https:\/\/semmelweis.hu\/etk\/wp-json\/wp\/v2\/tags?post=11100"}],"curies":[{"name":"wp","href":"https:\/\/api.w.org\/{rel}","templated":true}]}}