{"id":110,"date":"2020-03-23T14:14:25","date_gmt":"2020-03-23T13:14:25","guid":{"rendered":"http:\/\/semmelweis.hu\/etk\/?page_id=110"},"modified":"2026-04-13T11:08:30","modified_gmt":"2026-04-13T09:08:30","slug":"kari-vezetok-tisztsegviselok","status":"publish","type":"page","link":"https:\/\/semmelweis.hu\/etk\/az-egeszsegtudomanyi-karrol\/kari-vezetok-tisztsegviselok\/","title":{"rendered":"Kari vezet\u0151k, tiszts\u00e9gvisel\u0151k"},"content":{"rendered":"<p><strong><img loading=\"lazy\" decoding=\"async\" class=\"wp-image-13175  alignleft\" src=\"https:\/\/semmelweis.hu\/etk\/files\/2023\/08\/0.jpeg\" alt=\"\" width=\"205\" height=\"290\" \/><\/strong><strong>D\u00e9k\u00e1n<\/strong><\/p>\n<p><a href=\"https:\/\/semmelweis.hu\/etk\/az-egeszsegtudomanyi-karrol\/kari-vezetok-tisztsegviselok\/dekan\/\">Bedn\u00e1rikn\u00e9 Dr. Habil. D\u00f6rnyei Gabriella<\/a><br \/>\nf\u0151iskolai tan\u00e1r<\/p>\n<p><i><\/i>Telefon: +36 1 486 4800<br \/>\nE-mail: <a href=\"mailto:etk.dekan@semmelweis.hu\">etk.dekan@semmelweis.hu<\/a><\/p>\n<hr \/>\n<p><strong><img loading=\"lazy\" decoding=\"async\" class=\"alignleft wp-image-13173\" src=\"https:\/\/semmelweis.hu\/etk\/files\/2023\/08\/1.jpeg\" alt=\"\" width=\"204\" height=\"307\" \/><\/strong><\/p>\n<p><strong>\u00c1ltal\u00e1nos d\u00e9k\u00e1nhelyettes<\/strong><\/p>\n<p><a href=\"https:\/\/semmelweis.hu\/etk\/az-egeszsegtudomanyi-karrol\/kari-vezetok-tisztsegviselok\/megbizott-dekanheylettes\/\">Dr. Gad\u00f3 Kl\u00e1ra<\/a><br \/>\nf\u0151iskolai tan\u00e1r<\/p>\n<p>Tel.: +36 1 4865 970<br \/>\nE-mail: <a href=\"mailto:gado.klara@semmelweis.hu\">gado.klara@semmelweis.hu<\/a><\/p>\n<hr \/>\n<p><strong><img loading=\"lazy\" decoding=\"async\" class=\"wp-image-12998  alignleft\" src=\"https:\/\/semmelweis.hu\/etk\/files\/2023\/08\/3.jpeg\" alt=\"\" width=\"206\" height=\"246\" \/><\/strong><\/p>\n<p><strong>Oktat\u00e1si d\u00e9k\u00e1nhelyettes<\/strong><\/p>\n<p><a href=\"https:\/\/semmelweis.hu\/etk\/az-egeszsegtudomanyi-karrol\/kari-vezetok-tisztsegviselok\/oktatasi-dekanhelyettes\/\">Dr. Vingender Istv\u00e1n habil<\/a><br \/>\nf\u0151iskolai tan\u00e1r<\/p>\n<p>\nTel.: +36 1 4864 911<br \/>\nE-mail: <a href=\"mailto:vingender.istvan@semmelweis.hu\">vingender.istvan@semmelweis.hu<\/a><\/p>\n<hr \/>\n<p><strong><img loading=\"lazy\" decoding=\"async\" class=\"wp-image-13172 alignleft\" src=\"https:\/\/semmelweis.hu\/etk\/files\/2023\/08\/2.jpeg\" alt=\"\" width=\"205\" height=\"308\" \/>Klinikai kapcsolatok d\u00e9k\u00e1nhelyettes<\/strong><\/p>\n<p><a href=\"https:\/\/semmelweis.hu\/etk\/az-egeszsegtudomanyi-karrol\/kari-vezetok-tisztsegviselok\/tudomanyos-dekanhelyettes\/\">Dr. Balogh Zolt\u00e1n <\/a><br \/>\nf\u0151iskolai tan\u00e1r<\/p>\n<p>Tel.: +36 1 4865 936<br \/>\nE-mail: <a href=\"mailto:balogh.zoltan@semmelweis.hu\">balogh.zoltan@semmelweis.hu<\/a><\/p>\n<p>&nbsp;<\/p>\n<hr \/>\n<p><strong><img loading=\"lazy\" decoding=\"async\" class=\"alignleft  wp-image-19328\" src=\"https:\/\/semmelweis.hu\/etk\/files\/2026\/01\/FNL-scaled.jpg\" alt=\"\" width=\"205\" height=\"256\" srcset=\"https:\/\/semmelweis.hu\/etk\/files\/2026\/01\/FNL-scaled.jpg 2048w, https:\/\/semmelweis.hu\/etk\/files\/2026\/01\/FNL-320x400.jpg 320w, https:\/\/semmelweis.hu\/etk\/files\/2026\/01\/FNL-819x1024.jpg 819w, https:\/\/semmelweis.hu\/etk\/files\/2026\/01\/FNL-768x960.jpg 768w, https:\/\/semmelweis.hu\/etk\/files\/2026\/01\/FNL-1229x1536.jpg 1229w, https:\/\/semmelweis.hu\/etk\/files\/2026\/01\/FNL-1639x2048.jpg 1639w, https:\/\/semmelweis.hu\/etk\/files\/2026\/01\/FNL-753x941.jpg 753w\" sizes=\"auto, (max-width: 205px) 100vw, 205px\" \/>Tudom\u00e1nyos d\u00e9k\u00e1nhelyettes<\/strong><\/p>\n<p><a href=\"https:\/\/semmelweis.hu\/etk\/az-egeszsegtudomanyi-karrol\/kari-vezetok-tisztsegviselok\/tudomanyos-dekanhelyettes\/\">Dr. F\u00f6ldv\u00e1ri-Nagy L\u00e1szl\u00f3<\/a><br \/>\nf\u0151iskolai tan\u00e1r<\/p>\n<p>Tel.: +36 1 4864 944<br \/>\nE-mail: <a href=\"mailto:foldvari-nagy.laszlo@semmelweis.hu\">foldvari-nagy.laszlo@semmelweis.hu<\/a><\/p>\n<hr \/>\n<p>&nbsp;<\/p>\n","protected":false},"excerpt":{"rendered":"<p>D\u00e9k\u00e1n <a href=\"https:\/\/semmelweis.hu\/etk\/az-egeszsegtudomanyi-karrol\/kari-vezetok-tisztsegviselok\/dekan\/\">Bedn\u00e1rikn\u00e9 Dr. Habil. D\u00f6rnyei Gabriella<\/a> f\u0151iskolai tan\u00e1r Telefon: +36 1 486 4800 E-mail: <a href=\"mailto:etk.dekan@semmelweis.hu\">etk.dekan@semmelweis.hu<\/a> \u00c1ltal\u00e1nos d\u00e9k\u00e1nhelyettes <a href=\"https:\/\/semmelweis.hu\/etk\/az-egeszsegtudomanyi-karrol\/kari-vezetok-tisztsegviselok\/megbizott-dekanheylettes\/\">Dr. Gad\u00f3 Kl\u00e1ra<\/a> f\u0151iskolai tan\u00e1r Tel.: +36 1 4865 970 E-mail: <a href=\"mailto:gado.klara@semmelweis.hu\">gado.klara@semmelweis.hu<\/a> Oktat\u00e1si d\u00e9k\u00e1nhelyettes <a href=\"https:\/\/semmelweis.hu\/etk\/az-egeszsegtudomanyi-karrol\/kari-vezetok-tisztsegviselok\/oktatasi-dekanhelyettes\/\">Dr. Vingender Istv\u00e1n habil<\/a> f\u0151iskolai tan\u00e1r Tel.: +36 1 4864 911 E-mail: <a href=\"mailto:vingender.istvan@semmelweis.hu\">vingender.istvan@semmelweis.hu<\/a> Klinikai kapcsolatok d\u00e9k\u00e1nhelyettes <a href=\"https:\/\/semmelweis.hu\/etk\/az-egeszsegtudomanyi-karrol\/kari-vezetok-tisztsegviselok\/tudomanyos-dekanhelyettes\/\">Dr. Balogh Zolt\u00e1n <\/a> f\u0151iskolai tan\u00e1r Tel.: +36 1 4865 936 E-mail: <a href=\"mailto:balogh.zoltan@semmelweis.hu\">balogh.zoltan@semmelweis.hu<\/a> &nbsp; Tudom\u00e1nyos d\u00e9k\u00e1nhelyettes <a href=\"https:\/\/semmelweis.hu\/etk\/az-egeszsegtudomanyi-karrol\/kari-vezetok-tisztsegviselok\/tudomanyos-dekanhelyettes\/\">Dr. F\u00f6ldv\u00e1ri-Nagy L\u00e1szl\u00f3<\/a> f\u0151iskolai tan\u00e1r Tel.: +36 1 4864 944 E-mail: <a href=\"mailto:foldvari-nagy.laszlo@semmelweis.hu\">foldvari-nagy.laszlo@semmelweis.hu<\/a> &hellip;<\/p>\n","protected":false},"author":101729,"featured_media":0,"parent":5,"menu_order":1,"comment_status":"closed","ping_status":"closed","template":"","meta":{"_acf_changed":false,"footnotes":""},"categories":[],"tags":[],"class_list":["post-110","page","type-page","status-publish","hentry"],"acf":[],"_links":{"self":[{"href":"https:\/\/semmelweis.hu\/etk\/wp-json\/wp\/v2\/pages\/110","targetHints":{"allow":["GET"]}}],"collection":[{"href":"https:\/\/semmelweis.hu\/etk\/wp-json\/wp\/v2\/pages"}],"about":[{"href":"https:\/\/semmelweis.hu\/etk\/wp-json\/wp\/v2\/types\/page"}],"author":[{"embeddable":true,"href":"https:\/\/semmelweis.hu\/etk\/wp-json\/wp\/v2\/users\/101729"}],"replies":[{"embeddable":true,"href":"https:\/\/semmelweis.hu\/etk\/wp-json\/wp\/v2\/comments?post=110"}],"version-history":[{"count":12,"href":"https:\/\/semmelweis.hu\/etk\/wp-json\/wp\/v2\/pages\/110\/revisions"}],"predecessor-version":[{"id":19803,"href":"https:\/\/semmelweis.hu\/etk\/wp-json\/wp\/v2\/pages\/110\/revisions\/19803"}],"up":[{"embeddable":true,"href":"https:\/\/semmelweis.hu\/etk\/wp-json\/wp\/v2\/pages\/5"}],"wp:attachment":[{"href":"https:\/\/semmelweis.hu\/etk\/wp-json\/wp\/v2\/media?parent=110"}],"wp:term":[{"taxonomy":"category","embeddable":true,"href":"https:\/\/semmelweis.hu\/etk\/wp-json\/wp\/v2\/categories?post=110"},{"taxonomy":"post_tag","embeddable":true,"href":"https:\/\/semmelweis.hu\/etk\/wp-json\/wp\/v2\/tags?post=110"}],"curies":[{"name":"wp","href":"https:\/\/api.w.org\/{rel}","templated":true}]}}