{"id":108,"date":"2020-03-23T14:02:28","date_gmt":"2020-03-23T13:02:28","guid":{"rendered":"http:\/\/semmelweis.hu\/etk\/?page_id=108"},"modified":"2026-02-26T14:33:40","modified_gmt":"2026-02-26T13:33:40","slug":"konyvtar","status":"publish","type":"page","link":"https:\/\/semmelweis.hu\/etk\/az-egeszsegtudomanyi-karrol\/konyvtar\/","title":{"rendered":"K\u00f6nyvt\u00e1r"},"content":{"rendered":"<h2>Az Eg\u00e9szs\u00e9gtudom\u00e1nyi Kar k\u00f6nyvt\u00e1r\u00e1r\u00f3l<\/h2>\n<h5>1088 Budapest, Vas u. 17. fsz. 21.<\/h5>\n<p style=\"text-align: justify\">A Semmelweis Egyetem Eg\u00e9szs\u00e9gtudom\u00e1nyi Kar K\u00f6nyvt\u00e1ra nyilv\u00e1nos k\u00f6nyvt\u00e1r, amely az int\u00e9zm\u00e9ny 1975-ben t\u00f6rt\u00e9nt l\u00e9trehoz\u00e1s\u00e1val egyid\u0151ben kezdte meg m\u0171k\u00f6d\u00e9s\u00e9t. A k\u00f6nyvt\u00e1r feladatk\u00f6re az int\u00e9zm\u00e9ny oktat\u00f3inak, hallgat\u00f3inak \u00e9s egy\u00e9b dolgoz\u00f3inak ell\u00e1t\u00e1sa az oktat\u00e1shoz, tanul\u00e1shoz, kutat\u00e1shoz \u00e9s m\u00e1s szakmai tev\u00e9kenys\u00e9g\u00e9hez sz\u00fcks\u00e9ges nyomtatott \u00e9s elektronikus inform\u00e1ci\u00f3kkal. A k\u00f6nyvt\u00e1rban el\u0151jegyz\u00e9st, hosszabb\u00edt\u00e1st \u00e9s k\u00f6nyvt\u00e1rk\u00f6zi k\u00f6lcs\u00f6nz\u00e9ssel kapcsolatos k\u00e9r\u00e9seket tudunk teljes\u00edteni.\u00a0<\/p>\n<p style=\"text-align: justify\">K\u00f6nyvt\u00e1runk \u00e1llom\u00e1ny\u00e1ban a Semmelweis Egyetemen k\u00f6z\u00f6s<strong> <a href=\"http:\/\/hunteka.lib.semmelweis.hu\/\">Katal\u00f3gus<\/a> <\/strong>seg\u00edti a keres\u00e9st.<\/p>\n<p style=\"text-align: center\">\u00a0<\/p>\n<div class=\"keretes w-100\">\n<h4><strong>Nyitvatart\u00e1s szorgalmi id\u0151szakban:<\/strong><\/h4>\n<p style=\"padding-left: 40px\">H\u00e9tf\u0151: 9:00 &#8211; 19:00<br \/>\nKedd: 8:00 &#8211; 19:00<br \/>\nSzerda: 8:00 &#8211; 19:00<br \/>\nCs\u00fct\u00f6rt\u00f6k: 8:00 &#8211; 19:00<br \/>\nP\u00e9ntek: 9:00 &#8211; 16:00<\/p>\n<h4><strong>Nyitvatart\u00e1s vizsgaid\u0151szakban:<\/strong><\/h4>\n<p style=\"padding-left: 40px\">H\u00e9tf\u0151: 9:00 &#8211; 19:00<br \/>\nKedd: 9:00 &#8211; 16:00<br \/>\nSzerda: 9:00 &#8211; 16:00<br \/>\nCs\u00fct\u00f6rt\u00f6k: 9:00 &#8211; 19:00<br \/>\nP\u00e9ntek: 9:00 &#8211; 16:00<\/p>\n<h4><strong>Beiratkoz\u00e1s, k\u00f6lcs\u00f6nz\u00e9s, hosszabb\u00edt\u00e1s<\/strong><\/h4>\n<p style=\"padding-left: 40px\">Telefon: +36-1-486-5959<\/p>\n<h4><strong>T\u00e1j\u00e9koztat\u00e1s<\/strong><\/h4>\n<p style=\"padding-left: 40px\">Telefon: 06-1-486-5955<br \/>\nE-mail: <a href=\"mailto:etk.konyvtar@semmelweis.hu\">etk.konyvtar@semmelweis.hu<\/a><\/p>\n<\/div>\n<p>&nbsp;<\/p>\n<p><strong>K\u00f6vesse az Eg\u00e9szs\u00e9gtudom\u00e1nyi Kar K\u00f6nyvt\u00e1r\u00e1nak Facebook oldal\u00e1t az ikonra kattintva:<\/strong> <a href=\"https:\/\/www.facebook.com\/SEETKkonyvtar\/\"><img loading=\"lazy\" decoding=\"async\" class=\"wp-image-17278 alignnone\" src=\"https:\/\/semmelweis.hu\/etk\/files\/2025\/02\/fb_13051733.png\" alt=\"\" width=\"30\" height=\"30\" srcset=\"https:\/\/semmelweis.hu\/etk\/files\/2025\/02\/fb_13051733.png 512w, https:\/\/semmelweis.hu\/etk\/files\/2025\/02\/fb_13051733-400x400.png 400w, https:\/\/semmelweis.hu\/etk\/files\/2025\/02\/fb_13051733-150x150.png 150w\" sizes=\"auto, (max-width: 30px) 100vw, 30px\" \/><\/a><\/p>\n<div class=\"responsive-tabs\">\n<h2 class=\"tabtitle\">Ismertet\u0151k<\/h2>\n<div class=\"tabcontent\">\n\n<h4 style=\"text-align: justify\"><strong>Vide\u00f3s ismertet\u0151<\/strong><\/h4>\n<p>A bemutat\u00f3ban megismerkedhetnek a K\u00f6nyvt\u00e1r tereivel, szolg\u00e1ltat\u00e1saival. A vet\u00edt\u00e9st k\u00e9sz\u00edtette a K\u00f6nyvt\u00e1r k\u00e9t munkat\u00e1rsa: Orb\u00e1n Zs\u00f3fia \u00e9s Tampu Kriszti\u00e1n.<\/p>\n<p style=\"text-align: center\">\n<!-- iframe plugin v.4.9 wordpress.org\/plugins\/iframe\/ -->\n<iframe loading=\"lazy\" id=\"kaltura_player\" src=\"https:\/\/cdnapisec.kaltura.com\/p\/2714041\/sp\/271404100\/embedIframeJs\/uiconf_id\/45220391\/partner_id\/2714041?iframeembed=true&#038;playerId=kaltura_player&#038;entry_id=1_0cnj86wy&#038;flashvars=true&#038;&#038;wid=1_u7theee9\" width=\"608\" height=\"402\" 0=\"allowfullscreen\" 1=\"webkitallowfullscreen\" 2=\"mozAllowFullScreen\" allow=\"autoplay *; fullscreen *; encrypted-media *\" sandbox=\"allow-downloads allow-forms allow-same-origin allow-scripts allow-top-navigation allow-pointer-lock allow-popups allow-modals allow-orientation-lock allow-popups-to-escape-sandbox allow-presentation allow-top-navigation-by-user-activation\" frameborder=\"0\" title=\"Semmelweis Egyetem Eg\u00e9szs\u00e9gtudom\u00e1nyi Kar K\u00f6nyvt\u00e1r\" scrolling=\"yes\" class=\"iframe-class\"><\/iframe>\n<\/p>\n<p style=\"padding-left: 40px\">\u00a0<\/p>\n<h4><strong>K\u00f6nyvt\u00e1rk\u00f6zi szolg\u00e1ltat\u00e1s k\u00e9r\u00e9se<\/strong><\/h4>\n<p style=\"padding-left: 40px\">cikkm\u00e1solat k\u00e9r\u00e9se: <a href=\"mailto:orban.zsofia@semmelweis.hu\">orban.zsofia@semmelweis.hu<\/a>, <a href=\"mailto:etk.konyvtar@semmelweis.hu\">etk.konyvtar@semmelweis.hu<\/a><br \/>\neredeti dokumentum, k\u00f6nyv k\u00f6lcs\u00f6nz\u00e9se: <a href=\"mailto:hamori.lili.nora@semmelweis.hu\">hamori.lili.nora@semmelweis.hu<\/a><\/p>\n<h4><strong>K\u00f6nyvt\u00e1ri seg\u00e9dletek, \u00fatmutat\u00f3k<span style=\"font-size: 1rem\">:<\/span><\/strong><\/h4>\n<ul>\n<li><a href=\"https:\/\/semmelweis.hu\/etk\/files\/2026\/02\/Onellenorzesi-segedlet-hibak-megoldasok-Hivat-EndNote.pdf\">\u00d6nellen\u0151rz\u00e9si seg\u00e9dlet \u2013 Hivatkoz\u00e1sk\u00e9sz\u00edt\u00e9s \u00e9s EndNote<\/a>\u00a0<\/li>\n<li><a href=\"https:\/\/semmelweis.hu\/etk\/files\/2023\/02\/MINTA-hivatkozasjegyzek-APA-7th.pdf\">Hivatkoz\u00e1sjegyz\u00e9k minta \u2013 APA 7th<\/a><\/li>\n<li><a href=\"https:\/\/semmelweis.hu\/etk\/files\/2020\/12\/VPN-letr.pdf\">VPN l\u00e9trehoz\u00e1sa<\/a><\/li>\n<li><a href=\"https:\/\/semmelweis.hu\/etk\/files\/2026\/02\/EndNote-hasznalata-Online-Word-ben.pdf\">EndNote haszn\u00e1lata az online Word-ben<\/a>\u00a0<\/li>\n<li><a href=\"https:\/\/semmelweis.hu\/etk\/files\/2020\/11\/EndNote_seg%C3%A9dlet_v%C3%A9gleges.pdf\">EndNote seg\u00e9dlet<\/a> \u2013 Arch\u00edv\u00a0<\/li>\n<\/ul>\n<h4><strong>Szab\u00e1lyz\u00f3 dokumentumok<\/strong><\/h4>\n<ul style=\"list-style-type: square\">\n<li><a href=\"https:\/\/semmelweis.hu\/etk\/files\/2020\/09\/SE_ETK_KONYVTAR_GYUJTOKORI_KODEX_SZU_M05.pdf\">Gy\u0171jt\u0151k\u00f6ri K\u00f3dex<\/a><\/li>\n<li><a href=\"https:\/\/semmelweis.hu\/jogigfoig\/dokumentumtar\/szabalyzattar\/konyvtarhasznalati-szabalyzat\/\">K\u00f6nyvt\u00e1rhaszn\u00e1lati Szab\u00e1lyzat\u2192<\/a><\/li>\n<li><a href=\"https:\/\/semmelweis.hu\/etk\/files\/2020\/09\/Fenntartoi_nyilatk_2018.pdf\">Fenntart\u00f3i nyilatkozat<\/a><\/li>\n<\/ul>\n\n<\/div><h2 class=\"tabtitle\">Inform\u00e1ci\u00f3forr\u00e1sok<\/h2>\n<div class=\"tabcontent\">\n\n<h3><span style=\"font-size: 18pt\">Adatb\u00e1zisok<\/span><\/h3>\n<ul style=\"list-style-type: disc\">\n<li><a href=\"http:\/\/hunteka.lib.semmelweis.hu\/\">Online internetes katal\u00f3gus<\/a><\/li>\n<li><a href=\"https:\/\/semmelweis.hu\/etk\/files\/2020\/11\/konyvthelp.pdf\" target=\"_blank\" rel=\"noopener\">Katal\u00f3gushaszn\u00e1lati \u00fatmutat\u00f3<\/a> (pdf)<\/li>\n<li><a href=\"https:\/\/semmelweis.hu\/etk\/files\/2022\/06\/Segedlet_bejelentkezes_hosszabbitas_elojegyzes_felretetel.pdf\" target=\"_blank\" rel=\"noopener\">Seg\u00e9dlet: bejelentkez\u00e9s, hosszabb\u00edt\u00e1s, el\u0151jegyz\u00e9s, f\u00e9lret\u00e9tel<\/a> (pdf)<\/li>\n<li><a href=\"https:\/\/semmelweis.hu\/etk\/files\/2024\/11\/Online_regisztracio_utmutato_Semmelweis.pdf\">Seg\u00e9dlet: online beiratkoz\u00e1shoz &#8211; \u00fatmutat\u00f3<\/a> (pdf)<\/li>\n<\/ul>\n<h3 class=\"hiddenContentp\">Hazai, magyar nyelv\u0171 adatb\u00e1zisok:<\/h3>\n<ul>\n<li><a href=\"https:\/\/mob.aeek.hu\/simplesearch.jsp\">Magyar Orvosi Bibliogr\u00e1fia<\/a><\/li>\n<li><a href=\"https:\/\/kereses.pubmob.hu\/\">PubMob<\/a><\/li>\n<li><a href=\"https:\/\/matarka.hu\/\">MATARKA<\/a><\/li>\n<li><a href=\"http:\/\/nektar2.oszk.hu\/librivision_hun.html\">Orsz\u00e1gos Sz\u00e9chenyi K\u00f6nyvt\u00e1r Katal\u00f3gus<\/a><\/li>\n<li><a href=\"http:\/\/www.mek.oszk.hu\/\">Magyar Elektronikus K\u00f6nyvt\u00e1r (MEK)<\/a><\/li>\n<li><a href=\"https:\/\/epa.oszk.hu\/\">Elektronikus Periodika Arch\u00edvum (EPA)<\/a><\/li>\n<li><a href=\"http:\/\/www.odrportal.hu\/web\/guest\">Orsz\u00e1gos Dokumentum-ell\u00e1t\u00e1si Rendszer (ODR)<\/a><\/li>\n<li><a href=\"https:\/\/www.mtmt.hu\/\">Magyar Tudom\u00e1nyos M\u0171vek T\u00e1ra (MTMT)<\/a><\/li>\n<\/ul>\n<h3>K\u00fclf\u00f6ldi, idegen nyelv\u0171 adatb\u00e1zisok<\/h3>\n<ul>\n<li><a href=\"https:\/\/pubmed.ncbi.nlm.nih.gov\/\">PubMed<\/a><\/li>\n<li><a href=\"https:\/\/lib.semmelweis.hu\/databases\">SE K\u00f6zponti K\u00f6nyvt\u00e1r adatb\u00e1zisai (Egyetemi IP tartom\u00e1nyb\u00f3l \u00e9rhet\u0151k el) <\/a><\/li>\n<\/ul>\n<h3>Foly\u00f3iratok<\/h3>\n<ul>\n<li><a href=\"https:\/\/semmelweis.hu\/etk\/files\/2023\/01\/m-ny-f.pdf\" target=\"_blank\" rel=\"noopener\">Magyar nyelv\u0171 foly\u00f3iratok<\/a> (pdf)<\/li>\n<\/ul>\n<h3>Egy\u00e9b<del><\/del><\/h3>\n<ul style=\"list-style-type: disc\">\n<li><a href=\"https:\/\/lib.semmelweis.hu\/\">Semmelweis Egyetem K\u00f6zponti K\u00f6nyvt\u00e1ra<\/a><\/li>\n<\/ul>\n<h3>Beiratkoz\u00e1si seg\u00e9dlet<\/h3>\n<p class=\"hiddenContentp\">A k\u00f6lcs\u00f6nz\u00e9shez elengedhetetlen beiratkoz\u00e1si folyamatot szeretn\u00e9nk egyszer\u0171s\u00edteni az al\u00e1bbi seg\u00e9danyagokkal, melyekben r\u00e9szletezz\u00fck a legfontosabb tudnival\u00f3kat. A beiratkoz\u00e1si adatlap kit\u00f6lt\u00e9s\u00e9vel iratkozhat be, ami beszerezhet\u0151 a k\u00f6nyvt\u00e1rb\u00f3l, vagy innen kinyomtathat\u00f3 \u00e9s felhaszn\u00e1lhat\u00f3.<\/p>\n<p><a href=\"https:\/\/semmelweis.hu\/etk\/files\/2025\/04\/Konyvtar-beiratkozasi-adatlap.pdf\">Beiratkoz\u00e1si adatlap<\/a> (pdf)<\/p>\n<p><a href=\"https:\/\/semmelweis.hu\/etk\/files\/2020\/09\/Olvasoi_adatlap.pdf\" target=\"_blank\" rel=\"noopener\">Beiratkoz\u00e1si adatlap kezess\u00e9gv\u00e1llal\u00e1ssal<\/a> (pdf)<\/p>\n<h3><span style=\"color: #000000\">Beiratkoz\u00e1s:<\/span><\/h3>\n<p><img loading=\"lazy\" decoding=\"async\" class=\"aligncenter size-full wp-image-17985\" src=\"https:\/\/semmelweis.hu\/etk\/files\/2025\/04\/beiratkozasi-segedlet.png\" alt=\"\" width=\"940\" height=\"788\" srcset=\"https:\/\/semmelweis.hu\/etk\/files\/2025\/04\/beiratkozasi-segedlet.png 940w, https:\/\/semmelweis.hu\/etk\/files\/2025\/04\/beiratkozasi-segedlet-400x335.png 400w, https:\/\/semmelweis.hu\/etk\/files\/2025\/04\/beiratkozasi-segedlet-768x644.png 768w, https:\/\/semmelweis.hu\/etk\/files\/2025\/04\/beiratkozasi-segedlet-753x631.png 753w\" sizes=\"auto, (max-width: 940px) 100vw, 940px\" \/><\/p>\n\n<\/div><h2 class=\"tabtitle\">Munkat\u00e1rsak<\/h2>\n<div class=\"tabcontent\">\n\n<h2>A k\u00f6nyvt\u00e1r munkat\u00e1rsai<\/h2>\n\r\n<div id=\"telefonkonyv\">\r\n  <div class=\"tel-results col-12 px-0\">\r\n      <p class=\"desc mb-1\"><span>Ha hib\u00e1s, vagy hi\u00e1nyz\u00f3 adatot tal\u00e1l, k\u00e9rj\u00fck jelezze szervezeti egys\u00e9g\u00fcnk titk\u00e1rs\u00e1g\u00e1n.<\/span><\/p>\r\n      <p class=\"desc\"><em>A telefonk\u00f6nyvben tal\u00e1lhat\u00f3 adatok nem haszn\u00e1lhat\u00f3k fel az 1995. \u00e9vi CXIX. t\u00f6rv\u00e9ny szerinti kutat\u00e1s \u00e9s k\u00f6zvetlen \u00fczletszerz\u00e9s c\u00e9lj\u00e1ra.<\/em><\/p>\r\n                <div class=\"row mx-0 mt-3 mb-3 subunit-line text-uppercase font-weight-bold \r\n                    status-SZE\">\r\n                    <div class=\"col col-12 col-md-10 pl-2 pr-0\">\r\n                        <span>Eg\u00e9szs\u00e9gtudom\u00e1nyi Kar D\u00e9k\u00e1ni Hivatal<\/span>\r\n                    <\/div>\r\n                <\/div> \r\n                <div class=\"row mx-0 mt-3 mb-3 group-line text-uppercase font-weight-bold\">\r\n                    <div class=\"col col-12 col-md-10 pl-2 pr-0\">\r\n                        <span>ETK K\u00f6nyvt\u00e1r<\/span>\r\n                    <\/div>\r\n                <\/div> \r\n          <div class=\"row mx-0 py-2 result-line emp-leader\">\r\n            <div class=\"col col-12 px-0 \"><div class=\"row mx-0 pr-2 result-line-content align-items-center\">\r\n                        <div class=\"col-12 col-md-6 px-0 \">\r\n                            <a class=\"emp-name\" href=\"https:\/\/semmelweis.hu\/telefonkonyv?emp_id=10609\"> \u00c1ncs\u00e1n Gizella <\/a>\r\n                            <br \/><span class=\"emp-phone\">k\u00f6nyvt\u00e1rvezet\u0151<\/span><\/div>\r\n                        <div class=\"col-12 col-md-6 px-0\"><span class=\"emp-phone\"><i class=\"fa fa-phone\" aria-hidden=\"true\"><\/i>48-65958, <\/span><span class=\"emp-email\"><i class=\"fa fa-envelope-o\" aria-hidden=\"true\"><\/i>ancsan.gizella<i class=\"fa fa-at m-0 text-body\"><\/i>semmelweis.hu<\/span>\r\n                        <\/div>\r\n                    <\/div>\r\n                \r\n            <\/div>\r\n\r\n                <div class=\"col-12 col-md-6 px-0 d-none\"><span class=\"emp-phone\"><i class=\"fa fa-phone\" aria-hidden=\"true\"><\/i>48-65958, <\/span><span class=\"emp-email\"><i class=\"fa fa-envelope-o\" aria-hidden=\"true\"><\/i>ancsan.gizella<i class=\"fa fa-at m-0 text-body\"><\/i>semmelweis.hu<\/span>\r\n                <\/div>\r\n\r\n\r\n        <\/div>\r\n          <div class=\"row mx-0 py-2 result-line \">\r\n            <div class=\"col col-12 px-0 \"><div class=\"row mx-0 pr-2 result-line-content align-items-center\">\r\n                        <div class=\"col-12 col-md-6 px-0 \">\r\n                            <a class=\"emp-name\" href=\"https:\/\/semmelweis.hu\/telefonkonyv?emp_id=15828\"> H\u00e1mori Lili N\u00f3ra <\/a>\r\n                            <br \/><span class=\"emp-phone\">k\u00f6nyvt\u00e1ros<\/span><\/div>\r\n                        <div class=\"col-12 col-md-6 px-0\"><span class=\"emp-phone\"><i class=\"fa fa-phone\" aria-hidden=\"true\"><\/i>48-65954, <\/span><span class=\"emp-email\"><i class=\"fa fa-envelope-o\" aria-hidden=\"true\"><\/i>hamori.lili.nora<i class=\"fa fa-at m-0 text-body\"><\/i>semmelweis.hu<\/span>\r\n                        <\/div>\r\n                    <\/div>\r\n                \r\n            <\/div>\r\n\r\n                <div class=\"col-12 col-md-6 px-0 d-none\"><span class=\"emp-phone\"><i class=\"fa fa-phone\" aria-hidden=\"true\"><\/i>48-65954, <\/span><span class=\"emp-email\"><i class=\"fa fa-envelope-o\" aria-hidden=\"true\"><\/i>hamori.lili.nora<i class=\"fa fa-at m-0 text-body\"><\/i>semmelweis.hu<\/span>\r\n                <\/div>\r\n\r\n\r\n        <\/div>\r\n          <div class=\"row mx-0 py-2 result-line \">\r\n            <div class=\"col col-12 px-0 \"><div class=\"row mx-0 pr-2 result-line-content align-items-center\">\r\n                        <div class=\"col-12 col-md-6 px-0 \">\r\n                            <a class=\"emp-name\" href=\"https:\/\/semmelweis.hu\/telefonkonyv?emp_id=19192\">Dr. Heged\u0171s Andrea <\/a>\r\n                            <br \/><span class=\"emp-phone\">k\u00f6nyvt\u00e1ros<\/span><\/div>\r\n                        <div class=\"col-12 col-md-6 px-0\"><span class=\"emp-phone\"><i class=\"fa fa-phone\" aria-hidden=\"true\"><\/i>48-65954, <\/span><span class=\"emp-email\"><i class=\"fa fa-envelope-o\" aria-hidden=\"true\"><\/i>hegedus.andrea<i class=\"fa fa-at m-0 text-body\"><\/i>semmelweis.hu<\/span>\r\n                        <\/div>\r\n                    <\/div>\r\n                \r\n            <\/div>\r\n\r\n                <div class=\"col-12 col-md-6 px-0 d-none\"><span class=\"emp-phone\"><i class=\"fa fa-phone\" aria-hidden=\"true\"><\/i>48-65954, <\/span><span class=\"emp-email\"><i class=\"fa fa-envelope-o\" aria-hidden=\"true\"><\/i>hegedus.andrea<i class=\"fa fa-at m-0 text-body\"><\/i>semmelweis.hu<\/span>\r\n                <\/div>\r\n\r\n\r\n        <\/div>\r\n          <div class=\"row mx-0 py-2 result-line \">\r\n            <div class=\"col col-12 px-0 \"><div class=\"row mx-0 pr-2 result-line-content align-items-center\">\r\n                        <div class=\"col-12 col-md-6 px-0 \">\r\n                            <a class=\"emp-name\" href=\"https:\/\/semmelweis.hu\/telefonkonyv?emp_id=22142\"> Horv\u00e1th Vikt\u00f3ria <\/a>\r\n                            <br \/><span class=\"emp-phone\">k\u00f6nyvt\u00e1ros<\/span><\/div>\r\n                        <div class=\"col-12 col-md-6 px-0\"><span class=\"emp-phone\"><i class=\"fa fa-phone\" aria-hidden=\"true\"><\/i>48-65954, <\/span><span class=\"emp-email\"><i class=\"fa fa-envelope-o\" aria-hidden=\"true\"><\/i>horvath.viktoria<i class=\"fa fa-at m-0 text-body\"><\/i>semmelweis.hu<\/span>\r\n                        <\/div>\r\n                    <\/div>\r\n                \r\n            <\/div>\r\n\r\n                <div class=\"col-12 col-md-6 px-0 d-none\"><span class=\"emp-phone\"><i class=\"fa fa-phone\" aria-hidden=\"true\"><\/i>48-65954, <\/span><span class=\"emp-email\"><i class=\"fa fa-envelope-o\" aria-hidden=\"true\"><\/i>horvath.viktoria<i class=\"fa fa-at m-0 text-body\"><\/i>semmelweis.hu<\/span>\r\n                <\/div>\r\n\r\n\r\n        <\/div>\r\n          <div class=\"row mx-0 py-2 result-line \">\r\n            <div class=\"col col-12 px-0 \"><div class=\"row mx-0 pr-2 result-line-content align-items-center\">\r\n                        <div class=\"col-12 col-md-6 px-0 \">\r\n                            <a class=\"emp-name\" href=\"https:\/\/semmelweis.hu\/telefonkonyv?emp_id=9548\"> Kiss Rich\u00e1rd <\/a>\r\n                            <br \/><span class=\"emp-phone\">k\u00f6nyvt\u00e1ros<\/span><\/div>\r\n                        <div class=\"col-12 col-md-6 px-0\"><span class=\"emp-phone\"><i class=\"fa fa-phone\" aria-hidden=\"true\"><\/i>48-65955, <\/span><span class=\"emp-email\"><i class=\"fa fa-envelope-o\" aria-hidden=\"true\"><\/i>kiss.richard1<i class=\"fa fa-at m-0 text-body\"><\/i>semmelweis.hu<\/span>\r\n                        <\/div>\r\n                    <\/div>\r\n                \r\n            <\/div>\r\n\r\n                <div class=\"col-12 col-md-6 px-0 d-none\"><span class=\"emp-phone\"><i class=\"fa fa-phone\" aria-hidden=\"true\"><\/i>48-65955, <\/span><span class=\"emp-email\"><i class=\"fa fa-envelope-o\" aria-hidden=\"true\"><\/i>kiss.richard1<i class=\"fa fa-at m-0 text-body\"><\/i>semmelweis.hu<\/span>\r\n                <\/div>\r\n\r\n\r\n        <\/div>\r\n          <div class=\"row mx-0 py-2 result-line \">\r\n            <div class=\"col col-12 px-0 \"><div class=\"row mx-0 pr-2 result-line-content align-items-center\">\r\n                        <div class=\"col-12 col-md-6 px-0 \">\r\n                            <a class=\"emp-name\" href=\"https:\/\/semmelweis.hu\/telefonkonyv?emp_id=18592\"> Nistor Eliza <\/a>\r\n                            <br \/><span class=\"emp-phone\">k\u00f6nyvt\u00e1ros<\/span><\/div>\r\n                        <div class=\"col-12 col-md-6 px-0\"><span class=\"emp-phone\"><i class=\"fa fa-phone\" aria-hidden=\"true\"><\/i>48-65953, <\/span><span class=\"emp-email\"><i class=\"fa fa-envelope-o\" aria-hidden=\"true\"><\/i>nistor.eliza<i class=\"fa fa-at m-0 text-body\"><\/i>semmelweis.hu<\/span>\r\n                        <\/div>\r\n                    <\/div>\r\n                \r\n            <\/div>\r\n\r\n                <div class=\"col-12 col-md-6 px-0 d-none\"><span class=\"emp-phone\"><i class=\"fa fa-phone\" aria-hidden=\"true\"><\/i>48-65953, <\/span><span class=\"emp-email\"><i class=\"fa fa-envelope-o\" aria-hidden=\"true\"><\/i>nistor.eliza<i class=\"fa fa-at m-0 text-body\"><\/i>semmelweis.hu<\/span>\r\n                <\/div>\r\n\r\n\r\n        <\/div>\r\n          <div class=\"row mx-0 py-2 result-line \">\r\n            <div class=\"col col-12 px-0 \"><div class=\"row mx-0 pr-2 result-line-content align-items-center\">\r\n                        <div class=\"col-12 col-md-6 px-0 \">\r\n                            <a class=\"emp-name\" href=\"https:\/\/semmelweis.hu\/telefonkonyv?emp_id=12445\"> Orb\u00e1n Zs\u00f3fia <\/a>\r\n                            <br \/><span class=\"emp-phone\">k\u00f6nyvt\u00e1ros<\/span><\/div>\r\n                        <div class=\"col-12 col-md-6 px-0\"><span class=\"emp-phone\"><i class=\"fa fa-phone\" aria-hidden=\"true\"><\/i>48-65950, <\/span><span class=\"emp-email\"><i class=\"fa fa-envelope-o\" aria-hidden=\"true\"><\/i>orban.zsofia<i class=\"fa fa-at m-0 text-body\"><\/i>semmelweis.hu<\/span>\r\n                        <\/div>\r\n                    <\/div>\r\n                \r\n            <\/div>\r\n\r\n                <div class=\"col-12 col-md-6 px-0 d-none\"><span class=\"emp-phone\"><i class=\"fa fa-phone\" aria-hidden=\"true\"><\/i>48-65950, <\/span><span class=\"emp-email\"><i class=\"fa fa-envelope-o\" aria-hidden=\"true\"><\/i>orban.zsofia<i class=\"fa fa-at m-0 text-body\"><\/i>semmelweis.hu<\/span>\r\n                <\/div>\r\n\r\n\r\n        <\/div>\r\n          <div class=\"row mx-0 py-2 result-line \">\r\n            <div class=\"col col-12 px-0 \"><div class=\"row mx-0 pr-2 result-line-content align-items-center\">\r\n                        <div class=\"col-12 col-md-6 px-0 \">\r\n                            <a class=\"emp-name\" href=\"https:\/\/semmelweis.hu\/telefonkonyv?emp_id=20213\"> Pol\u00f3nyi Zsuzsanna <\/a>\r\n                            <br \/><span class=\"emp-phone\">jegyzetbolti \u00fcgyint\u00e9z\u0151<\/span><\/div>\r\n                        <div class=\"col-12 col-md-6 px-0\"><span class=\"emp-phone\"><i class=\"fa fa-phone\" aria-hidden=\"true\"><\/i>48-65860, <\/span><span class=\"emp-email\"><i class=\"fa fa-envelope-o\" aria-hidden=\"true\"><\/i>polonyi.zsuzsanna<i class=\"fa fa-at m-0 text-body\"><\/i>semmelweis.hu<\/span>\r\n                        <\/div>\r\n                    <\/div>\r\n                \r\n            <\/div>\r\n\r\n                <div class=\"col-12 col-md-6 px-0 d-none\"><span class=\"emp-phone\"><i class=\"fa fa-phone\" aria-hidden=\"true\"><\/i>48-65860, <\/span><span class=\"emp-email\"><i class=\"fa fa-envelope-o\" aria-hidden=\"true\"><\/i>polonyi.zsuzsanna<i class=\"fa fa-at m-0 text-body\"><\/i>semmelweis.hu<\/span>\r\n                <\/div>\r\n\r\n\r\n        <\/div>\r\n          <div class=\"row mx-0 py-2 result-line \">\r\n            <div class=\"col col-12 px-0 \"><div class=\"row mx-0 pr-2 result-line-content align-items-center\">\r\n                        <div class=\"col-12 col-md-6 px-0 \">\r\n                            <a class=\"emp-name\" href=\"https:\/\/semmelweis.hu\/telefonkonyv?emp_id=24090\"> Szab\u00f3 Anna <\/a>\r\n                            <br \/><span class=\"emp-phone\">k\u00f6nyvt\u00e1ros<\/span><\/div>\r\n                        <div class=\"col-12 col-md-6 px-0\"><span class=\"emp-phone\"><i class=\"fa fa-phone\" aria-hidden=\"true\"><\/i>48-65953, <\/span><span class=\"emp-email\"><i class=\"fa fa-envelope-o\" aria-hidden=\"true\"><\/i>szabo.anna2<i class=\"fa fa-at m-0 text-body\"><\/i>semmelweis.hu<\/span>\r\n                        <\/div>\r\n                    <\/div>\r\n                \r\n            <\/div>\r\n\r\n                <div class=\"col-12 col-md-6 px-0 d-none\"><span class=\"emp-phone\"><i class=\"fa fa-phone\" aria-hidden=\"true\"><\/i>48-65953, <\/span><span class=\"emp-email\"><i class=\"fa fa-envelope-o\" aria-hidden=\"true\"><\/i>szabo.anna2<i class=\"fa fa-at m-0 text-body\"><\/i>semmelweis.hu<\/span>\r\n                <\/div>\r\n\r\n\r\n        <\/div>\r\n          <div class=\"row mx-0 py-2 result-line \">\r\n            <div class=\"col col-12 px-0 \"><div class=\"row mx-0 pr-2 result-line-content align-items-center\">\r\n                        <div class=\"col-12 col-md-6 px-0 \">\r\n                            <a class=\"emp-name\" href=\"https:\/\/semmelweis.hu\/telefonkonyv?emp_id=9551\"> Tampu Ferenc <\/a>\r\n                            <br \/><span class=\"emp-phone\">k\u00f6nyvt\u00e1ros<\/span><\/div>\r\n                        <div class=\"col-12 col-md-6 px-0\"><span class=\"emp-phone\"><i class=\"fa fa-phone\" aria-hidden=\"true\"><\/i>48-65952, <\/span><span class=\"emp-email\"><i class=\"fa fa-envelope-o\" aria-hidden=\"true\"><\/i>tampu.ferenc<i class=\"fa fa-at m-0 text-body\"><\/i>semmelweis.hu<\/span>\r\n                        <\/div>\r\n                    <\/div>\r\n                \r\n            <\/div>\r\n\r\n                <div class=\"col-12 col-md-6 px-0 d-none\"><span class=\"emp-phone\"><i class=\"fa fa-phone\" aria-hidden=\"true\"><\/i>48-65952, <\/span><span class=\"emp-email\"><i class=\"fa fa-envelope-o\" aria-hidden=\"true\"><\/i>tampu.ferenc<i class=\"fa fa-at m-0 text-body\"><\/i>semmelweis.hu<\/span>\r\n                <\/div>\r\n\r\n\r\n        <\/div><\/div><\/div>\n<\/div><\/div>\n","protected":false},"excerpt":{"rendered":"<p>Az Eg\u00e9szs\u00e9gtudom\u00e1nyi Kar k\u00f6nyvt\u00e1r\u00e1r\u00f3l 1088 Budapest, Vas u. 17. fsz. 21. A Semmelweis Egyetem Eg\u00e9szs\u00e9gtudom\u00e1nyi Kar K\u00f6nyvt\u00e1ra nyilv\u00e1nos k\u00f6nyvt\u00e1r, amely az int\u00e9zm\u00e9ny 1975-ben t\u00f6rt\u00e9nt l\u00e9trehoz\u00e1s\u00e1val egyid\u0151ben kezdte meg m\u0171k\u00f6d\u00e9s\u00e9t. A k\u00f6nyvt\u00e1r feladatk\u00f6re az int\u00e9zm\u00e9ny oktat\u00f3inak, hallgat\u00f3inak \u00e9s egy\u00e9b dolgoz\u00f3inak ell\u00e1t\u00e1sa az oktat\u00e1shoz, tanul\u00e1shoz, kutat\u00e1shoz \u00e9s m\u00e1s szakmai tev\u00e9kenys\u00e9g\u00e9hez sz\u00fcks\u00e9ges nyomtatott \u00e9s elektronikus inform\u00e1ci\u00f3kkal. A k\u00f6nyvt\u00e1rban &hellip;<\/p>\n","protected":false},"author":101729,"featured_media":0,"parent":5,"menu_order":5,"comment_status":"closed","ping_status":"closed","template":"","meta":{"_acf_changed":false,"footnotes":""},"categories":[],"tags":[],"class_list":["post-108","page","type-page","status-publish","hentry"],"acf":[],"_links":{"self":[{"href":"https:\/\/semmelweis.hu\/etk\/wp-json\/wp\/v2\/pages\/108","targetHints":{"allow":["GET"]}}],"collection":[{"href":"https:\/\/semmelweis.hu\/etk\/wp-json\/wp\/v2\/pages"}],"about":[{"href":"https:\/\/semmelweis.hu\/etk\/wp-json\/wp\/v2\/types\/page"}],"author":[{"embeddable":true,"href":"https:\/\/semmelweis.hu\/etk\/wp-json\/wp\/v2\/users\/101729"}],"replies":[{"embeddable":true,"href":"https:\/\/semmelweis.hu\/etk\/wp-json\/wp\/v2\/comments?post=108"}],"version-history":[{"count":14,"href":"https:\/\/semmelweis.hu\/etk\/wp-json\/wp\/v2\/pages\/108\/revisions"}],"predecessor-version":[{"id":19596,"href":"https:\/\/semmelweis.hu\/etk\/wp-json\/wp\/v2\/pages\/108\/revisions\/19596"}],"up":[{"embeddable":true,"href":"https:\/\/semmelweis.hu\/etk\/wp-json\/wp\/v2\/pages\/5"}],"wp:attachment":[{"href":"https:\/\/semmelweis.hu\/etk\/wp-json\/wp\/v2\/media?parent=108"}],"wp:term":[{"taxonomy":"category","embeddable":true,"href":"https:\/\/semmelweis.hu\/etk\/wp-json\/wp\/v2\/categories?post=108"},{"taxonomy":"post_tag","embeddable":true,"href":"https:\/\/semmelweis.hu\/etk\/wp-json\/wp\/v2\/tags?post=108"}],"curies":[{"name":"wp","href":"https:\/\/api.w.org\/{rel}","templated":true}]}}