{"id":10266,"date":"2022-07-11T12:08:49","date_gmt":"2022-07-11T10:08:49","guid":{"rendered":"https:\/\/semmelweis.hu\/etk\/?page_id=10266"},"modified":"2025-08-05T07:10:46","modified_gmt":"2025-08-05T05:10:46","slug":"frissen-felvett-hallgatoknak","status":"publish","type":"page","link":"https:\/\/semmelweis.hu\/etk\/hallgatoi-informaciok\/frissen-felvett-hallgatoknak\/","title":{"rendered":"Frissen felvett hallgat\u00f3knak"},"content":{"rendered":"<h6 style=\"text-align: center\"><strong>T\u00e1j\u00e9koztat\u00f3 a 2025\/2026. tan\u00e9vre felvett hallgat\u00f3knak<\/strong><\/h6>\n<ul style=\"list-style-type: square\">\n<li>\n<p style=\"text-align: justify\"><strong><a href=\"https:\/\/semmelweis.hu\/etk\/files\/2023\/06\/dekani-koszonto-2025.pdf\">D\u00e9k\u00e1ni k\u00f6sz\u00f6nt\u0151<\/a> <\/strong>(pdf)<\/p>\n<\/li>\n<li style=\"text-align: justify\">\n<p style=\"text-align: justify\"><a href=\"https:\/\/semmelweis.hu\/etk\/files\/2025\/07\/Tanevkezdesi-tajekoztato-2025-2026.pdf\"><strong>Tan\u00e9vkezd\u00e9si t\u00e1j\u00e9koztat\u00f3<\/strong><\/a> (pdf) a 2025\/26. tan\u00e9vre felv\u00e9telt nyert hallgat\u00f3k r\u00e9sz\u00e9re<\/p>\n<\/li>\n<\/ul>\n<h4><strong>Beiratkoz\u00e1s<\/strong><\/h4>\n<p style=\"text-align: justify\"><strong><a href=\"https:\/\/semmelweis.hu\/etk\/files\/2025\/07\/beiratkozas-idopontjai-2025-w.pdf\">Felvett hallgat\u00f3k beiratkoz\u00e1si rendje<\/a>\u00a0a 2025\/2026. tan\u00e9vre (b<\/strong><strong>eiratkoz\u00e1si id\u0151pontok) <br \/>\n<\/strong><span style=\"font-size: 12pt\">A magyar nyelv\u0171 k\u00e9pz\u00e9sekre val\u00f3 beiratkoz\u00e1s helysz\u00edne: 1088 Budapest, Vas utca 17., 25-26. termek (Vas utcai \u00e9p\u00fclet)<br \/>\n<\/span><span style=\"font-size: 12pt\">Az angol nyelv\u0171 k\u00e9pz\u00e9sekre val\u00f3 beiratkoz\u00e1s helysz\u00edne: 1088 Budapest, Vas utca 17., 2.07 terem (Kossuth Zsuzsa \u00e9p\u00fcletr\u00e9sz)<\/span><\/p>\n<p><strong><a href=\"https:\/\/semmelweis.hu\/etk\/files\/2025\/07\/propedeutika-teszt-w.pdf\">Term\u00e9szettudom\u00e1nyi propedeutika<\/a>\u00a0teszt\u00edr\u00e1s rendje<br \/>\n<\/strong><span style=\"font-size: 12pt\">Az els\u0151 \u00e9ves BSc szakir\u00e1nyos hallgat\u00f3knak (tagozatt\u00f3l f\u00fcggetlen\u00fcl) k\u00f6telez\u0151 a Term\u00e9szettudom\u00e1nyi propedeutika tesztet meg\u00edrni a szakir\u00e1nyhoz rendelt id\u0151pontban!<\/span><\/p>\n<p><strong><a href=\"https:\/\/semmelweis.hu\/etk\/hallgatoi-informaciok\/aktualis-tanev\/\">Tov\u00e1bb a f\u00e9l\u00e9v \u00f3rarendjeihez\u2192<\/a><\/strong><\/p>\n<div class=\"keretes w-100\">\n<ul style=\"list-style-type: square\">\n<li>\n<p><strong><a href=\"https:\/\/semmelweis.hu\/etk\/files\/2025\/07\/Beiratkozasi-tudnivalok-2025-w.pdf\">Beiratkoz\u00e1si tudnival\u00f3k<\/a>\u00a0<\/strong>(pdf)<\/p>\n<\/li>\n<li>\n<p><strong style=\"font-size: 1rem\"><a href=\"https:\/\/semmelweis.hu\/etk\/files\/2024\/07\/hallgatoi-nyilatkozatok.pdf\">Beiratkoz\u00e1shoz sz\u00fcks\u00e9ges hallgat\u00f3i nyilatkozatok<\/a><\/strong> (pdf)<\/p>\n<\/li>\n<li>\n<p>Beiratkoz\u00e1shoz sz\u00fcks\u00e9ges <strong><a href=\"https:\/\/semmelweis.hu\/etk\/files\/2025\/07\/Orvosi-nyilatkozatok-beiratkozashoz.pdf\">eg\u00e9szs\u00e9g\u00fcgyi nyilatkozatok<\/a><\/strong>\u00a0(pdf)\u00a0<\/p>\n<p>(Anamn\u00e9zis lap, H\u00e1ziorvosi nyilatkozat, SE Munkav\u00e9delmi Szab\u00e1lyzat\u00e1nak 5. mell\u00e9klete szerinti nyilatkozat, Eg\u00e9szs\u00e9g\u00fcgyi nyilatkozat-J\u00e1rv\u00e1ny\u00fcgyi \u00e9rdek)<\/p>\n<\/li>\n<li>\n<p>A beiratkoz\u00e1sra hozni kell az &#8222;<strong>Eg\u00e9szs\u00e9g\u00fcgyi Nyilatkozat \u00e9s vizsg\u00e1lati adatok&#8221; c\u00edm\u0171 eg\u00e9szs\u00e9g\u00fcgyi kisk\u00f6nyvet<\/strong> (nyomtatv\u00e1nyboltban beszerezhet\u0151) a leend\u0151 hallgat\u00f3 nev\u00e9vel, adataival kit\u00f6ltve, al\u00e1\u00edrva, illetve <strong>olt\u00e1si kisk\u00f6nyvet, ha nincs, akkor olt\u00e1si igazol\u00e1sokat<\/strong> (iskolai, gyermek k\u00f6rzeti v\u00e9d\u0151n\u0151n\u00e9l beszerezhet\u0151k).<\/p>\n<\/li>\n<\/ul>\n<\/div>\n<h4><strong>Egy\u00e9b inform\u00e1ci\u00f3k<\/strong><\/h4>\n<h5>Orvosi alkalmass\u00e1gi vizsg\u00e1lat<\/h5>\n<ul style=\"list-style-type: square\">\n<li><a href=\"https:\/\/semmelweis.hu\/etk\/files\/2025\/07\/1.evf_.orvosi_-taj.pdf\"><strong>Orvosi t\u00e1j\u00e9koztat\u00f3<\/strong><\/a> (pdf) 1. \u00e9ves hallgat\u00f3k r\u00e9sz\u00e9re \u00e9s <a href=\"https:\/\/semmelweis.hu\/etk\/files\/2023\/06\/orvosi-GYIK-2025.pdf\"><strong>gyakran<\/strong> <strong>ism\u00e9telt k\u00e9rd\u00e9sek alkalmass\u00e1gi<\/strong><\/a><span style=\"font-size: 1rem\"> vizsg\u00e1latokr\u00f3l (pdf)<\/span><\/li>\n<li style=\"text-align: justify\"><a href=\"https:\/\/semmelweis.hu\/etk\/files\/2024\/03\/Aptitude-utmutato.pdf\"><strong>\u00datmutat\u00f3 az Aptitude <\/strong>(foglalkoz\u00e1s-eg\u00e9szs\u00e9g\u00fcgyi vizsg\u00e1latszervez\u0151) rendszer haszn\u00e1lat\u00e1hoz\u00a0<\/a><\/li>\n<\/ul>\n<h5>K\u00f6telez\u0151 testnevel\u00e9s al\u00f3li felment\u00e9s:<\/h5>\n<ul>\n<li style=\"list-style-type: none\">\n<ul style=\"list-style-type: circle\">\n<li>Rektori utas\u00edt\u00e1s a <a href=\"https:\/\/semmelweis.hu\/jogigfoig\/2022\/07\/22\/r-2-2022-vii-21-sz-rektori-utasitas-testneveles-tantargy-orainak-latogatasa-aloli-felmentesre-iranyulo-hallgatoi-igenyek-elbiralasanak-folyamata\/\">Testnevel\u00e9s tant\u00e1rgy al\u00f3li felment\u00e9sr\u0151l (eg\u00e9szs\u00e9g\u00fcgyi \u00e9s sportol\u00f3i) \u2192<\/a><\/li>\n<li><a href=\"https:\/\/semmelweis.hu\/sportkozpont\/oktatas\/felmentesek\/\">Testnevel\u00e9s tant\u00e1rgy al\u00f3li felment\u00e9si k\u00e9relem a 2025\/2026\/1. f\u00e9l\u00e9vre \u2192<\/a> (<strong><em>bead\u00e1si id\u0151szak: 2025. augusztus 1. 8.00 \u2013 2025. augusztus 11. 23.59.<\/em><\/strong>)<\/li>\n<\/ul>\n<\/li>\n<\/ul>\n<h5>E-mail c\u00edm aktiv\u00e1l\u00e1sa<\/h5>\n<ul style=\"list-style-type: square\">\n<li style=\"text-align: justify\">\n<p>Inform\u00e1ci\u00f3 az <a href=\"https:\/\/semmelweis.hu\/informatika\/o365\/tutorial-anyagok\/utmutato-hallgatoi-o365-fiok-aktivalasahoz\/\"><strong>egyetemi email c\u00edm\u00a0aktiv\u00e1l\u00e1s\u00e1hoz <\/strong>sz\u00fcks\u00e9ges l\u00e9p\u00e9sekr\u0151l\u2192<\/a><\/p>\n<\/li>\n<\/ul>\n<h5>G\u00f3lyat\u00e1bor<\/h5>\n<ul style=\"list-style-type: square\">\n<li style=\"text-align: justify\">\n<p><a href=\"https:\/\/golya.iocs.hu\/\"><strong>G\u00f3lyat\u00e1bor 2025 \u2192<\/strong><\/a><\/p>\n<\/li>\n<li style=\"text-align: justify\">\n<p><a href=\"https:\/\/semmelweis.hu\/etk\/files\/2025\/07\/Golyatabor-adatvedelmi-taj-2025.pdf\">G\u00f3lyat\u00e1bor &#8211; adatv\u00e9delmi t\u00e1j\u00e9koztat\u00f3<\/a>\u00a0(pdf)<\/p>\n<\/li>\n<\/ul>\n<h5>Tan\u00e9vnyit\u00f3 \u00fcnneps\u00e9g<\/h5>\n<p><strong>2025. augusztus 30., (szombat) 12.00-14.00;<\/strong> <br \/>\nMVM Dome Budapesti Multifunkcion\u00e1lis Sportcsarnok (1098 Budapest, \u00dcll\u0151i \u00fat 131.)<\/p>\n<p style=\"text-align: justify\">A tan\u00e9vnyit\u00f3 \u00fcnneps\u00e9gen elhangz\u00f3 <strong>fogadalomt\u00e9tel a kurrikulum r\u00e9sze, ez\u00e9rt minden els\u0151\u00e9ves hallgat\u00f3 sz\u00e1m\u00e1ra k\u00f6telez\u0151<\/strong> r\u00e9szt venni az \u00fcnneps\u00e9gen. Az \u00fcnneps\u00e9gen val\u00f3 <strong>r\u00e9szv\u00e9tel el\u0151zetes online regisztr\u00e1ci\u00f3hoz<\/strong> k\u00f6t\u00f6tt, amely r\u00e9szleteir\u0151l minden \u00e9rintett Neptun \u00fczenetben kap t\u00e1j\u00e9koztat\u00e1st. A megh\u00edv\u00f3 <a href=\"https:\/\/semmelweis.hu\/etk\/files\/2025\/07\/Hallgatoi-meghivo_MVM-Dome_Tanevnyito.pdf\">IDE KATTINTVA<\/a> olvashat\u00f3.<\/p>\n<h5>MECENAt\u00fara Program<\/h5>\n<p style=\"text-align: justify\">A program c\u00e9lja, a <strong>szabadon v\u00e1laszthat\u00f3 kredit teljes\u00edt\u00e9s\u00e9n<\/strong> t\u00fal, hogy <strong>seg\u00edtse a g\u00f3ly\u00e1k beilleszked\u00e9s\u00e9t<\/strong> az \u00faj egyetemi l\u00e9gk\u00f6rbe, vagyis szeretn\u00e9nk seg\u00edteni eligazodni az egyetemi rendszer vil\u00e1g\u00e1ban vagy \u00e9pp a tanulm\u00e1nyokkal kapcsolatos k\u00e9rd\u00e9sekben. Tov\u00e1bbi inform\u00e1ci\u00f3 <strong><a href=\"https:\/\/semmelweis.hu\/etk\/files\/2025\/08\/MECENATuRA-w.pdf\">IDE<\/a><\/strong>\u00a0kattintva.<\/p>\n<h4><strong>Kapcsol\u00f3d\u00f3 oldalak<\/strong><\/h4>\n<ul style=\"list-style-type: square\">\n<li><a href=\"https:\/\/semmelweis.hu\/etk\/az-egeszsegtudomanyi-karrol\/tanulmanyi-osztaly\/\">ETK Tanulm\u00e1nyi Oszt\u00e1ly, tanulm\u00e1nyi \u00fcgyint\u00e9z\u0151k \u2192<\/a><\/li>\n<li><a href=\"https:\/\/semmelweis.hu\/etk\/hallgatoi-informaciok\/orvosi-rendelo\/\">ETK Orvosi rendel\u0151 \u2192<\/a><\/li>\n<li><a href=\"https:\/\/semmelweis.hu\/etk\/hallgatoi-informaciok\/aktualis-tanev\/\">ETK 2025\/2026. tan\u00e9v \u2192<\/a><\/li>\n<li><a href=\"https:\/\/semmelweis.hu\/kollegiumok\/\">Egyetemi Koll\u00e9giumok Igazgat\u00f3s\u00e1ga \u2192<\/a><\/li>\n<li><a href=\"https:\/\/www.oktatas.hu\/magyar-allami-osztondij\/altalanos_tajekoztatok\">OH t\u00e1j\u00e9koztat\u00f3 a magyar \u00e1llami \u00f6szt\u00f6nd\u00edjjal kapcsolatban \u2192<\/a><\/li>\n<\/ul>\n","protected":false},"excerpt":{"rendered":"<p>T\u00e1j\u00e9koztat\u00f3 a 2025\/2026. tan\u00e9vre felvett hallgat\u00f3knak <a href=\"https:\/\/semmelweis.hu\/etk\/files\/2023\/06\/dekani-koszonto-2025.pdf\">D\u00e9k\u00e1ni k\u00f6sz\u00f6nt\u0151<\/a> (pdf) <a href=\"https:\/\/semmelweis.hu\/etk\/files\/2025\/07\/Tanevkezdesi-tajekoztato-2025-2026.pdf\">Tan\u00e9vkezd\u00e9si t\u00e1j\u00e9koztat\u00f3<\/a> (pdf) a 2025\/26. tan\u00e9vre felv\u00e9telt nyert hallgat\u00f3k r\u00e9sz\u00e9re Beiratkoz\u00e1s <a href=\"https:\/\/semmelweis.hu\/etk\/files\/2025\/07\/beiratkozas-idopontjai-2025-w.pdf\">Felvett hallgat\u00f3k beiratkoz\u00e1si rendje<\/a> \u00a0a 2025\/2026. tan\u00e9vre (beiratkoz\u00e1si id\u0151pontok) A magyar nyelv\u0171 k\u00e9pz\u00e9sekre val\u00f3 beiratkoz\u00e1s helysz\u00edne: 1088 Budapest, Vas utca 17., 25-26. termek (Vas utcai \u00e9p\u00fclet) Az angol nyelv\u0171 k\u00e9pz\u00e9sekre val\u00f3 beiratkoz\u00e1s helysz\u00edne: 1088 Budapest, Vas utca 17., 2.07 terem (Kossuth Zsuzsa \u00e9p\u00fcletr\u00e9sz) &hellip;<\/p>\n","protected":false},"author":101796,"featured_media":0,"parent":32,"menu_order":4,"comment_status":"closed","ping_status":"closed","template":"template-fullwidth.php","meta":{"_acf_changed":false,"footnotes":""},"categories":[],"tags":[],"class_list":["post-10266","page","type-page","status-publish","hentry"],"acf":[],"_links":{"self":[{"href":"https:\/\/semmelweis.hu\/etk\/wp-json\/wp\/v2\/pages\/10266","targetHints":{"allow":["GET"]}}],"collection":[{"href":"https:\/\/semmelweis.hu\/etk\/wp-json\/wp\/v2\/pages"}],"about":[{"href":"https:\/\/semmelweis.hu\/etk\/wp-json\/wp\/v2\/types\/page"}],"author":[{"embeddable":true,"href":"https:\/\/semmelweis.hu\/etk\/wp-json\/wp\/v2\/users\/101796"}],"replies":[{"embeddable":true,"href":"https:\/\/semmelweis.hu\/etk\/wp-json\/wp\/v2\/comments?post=10266"}],"version-history":[{"count":12,"href":"https:\/\/semmelweis.hu\/etk\/wp-json\/wp\/v2\/pages\/10266\/revisions"}],"predecessor-version":[{"id":18353,"href":"https:\/\/semmelweis.hu\/etk\/wp-json\/wp\/v2\/pages\/10266\/revisions\/18353"}],"up":[{"embeddable":true,"href":"https:\/\/semmelweis.hu\/etk\/wp-json\/wp\/v2\/pages\/32"}],"wp:attachment":[{"href":"https:\/\/semmelweis.hu\/etk\/wp-json\/wp\/v2\/media?parent=10266"}],"wp:term":[{"taxonomy":"category","embeddable":true,"href":"https:\/\/semmelweis.hu\/etk\/wp-json\/wp\/v2\/categories?post=10266"},{"taxonomy":"post_tag","embeddable":true,"href":"https:\/\/semmelweis.hu\/etk\/wp-json\/wp\/v2\/tags?post=10266"}],"curies":[{"name":"wp","href":"https:\/\/api.w.org\/{rel}","templated":true}]}}