{"id":102,"date":"2020-03-23T13:57:31","date_gmt":"2020-03-23T12:57:31","guid":{"rendered":"http:\/\/semmelweis.hu\/etk\/?page_id=102"},"modified":"2024-02-01T13:36:06","modified_gmt":"2024-02-01T12:36:06","slug":"dekani-hivatal","status":"publish","type":"page","link":"https:\/\/semmelweis.hu\/etk\/az-egeszsegtudomanyi-karrol\/dekani-hivatal\/","title":{"rendered":"D\u00e9k\u00e1ni Hivatal"},"content":{"rendered":"<div class=\"keretes w-100\">\n<p>A D\u00e9k\u00e1ni Hivatal a kar oktat\u00f3 munk\u00e1j\u00e1t seg\u00edt\u0151, koordin\u00e1l\u00f3, a kar hallgat\u00f3ival k\u00f6zvetlen kapcsolatban \u00e1ll\u00f3, a felv\u00e9teli, tanulm\u00e1nyi \u00e9s vizsgarend\u00e9rt, az oklevelek nyilv\u00e1ntart\u00e1s\u00e1\u00e9rt felel\u0151s hivatal.<\/p>\n<p><strong>C\u00edm:<\/strong> 1088 Budapest, VIII. Vas u. 17.<br \/>\n<strong>Telefon:<\/strong> +36 1 486 5910<br \/>\n<strong>Fax:<\/strong> +36 1 486 5805<br \/>\n<strong>E-mail:<\/strong> <a href=\"mailto:etk.dekanihivatal@semmelweis.hu\">etk.dekanihivatal@semmelweis.hu<\/a><\/p>\n<h5>Hivatalvezet\u0151: Kakuk Marianna<\/h5>\n<p>Telefon: +36 1 486 5910 <br \/>\nE-mail: <a href=\"mailto:kakuk.marianna@semmelweis.hu\">kakuk.marianna@semmelweis.hu<\/a><\/p>\n<\/div>\n<h2>A D\u00e9k\u00e1ni Hivatal feladatai<\/h2>\n<ul style=\"list-style-type: disc\">\n<li style=\"text-align: left\">seg\u00edti a Kar vezet\u0151j\u00e9nek, helyetteseinek munk\u00e1j\u00e1t<\/li>\n<li style=\"text-align: left\">ell\u00e1tja a Kari Tan\u00e1cs, a Kar vezet\u0151je, helyettesei \u00e9s a hivatalvezet\u0151 munk\u00e1j\u00e1val kapcsolatos \u00fcgyint\u00e9z\u0151i \u00e9s \u00fcgyviteli feladatokat<\/li>\n<li style=\"text-align: left\">k\u00f6zrem\u0171k\u00f6dik a Kart \u00e9rint\u0151 d\u00f6nt\u00e9sek el\u0151k\u00e9sz\u00edt\u00e9s\u00e9ben, a fejleszt\u00e9si tervek, koncepci\u00f3k \u00f6ssze\u00e1ll\u00edt\u00e1s\u00e1ban<\/li>\n<li style=\"text-align: left\">el\u0151k\u00e9sz\u00edti a Kari szab\u00e1lyzatokat \u00e9s szervezi azok v\u00e9grehajt\u00e1s\u00e1t<\/li>\n<li style=\"text-align: left\">seg\u00edti a Karon foly\u00f3 k\u00e9pz\u00e9sek szervez\u00e9s\u00e9vel \u00e9s \u00fcgyvitel\u00e9vel \u00f6sszef\u00fcgg\u0151 feladatokat<\/li>\n<li style=\"text-align: left\">seg\u00edti a hallgat\u00f3i \u00f6nkorm\u00e1nyzati szervek adminisztrat\u00edv feladatainak ell\u00e1t\u00e1s\u00e1t<\/li>\n<li style=\"text-align: left\">el\u0151k\u00e9sz\u00edti \u00e9s megszervezi a kari rendezv\u00e9nyeket<\/li>\n<li style=\"text-align: left\">biztos\u00edtja a Karon a hallgat\u00f3k \u00e9s oktat\u00f3k t\u00e1j\u00e9koztat\u00e1s\u00e1t.<\/li>\n<li style=\"text-align: left\">seg\u00edti a hallgat\u00f3k tanulm\u00e1nyi \u00fcgyeinek int\u00e9z\u00e9s\u00e9t.<\/li>\n<\/ul>\n<h2>A D\u00e9k\u00e1ni Hivatal munkat\u00e1rsai<\/h2>\n\r\n<div id=\"telefonkonyv\">\r\n  <div class=\"tel-results col-12 px-0\">\r\n      <p class=\"desc mb-1\"><span>Ha hib\u00e1s, vagy hi\u00e1nyz\u00f3 adatot tal\u00e1l, k\u00e9rj\u00fck jelezze szervezeti egys\u00e9g\u00fcnk titk\u00e1rs\u00e1g\u00e1n.<\/span><\/p>\r\n      <p class=\"desc\"><em>A telefonk\u00f6nyvben tal\u00e1lhat\u00f3 adatok nem haszn\u00e1lhat\u00f3k fel az 1995. \u00e9vi CXIX. t\u00f6rv\u00e9ny szerinti kutat\u00e1s \u00e9s k\u00f6zvetlen \u00fczletszerz\u00e9s c\u00e9lj\u00e1ra.<\/em><\/p>\r\n                <div class=\"row mx-0 mt-3 mb-3 subunit-line text-uppercase font-weight-bold \r\n                    status-SZE\">\r\n                    <div class=\"col col-12 col-md-10 pl-2 pr-0\">\r\n                        <span>Eg\u00e9szs\u00e9gtudom\u00e1nyi Kar D\u00e9k\u00e1ni Hivatal<\/span>\r\n                    <\/div>\r\n                <\/div> \r\n                <div class=\"row mx-0 mt-3 mb-3 group-line text-uppercase font-weight-bold\">\r\n                    <div class=\"col col-12 col-md-10 pl-2 pr-0\">\r\n                        <span>ETK D\u00e9k\u00e1ni Hivatal<\/span>\r\n                    <\/div>\r\n                <\/div> \r\n          <div class=\"row mx-0 py-2 result-line emp-leader\">\r\n            <div class=\"col col-12 px-0 \"><div class=\"row mx-0 pr-2 result-line-content align-items-center\">\r\n                        <div class=\"col-12 col-md-6 px-0 \">\r\n                            <a class=\"emp-name\" href=\"https:\/\/semmelweis.hu\/telefonkonyv?emp_id=9449\"> Kakuk Marianna <\/a>\r\n                            <br \/><span class=\"emp-phone\">hivatalvezet\u0151<\/span><\/div>\r\n                        <div class=\"col-12 col-md-6 px-0\"><span class=\"emp-phone\"><i class=\"fa fa-phone\" aria-hidden=\"true\"><\/i>48-65912, <\/span><span class=\"emp-email\"><i class=\"fa fa-envelope-o\" aria-hidden=\"true\"><\/i>kakuk.marianna<i class=\"fa fa-at m-0 text-body\"><\/i>semmelweis.hu<\/span>\r\n                        <\/div>\r\n                    <\/div>\r\n                \r\n            <\/div>\r\n\r\n                <div class=\"col-12 col-md-6 px-0 d-none\"><span class=\"emp-phone\"><i class=\"fa fa-phone\" aria-hidden=\"true\"><\/i>48-65912, <\/span><span class=\"emp-email\"><i class=\"fa fa-envelope-o\" aria-hidden=\"true\"><\/i>kakuk.marianna<i class=\"fa fa-at m-0 text-body\"><\/i>semmelweis.hu<\/span>\r\n                <\/div>\r\n\r\n\r\n        <\/div>\r\n          <div class=\"row mx-0 py-2 result-line \">\r\n            <div class=\"col col-12 px-0 \"><div class=\"row mx-0 pr-2 result-line-content align-items-center\">\r\n                        <div class=\"col-12 col-md-6 px-0 \">\r\n                            <a class=\"emp-name\" href=\"https:\/\/semmelweis.hu\/telefonkonyv?emp_id=16694\"> Berger Virginia <\/a>\r\n                            <br \/><span class=\"emp-phone\">kiemelt igazgat\u00e1si szak\u00e9rt\u0151<\/span><\/div>\r\n                        <div class=\"col-12 col-md-6 px-0\"><span class=\"emp-phone\"><i class=\"fa fa-phone\" aria-hidden=\"true\"><\/i>48-65819, <\/span><span class=\"emp-email\"><i class=\"fa fa-envelope-o\" aria-hidden=\"true\"><\/i>berger.virginia<i class=\"fa fa-at m-0 text-body\"><\/i>semmelweis.hu<\/span>\r\n                        <\/div>\r\n                    <\/div>\r\n                \r\n            <\/div>\r\n\r\n                <div class=\"col-12 col-md-6 px-0 d-none\"><span class=\"emp-phone\"><i class=\"fa fa-phone\" aria-hidden=\"true\"><\/i>48-65819, <\/span><span class=\"emp-email\"><i class=\"fa fa-envelope-o\" aria-hidden=\"true\"><\/i>berger.virginia<i class=\"fa fa-at m-0 text-body\"><\/i>semmelweis.hu<\/span>\r\n                <\/div>\r\n\r\n\r\n        <\/div>\r\n          <div class=\"row mx-0 py-2 result-line \">\r\n            <div class=\"col col-12 px-0 \"><div class=\"row mx-0 pr-2 result-line-content align-items-center\">\r\n                        <div class=\"col-12 col-md-6 px-0 \">\r\n                            <a class=\"emp-name\" href=\"https:\/\/semmelweis.hu\/telefonkonyv?emp_id=14218\"> Feket\u00e9n\u00e9 B\u00e1nyai M\u00e1ria <\/a>\r\n                            <br \/><span class=\"emp-phone\">adminisztrat\u00edv munkat\u00e1rs<\/span><\/div>\r\n                        <div class=\"col-12 col-md-6 px-0\"><span class=\"emp-phone\"><i class=\"fa fa-phone\" aria-hidden=\"true\"><\/i>48-65910, <\/span><span class=\"emp-email\"><i class=\"fa fa-envelope-o\" aria-hidden=\"true\"><\/i>feketene.banyai.maria<i class=\"fa fa-at m-0 text-body\"><\/i>semmelweis.hu<\/span>\r\n                        <\/div>\r\n                    <\/div>\r\n                \r\n            <\/div>\r\n\r\n                <div class=\"col-12 col-md-6 px-0 d-none\"><span class=\"emp-phone\"><i class=\"fa fa-phone\" aria-hidden=\"true\"><\/i>48-65910, <\/span><span class=\"emp-email\"><i class=\"fa fa-envelope-o\" aria-hidden=\"true\"><\/i>feketene.banyai.maria<i class=\"fa fa-at m-0 text-body\"><\/i>semmelweis.hu<\/span>\r\n                <\/div>\r\n\r\n\r\n        <\/div>\r\n          <div class=\"row mx-0 py-2 result-line \">\r\n            <div class=\"col col-12 px-0 \"><div class=\"row mx-0 pr-2 result-line-content align-items-center\">\r\n                        <div class=\"col-12 col-md-6 px-0 \">\r\n                            <a class=\"emp-name\" href=\"https:\/\/semmelweis.hu\/telefonkonyv?emp_id=17914\"> Harmat R\u00e9ka <\/a>\r\n                            <br \/><span class=\"emp-phone\">igazgat\u00e1si szak\u00e9rt\u0151<\/span><\/div>\r\n                        <div class=\"col-12 col-md-6 px-0\"><span class=\"emp-phone\"><i class=\"fa fa-phone\" aria-hidden=\"true\"><\/i>48-64868, <\/span><span class=\"emp-email\"><i class=\"fa fa-envelope-o\" aria-hidden=\"true\"><\/i>harmat.reka<i class=\"fa fa-at m-0 text-body\"><\/i>semmelweis.hu<\/span>\r\n                        <\/div>\r\n                    <\/div>\r\n                \r\n            <\/div>\r\n\r\n                <div class=\"col-12 col-md-6 px-0 d-none\"><span class=\"emp-phone\"><i class=\"fa fa-phone\" aria-hidden=\"true\"><\/i>48-64868, <\/span><span class=\"emp-email\"><i class=\"fa fa-envelope-o\" aria-hidden=\"true\"><\/i>harmat.reka<i class=\"fa fa-at m-0 text-body\"><\/i>semmelweis.hu<\/span>\r\n                <\/div>\r\n\r\n\r\n        <\/div>\r\n          <div class=\"row mx-0 py-2 result-line \">\r\n            <div class=\"col col-12 px-0 \"><div class=\"row mx-0 pr-2 result-line-content align-items-center\">\r\n                        <div class=\"col-12 col-md-6 px-0 \">\r\n                            <a class=\"emp-name\" href=\"https:\/\/semmelweis.hu\/telefonkonyv?emp_id=11863\"> Horv\u00e1th Benedek Bal\u00e1zs <\/a>\r\n                            <br \/><span class=\"emp-phone\">adminisztrat\u00edv koordin\u00e1tor<\/span><\/div>\r\n                        <div class=\"col-12 col-md-6 px-0\"><span class=\"emp-phone\"><i class=\"fa fa-phone\" aria-hidden=\"true\"><\/i>48-65911, <\/span><span class=\"emp-email\"><i class=\"fa fa-envelope-o\" aria-hidden=\"true\"><\/i>horvath.benedek<i class=\"fa fa-at m-0 text-body\"><\/i>semmelweis.hu<\/span>\r\n                        <\/div>\r\n                    <\/div>\r\n                \r\n            <\/div>\r\n\r\n                <div class=\"col-12 col-md-6 px-0 d-none\"><span class=\"emp-phone\"><i class=\"fa fa-phone\" aria-hidden=\"true\"><\/i>48-65911, <\/span><span class=\"emp-email\"><i class=\"fa fa-envelope-o\" aria-hidden=\"true\"><\/i>horvath.benedek<i class=\"fa fa-at m-0 text-body\"><\/i>semmelweis.hu<\/span>\r\n                <\/div>\r\n\r\n\r\n        <\/div>\r\n          <div class=\"row mx-0 py-2 result-line \">\r\n            <div class=\"col col-12 px-0 \"><div class=\"row mx-0 pr-2 result-line-content align-items-center\">\r\n                        <div class=\"col-12 col-md-6 px-0 \">\r\n                            <a class=\"emp-name\" href=\"https:\/\/semmelweis.hu\/telefonkonyv?emp_id=14451\"> K\u00e1m\u00e1n \u00c9va M\u00e1ria <\/a>\r\n                            <br \/><span class=\"emp-phone\">igazgat\u00e1si szak\u00e9rt\u0151<\/span><\/div>\r\n                        <div class=\"col-12 col-md-6 px-0\"><span class=\"emp-phone\"><i class=\"fa fa-phone\" aria-hidden=\"true\"><\/i>48-65917, <\/span><span class=\"emp-email\"><i class=\"fa fa-envelope-o\" aria-hidden=\"true\"><\/i>kaman.eva.maria<i class=\"fa fa-at m-0 text-body\"><\/i>semmelweis.hu<\/span>\r\n                        <\/div>\r\n                    <\/div>\r\n                \r\n            <\/div>\r\n\r\n                <div class=\"col-12 col-md-6 px-0 d-none\"><span class=\"emp-phone\"><i class=\"fa fa-phone\" aria-hidden=\"true\"><\/i>48-65917, <\/span><span class=\"emp-email\"><i class=\"fa fa-envelope-o\" aria-hidden=\"true\"><\/i>kaman.eva.maria<i class=\"fa fa-at m-0 text-body\"><\/i>semmelweis.hu<\/span>\r\n                <\/div>\r\n\r\n\r\n        <\/div>\r\n          <div class=\"row mx-0 py-2 result-line \">\r\n            <div class=\"col col-12 px-0 \"><div class=\"row mx-0 pr-2 result-line-content align-items-center\">\r\n                        <div class=\"col-12 col-md-6 px-0 \">\r\n                            <a class=\"emp-name\" href=\"https:\/\/semmelweis.hu\/telefonkonyv?emp_id=24434\"> Kelemen Krisztina Anna <\/a>\r\n                            <br \/><span class=\"emp-phone\">rendezv\u00e9nyszervez\u0151<\/span><\/div>\r\n                        <div class=\"col-12 col-md-6 px-0\"><span class=\"emp-phone\"><i class=\"fa fa-phone\" aria-hidden=\"true\"><\/i>48-65829, <\/span><span class=\"emp-email\"><i class=\"fa fa-envelope-o\" aria-hidden=\"true\"><\/i>kelemen.krisztina.anna<i class=\"fa fa-at m-0 text-body\"><\/i>semmelweis.hu<\/span>\r\n                        <\/div>\r\n                    <\/div>\r\n                \r\n            <\/div>\r\n\r\n                <div class=\"col-12 col-md-6 px-0 d-none\"><span class=\"emp-phone\"><i class=\"fa fa-phone\" aria-hidden=\"true\"><\/i>48-65829, <\/span><span class=\"emp-email\"><i class=\"fa fa-envelope-o\" aria-hidden=\"true\"><\/i>kelemen.krisztina.anna<i class=\"fa fa-at m-0 text-body\"><\/i>semmelweis.hu<\/span>\r\n                <\/div>\r\n\r\n\r\n        <\/div>\r\n          <div class=\"row mx-0 py-2 result-line \">\r\n            <div class=\"col col-12 px-0 \"><div class=\"row mx-0 pr-2 result-line-content align-items-center\">\r\n                        <div class=\"col-12 col-md-6 px-0 \">\r\n                            <a class=\"emp-name\" href=\"https:\/\/semmelweis.hu\/telefonkonyv?emp_id=11024\"> Kocsis Kinga <\/a>\r\n                            <br \/><span class=\"emp-phone\">igazgat\u00e1si szak\u00e9rt\u0151<\/span><\/div>\r\n                        <div class=\"col-12 col-md-6 px-0\"><span class=\"emp-phone\"><i class=\"fa fa-phone\" aria-hidden=\"true\"><\/i>48-65902, <\/span><span class=\"emp-email\"><i class=\"fa fa-envelope-o\" aria-hidden=\"true\"><\/i>kocsis.kinga<i class=\"fa fa-at m-0 text-body\"><\/i>semmelweis.hu<\/span>\r\n                        <\/div>\r\n                    <\/div>\r\n                \r\n            <\/div>\r\n\r\n                <div class=\"col-12 col-md-6 px-0 d-none\"><span class=\"emp-phone\"><i class=\"fa fa-phone\" aria-hidden=\"true\"><\/i>48-65902, <\/span><span class=\"emp-email\"><i class=\"fa fa-envelope-o\" aria-hidden=\"true\"><\/i>kocsis.kinga<i class=\"fa fa-at m-0 text-body\"><\/i>semmelweis.hu<\/span>\r\n                <\/div>\r\n\r\n\r\n        <\/div>\r\n          <div class=\"row mx-0 py-2 result-line \">\r\n            <div class=\"col col-12 px-0 \"><div class=\"row mx-0 pr-2 result-line-content align-items-center\">\r\n                        <div class=\"col-12 col-md-6 px-0 \">\r\n                            <a class=\"emp-name\" href=\"https:\/\/semmelweis.hu\/telefonkonyv?emp_id=19068\"> M\u00e9sz\u00e1ros Katalin <\/a>\r\n                            <br \/><span class=\"emp-phone\">oktat\u00e1sszervez\u00e9si szak\u00e9rt\u0151<\/span><\/div>\r\n                        <div class=\"col-12 col-md-6 px-0\"><span class=\"emp-phone\"><i class=\"fa fa-phone\" aria-hidden=\"true\"><\/i>48-64919, <\/span><span class=\"emp-email\"><i class=\"fa fa-envelope-o\" aria-hidden=\"true\"><\/i>meszaros.katalin<i class=\"fa fa-at m-0 text-body\"><\/i>semmelweis.hu<\/span>\r\n                        <\/div>\r\n                    <\/div>\r\n                \r\n            <\/div>\r\n\r\n                <div class=\"col-12 col-md-6 px-0 d-none\"><span class=\"emp-phone\"><i class=\"fa fa-phone\" aria-hidden=\"true\"><\/i>48-64919, <\/span><span class=\"emp-email\"><i class=\"fa fa-envelope-o\" aria-hidden=\"true\"><\/i>meszaros.katalin<i class=\"fa fa-at m-0 text-body\"><\/i>semmelweis.hu<\/span>\r\n                <\/div>\r\n\r\n\r\n        <\/div>\r\n          <div class=\"row mx-0 py-2 result-line \">\r\n            <div class=\"col col-12 px-0 \"><div class=\"row mx-0 pr-2 result-line-content align-items-center\">\r\n                        <div class=\"col-12 col-md-6 px-0 \">\r\n                            <a class=\"emp-name\" href=\"https:\/\/semmelweis.hu\/telefonkonyv?emp_id=15826\">Dr. R\u00f3zsa-Oltv\u00f6lgyi N\u00f3ra <\/a>\r\n                            <br \/><span class=\"emp-phone\">adminisztrat\u00edv koordin\u00e1tor<\/span><span class=\"badge badge-info\">Tart\u00f3san t\u00e1vol<\/span><\/div>\r\n                        <div class=\"col-12 col-md-6 px-0\"><span class=\"emp-phone\"><i class=\"fa fa-phone\" aria-hidden=\"true\"><\/i>48-65845, <\/span><span class=\"emp-email\"><i class=\"fa fa-envelope-o\" aria-hidden=\"true\"><\/i>rozsa-oltvolgyi.nora<i class=\"fa fa-at m-0 text-body\"><\/i>semmelweis.hu<\/span>\r\n                        <\/div>\r\n                    <\/div>\r\n                \r\n            <\/div>\r\n\r\n                <div class=\"col-12 col-md-6 px-0 d-none\"><span class=\"emp-phone\"><i class=\"fa fa-phone\" aria-hidden=\"true\"><\/i>48-65845, <\/span><span class=\"emp-email\"><i class=\"fa fa-envelope-o\" aria-hidden=\"true\"><\/i>rozsa-oltvolgyi.nora<i class=\"fa fa-at m-0 text-body\"><\/i>semmelweis.hu<\/span>\r\n                <\/div>\r\n\r\n\r\n        <\/div>\r\n          <div class=\"row mx-0 py-2 result-line \">\r\n            <div class=\"col col-12 px-0 \"><div class=\"row mx-0 pr-2 result-line-content align-items-center\">\r\n                        <div class=\"col-12 col-md-6 px-0 \">\r\n                            <a class=\"emp-name\" href=\"https:\/\/semmelweis.hu\/telefonkonyv?emp_id=9454\"> Varga Attila <\/a>\r\n                            <br \/><span class=\"emp-phone\">adminisztrat\u00edv munkat\u00e1rs<\/span><\/div>\r\n                        <div class=\"col-12 col-md-6 px-0\"><span class=\"emp-phone\"><i class=\"fa fa-phone\" aria-hidden=\"true\"><\/i>48-65914, <\/span><span class=\"emp-email\"><i class=\"fa fa-envelope-o\" aria-hidden=\"true\"><\/i>varga.attila<i class=\"fa fa-at m-0 text-body\"><\/i>semmelweis.hu<\/span>\r\n                        <\/div>\r\n                    <\/div>\r\n                \r\n            <\/div>\r\n\r\n                <div class=\"col-12 col-md-6 px-0 d-none\"><span class=\"emp-phone\"><i class=\"fa fa-phone\" aria-hidden=\"true\"><\/i>48-65914, <\/span><span class=\"emp-email\"><i class=\"fa fa-envelope-o\" aria-hidden=\"true\"><\/i>varga.attila<i class=\"fa fa-at m-0 text-body\"><\/i>semmelweis.hu<\/span>\r\n                <\/div>\r\n\r\n\r\n        <\/div><\/div><\/div>\n","protected":false},"excerpt":{"rendered":"<p>A D\u00e9k\u00e1ni Hivatal a kar oktat\u00f3 munk\u00e1j\u00e1t seg\u00edt\u0151, koordin\u00e1l\u00f3, a kar hallgat\u00f3ival k\u00f6zvetlen kapcsolatban \u00e1ll\u00f3, a felv\u00e9teli, tanulm\u00e1nyi \u00e9s vizsgarend\u00e9rt, az oklevelek nyilv\u00e1ntart\u00e1s\u00e1\u00e9rt felel\u0151s hivatal. C\u00edm: 1088 Budapest, VIII. Vas u. 17. Telefon: +36 1 486 5910 Fax: +36 1 486 5805 E-mail: <a href=\"mailto:etk.dekanihivatal@semmelweis.hu\">etk.dekanihivatal@semmelweis.hu<\/a> Hivatalvezet\u0151: Kakuk Marianna Telefon: +36 1 486 5910 E-mail: <a href=\"mailto:kakuk.marianna@semmelweis.hu\">kakuk.marianna@semmelweis.hu<\/a> A D\u00e9k\u00e1ni Hivatal &hellip;<\/p>\n","protected":false},"author":101729,"featured_media":0,"parent":5,"menu_order":3,"comment_status":"closed","ping_status":"closed","template":"","meta":{"_acf_changed":false,"footnotes":""},"categories":[],"tags":[],"class_list":["post-102","page","type-page","status-publish","hentry"],"acf":[],"_links":{"self":[{"href":"https:\/\/semmelweis.hu\/etk\/wp-json\/wp\/v2\/pages\/102","targetHints":{"allow":["GET"]}}],"collection":[{"href":"https:\/\/semmelweis.hu\/etk\/wp-json\/wp\/v2\/pages"}],"about":[{"href":"https:\/\/semmelweis.hu\/etk\/wp-json\/wp\/v2\/types\/page"}],"author":[{"embeddable":true,"href":"https:\/\/semmelweis.hu\/etk\/wp-json\/wp\/v2\/users\/101729"}],"replies":[{"embeddable":true,"href":"https:\/\/semmelweis.hu\/etk\/wp-json\/wp\/v2\/comments?post=102"}],"version-history":[{"count":11,"href":"https:\/\/semmelweis.hu\/etk\/wp-json\/wp\/v2\/pages\/102\/revisions"}],"predecessor-version":[{"id":14985,"href":"https:\/\/semmelweis.hu\/etk\/wp-json\/wp\/v2\/pages\/102\/revisions\/14985"}],"up":[{"embeddable":true,"href":"https:\/\/semmelweis.hu\/etk\/wp-json\/wp\/v2\/pages\/5"}],"wp:attachment":[{"href":"https:\/\/semmelweis.hu\/etk\/wp-json\/wp\/v2\/media?parent=102"}],"wp:term":[{"taxonomy":"category","embeddable":true,"href":"https:\/\/semmelweis.hu\/etk\/wp-json\/wp\/v2\/categories?post=102"},{"taxonomy":"post_tag","embeddable":true,"href":"https:\/\/semmelweis.hu\/etk\/wp-json\/wp\/v2\/tags?post=102"}],"curies":[{"name":"wp","href":"https:\/\/api.w.org\/{rel}","templated":true}]}}