{"id":1003,"date":"2020-05-06T11:12:42","date_gmt":"2020-05-06T09:12:42","guid":{"rendered":"https:\/\/semmelweis.hu\/etk\/?page_id=1003"},"modified":"2026-03-17T08:55:26","modified_gmt":"2026-03-17T07:55:26","slug":"nyomtatvanyok","status":"publish","type":"page","link":"https:\/\/semmelweis.hu\/etk\/dokumentumok\/nyomtatvanyok\/","title":{"rendered":"Nyomtatv\u00e1nyok"},"content":{"rendered":"<div class=\"responsive-tabs\">\n<h2 class=\"tabtitle\">Nyomtatv\u00e1nyok<\/h2>\n<div class=\"tabcontent\">\n\n<h2>Nyilatkozatok, adatlapok<\/h2>\n<ul>\n<li><a href=\"https:\/\/semmelweis.hu\/etk\/files\/2020\/08\/publikacios_nyilatkozat.pdf\">Interneten megjelen\u00edtett publik\u00e1ci\u00f3k, tananyagok szerz\u0151i jogaira vonatkoz\u00f3 nyilatkozat (pdf)<\/a><\/li>\n<li><a href=\"https:\/\/semmelweis.hu\/etk\/files\/2020\/08\/Karon_haszn_okt_nyagok_nyilatkozat.pdf\">Nyilatkozat a Karon haszn\u00e1lt eszk\u00f6z\u00f6k jogszer\u0171s\u00e9g\u00e9r\u0151l (pdf)<\/a><\/li>\n<li><a href=\"https:\/\/semmelweis.hu\/etk\/files\/2020\/09\/Hall-jogv-megsz_SK.pdf\">Nyilatkozat hallgat\u00f3i jogviszony megsz\u00fcntet\u00e9s\u00e9r\u0151l (pdf)<\/a><\/li>\n<li><a href=\"https:\/\/semmelweis.hu\/etk\/files\/2023\/01\/rektori-pm-szd.pdf\">K\u00e9relem rektori p\u00e1lyamunka szakdolgozatk\u00e9nt t\u00f6rt\u00e9n\u0151 elfogad\u00e1s\u00e1hoz (pdf)<\/a><\/li>\n<li><strong><span style=\"color: #ff0000\">!<\/span> <a href=\"https:\/\/semmelweis.hu\/etk\/files\/2023\/06\/30-ev-hazas-gy-bejelento-lap.pdf\">30 \u00e9v alatti<\/a> h\u00e1zas, gyermekes hallgat\u00f3k<\/strong> kedvezm\u00e9nye bejelent\u0151 lap (pdf)<span style=\"color: #ff0000\"> <strong>!<\/strong><\/span><\/li>\n<\/ul>\n<p><strong>Kredit\u00e1tviteli Bizotts\u00e1ghoz<\/strong><\/p>\n<p style=\"padding-left: 40px\"><a href=\"https:\/\/semmelweis.hu\/etk\/files\/2025\/03\/jogorvoslati_kerelem.pdf\">Nyomtatv\u00e1ny (pdf)<\/a>\u00a0jogorvoslati elj\u00e1r\u00e1shoz<\/p>\n<p><strong>Fel\u00fclb\u00edr\u00e1lati Bizotts\u00e1ghoz<\/strong><\/p>\n<p style=\"padding-left: 40px\"><a href=\"https:\/\/semmelweis.hu\/etk\/files\/2025\/03\/jogorvoslati_kerelem.pdf\">Jogorvoslati k\u00e9relem (pdf)\u00a0<\/a><\/p>\n<p><strong>Tanulm\u00e1nyi Bizotts\u00e1ghoz <\/strong>&#8211; k\u00e9relem bead\u00e1sa: <strong><a href=\"mailto:etk.tvb@semmelweis.hu\">etk.tvb@semmelweis.hu<\/a><br \/>\n<\/strong><\/p>\n<ul>\n<li><a href=\"https:\/\/semmelweis.hu\/etk\/files\/2020\/08\/atveteli_kerelem_TVB.pdf\">\u00c1tv\u00e9teli k\u00e9relem (pdf)<\/a><\/li>\n<li><a href=\"https:\/\/semmelweis.hu\/etk\/files\/2020\/08\/Kerelem_egyeb_tan_ugyekben.pdf\">Egy\u00e9b tanulm\u00e1nyi \u00fcgyekben (pdf)<\/a><\/li>\n<li><a href=\"https:\/\/semmelweis.hu\/etk\/files\/2020\/08\/Koltsegterites_kerelem.pdf\">K\u00f6lts\u00e9gt\u00e9r\u00edt\u00e9ses k\u00e9relem (pdf)<\/a> (\u00e1llamilag t\u00e1mogatott vagy \u00e1llami \u00f6szt\u00f6nd\u00edjas finansz\u00edroz\u00e1si form\u00e1ra \u00e1tv\u00e9tel) <strong>&#8211; k\u00e9relem bead\u00e1sa: <a href=\"mailto:etk.ktg@semmelweis.hu\">etk.ktg@semmelweis.hu<\/a><\/strong><\/li>\n<li><a href=\"https:\/\/semmelweis.hu\/etk\/files\/2020\/08\/Kulon_nyelvvizsga_kerelem.pdf\">Nftv. 107.\u00a7 (2) bekezd\u00e9se szerinti sikeres, k\u00fcl\u00f6n nyelvi vizsg\u00e1t tett volt hallgat\u00f3k k\u00e9relme (pdf)<\/a> \u00e9s <a href=\"https:\/\/semmelweis.hu\/etk\/files\/2020\/08\/Kulon_nyelvvizsga_jogorvoslat.pdf\">jogorvoslat (pdf)<\/a><\/li>\n<\/ul>\n<p><strong>Semmelweis Egyetem\u2013 Es\u00e9lyegyenl\u0151s\u00e9gi Bizotts\u00e1g<\/strong><\/p>\n<p style=\"padding-left: 40px\"><a href=\"https:\/\/semmelweis.hu\/etk\/files\/2020\/08\/Eselyegyenlosegi_kerelem.pdf\">K\u00e9relem (pdf)<\/a><\/p>\n<p><strong>Tanulm\u00e1nyi igazol\u00e1sok<\/strong><\/p>\n<ul>\n<li><a href=\"https:\/\/semmelweis.hu\/etk\/files\/2020\/08\/Vizsga_reszvetel_ig.pdf\">Vizsg\u00e1n val\u00f3 megjelen\u00e9s igazol\u00e1sa (pdf)<\/a><\/li>\n<li><a href=\"https:\/\/semmelweis.hu\/etk\/files\/2020\/08\/Szamonkeres_telj_ig.pdf\">Sz\u00e1monk\u00e9r\u00e9s teljes\u00edt\u00e9si lap (pdf)<\/a><\/li>\n<li><a href=\"https:\/\/semmelweis.hu\/etk\/files\/2020\/08\/Dolgozat_bead_ig.pdf\">Igazol\u00e1s dolgozat lead\u00e1s\u00e1r\u00f3l (pdf)<\/a><\/li>\n<\/ul>\n<p><strong>Semmelweis Egyetem Rektor\u00e1hoz<\/strong><\/p>\n<p style=\"padding-left: 40px\"><a href=\"https:\/\/semmelweis.hu\/etk\/files\/2022\/08\/Koltsegterites_kerelem_rektorhoz-2020.pdf\">K\u00f6lts\u00e9gt\u00e9r\u00edt\u00e9ses k\u00e9relem (pdf)<\/a> (m\u00e9rs\u00e9kl\u00e9s, r\u00e9szlet, halad\u00e9k)\u00a0\u00a0\u00a0\u00a0 <a href=\"https:\/\/semmelweis.hu\/etk\/files\/2022\/05\/Taj-mers.pdf\">T\u00e1j\u00e9koztat\u00f3 (pdf)<\/a> &#8211; k\u00f6lts\u00e9gt\u00e9r\u00edt\u00e9si d\u00edj m\u00e9rs\u00e9kl\u00e9se<\/p>\n<p style=\"padding-left: 120px\">k\u00e9relem bead\u00e1sa: <strong><a href=\"mailto:etk.ktg@semmelweis.hu\">etk.ktg@semmelweis.hu<\/a><\/strong><\/p>\n<p><strong>Bejelentkez\u00e9shez<\/strong><\/p>\n<ul>\n<li><a href=\"https:\/\/semmelweis.hu\/etk\/files\/2026\/03\/Szakdolgozat_eredetiseg_nyilatkozat.docx\">Eredetis\u00e9gi nyilatkozat (pdf)<\/a><\/li>\n<li><a href=\"https:\/\/semmelweis.hu\/etk\/files\/2020\/08\/Nyil_onkoltsegi_dij_diakhitel_2_torl.pdf\">Nyilatkozat az \u00f6nk\u00f6lts\u00e9gi d\u00edj Di\u00e1khitel2-vel val\u00f3 teljes\u00edt\u00e9s\u00e9r\u0151l (pdf)<\/a><\/li>\n<\/ul>\n<p><strong>Z\u00e1r\u00f3vizsga<\/strong><\/p>\n<p style=\"padding-left: 40px\"><a href=\"https:\/\/semmelweis.hu\/etk\/files\/2020\/08\/Zarovizsga_bejelentkezes_jav.pdf\">Bejelentkez\u00e9s (pdf)<\/a><\/p>\n<p style=\"padding-left: 40px\"><a href=\"https:\/\/semmelweis.hu\/etk\/files\/2022\/01\/esk_HU.pdf\">Esk\u00fc (pdf)<\/a><\/p>\n<p><strong>Egy\u00e9b nyomtatv\u00e1nyok<\/strong><\/p>\n<ul>\n<li><a href=\"https:\/\/semmelweis.hu\/etk\/files\/2020\/08\/Targyleadas_nyilatkozat.pdf\">T\u00e1rgylead\u00e1si nyilatkozat (pdf)<\/a><\/li>\n<li><a href=\"https:\/\/semmelweis.hu\/etk\/files\/2024\/07\/SE_szamlakero-nyomtatvany_2024.pdf\">Sz\u00e1mla k\u00e9r\u0151 (pdf)<\/a><\/li>\n<li><a href=\"https:\/\/semmelweis.hu\/etk\/files\/2020\/08\/Meghatalmazas.pdf\">Meghatalmaz\u00e1s oklev\u00e9l, oklev\u00e9lmell\u00e9klet, leckek\u00f6nyv stb. \u00e1tv\u00e9tel\u00e9hez (pdf)<\/a><\/li>\n<li><a href=\"https:\/\/semmelweis.hu\/etk\/files\/2020\/08\/Meghatalmazas_hallg_osztondij_szerzodes.pdf\">Meghatalmaz\u00e1s hallgat\u00f3i \u00f6szt\u00f6nd\u00edjszerz\u0151d\u00e9shez (pdf)<\/a><\/li>\n<li><a href=\"https:\/\/semmelweis.hu\/etk\/files\/2025\/03\/Kerelem-PhD-oktatasi-tevekenysegenek-engedelyezesehez.docx\">K\u00e9relem PhD hallgat\u00f3 oktat\u00e1si tev\u00e9kenys\u00e9g\u00e9nek enged\u00e9lyez\u00e9s\u00e9hez (docx)<\/a> <em>(A doktorandusz hallgat\u00f3i oktat\u00e1si tev\u00e9kenys\u00e9g enged\u00e9lyez\u00e9s\u00e9nek elj\u00e1r\u00e1srendje az SE-ETK-n c. elj\u00e1r\u00e1srend mell\u00e9klete)<\/em><\/li>\n<\/ul>\n<p><strong>Jelentkez\u00e9si lapok<\/strong><\/p>\n<ul>\n<li>Hagyom\u00e1nyos k\u00ednai orvos k\u00e9pz\u00e9s <strong><a href=\"https:\/\/semmelweis.hu\/etk\/files\/2023\/06\/hko-jelentkezesi-lap-1.pdf\">jelentkez\u00e9si lap<\/a>\u00a0<\/strong>\u00e9s <strong><a href=\"https:\/\/semmelweis.hu\/etk\/files\/2023\/06\/szakiranyu-nyilatkozat-2026.pdf\">nyilatkozat<\/a><\/strong><\/li>\n<\/ul>\n<p style=\"padding-left: 40px\"><strong><span style=\"font-size: 14pt\">Szakir\u00e1ny\u00fa tov\u00e1bbk\u00e9pz\u00e9sek:<\/span><\/strong><\/p>\n<ul>\n<li>Addiktol\u00f3giai konzult\u00e1ns<strong> <a href=\"https:\/\/semmelweis.hu\/etk\/files\/2023\/06\/jellap-add-2026.pdf\">jelentkez\u00e9si lap<\/a><\/strong> \u00e9s <strong><a href=\"https:\/\/semmelweis.hu\/etk\/files\/2023\/06\/szakiranyu-nyilatkozat-2026.pdf\">nyilatkozat<\/a><\/strong><\/li>\n<li>Podi\u00e1ter <strong><a href=\"https:\/\/semmelweis.hu\/etk\/files\/2023\/06\/jellap-podiater-2026.pdf\">jelentkez\u00e9si lap<\/a>\u00a0<\/strong>\u00e9s <strong><a href=\"https:\/\/semmelweis.hu\/etk\/files\/2023\/06\/szakiranyu-nyilatkozat-2026.pdf\">nyilatkozat<\/a><\/strong><\/li>\n<\/ul>\n<p><strong>Tudom\u00e1nyos Di\u00e1kk\u00f6r<\/strong><\/p>\n<ul>\n<li><a href=\"https:\/\/semmelweis.hu\/etk\/files\/2020\/08\/TDK_jelentk_lap.pdf\">TDK jelentkez\u00e9si lap (pdf)<\/a><\/li>\n<li><a href=\"https:\/\/semmelweis.hu\/etk\/files\/2020\/08\/Bev_egtud_kurzus_jel_lap.pdf\">Bevezet\u00e9s az eg\u00e9szs\u00e9gtudom\u00e1nyi kutat\u00e1sokba jelentkez\u00e9si lap (pdf)<\/a><\/li>\n<li><a href=\"https:\/\/semmelweis.hu\/etk\/files\/2020\/08\/TDK_tema_tervezet.pdf\">Adatlap (TDK t\u00e9matervezet)(pdf)<\/a><\/li>\n<\/ul>\n\n<\/div><h2 class=\"tabtitle\">Munkat\u00e1rsaknak<\/h2>\n<div class=\"tabcontent\">\n\n<p>Informatikai adatlap &#8211; <strong><a href=\"https:\/\/semmelweis.hu\/etk\/files\/2023\/06\/Belepo-munkatars_informatikai-adatlap-2024-3.xlsx\">Bel\u00e9p\u0151 munkat\u00e1rs <\/a><\/strong>(xlsx)<\/p>\n<p>Informatikai adatlap &#8211; <strong><a href=\"https:\/\/semmelweis.hu\/etk\/files\/2023\/06\/kilepo-IT.docx\">Kil\u00e9p\u0151 munkat\u00e1rs<\/a><\/strong> (docx)<\/p>\n<p><a href=\"https:\/\/semmelweis.hu\/etk\/files\/2020\/10\/Poszeidon-jogosults\u00e1g-ig\u00e9nyl\u0151-\u0171rlap.xlsx\"><strong>Poszeidon<\/strong> jogosults\u00e1g ig\u00e9nyl\u0151 \u0171rlap<\/a> (xlsx)<\/p>\n<p><a href=\"https:\/\/semmelweis.hu\/etk\/files\/2020\/10\/Jogosults\u00e1g-ig\u00e9nyl\u0151-adatlap-a-Neptun-rendszerhez.docx\">Jogosults\u00e1g ig\u00e9nyl\u0151 adatlap a <strong>Neptun<\/strong> rendszerhez<\/a> (docx)<\/p>\n<p><a href=\"https:\/\/semmelweis.hu\/etk\/files\/2025\/02\/Rendezveny-bejelentolap-2025.xlsx\"><strong>Rendezv\u00e9nybejelent\u0151<\/strong> lap<\/a>\u00a0(xlsx)<\/p>\n<p><a href=\"https:\/\/semmelweis.hu\/etk\/files\/2025\/02\/Palyazati-bejelentolap-2025.xlsx\"><strong>P\u00e1ly\u00e1zati<\/strong> bejelent\u0151 lap<\/a> (xlsx)<\/p>\n<p><a href=\"https:\/\/semmelweis.hu\/etk\/files\/2020\/08\/felsooktatasi_nyilatkozat.pdf\">Fels\u0151oktat\u00e1si nyilatkozat<\/a> (pdf)<\/p>\n<p><a href=\"https:\/\/semmelweis.hu\/etk\/files\/2020\/08\/konferencia_reszvetel.doc\">A konferencia-r\u00e9szv\u00e9tel szab\u00e1lyzat 1. sz. mell\u00e9klete<\/a> (doc)<\/p>\n<p><a href=\"https:\/\/semmelweis.hu\/etk\/files\/2020\/08\/teremigenyles_nyomt.xls\">Teremig\u00e9nyl\u0151 nyomtatv\u00e1ny<\/a><\/p>\n<p><a href=\"https:\/\/semmelweis.hu\/etk\/files\/2020\/08\/Karon_haszn_okt_nyagok_nyilatkozat.pdf\">Nyilatkozat a Karon haszn\u00e1lt eszk\u00f6z\u00f6k jogszer\u0171s\u00e9g\u00e9r\u0151l<\/a> (pdf)<\/p>\n<p><a href=\"https:\/\/semmelweis.hu\/etk\/files\/2024\/05\/1sz.melleklet-Dekani-IT-eszkoz.xlsx\">Ig\u00e9nyl\u0151lap<\/a>\u00a0&#8211; 1. sz. mell\u00e9klet: D\u00e9k\u00e1ni utas\u00edt\u00e1s <strong>a Kar informatikai eszk\u00f6zeinek szem\u00e9lyes haszn\u00e1latba v\u00e9tel\u00e9nek<\/strong> elj\u00e1r\u00e1srendj\u00e9r\u0151l (xlsx)<\/p>\n<\/div><\/div>\n","protected":false},"excerpt":{"rendered":"<p>Nyilatkozatok, adatlapok <a href=\"https:\/\/semmelweis.hu\/etk\/files\/2020\/08\/publikacios_nyilatkozat.pdf\">Interneten megjelen\u00edtett publik\u00e1ci\u00f3k, tananyagok szerz\u0151i jogaira vonatkoz\u00f3 nyilatkozat (pdf)<\/a> <a href=\"https:\/\/semmelweis.hu\/etk\/files\/2020\/08\/Karon_haszn_okt_nyagok_nyilatkozat.pdf\">Nyilatkozat a Karon haszn\u00e1lt eszk\u00f6z\u00f6k jogszer\u0171s\u00e9g\u00e9r\u0151l (pdf)<\/a> <a href=\"https:\/\/semmelweis.hu\/etk\/files\/2020\/09\/Hall-jogv-megsz_SK.pdf\">Nyilatkozat hallgat\u00f3i jogviszony megsz\u00fcntet\u00e9s\u00e9r\u0151l (pdf)<\/a> <a href=\"https:\/\/semmelweis.hu\/etk\/files\/2023\/01\/rektori-pm-szd.pdf\">K\u00e9relem rektori p\u00e1lyamunka szakdolgozatk\u00e9nt t\u00f6rt\u00e9n\u0151 elfogad\u00e1s\u00e1hoz (pdf)<\/a> ! <a href=\"https:\/\/semmelweis.hu\/etk\/files\/2023\/06\/30-ev-hazas-gy-bejelento-lap.pdf\">30 \u00e9v alatti<\/a> h\u00e1zas, gyermekes hallgat\u00f3k kedvezm\u00e9nye bejelent\u0151 lap (pdf) ! Kredit\u00e1tviteli Bizotts\u00e1ghoz <a href=\"https:\/\/semmelweis.hu\/etk\/files\/2025\/03\/jogorvoslati_kerelem.pdf\">Nyomtatv\u00e1ny (pdf)<\/a> \u00a0jogorvoslati elj\u00e1r\u00e1shoz Fel\u00fclb\u00edr\u00e1lati Bizotts\u00e1ghoz <a href=\"https:\/\/semmelweis.hu\/etk\/files\/2025\/03\/jogorvoslati_kerelem.pdf\">Jogorvoslati k\u00e9relem (pdf)\u00a0<\/a> Tanulm\u00e1nyi Bizotts\u00e1ghoz &#8211; k\u00e9relem bead\u00e1sa: <a href=\"mailto:etk.tvb@semmelweis.hu\">etk.tvb@semmelweis.hu<\/a> <a href=\"https:\/\/semmelweis.hu\/etk\/files\/2020\/08\/atveteli_kerelem_TVB.pdf\">\u00c1tv\u00e9teli k\u00e9relem (pdf)<\/a> <a href=\"https:\/\/semmelweis.hu\/etk\/files\/2020\/08\/Kerelem_egyeb_tan_ugyekben.pdf\">Egy\u00e9b tanulm\u00e1nyi \u00fcgyekben (pdf)<\/a> <a href=\"https:\/\/semmelweis.hu\/etk\/files\/2020\/08\/Koltsegterites_kerelem.pdf\">K\u00f6lts\u00e9gt\u00e9r\u00edt\u00e9ses k\u00e9relem (pdf)<\/a> (\u00e1llamilag t\u00e1mogatott vagy \u00e1llami \u00f6szt\u00f6nd\u00edjas finansz\u00edroz\u00e1si form\u00e1ra \u00e1tv\u00e9tel) &#8211; k\u00e9relem bead\u00e1sa: <a href=\"mailto:etk.ktg@semmelweis.hu\">etk.ktg@semmelweis.hu<\/a> <a href=\"https:\/\/semmelweis.hu\/etk\/files\/2020\/08\/Kulon_nyelvvizsga_kerelem.pdf\">Nftv. 107.\u00a7 (2) bekezd\u00e9se szerinti sikeres, k\u00fcl\u00f6n nyelvi vizsg\u00e1t tett volt hallgat\u00f3k k\u00e9relme (pdf)<\/a> \u00e9s <a href=\"https:\/\/semmelweis.hu\/etk\/files\/2020\/08\/Kulon_nyelvvizsga_jogorvoslat.pdf\">jogorvoslat (pdf)<\/a> Semmelweis Egyetem\u2013 Es\u00e9lyegyenl\u0151s\u00e9gi Bizotts\u00e1g <a href=\"https:\/\/semmelweis.hu\/etk\/files\/2020\/08\/Eselyegyenlosegi_kerelem.pdf\">K\u00e9relem (pdf)<\/a> Tanulm\u00e1nyi igazol\u00e1sok <a href=\"https:\/\/semmelweis.hu\/etk\/files\/2020\/08\/Vizsga_reszvetel_ig.pdf\">Vizsg\u00e1n val\u00f3 megjelen\u00e9s igazol\u00e1sa (pdf)<\/a> <a href=\"https:\/\/semmelweis.hu\/etk\/files\/2020\/08\/Szamonkeres_telj_ig.pdf\">Sz\u00e1monk\u00e9r\u00e9s teljes\u00edt\u00e9si lap (pdf)<\/a> <a href=\"https:\/\/semmelweis.hu\/etk\/files\/2020\/08\/Dolgozat_bead_ig.pdf\">Igazol\u00e1s dolgozat lead\u00e1s\u00e1r\u00f3l (pdf)<\/a> Semmelweis Egyetem Rektor\u00e1hoz <a href=\"https:\/\/semmelweis.hu\/etk\/files\/2022\/08\/Koltsegterites_kerelem_rektorhoz-2020.pdf\">K\u00f6lts\u00e9gt\u00e9r\u00edt\u00e9ses k\u00e9relem (pdf)<\/a> (m\u00e9rs\u00e9kl\u00e9s, r\u00e9szlet, halad\u00e9k)\u00a0\u00a0\u00a0\u00a0 <a href=\"https:\/\/semmelweis.hu\/etk\/files\/2022\/05\/Taj-mers.pdf\">T\u00e1j\u00e9koztat\u00f3 (pdf)<\/a> &#8211; k\u00f6lts\u00e9gt\u00e9r\u00edt\u00e9si d\u00edj m\u00e9rs\u00e9kl\u00e9se k\u00e9relem bead\u00e1sa: <a href=\"mailto:etk.ktg@semmelweis.hu\">etk.ktg@semmelweis.hu<\/a> Bejelentkez\u00e9shez <a href=\"https:\/\/semmelweis.hu\/etk\/files\/2026\/03\/Szakdolgozat_eredetiseg_nyilatkozat.docx\">Eredetis\u00e9gi nyilatkozat (pdf)<\/a> <a href=\"https:\/\/semmelweis.hu\/etk\/files\/2020\/08\/Nyil_onkoltsegi_dij_diakhitel_2_torl.pdf\">Nyilatkozat az \u00f6nk\u00f6lts\u00e9gi d\u00edj Di\u00e1khitel2-vel val\u00f3 teljes\u00edt\u00e9s\u00e9r\u0151l (pdf)<\/a> Z\u00e1r\u00f3vizsga <a href=\"https:\/\/semmelweis.hu\/etk\/files\/2020\/08\/Zarovizsga_bejelentkezes_jav.pdf\">Bejelentkez\u00e9s (pdf)<\/a> <a href=\"https:\/\/semmelweis.hu\/etk\/files\/2022\/01\/esk_HU.pdf\">Esk\u00fc (pdf)<\/a> Egy\u00e9b &hellip;<\/p>\n","protected":false},"author":101729,"featured_media":0,"parent":8464,"menu_order":1,"comment_status":"closed","ping_status":"closed","template":"template-fullwidth.php","meta":{"_acf_changed":false,"footnotes":""},"categories":[],"tags":[],"class_list":["post-1003","page","type-page","status-publish","hentry"],"acf":[],"_links":{"self":[{"href":"https:\/\/semmelweis.hu\/etk\/wp-json\/wp\/v2\/pages\/1003","targetHints":{"allow":["GET"]}}],"collection":[{"href":"https:\/\/semmelweis.hu\/etk\/wp-json\/wp\/v2\/pages"}],"about":[{"href":"https:\/\/semmelweis.hu\/etk\/wp-json\/wp\/v2\/types\/page"}],"author":[{"embeddable":true,"href":"https:\/\/semmelweis.hu\/etk\/wp-json\/wp\/v2\/users\/101729"}],"replies":[{"embeddable":true,"href":"https:\/\/semmelweis.hu\/etk\/wp-json\/wp\/v2\/comments?post=1003"}],"version-history":[{"count":12,"href":"https:\/\/semmelweis.hu\/etk\/wp-json\/wp\/v2\/pages\/1003\/revisions"}],"predecessor-version":[{"id":19689,"href":"https:\/\/semmelweis.hu\/etk\/wp-json\/wp\/v2\/pages\/1003\/revisions\/19689"}],"up":[{"embeddable":true,"href":"https:\/\/semmelweis.hu\/etk\/wp-json\/wp\/v2\/pages\/8464"}],"wp:attachment":[{"href":"https:\/\/semmelweis.hu\/etk\/wp-json\/wp\/v2\/media?parent=1003"}],"wp:term":[{"taxonomy":"category","embeddable":true,"href":"https:\/\/semmelweis.hu\/etk\/wp-json\/wp\/v2\/categories?post=1003"},{"taxonomy":"post_tag","embeddable":true,"href":"https:\/\/semmelweis.hu\/etk\/wp-json\/wp\/v2\/tags?post=1003"}],"curies":[{"name":"wp","href":"https:\/\/api.w.org\/{rel}","templated":true}]}}