{"id":1000,"date":"2020-05-06T11:11:05","date_gmt":"2020-05-06T09:11:05","guid":{"rendered":"https:\/\/semmelweis.hu\/etk\/?page_id=1000"},"modified":"2022-09-29T13:40:55","modified_gmt":"2022-09-29T11:40:55","slug":"szabalyzatok-utasitasok","status":"publish","type":"page","link":"https:\/\/semmelweis.hu\/etk\/dokumentumok\/szabalyzatok-utasitasok\/","title":{"rendered":"Szab\u00e1lyzatok, utas\u00edt\u00e1sok"},"content":{"rendered":"<h2>ETK Szab\u00e1lyzatok<\/h2>\n\n<table id=\"tablepress-9\" class=\"tablepress tablepress-id-9\">\n<thead>\n<tr class=\"row-1\">\n\t<th class=\"column-1\">A szab\u00e1lyzat c\u00edme<\/th><th class=\"column-2\">Elfogad\u00e1s\u00e1r\u00f3l rendelkez\u0151 hat\u00e1rozat<\/th><th class=\"column-3\">Hat\u00e1lyba l\u00e9p\u00e9s d\u00e1tuma<\/th>\n<\/tr>\n<\/thead>\n<tbody class=\"row-striping row-hover\">\n<tr class=\"row-2\">\n\t<td class=\"column-1\"><a href='https:\/\/semmelweis.hu\/jogigfoig\/dokumentumtar\/szabalyzattar\/szervezeti-es-mukodesi-szabalyzat\/'>Semmelweis Egyetem Szervezeti \u00e9s M\u0171k\u00f6d\u00e9si Szab\u00e1lyzata<\/a><\/td><td class=\"column-2\">35\/2019. (IV.25.) sz\u00e1m\u00fa hat\u00e1rozat<\/td><td class=\"column-3\">2019. augusztus 1.<\/td>\n<\/tr>\n<tr class=\"row-3\">\n\t<td class=\"column-1\"><a href=\"https:\/\/semmelweis.hu\/etk\/files\/2021\/06\/SE-ETK-SZR_127510.pdf\">Semmelweis Egyetem Eg\u00e9szs\u00e9gtudom\u00e1nyi Kar Szervezeti \u00e9s M\u0171k\u00f6d\u00e9si Rendje<\/a><\/td><td class=\"column-2\">40\/2021. (XII.14.) ETK.KT. sz\u00e1m\u00fa hat\u00e1rozat<\/td><td class=\"column-3\">2021. december 14.<\/td>\n<\/tr>\n<tr class=\"row-4\">\n\t<td class=\"column-1\"><a href=\"https:\/\/semmelweis.hu\/etk\/files\/2021\/06\/Organo.pdf\">A Kar fel\u00e9p\u00edt\u00e9s\u00e9nek bemutat\u00e1sa: organogram<\/a><\/td><td class=\"column-2\">40\/2021. (XII.14.) ETK.KT. sz\u00e1m\u00fa hat\u00e1rozat<\/td><td class=\"column-3\">2021. december 14.<\/td>\n<\/tr>\n<tr class=\"row-5\">\n\t<td class=\"column-1\"><a href='https:\/\/semmelweis.hu\/etk\/files\/2020\/05\/se-etk-szr-m02.pdf'><br \/>\nSE-ETK-SZR-M02 \u2013 A folyamatba \u00e9p\u00edtett \u00e9s vezet\u0151i ellen\u0151rz\u00e9s eszk\u00f6zei, m\u00f3dszerei, t\u00edpusa - Ellen\u0151rz\u00e9si nyomvonal<\/a><\/td><td class=\"column-2\">44\/2017. (XII.7.) ETK.KT. sz\u00e1m\u00fa hat\u00e1rozat<\/td><td class=\"column-3\">2017. december 7.<\/td>\n<\/tr>\n<tr class=\"row-6\">\n\t<td class=\"column-1\"><a href='https:\/\/semmelweis.hu\/etk\/files\/2020\/05\/se-etk-szr-m03.pdf'>SE-ETK-SZR-M03 \u2013 Kontrolldokument\u00e1ci\u00f3<\/a><\/td><td class=\"column-2\">44\/2017. (XII.7.) ETK.KT. sz\u00e1m\u00fa hat\u00e1rozat<\/td><td class=\"column-3\">2017. december 7.<\/td>\n<\/tr>\n<tr class=\"row-7\">\n\t<td class=\"column-1\"><a href='https:\/\/semmelweis.hu\/etk\/files\/2020\/05\/se-etk-tvb-szr.pdf'>SE-ETK-TVB-SZR \u2013 Tanulm\u00e1nyi \u00e9s Vizsgabizotts\u00e1g \u00dcgyrendje<\/a><\/td><td class=\"column-2\">13\/2018. (V.15.) ETK.KT. sz\u00e1m\u00fa hat\u00e1rozat<\/td><td class=\"column-3\">2018. m\u00e1jus 31.<\/td>\n<\/tr>\n<tr class=\"row-8\">\n\t<td class=\"column-1\"><a href='https:\/\/semmelweis.hu\/etk\/files\/2023\/06\/KAB-0902.pdf'>SE-ETK-K\u00c1B-SZR \u2013 Kredit\u00e1tviteli Bizotts\u00e1g \u00dcgyrendje<\/a><\/td><td class=\"column-2\">27\/2022. (IV.25.) sz\u00e1m\u00fa szen\u00e1tusi hat\u00e1rozat<br \/>\n3\/2024. (I.23.) ETK.KT. sz\u00e1m\u00fa hat\u00e1rozat<br \/>\n30\/2025. (IX.02.) ETK.KT. sz\u00e1m\u00fa hat\u00e1rozat<\/td><td class=\"column-3\">2025. szeptember 3.<\/td>\n<\/tr>\n<tr class=\"row-9\">\n\t<td class=\"column-1\"><a href='https:\/\/semmelweis.hu\/etk\/files\/2020\/05\/se-etk-feb-szr.pdf'>SE-ETK-FEB-SZR \u2013 Kari Etikai \u00e9s Fegyelmi Bizotts\u00e1g \u00dcgyrendje<\/a><\/td><td class=\"column-2\">13\/2018. (V.15.) ETK.KT. sz\u00e1m\u00fa hat\u00e1rozat<\/td><td class=\"column-3\">2018. m\u00e1jus 31.<\/td>\n<\/tr>\n<tr class=\"row-10\">\n\t<td class=\"column-1\"><a href='https:\/\/semmelweis.hu\/etk\/files\/2020\/05\/se-etk-mib-szr.pdf'>SE-ETK-MIB-SZR \u2013 Min\u0151s\u00e9gir\u00e1ny\u00edt\u00e1si Bizotts\u00e1g \u00dcgyrendje<\/a><\/td><td class=\"column-2\">39\/2009. (XII.3.) ETK. KT. sz. hat\u00e1rozat<\/td><td class=\"column-3\">2009. december 3.<\/td>\n<\/tr>\n<tr class=\"row-11\">\n\t<td class=\"column-1\"><a href='https:\/\/semmelweis.hu\/etk\/files\/2020\/05\/karitanacs.pdf'>SE-ETK Kari Tan\u00e1cs v\u00e1laszthat\u00f3 tagjair\u00f3l sz\u00f3l\u00f3 v\u00e1laszt\u00e1si rend<\/a><\/td><td class=\"column-2\">3\/2020. (III.03.) ETK.KT. sz\u00e1m\u00fa hat\u00e1rozat<\/td><td class=\"column-3\">2020. m\u00e1rcius 3.<\/td>\n<\/tr>\n<tr class=\"row-12\">\n\t<td class=\"column-1\"><a href='https:\/\/semmelweis.hu\/etk\/files\/2020\/05\/szen_kepv.pdf'>SE-ETK Szen\u00e1tusi k\u00e9pvisel\u0151 v\u00e1laszt\u00e1s\u00e1ra vonatkoz\u00f3 szab\u00e1lyzat<\/a><\/td><td class=\"column-2\">34\/2016. (XI.22.) ETK. KT. hat\u00e1rozat<\/td><td class=\"column-3\">2016. november 22.<\/td>\n<\/tr>\n<tr class=\"row-13\">\n\t<td class=\"column-1\"><a href=\"https:\/\/semmelweis.hu\/etk\/files\/2023\/06\/Tuzriado-terv-Vas-Szentkiralyi.pdf\">ETK Vas utca \u00e9s Szentkir\u00e1lyi utca t\u0171zriad\u00f3 terv 2024<\/a><\/td><td class=\"column-2\"><\/td><td class=\"column-3\">2024<\/td>\n<\/tr>\n<tr class=\"row-14\">\n\t<td class=\"column-1\"><a href='https:\/\/semmelweis.hu\/etk\/files\/2026\/02\/Erkel-u-epulet-tuzriadoterv.pdf'>Erkel utcai \u00e9p\u00fclet t\u0171zriad\u00f3 terve<\/a><\/td><td class=\"column-2\"><\/td><td class=\"column-3\">2026<\/td>\n<\/tr>\n<tr class=\"row-15\">\n\t<td class=\"column-1\"><a href='https:\/\/semmelweis.hu\/etk\/files\/2020\/06\/tbu-dok-igenyles-er.pdf'>Tanulm\u00e1nyok befejez\u00e9se ut\u00e1n t\u00f6rt\u00e9n\u0151 tanulm\u00e1nyi dokumentumok ig\u00e9nyl\u00e9s\u00e9nek elj\u00e1r\u00e1si rendje<\/a><\/td><td class=\"column-2\"><\/td><td class=\"column-3\">2022. szeptember 27.<\/td>\n<\/tr>\n<tr class=\"row-16\">\n\t<td class=\"column-1\"><a href='https:\/\/semmelweis.hu\/etk\/files\/2020\/06\/mentor.pdf'>Tehets\u00e9ggondoz\u00f3 Program, Mentorprogram Szervezeti \u00e9s M\u0171k\u00f6d\u00e9si Szab\u00e1lyzata<\/a><\/td><td class=\"column-2\">42\/2014. (XI.11.) ETK.KT. sz\u00e1m\u00fa hat\u00e1rozat<\/td><td class=\"column-3\">2014. november   11.<\/td>\n<\/tr>\n<tr class=\"row-17\">\n\t<td class=\"column-1\"><a href='https:\/\/semmelweis.hu\/etk\/files\/2020\/06\/hazirend.pdf'>H\u00e1zirend<\/a><\/td><td class=\"column-2\">13\/2012. (III.22.) ETK.KT. hat\u00e1rozat<\/td><td class=\"column-3\">2012. m\u00e1rcius 22.<\/td>\n<\/tr>\n<tr class=\"row-18\">\n\t<td class=\"column-1\"><a href='https:\/\/semmelweis.hu\/etk\/files\/2020\/06\/konferencia.pdf'>Konferencia-r\u00e9szv\u00e9teli szab\u00e1lyzat<\/a><\/td><td class=\"column-2\">41\/2011. (IX.15.) ETK. KT. sz\u00e1m\u00fa hat\u00e1rozat <\/td><td class=\"column-3\">2011. szeptember 15.<\/td>\n<\/tr>\n<tr class=\"row-19\">\n\t<td class=\"column-1\"><a href='https:\/\/semmelweis.hu\/etk\/files\/2020\/06\/merit_szab_2018_10_12.pdf'>Merit-d\u00edj szab\u00e1lyzat<\/a><\/td><td class=\"column-2\">14\/2018. (V.15.) ETK. KT. sz\u00e1m\u00fa hat\u00e1rozat <\/td><td class=\"column-3\">2018. m\u00e1jus 15.<\/td>\n<\/tr>\n<tr class=\"row-20\">\n\t<td class=\"column-1\"><a href='https:\/\/semmelweis.hu\/etk\/files\/2020\/06\/se-etk_tdt_szmsz_2017-12-04.pdf'><br \/>\nA Semmelweis Egyetem Eg\u00e9szs\u00e9gtudom\u00e1nyi Kar Tudom\u00e1nyos Di\u00e1kk\u00f6reinek Szervezeti \u00e9s M\u0171k\u00f6d\u00e9si Szab\u00e1lyzata<\/a><\/td><td class=\"column-2\">37\/2017. (XII.4.) ETK. KT. sz\u00e1m\u00fa hat\u00e1rozat<\/td><td class=\"column-3\">2017. december 4.<\/td>\n<\/tr>\n<tr class=\"row-21\">\n\t<td class=\"column-1\"><a href='https:\/\/semmelweis.hu\/etk\/files\/2020\/06\/se-etk_tdt_ugyrend_2017-12-04.pdf'>A Semmelweis Egyetem Eg\u00e9szs\u00e9gtudom\u00e1nyi Kar Tudom\u00e1nyos Di\u00e1kk\u00f6ri Tan\u00e1cs\u00e1nak \u00dcgyrendje<\/a><\/td><td class=\"column-2\">37\/2017. (XII.4.) ETK. KT. sz\u00e1m\u00fa hat\u00e1rozat<\/td><td class=\"column-3\">2017. december 4.<\/td>\n<\/tr>\n<tr class=\"row-22\">\n\t<td class=\"column-1\"><a href='https:\/\/semmelweis.hu\/etk\/files\/2023\/06\/szd-utmutato-111.pdf'>\u00datmutat\u00f3 a szakdolgozat elk\u00e9sz\u00edt\u00e9s\u00e9hez<\/a><\/td><td class=\"column-2\">32\/2023. (XI.07.) ETK. KT. sz\u00e1m\u00fa hat\u00e1rozat<\/td><td class=\"column-3\">2023. november 07.<\/td>\n<\/tr>\n<tr class=\"row-23\">\n\t<td class=\"column-1\"><a href=\"https:\/\/semmelweis.hu\/etk\/files\/2023\/06\/Szd_eljarasi_rend_202509.pdf\">ETK Szakdolgozati elj\u00e1r\u00e1si rend<\/a><\/td><td class=\"column-2\">32\/2023. (XI.07.) ETK. KT. sz\u00e1m\u00fa hat\u00e1rozat<\/td><td class=\"column-3\">2023. november 07.<\/td>\n<\/tr>\n<tr class=\"row-24\">\n\t<td class=\"column-1\"><a href=\"https:\/\/semmelweis.hu\/etk\/files\/2023\/06\/OMHV-eljarasi-rend_2025.pdf\">ETK OMHV szab\u00e1lyzat<\/a><\/td><td class=\"column-2\">24\/2025. (VI.24.) ETK. KT. sz\u00e1m\u00fa hat\u00e1rozat<\/td><td class=\"column-3\">2025. j\u00fanius 24.<\/td>\n<\/tr>\n<tr class=\"row-25\">\n\t<td class=\"column-1\"><a href='https:\/\/semmelweis.hu\/etk\/files\/2022\/06\/Szabalyzat_Forgacsdij-2023.pdf'><br \/>\nKit\u00fcntet\u00e9si szab\u00e1lyzat a Forg\u00e1cs Iv\u00e1n-d\u00edj oda\u00edt\u00e9l\u00e9s\u00e9r\u0151l<\/a><\/td><td class=\"column-2\">13\/2022. (V.10.) ETK. KT. sz\u00e1m\u00fa hat\u00e1rozat, 38\/2022. (V.26.) sz\u00e1m\u00fa Szen\u00e1tusi hat\u00e1rozat<br \/>\nM\u00f3dos\u00edtotta: 2\/2023. (I.31.) ETK. KT.<\/td><td class=\"column-3\">2023. janu\u00e1r 31.<\/td>\n<\/tr>\n<tr class=\"row-26\">\n\t<td class=\"column-1\"><a href='https:\/\/semmelweis.hu\/etk\/files\/2025\/03\/PhD-oktatas-engedelyezes-eljarasrend.pdf'><br \/>\nA doktorandusz hallgat\u00f3i oktat\u00e1si tev\u00e9kenys\u00e9g enged\u00e9lyez\u00e9s\u00e9nek elj\u00e1r\u00e1srendje a Semmelweis Egyetem Eg\u00e9szs\u00e9gtudom\u00e1nyi Kar\u00e1n<\/a><\/td><td class=\"column-2\"><br \/>\n5\/2025. (III.04.) ETK. KT. sz\u00e1m\u00fa hat\u00e1rozat<\/td><td class=\"column-3\">2025. m\u00e1rcius 04.<\/td>\n<\/tr>\n<\/tbody>\n<\/table>\n<!-- #tablepress-9 from cache -->\n<h2>ETK Utas\u00edt\u00e1sok<\/h2>\n\n<table id=\"tablepress-13\" class=\"tablepress tablepress-id-13\">\n<thead>\n<tr class=\"row-1\">\n\t<th class=\"column-1\">Az utas\u00edt\u00e1s c\u00edme<\/th><th class=\"column-2\">Hat\u00e1lyba l\u00e9p\u00e9s d\u00e1tuma<\/th>\n<\/tr>\n<\/thead>\n<tbody class=\"row-striping row-hover\">\n<tr class=\"row-2\">\n\t<td class=\"column-1\"><a href='https:\/\/semmelweis.hu\/etk\/files\/2020\/11\/hulladekkelez\u00e9si-utasitas.pdf'>Hullad\u00e9kkelez\u00e9si utas\u00edt\u00e1s<\/a><\/td><td class=\"column-2\">2020. febru\u00e1r 1.<\/td>\n<\/tr>\n<tr class=\"row-3\">\n\t<td class=\"column-1\"><a href='https:\/\/semmelweis.hu\/etk\/files\/2020\/11\/utasitas-szemuv.pdf'><br \/>\nD\u00e9k\u00e1ni utas\u00edt\u00e1s a szem\u00fcvegv\u00e1s\u00e1rl\u00e1s t\u00e1mogat\u00e1si d\u00edj\u00e1r\u00f3l<\/a><\/td><td class=\"column-2\">2022. december 6.<\/td>\n<\/tr>\n<tr class=\"row-4\">\n\t<td class=\"column-1\"><a href='https:\/\/semmelweis.hu\/etk\/files\/2024\/05\/it-eszk-utasitas.pdf'><br \/>\nD\u00e9k\u00e1ni utas\u00edt\u00e1s a Kar informatikai eszk\u00f6zeinek szem\u00e9lyes haszn\u00e1latba v\u00e9tel\u00e9nek elj\u00e1r\u00e1srendj\u00e9r\u0151l<\/a><\/td><td class=\"column-2\">2024. m\u00e1jus 23.<\/td>\n<\/tr>\n<tr class=\"row-5\">\n\t<td class=\"column-1\"><a href='https:\/\/semmelweis.hu\/etk\/files\/2024\/10\/Munkaruha-juttatasi-rend.pdf'><br \/>\nMunkaruha juttat\u00e1si rend<\/a><\/td><td class=\"column-2\">2024. \u00e1prilis 1.<\/td>\n<\/tr>\n<tr class=\"row-6\">\n\t<td class=\"column-1\"><a href='https:\/\/semmelweis.hu\/etk\/files\/2024\/10\/Egyeni-vedoeszkozok-juttatasi-rendje.pdf'><br \/>\nEgy\u00e9ni v\u00e9d\u0151eszk\u00f6z\u00f6k juttat\u00e1si rendje<\/a><\/td><td class=\"column-2\">2024.<\/td>\n<\/tr>\n<\/tbody>\n<\/table>\n<!-- #tablepress-13 from cache -->\n<h2>ETK Adatv\u00e9delem<\/h2>\n\n<table id=\"tablepress-14\" class=\"tablepress tablepress-id-14\">\n<thead>\n<tr class=\"row-1\">\n\t<th class=\"column-1\">C\u00edm<\/th><th class=\"column-2\">Hat\u00e1lyba l\u00e9p\u00e9s id\u0151pontja<\/th>\n<\/tr>\n<\/thead>\n<tbody class=\"row-striping row-hover\">\n<tr class=\"row-2\">\n\t<td class=\"column-1\"><a href=\"https:\/\/semmelweis.hu\/etk\/files\/2022\/09\/SKM_C250i22093016310.pdf\">Adatv\u00e9delmi t\u00e1j\u00e9koztat\u00f3<\/a><\/td><td class=\"column-2\">2022.09.29.<\/td>\n<\/tr>\n<tr class=\"row-3\">\n\t<td class=\"column-1\"><a href=\"https:\/\/semmelweis.hu\/etk\/files\/2022\/09\/Ad-nyil-DH.xlsx\">Az adatkezel\u0151 d\u00e9k\u00e1ni hivatali feladataival \u00f6sszef\u00fcgg\u0151 adatkezel\u00e9sekkel kapcsolatos inform\u00e1ci\u00f3k<\/a> <\/td><td class=\"column-2\">2022.09.29.<\/td>\n<\/tr>\n<tr class=\"row-4\">\n\t<td class=\"column-1\"><a href=\"https:\/\/semmelweis.hu\/etk\/files\/2022\/09\/Ad-nyil-Hallg.xlsx\">Az adatkezel\u0151 hallgat\u00f3i adatok kezel\u00e9s\u00e9vel \u00f6sszef\u00fcgg\u0151 adatkezel\u00e9sekkel kapcsolatos inform\u00e1ci\u00f3k<\/a> <\/td><td class=\"column-2\">2022.09.29.<\/td>\n<\/tr>\n<tr class=\"row-5\">\n\t<td class=\"column-1\"><a href=\"https:\/\/semmelweis.hu\/etk\/files\/2022\/09\/Ad-nyil-Posztgr.xlsx\">Az adatkezel\u0151 posztgradu\u00e1lis k\u00e9pz\u00e9si feladataival \u00f6sszef\u00fcgg\u0151 adatkezel\u00e9sekkel kapcsolatos inform\u00e1ci\u00f3k<\/a> <\/td><td class=\"column-2\">2022.09.29.<\/td>\n<\/tr>\n<tr class=\"row-6\">\n\t<td class=\"column-1\"><a href=\"https:\/\/semmelweis.hu\/etk\/files\/2022\/09\/Ad-nyil-Szgy.xlsx\">Az adatkezel\u0151 szakmai gyakorlati feladataival \u00f6sszef\u00fcgg\u0151 adatkezel\u00e9sekkel kapcsolatos inform\u00e1ci\u00f3k<\/a> <\/td><td class=\"column-2\">2022.09.29.<\/td>\n<\/tr>\n<\/tbody>\n<\/table>\n<!-- #tablepress-14 from cache -->\n<p>\n<strong>Tov\u00e1bb a Semmelweis Egyetem <\/strong><a href=\"https:\/\/semmelweis.hu\/jogigfoig\/dokumentumtar\/szabalyzattar\/\"><strong>Szab\u00e1lyzatt\u00e1rhoz \u2192<\/strong><\/a><\/p>\n<p>&nbsp;<\/p>\n","protected":false},"excerpt":{"rendered":"<p>ETK Szab\u00e1lyzatok<\/p>\n<p>ETK Utas\u00edt\u00e1sok<\/p>\n<p>ETK Adatv\u00e9delem<\/p>\n<p>Tov\u00e1bb a Semmelweis Egyetem <a href=\"https:\/\/semmelweis.hu\/jogigfoig\/dokumentumtar\/szabalyzattar\/\">Szab\u00e1lyzatt\u00e1rhoz \u2192<\/a><br \/>\n&nbsp;<\/p>\n","protected":false},"author":101729,"featured_media":0,"parent":8464,"menu_order":1,"comment_status":"closed","ping_status":"closed","template":"template-fullwidth.php","meta":{"_acf_changed":false,"footnotes":""},"categories":[],"tags":[],"class_list":["post-1000","page","type-page","status-publish","hentry"],"acf":[],"_links":{"self":[{"href":"https:\/\/semmelweis.hu\/etk\/wp-json\/wp\/v2\/pages\/1000","targetHints":{"allow":["GET"]}}],"collection":[{"href":"https:\/\/semmelweis.hu\/etk\/wp-json\/wp\/v2\/pages"}],"about":[{"href":"https:\/\/semmelweis.hu\/etk\/wp-json\/wp\/v2\/types\/page"}],"author":[{"embeddable":true,"href":"https:\/\/semmelweis.hu\/etk\/wp-json\/wp\/v2\/users\/101729"}],"replies":[{"embeddable":true,"href":"https:\/\/semmelweis.hu\/etk\/wp-json\/wp\/v2\/comments?post=1000"}],"version-history":[{"count":10,"href":"https:\/\/semmelweis.hu\/etk\/wp-json\/wp\/v2\/pages\/1000\/revisions"}],"predecessor-version":[{"id":10905,"href":"https:\/\/semmelweis.hu\/etk\/wp-json\/wp\/v2\/pages\/1000\/revisions\/10905"}],"up":[{"embeddable":true,"href":"https:\/\/semmelweis.hu\/etk\/wp-json\/wp\/v2\/pages\/8464"}],"wp:attachment":[{"href":"https:\/\/semmelweis.hu\/etk\/wp-json\/wp\/v2\/media?parent=1000"}],"wp:term":[{"taxonomy":"category","embeddable":true,"href":"https:\/\/semmelweis.hu\/etk\/wp-json\/wp\/v2\/categories?post=1000"},{"taxonomy":"post_tag","embeddable":true,"href":"https:\/\/semmelweis.hu\/etk\/wp-json\/wp\/v2\/tags?post=1000"}],"curies":[{"name":"wp","href":"https:\/\/api.w.org\/{rel}","templated":true}]}}