{"id":38,"date":"2022-08-19T10:35:43","date_gmt":"2022-08-19T08:35:43","guid":{"rendered":"https:\/\/semmelweis.hu\/esk\/?page_id=38"},"modified":"2024-12-05T09:58:58","modified_gmt":"2024-12-05T08:58:58","slug":"kutatasok","status":"publish","type":"page","link":"https:\/\/semmelweis.hu\/esk\/kutatasok\/","title":{"rendered":"Kutat\u00e1si tev\u00e9kenys\u00e9g\u00fcnk"},"content":{"rendered":"<h2>F\u0151bb ter\u00fcleteink:<\/h2>\n<div class=\"fontos_div\">\n<p><a href=\"https:\/\/semmelweis.hu\/esk\/tevekenysegi-korok\/leguti-virusok-elleni-vedooltasok-eredmenyessegenek-meghatarozasa-magyarorszagon-a-2021-2024-evekben\/\">L\u00e9g\u00fati v\u00edrusok elleni v\u00e9d\u0151olt\u00e1sok eredm\u00e9nyess\u00e9g\u00e9nek meghat\u00e1roz\u00e1sa Magyarorsz\u00e1gon a 2021-2024. \u00e9vekben<\/a><\/p>\n<\/div>\n<p><a href=\"https:\/\/semmelweis.hu\/esk\/files\/2023\/08\/fusion-medical-animation-EAgGqOiDDMg-unsplash.jpg\"><img loading=\"lazy\" decoding=\"async\" class=\"alignnone size-medium wp-image-380\" src=\"https:\/\/semmelweis.hu\/esk\/files\/2023\/08\/fusion-medical-animation-EAgGqOiDDMg-unsplash-400x225.jpg\" alt=\"\" width=\"400\" height=\"225\" srcset=\"https:\/\/semmelweis.hu\/esk\/files\/2023\/08\/fusion-medical-animation-EAgGqOiDDMg-unsplash-400x225.jpg 400w, https:\/\/semmelweis.hu\/esk\/files\/2023\/08\/fusion-medical-animation-EAgGqOiDDMg-unsplash-1024x576.jpg 1024w, https:\/\/semmelweis.hu\/esk\/files\/2023\/08\/fusion-medical-animation-EAgGqOiDDMg-unsplash-768x432.jpg 768w, https:\/\/semmelweis.hu\/esk\/files\/2023\/08\/fusion-medical-animation-EAgGqOiDDMg-unsplash-1536x864.jpg 1536w, https:\/\/semmelweis.hu\/esk\/files\/2023\/08\/fusion-medical-animation-EAgGqOiDDMg-unsplash-2048x1152.jpg 2048w, https:\/\/semmelweis.hu\/esk\/files\/2023\/08\/fusion-medical-animation-EAgGqOiDDMg-unsplash-753x424.jpg 753w\" sizes=\"auto, (max-width: 400px) 100vw, 400px\" \/><\/a><\/p>\n<p>&nbsp;<\/p>\n<div class=\"fontos_div\">\n<p><a href=\"https:\/\/semmelweis.hu\/esk\/tevekenysegi-korok\/ter-epi-terepidemiologiai-rendszer\/\">T\u00c9R-EPI &#8211; t\u00e9repidemiol\u00f3giai rendszer<\/a><\/p>\n<\/div>\n<p><a href=\"https:\/\/semmelweis.hu\/esk\/files\/2023\/08\/II.-piller_Terkep.png\"><img loading=\"lazy\" decoding=\"async\" class=\"alignnone size-medium wp-image-351\" src=\"https:\/\/semmelweis.hu\/esk\/files\/2023\/08\/II.-piller_Terkep-400x249.png\" alt=\"\" width=\"400\" height=\"249\" srcset=\"https:\/\/semmelweis.hu\/esk\/files\/2023\/08\/II.-piller_Terkep-400x249.png 400w, https:\/\/semmelweis.hu\/esk\/files\/2023\/08\/II.-piller_Terkep-1024x637.png 1024w, https:\/\/semmelweis.hu\/esk\/files\/2023\/08\/II.-piller_Terkep-768x478.png 768w, https:\/\/semmelweis.hu\/esk\/files\/2023\/08\/II.-piller_Terkep-1536x956.png 1536w, https:\/\/semmelweis.hu\/esk\/files\/2023\/08\/II.-piller_Terkep-2048x1275.png 2048w, https:\/\/semmelweis.hu\/esk\/files\/2023\/08\/II.-piller_Terkep-753x469.png 753w\" sizes=\"auto, (max-width: 400px) 100vw, 400px\" \/><\/a><\/p>\n<p>&nbsp;<\/p>\n<div class=\"fontos_div\">\n<p><a href=\"https:\/\/semmelweis.hu\/esk\/tevekenysegi-korok\/pandemias-tervezesi-es-felkeszulesi-eszkoztar-fejlesztese\/\">Pand\u00e9mi\u00e1s tervez\u00e9si \u00e9s felk\u00e9sz\u00fcl\u00e9si eszk\u00f6zt\u00e1r fejleszt\u00e9se int\u00e9zm\u00e9nyek \u00e9s v\u00e1llalkoz\u00e1sok sz\u00e1m\u00e1ra<\/a><\/p>\n<\/div>\n<p>&nbsp;<\/p>\n<p><a href=\"https:\/\/semmelweis.hu\/esk\/files\/2023\/08\/RS180210_C19A3359-scr.jpg\"><img loading=\"lazy\" decoding=\"async\" class=\"alignnone  wp-image-489\" src=\"https:\/\/semmelweis.hu\/esk\/files\/2023\/08\/RS180210_C19A3359-scr-400x267.jpg\" alt=\"\" width=\"352\" height=\"235\" srcset=\"https:\/\/semmelweis.hu\/esk\/files\/2023\/08\/RS180210_C19A3359-scr-400x267.jpg 400w, https:\/\/semmelweis.hu\/esk\/files\/2023\/08\/RS180210_C19A3359-scr-1024x683.jpg 1024w, https:\/\/semmelweis.hu\/esk\/files\/2023\/08\/RS180210_C19A3359-scr-768x512.jpg 768w, https:\/\/semmelweis.hu\/esk\/files\/2023\/08\/RS180210_C19A3359-scr-753x502.jpg 753w, https:\/\/semmelweis.hu\/esk\/files\/2023\/08\/RS180210_C19A3359-scr-203x135.jpg 203w, https:\/\/semmelweis.hu\/esk\/files\/2023\/08\/RS180210_C19A3359-scr.jpg 1200w\" sizes=\"auto, (max-width: 352px) 100vw, 352px\" \/><\/a><\/p>\n","protected":false},"excerpt":{"rendered":"<p>F\u0151bb ter\u00fcleteink:<\/p>\n<p><a href=\"https:\/\/semmelweis.hu\/esk\/tevekenysegi-korok\/leguti-virusok-elleni-vedooltasok-eredmenyessegenek-meghatarozasa-magyarorszagon-a-2021-2024-evekben\/\">L\u00e9g\u00fati v\u00edrusok elleni v\u00e9d\u0151olt\u00e1sok eredm\u00e9nyess\u00e9g\u00e9nek meghat\u00e1roz\u00e1sa Magyarorsz\u00e1gon a 2021-2024. \u00e9vekben<\/a><\/p>\n<p><a href=\"https:\/\/semmelweis.hu\/esk\/files\/2023\/08\/fusion-medical-animation-EAgGqOiDDMg-unsplash.jpg\"><\/a><br \/>\n&nbsp;<\/p>\n<p><a href=\"https:\/\/semmelweis.hu\/esk\/tevekenysegi-korok\/ter-epi-terepidemiologiai-rendszer\/\">T\u00c9R-EPI &#8211; t\u00e9repidemiol\u00f3giai rendszer<\/a><\/p>\n<p><a href=\"https:\/\/semmelweis.hu\/esk\/files\/2023\/08\/II.-piller_Terkep.png\"><\/a><br \/>\n&nbsp;<\/p>\n<p><a href=\"https:\/\/semmelweis.hu\/esk\/tevekenysegi-korok\/pandemias-tervezesi-es-felkeszulesi-eszkoztar-fejlesztese\/\">Pand\u00e9mi\u00e1s tervez\u00e9si \u00e9s felk\u00e9sz\u00fcl\u00e9si eszk\u00f6zt\u00e1r fejleszt\u00e9se int\u00e9zm\u00e9nyek \u00e9s v\u00e1llalkoz\u00e1sok sz\u00e1m\u00e1ra<\/a><\/p>\n<p>&nbsp;<br \/>\n<a href=\"https:\/\/semmelweis.hu\/esk\/files\/2023\/08\/RS180210_C19A3359-scr.jpg\"><\/a><\/p>\n","protected":false},"author":102284,"featured_media":0,"parent":0,"menu_order":2,"comment_status":"closed","ping_status":"closed","template":"","meta":{"_acf_changed":false,"footnotes":""},"categories":[],"tags":[],"class_list":["post-38","page","type-page","status-publish","hentry"],"acf":[],"_links":{"self":[{"href":"https:\/\/semmelweis.hu\/esk\/wp-json\/wp\/v2\/pages\/38","targetHints":{"allow":["GET"]}}],"collection":[{"href":"https:\/\/semmelweis.hu\/esk\/wp-json\/wp\/v2\/pages"}],"about":[{"href":"https:\/\/semmelweis.hu\/esk\/wp-json\/wp\/v2\/types\/page"}],"author":[{"embeddable":true,"href":"https:\/\/semmelweis.hu\/esk\/wp-json\/wp\/v2\/users\/102284"}],"replies":[{"embeddable":true,"href":"https:\/\/semmelweis.hu\/esk\/wp-json\/wp\/v2\/comments?post=38"}],"version-history":[{"count":11,"href":"https:\/\/semmelweis.hu\/esk\/wp-json\/wp\/v2\/pages\/38\/revisions"}],"predecessor-version":[{"id":504,"href":"https:\/\/semmelweis.hu\/esk\/wp-json\/wp\/v2\/pages\/38\/revisions\/504"}],"wp:attachment":[{"href":"https:\/\/semmelweis.hu\/esk\/wp-json\/wp\/v2\/media?parent=38"}],"wp:term":[{"taxonomy":"category","embeddable":true,"href":"https:\/\/semmelweis.hu\/esk\/wp-json\/wp\/v2\/categories?post=38"},{"taxonomy":"post_tag","embeddable":true,"href":"https:\/\/semmelweis.hu\/esk\/wp-json\/wp\/v2\/tags?post=38"}],"curies":[{"name":"wp","href":"https:\/\/api.w.org\/{rel}","templated":true}]}}