{"id":323,"date":"2023-08-18T14:05:04","date_gmt":"2023-08-18T12:05:04","guid":{"rendered":"https:\/\/semmelweis.hu\/esk\/?page_id=323"},"modified":"2026-01-05T12:40:34","modified_gmt":"2026-01-05T11:40:34","slug":"tovabbi-projektek","status":"publish","type":"page","link":"https:\/\/semmelweis.hu\/esk\/a-kozpontrol\/tovabbi-projektek\/","title":{"rendered":"Projektek"},"content":{"rendered":"<h2 style=\"text-align: left\">RRF-2.3.1-21-2022-00006 <a href=\"https:\/\/www.eglab.hu\/hu_hu\/\" target=\"_blank\" rel=\"noopener\">Eg\u00e9szs\u00e9gbiztons\u00e1g Nemzeti Laborat\u00f3rium<\/a> projekt megval\u00f3s\u00edt\u00e1sa<\/h2>\n<p style=\"text-align: justify\">A Nemzeti Laborat\u00f3rium v\u00edzi\u00f3ja, hogy megteremtse haz\u00e1nkban az adatokra \u00e9s elemz\u00e9sekre \u00e9p\u00fcl\u0151 d\u00f6nt\u00e9sel\u0151k\u00e9sz\u00edt\u00e9sek tudom\u00e1nyos h\u00e1tter\u00e9t az eg\u00e9szs\u00e9g\u00fcgy, a j\u00e1rv\u00e1nyv\u00e9dekez\u00e9s \u00e9s az \u00f6kol\u00f3giai rendszerek ter\u00fclet\u00e9n. A h\u00e1rom ter\u00fclet szorosan \u00f6sszefon\u00f3dik \u00e9s a surveillance, big data m\u00f3dszerek valamint modellez\u00e9s \u00e1ltal \u00faj szinergi\u00e1k j\u00f6nnek l\u00e9tre.<\/p>\n<p style=\"text-align: right\"><strong><a href=\"https:\/\/semmelweis.hu\/esk\/kutatas\/?preview=true\"><em>B\u0151vebben a megval\u00f3s\u00edt\u00e1sr\u00f3l \u2192\u00a0<\/em><\/a><\/strong><\/p>\n<hr \/>\n<h2 style=\"text-align: left\"><a href=\"https:\/\/www.epiconcept.fr\/en\/epidemio-project\/vaccine-effectiveness-burden-and-impact-studies-vebis-of-covid-19-and-influenza\/\" target=\"_blank\" rel=\"noopener\">Epiconcept<\/a> and European Centre for Disease Prevention and Control, VEBIS\u00a0<\/h2>\n<p style=\"text-align: justify\">A VEBIS projekt c\u00e9lja: EU-s szint\u0171 kutat\u00e1si platformok l\u00e9trehoz\u00e1sa valamint a COVID-19 \u00e9s az influenza elleni vakcin\u00e1k posztmarketing vizsg\u00e1lat\u00e1ra ir\u00e1nyul\u00f3, t\u00f6bb orsz\u00e1gra kiterjed\u0151 kutat\u00e1sok eredm\u00e9nyeinek \u00f6sszevont elemz\u00e9se. A projektben k\u00e9tf\u00e9le kutat\u00e1si platform ki\u00e9p\u00edt\u00e9se zajlik EU-szerte: k\u00f3rh\u00e1zakra, valamint h\u00e1ziorvosokra \u00e9p\u00fcl\u0151. A VEBIS projektet ny\u00edlt p\u00e1ly\u00e1zati felh\u00edv\u00e1s keret\u00e9ben tendereztett\u00e9k, amelynek nyertese az Epiconcept lett.<\/p>\n<p style=\"text-align: justify\">Az ESK partners\u00e9get alak\u00edtott ki az Epiconcept-tel a nemzetk\u00f6zi VEBIS projekt (Vaccine Effectiveness, Burden and Impact Studies) mindk\u00e9t kutat\u00e1si platformja tekintet\u00e9ben. Ennek keret\u00e9ben az ESK \u00e1ltal v\u00e9gzett \u201eL\u00e9g\u00fati v\u00edrusok elleni v\u00e9d\u0151olt\u00e1sok eredm\u00e9nyess\u00e9g\u00e9nek meghat\u00e1roz\u00e1sa Magyarorsz\u00e1gon a 2021-2024. \u00e9vekben\u201d elnevez\u00e9s\u0171, h\u00e1ziorvosok \u00e9s k\u00f3rh\u00e1zak bevon\u00e1s\u00e1val zajl\u00f3 epidemiol\u00f3giai vizsg\u00e1lat eredm\u00e9nyei nemzetk\u00f6zi t\u00f6bbk\u00f6zpont\u00fa kutat\u00e1sokban is hasznosulnak.<\/p>\n<p style=\"text-align: right\"><a href=\"https:\/\/www.epiconcept.fr\/en\/epidemio-project\/vaccine-effectiveness-burden-and-impact-studies-vebis-of-covid-19-and-influenza\/\" target=\"_blank\" rel=\"noopener\"><em><strong>B\u0151vebben az Epiconceptr\u0151l \u2192<\/strong><\/em><\/a><\/p>\n<hr \/>\n<h2 style=\"text-align: left\">EU Coordination and Support Action (CSA) <a href=\"https:\/\/www.rivm.nl\/en\/international-projects\/be-ready\" target=\"_blank\" rel=\"noopener\">Be Ready<\/a> on Pandemic Preparedness Building a European strategic REsearch and Innovation Area in Direct SYnergy with EU and International Initiatives for Pandemic Preparedness<\/h2>\n<p style=\"text-align: justify\">A BE READY koordin\u00e1ci\u00f3s \u00e9s t\u00e1mogat\u00e1si akci\u00f3 (CSA) 16 orsz\u00e1g 25 szervezet\u00e9b\u0151l \u00e1ll\u00f3 konzorciumot t\u00f6m\u00f6r\u00edt.<\/p>\n<p style=\"text-align: justify\">Els\u0151dleges c\u00e9lja egy eur\u00f3pai partners\u00e9g l\u00e9trehoz\u00e1sa a pand\u00e9mi\u00e1s felk\u00e9sz\u00fclts\u00e9g \u00e9rdek\u00e9ben, amely egys\u00e9ges strat\u00e9giai kutat\u00e1si \u00e9s innov\u00e1ci\u00f3s menetrendet (SRIA) \u00e9s kieg\u00e9sz\u00edt\u0151 forr\u00e1sokat k\u00edn\u00e1l, hogy az EU-tag\u00e1llamok \u00e9s a t\u00e1rsult orsz\u00e1gok sz\u00e1m\u00e1ra lehet\u0151v\u00e9 tegye a k\u00f6zelg\u0151 k\u00f6zeg\u00e9szs\u00e9g\u00fcgyi v\u00e1ls\u00e1gok hat\u00e9kony kezel\u00e9s\u00e9t. A SRIA az \u00f6sszes EU-tag\u00e1llam \u00e1ltal elfogadott \u00e1tfog\u00f3 ir\u00e1nymutat\u00e1sk\u00e9nt szolg\u00e1l, amely megk\u00f6nny\u00edti a pand\u00e9mi\u00e1s\/j\u00e1rv\u00e1ny\u00fcgyi felk\u00e9sz\u00fclts\u00e9ggel kapcsolatos kutat\u00e1s \u00e9s innov\u00e1ci\u00f3 \u00f6sszehangolt er\u0151fesz\u00edt\u00e9seit, mik\u00f6zben elker\u00fcli a sz\u00e9ttagolts\u00e1got.<\/p>\n<p style=\"text-align: right\"><a href=\"https:\/\/www.rivm.nl\/en\/international-projects\/be-ready\" target=\"_blank\" rel=\"noopener\"><em><strong>B\u0151vebben a BE READY akci\u00f3r\u00f3l \u2192<\/strong><\/em><\/a><\/p>\n<hr \/>\n<h2 style=\"text-align: left\">Analysis of behavioural trends in the COVID-19 pandemic and predictions for the future (<a href=\"https:\/\/www.uhasselt.be\/en\/aparte-sites-partner-en\/epipose\" target=\"_blank\" rel=\"noopener\">Epipose<\/a>) &#8211; <em>A COVID-19 vil\u00e1gj\u00e1rv\u00e1ny viselked\u00e9si tendenci\u00e1inak elemz\u00e9se \u00e9s el\u0151rejelz\u00e9sek a j\u00f6v\u0151re n\u00e9zve<\/em><\/h2>\n<p style=\"text-align: justify\">A projekt egyik f\u0151 c\u00e9lja felt\u00e9rk\u00e9pezni, hogy a vil\u00e1gj\u00e1rv\u00e1ny hogyan befoly\u00e1solja az emberek mindennapi \u00e9let\u00e9t. Figyelemmel k\u00eds\u00e9ri a COVID-19-cel kapcsolatos tudatoss\u00e1got \u00e9s attit\u0171d\u00f6ket, \u00e9rt\u00e9keli a k\u00f6zeg\u00e9szs\u00e9g\u00fcgyi \u00e9s m\u00e1s hat\u00f3s\u00e1gok \u00e1ltal ny\u00fajtott t\u00e1j\u00e9koztat\u00e1s hat\u00e9konys\u00e1g\u00e1t. Inform\u00e1ci\u00f3t gy\u0171jt arr\u00f3l, hogy a vil\u00e1gj\u00e1rv\u00e1ny hogyan v\u00e1ltoztatta meg az emberek viselked\u00e9s\u00e9t, p\u00e9ld\u00e1ul a m\u00e1sokkal val\u00f3 kapcsolattart\u00e1s tekintet\u00e9ben. Ezek az ismeretek l\u00e9tfontoss\u00e1g\u00faak a vil\u00e1gj\u00e1rv\u00e1nyra adott, eredm\u00e9nyes region\u00e1lis, nemzeti \u00e9s nemzetk\u00f6zi v\u00e1laszl\u00e9p\u00e9sekhez \u00e9s a j\u00e1rv\u00e1nyokra t\u00f6rt\u00e9n\u0151 felk\u00e9sz\u00fclts\u00e9g jav\u00edt\u00e1s\u00e1hoz.<\/p>\n<p style=\"text-align: right\"><a href=\"https:\/\/www.uhasselt.be\/en\/aparte-sites-partner-en\/epipose\" target=\"_blank\" rel=\"noopener\"><em><strong>B\u0151vebben az Epipose projektr\u0151l \u2192<\/strong><\/em><\/a><\/p>\n<hr \/>\n<h2 style=\"text-align: left\">Innov\u00e1ci\u00f3s \u00e9s Technol\u00f3giai Miniszt\u00e9rium (ITM) J\u00e1rv\u00e1nymatematikai \u00e9s Epidemiol\u00f3giai Projekt (<a href=\"https:\/\/semmelweis.hu\/innovacio\/palyazat\/hazai-tamogatott-projektek\/nemzeti-kutatasi-fejlesztesi-es-innovacios-hivatal-nkfih\/\" target=\"_blank\" rel=\"noopener\">JEP<\/a>)<\/h2>\n<p style=\"text-align: justify\">Az Epidemiol\u00f3giai \u00e9s Surveillance K\u00f6zpont (ESK) l\u00e1tta el az ITM J\u00e1rv\u00e1nymatematikai \u00e9s Epidemiol\u00f3giai Projekt Epidemiol\u00f3giai pill\u00e9r\u00e9nek feladatait. Ebbe beletartozott a COVID-19 pand\u00e9mia epidemiol\u00f3giai elemz\u00e9se, a terjed\u00e9s modellez\u00e9se, el\u0151rejelz\u00e9sek k\u00e9sz\u00edt\u00e9se annak \u00e9rdek\u00e9ben, hogy a d\u00f6nt\u00e9shoz\u00f3knak t\u00e1mogat\u00e1st ny\u00fajtson a bizony\u00edt\u00e9kokon alapul\u00f3 d\u00f6nt\u00e9shozatalban. 2020. \u0151sz\u00e9t\u0151l a JEP az Operat\u00edv T\u00f6rzs egyik akci\u00f3csoportjak\u00e9nt m\u0171k\u00f6d\u00f6tt.<\/p>\n<p style=\"text-align: right\"><a href=\"https:\/\/semmelweis.hu\/innovacio\/palyazat\/hazai-tamogatott-projektek\/nemzeti-kutatasi-fejlesztesi-es-innovacios-hivatal-nkfih\/\" target=\"_blank\" rel=\"noopener\"><em><strong>B\u0151vebben a JEP-r\u0151l \u2192<\/strong><\/em><\/a><\/p>\n","protected":false},"excerpt":{"rendered":"<p>RRF-2.3.1-21-2022-00006 <a href=\"https:\/\/www.eglab.hu\/hu_hu\/\" target=\"_blank\" rel=\"noopener\">Eg\u00e9szs\u00e9gbiztons\u00e1g Nemzeti Laborat\u00f3rium<\/a> projekt megval\u00f3s\u00edt\u00e1sa A Nemzeti Laborat\u00f3rium v\u00edzi\u00f3ja, hogy megteremtse haz\u00e1nkban az adatokra \u00e9s elemz\u00e9sekre \u00e9p\u00fcl\u0151 d\u00f6nt\u00e9sel\u0151k\u00e9sz\u00edt\u00e9sek tudom\u00e1nyos h\u00e1tter\u00e9t az eg\u00e9szs\u00e9g\u00fcgy, a j\u00e1rv\u00e1nyv\u00e9dekez\u00e9s \u00e9s az \u00f6kol\u00f3giai rendszerek ter\u00fclet\u00e9n. A h\u00e1rom ter\u00fclet szorosan \u00f6sszefon\u00f3dik \u00e9s a surveillance, big data m\u00f3dszerek valamint modellez\u00e9s \u00e1ltal \u00faj szinergi\u00e1k j\u00f6nnek l\u00e9tre. <a href=\"https:\/\/semmelweis.hu\/esk\/kutatas\/?preview=true\">B\u0151vebben a megval\u00f3s\u00edt\u00e1sr\u00f3l \u2192\u00a0<\/a> <a href=\"https:\/\/www.epiconcept.fr\/en\/epidemio-project\/vaccine-effectiveness-burden-and-impact-studies-vebis-of-covid-19-and-influenza\/\" target=\"_blank\" rel=\"noopener\">Epiconcept<\/a> and European Centre for Disease Prevention and Control, VEBIS\u00a0 A &hellip;<\/p>\n","protected":false},"author":102284,"featured_media":0,"parent":5,"menu_order":4,"comment_status":"closed","ping_status":"closed","template":"","meta":{"_acf_changed":false,"footnotes":""},"categories":[],"tags":[],"class_list":["post-323","page","type-page","status-publish","hentry"],"acf":[],"_links":{"self":[{"href":"https:\/\/semmelweis.hu\/esk\/wp-json\/wp\/v2\/pages\/323","targetHints":{"allow":["GET"]}}],"collection":[{"href":"https:\/\/semmelweis.hu\/esk\/wp-json\/wp\/v2\/pages"}],"about":[{"href":"https:\/\/semmelweis.hu\/esk\/wp-json\/wp\/v2\/types\/page"}],"author":[{"embeddable":true,"href":"https:\/\/semmelweis.hu\/esk\/wp-json\/wp\/v2\/users\/102284"}],"replies":[{"embeddable":true,"href":"https:\/\/semmelweis.hu\/esk\/wp-json\/wp\/v2\/comments?post=323"}],"version-history":[{"count":10,"href":"https:\/\/semmelweis.hu\/esk\/wp-json\/wp\/v2\/pages\/323\/revisions"}],"predecessor-version":[{"id":2405,"href":"https:\/\/semmelweis.hu\/esk\/wp-json\/wp\/v2\/pages\/323\/revisions\/2405"}],"up":[{"embeddable":true,"href":"https:\/\/semmelweis.hu\/esk\/wp-json\/wp\/v2\/pages\/5"}],"wp:attachment":[{"href":"https:\/\/semmelweis.hu\/esk\/wp-json\/wp\/v2\/media?parent=323"}],"wp:term":[{"taxonomy":"category","embeddable":true,"href":"https:\/\/semmelweis.hu\/esk\/wp-json\/wp\/v2\/categories?post=323"},{"taxonomy":"post_tag","embeddable":true,"href":"https:\/\/semmelweis.hu\/esk\/wp-json\/wp\/v2\/tags?post=323"}],"curies":[{"name":"wp","href":"https:\/\/api.w.org\/{rel}","templated":true}]}}