{"id":2494,"date":"2026-02-24T10:19:05","date_gmt":"2026-02-24T09:19:05","guid":{"rendered":"https:\/\/semmelweis.hu\/esk\/?page_id=2494"},"modified":"2026-04-20T10:34:37","modified_gmt":"2026-04-20T08:34:37","slug":"egeszsegmonitorozas-egeszsegtervezes-kepzes-orszagos-kiterjesztese-egeszsegfejlesztesi-irodak-munkatarsai-szamara","status":"publish","type":"page","link":"https:\/\/semmelweis.hu\/esk\/esemenyek\/kepzesek\/egeszsegmonitorozas-egeszsegtervezes-kepzes-orszagos-kiterjesztese-egeszsegfejlesztesi-irodak-munkatarsai-szamara\/","title":{"rendered":"Eg\u00e9szs\u00e9gmonitoroz\u00e1s, eg\u00e9szs\u00e9gtervez\u00e9s k\u00e9pz\u00e9s orsz\u00e1gos kiterjeszt\u00e9se Eg\u00e9szs\u00e9gfejleszt\u00e9si Irod\u00e1k munkat\u00e1rsai sz\u00e1m\u00e1ra"},"content":{"rendered":"<h3 style=\"text-align: center\"><strong>Folytat\u00f3dott az EFI munkat\u00e1rsak szakmai tov\u00e1bbk\u00e9pz\u00e9se<\/strong><\/h3>\n<p style=\"text-align: justify\">K\u00f6zpontunk a Bel\u00fcgyminiszt\u00e9rium N\u00e9peg\u00e9szs\u00e9g\u00fcgyi F\u0151oszt\u00e1ly\u00e1nak Eg\u00e9szs\u00e9gfejleszt\u00e9si Irod\u00e1k Koordin\u00e1ci\u00f3j\u00e1\u00e9rt Felel\u0151s Oszt\u00e1lya kezdem\u00e9nyez\u00e9s\u00e9re \u201eEg\u00e9szs\u00e9gmonitoroz\u00e1s \u00e9s j\u00e1r\u00e1si eg\u00e9szs\u00e9gtervek k\u00e9sz\u00edt\u00e9se, megval\u00f3s\u00edt\u00e1sa\u201d c\u00edmmel k\u00e9tnapos, elm\u00e9leti \u00e9s gyakorlati elemeket egyar\u00e1nt tartalmaz\u00f3 tov\u00e1bbk\u00e9pz\u00e9seket tartott az eg\u00e9szs\u00e9gfejleszt\u00e9si irod\u00e1k (EFI) munkat\u00e1rsai sz\u00e1m\u00e1ra. <strong>A program c\u00e9lja egyr\u00e9szt a T\u00c9R-EPI szakrendszer haszn\u00e1lat\u00e1nak t\u00e1mogat\u00e1s\u00e1val, eg\u00e9szs\u00e9gtervez\u00e9si ismeretek b\u0151v\u00edt\u00e9s\u00e9vel meger\u0151s\u00edts\u00fck a j\u00e1r\u00e1si szint\u0171 eg\u00e9szs\u00e9gtervez\u00e9s szakmai alapjait, valamint egys\u00e9ges m\u00f3dszertani keretet biztos\u00edtsunk az EFI-k mindennapi munk\u00e1j\u00e1hoz.<img loading=\"lazy\" decoding=\"async\" class=\" wp-image-2515 alignright\" src=\"https:\/\/semmelweis.hu\/esk\/files\/2026\/02\/EFI-kepzes-2-400x300.jpg\" alt=\"\" width=\"302\" height=\"226\" srcset=\"https:\/\/semmelweis.hu\/esk\/files\/2026\/02\/EFI-kepzes-2-400x300.jpg 400w, https:\/\/semmelweis.hu\/esk\/files\/2026\/02\/EFI-kepzes-2-768x576.jpg 768w, https:\/\/semmelweis.hu\/esk\/files\/2026\/02\/EFI-kepzes-2-753x565.jpg 753w, https:\/\/semmelweis.hu\/esk\/files\/2026\/02\/EFI-kepzes-2.jpg 910w\" sizes=\"auto, (max-width: 302px) 100vw, 302px\" \/><\/strong><\/p>\n<p style=\"text-align: justify\">A 2025 december\u00e9ben \u00e9s 2026 janu\u00e1rj\u00e1ban megval\u00f3sult k\u00e9pz\u00e9sek n\u00e9gy helysz\u00ednen \u2013 H\u00f3dmez\u0151v\u00e1s\u00e1rhelyen, Debrecenben, Kaposv\u00e1ron \u00e9s Budapesten \u2013 zajlottak. <strong>A programon \u00f6sszesen 101 eg\u00e9szs\u00e9gfejleszt\u00e9si iroda 191 munkat\u00e1rsa vett r\u00e9szt.<\/strong> Az \u00e1prilisi PILOT k\u00e9pz\u00e9ssel egy\u00fctt \u00edgy m\u00e1r 107 iroda 209 szakembere teljes\u00edtette sikeresen a tov\u00e1bbk\u00e9pz\u00e9s\u00fcnket.<\/p>\n<p style=\"text-align: justify\">A k\u00e9pz\u00e9s <strong>elm\u00e9leti moduljai<\/strong> \u00e1tfog\u00f3 k\u00e9pet adtak az eg\u00e9szs\u00e9gmonitoroz\u00e1s szerep\u00e9r\u0151l \u00e9s a T\u00c9R-EPI szakrendszer\u00fcnk eszk\u00f6zt\u00e1r\u00e1r\u00f3l, felhaszn\u00e1l\u00e1s\u00e1nak lehet\u0151s\u00e9geir\u0151l, valamint a j\u00e1r\u00e1si eg\u00e9szs\u00e9gtervek elk\u00e9sz\u00edt\u00e9s\u00e9nek szakmai \u00e9s m\u00f3dszertani l\u00e9p\u00e9seir\u0151l. A <strong>gyakorlati blokkok<\/strong> sor\u00e1n a r\u00e9sztvev\u0151k konkr\u00e9t p\u00e9ld\u00e1kon, csoportmunk\u00e1ban dolgozt\u00e1k fel az eg\u00e9szs\u00e9gtervez\u00e9s folyamat\u00e1t, k\u00fcl\u00f6n\u00f6s hangs\u00falyt fektetve a helyi sz\u00fcks\u00e9gletek felt\u00e1r\u00e1s\u00e1ra, a beavatkoz\u00e1sok prioriz\u00e1l\u00e1s\u00e1ra \u00e9s a megval\u00f3s\u00edt\u00e1s tervez\u00e9s\u00e9re.<\/p>\n<p style=\"text-align: justify\"><strong><img loading=\"lazy\" decoding=\"async\" class=\" wp-image-2514 alignleft\" src=\"https:\/\/semmelweis.hu\/esk\/files\/2026\/02\/EFI-kepzes-1-400x225.jpg\" alt=\"\" width=\"350\" height=\"197\" srcset=\"https:\/\/semmelweis.hu\/esk\/files\/2026\/02\/EFI-kepzes-1-400x225.jpg 400w, https:\/\/semmelweis.hu\/esk\/files\/2026\/02\/EFI-kepzes-1-1024x577.jpg 1024w, https:\/\/semmelweis.hu\/esk\/files\/2026\/02\/EFI-kepzes-1-768x433.jpg 768w, https:\/\/semmelweis.hu\/esk\/files\/2026\/02\/EFI-kepzes-1-753x424.jpg 753w, https:\/\/semmelweis.hu\/esk\/files\/2026\/02\/EFI-kepzes-1.jpg 1278w\" sizes=\"auto, (max-width: 350px) 100vw, 350px\" \/>A tov\u00e1bbk\u00e9pz\u00e9s kiemelt c\u00e9lja volt az EFI-k k\u00f6r\u00e9ben a szakmai egys\u00e9gess\u00e9g er\u0151s\u00edt\u00e9se, a bizony\u00edt\u00e9kokra alapozott tervez\u00e9s t\u00e1mogat\u00e1sa, valamint a j\u00f3 gyakorlatok megoszt\u00e1sa az irod\u00e1k k\u00f6z\u00f6tt.<\/strong> A r\u00e9sztvev\u0151k lehet\u0151s\u00e9get kaptak tapasztalataik megoszt\u00e1s\u00e1ra, k\u00e9rd\u00e9sek megvitat\u00e1s\u00e1ra \u00e9s a gyakorlati kih\u00edv\u00e1sok k\u00f6z\u00f6s \u00e1ttekint\u00e9s\u00e9re is.<\/p>\n<p style=\"text-align: justify\">Az elm\u00e9leti oktat\u00e1si anyagok \u00e9s a r\u00e9szletes program honlapunkon el\u00e9rhet\u0151k. K\u00f6zpontunk ezzel hossz\u00fa t\u00e1von is t\u00e1mogatja az EFI-k szakmai munk\u00e1j\u00e1t, hozz\u00e1j\u00e1rulva a magas sz\u00ednvonal\u00fa, megalapozott \u00e9s fenntarthat\u00f3 j\u00e1r\u00e1si eg\u00e9szs\u00e9gtervez\u00e9s megval\u00f3s\u00edt\u00e1s\u00e1hoz.<\/p>\n<h3>Let\u00f6lthet\u0151 anyagaink:<\/h3>\n<p><em>A k\u00e9pz\u00e9s programja:\u00a0<\/em><\/p>\n<ul>\n<li><a href=\"https:\/\/semmelweis.hu\/esk\/files\/2026\/02\/EFI-elmeleti-kepzesi-program.pdf\" target=\"_blank\" rel=\"noopener\">Elm\u00e9leti k\u00e9pz\u00e9s programja<\/a><\/li>\n<li><a href=\"https:\/\/semmelweis.hu\/esk\/files\/2026\/02\/EFI-gyakorlati-kepzesi-program.pdf\" target=\"_blank\" rel=\"noopener\">Gyakorlati k\u00e9pz\u00e9s programja<\/a><\/li>\n<\/ul>\n<p><em>A k\u00e9pz\u00e9sen elhanzott el\u0151ad\u00e1sok anyagai:<\/em><\/p>\n<ul>\n<li><a href=\"https:\/\/semmelweis.hu\/esk\/files\/2026\/02\/EFI-kepzes-TER-EPI-szakrendszer-bemutatasa.pdf\" target=\"_blank\" rel=\"noopener\">T\u00c9R-EPI szakrendszer kialak\u00edt\u00e1sa \u00e9s eddigi fejleszt\u00e9si\/tartalmi elemeinek bemutat\u00e1sa<\/a><\/li>\n<li><a href=\"https:\/\/semmelweis.hu\/esk\/files\/2026\/02\/EFI-kepzes-Mutatok-ertelmezese.pdf\" target=\"_blank\" rel=\"noopener\">A T\u00c9R-EPI \u201eHAL\u00c1LOZ\u00c1S\u201d indik\u00e1torcsoportj\u00e1nak tartalma \u00e9s mutat\u00f3inak \u00e9rtelmez\u00e9se<\/a><\/li>\n<li><a href=\"https:\/\/semmelweis.hu\/esk\/files\/2026\/02\/EFI-kepzes-Deprivacios-Index.pdf\" target=\"_blank\" rel=\"noopener\">A depriv\u00e1ci\u00f3 ter\u00fcleti eloszl\u00e1sa haz\u00e1nkban a 2022. \u00e9vi n\u00e9psz\u00e1ml\u00e1l\u00e1s adataib\u00f3l k\u00e9pzett Depriv\u00e1ci\u00f3s Index szerint<\/a><\/li>\n<li><a href=\"https:\/\/semmelweis.hu\/esk\/files\/2026\/02\/EFI-kepzes-nepmozgalom-nepszamlalas.pdf\" target=\"_blank\" rel=\"noopener\">A T\u00c9R-EPI \u201eN\u00c9PMOZGALOM\u201d \u00e9s \u201eN\u00c9PSZ\u00c1ML\u00c1L\u00c1S\u201d indik\u00e1torcsoportjainak tartalma \u00e9s mutat\u00f3inak \u00e9rtelmez\u00e9se<\/a><\/li>\n<li><a href=\"https:\/\/semmelweis.hu\/esk\/files\/2026\/02\/EFI-kepzes-osszetett-indikatorok.pdf\" target=\"_blank\" rel=\"noopener\">T\u00c9R-EPI rendszer indik\u00e1torfejleszt\u00e9sei: a komplex indik\u00e1torcsoportok<\/a><\/li>\n<li><a href=\"https:\/\/semmelweis.hu\/esk\/files\/2026\/02\/TURI-Gergo-egeszsegtervezes-modszertan-eloadas.pdf\" target=\"_blank\" rel=\"noopener\">Az eg\u00e9szs\u00e9gtervez\u00e9s m\u00f3dszertana<\/a><\/li>\n<li><a href=\"https:\/\/semmelweis.hu\/esk\/files\/2026\/02\/HORVATH-Krisztian-cselekvesi-terv-modszertan-eloadas.pdf\" target=\"_blank\" rel=\"noopener\">Cselekv\u00e9si Terv, Kock\u00e1zatkezel\u00e9s, Monitoring<\/a><\/li>\n<\/ul>\n<p>&nbsp;<\/p>\n<p><span style=\"font-size: 12pt;color: #003366\"><em>K\u00e9sz\u00edtette az <img loading=\"lazy\" decoding=\"async\" class=\"alignnone  wp-image-1068\" src=\"https:\/\/semmelweis.hu\/esk\/files\/2024\/02\/se_esk_logo_fekvo_sotet-400x90.png\" alt=\"\" width=\"263\" height=\"59\" srcset=\"https:\/\/semmelweis.hu\/esk\/files\/2024\/02\/se_esk_logo_fekvo_sotet-400x90.png 400w, https:\/\/semmelweis.hu\/esk\/files\/2024\/02\/se_esk_logo_fekvo_sotet-768x172.png 768w, https:\/\/semmelweis.hu\/esk\/files\/2024\/02\/se_esk_logo_fekvo_sotet-753x169.png 753w, https:\/\/semmelweis.hu\/esk\/files\/2024\/02\/se_esk_logo_fekvo_sotet.png 900w\" sizes=\"auto, (max-width: 263px) 100vw, 263px\" \/>\u00a0<\/em><\/span><\/p>\n<p><span style=\"font-size: 12pt\"><em><img loading=\"lazy\" decoding=\"async\" class=\"alignnone  wp-image-1662\" src=\"https:\/\/semmelweis.hu\/esk\/files\/2024\/10\/Nemzeti_Labor__logo-400x167.jpg\" alt=\"\" width=\"165\" height=\"69\" srcset=\"https:\/\/semmelweis.hu\/esk\/files\/2024\/10\/Nemzeti_Labor__logo-400x167.jpg 400w, https:\/\/semmelweis.hu\/esk\/files\/2024\/10\/Nemzeti_Labor__logo.jpg 710w\" sizes=\"auto, (max-width: 165px) 100vw, 165px\" \/><\/em><span style=\"color: #003366\">RRF-2.3.1-21-2022-00006\u00a0<\/span><\/span><\/p>\n<p><b><img loading=\"lazy\" decoding=\"async\" class=\"alignnone wp-image-803 \" src=\"https:\/\/semmelweis.hu\/esk\/files\/2023\/11\/RRF-1024x118.jpg\" alt=\"\" width=\"788\" height=\"91\" srcset=\"https:\/\/semmelweis.hu\/esk\/files\/2023\/11\/RRF-1024x118.jpg 1024w, https:\/\/semmelweis.hu\/esk\/files\/2023\/11\/RRF-400x46.jpg 400w, https:\/\/semmelweis.hu\/esk\/files\/2023\/11\/RRF-768x88.jpg 768w, https:\/\/semmelweis.hu\/esk\/files\/2023\/11\/RRF-1536x177.jpg 1536w, https:\/\/semmelweis.hu\/esk\/files\/2023\/11\/RRF-2048x235.jpg 2048w, https:\/\/semmelweis.hu\/esk\/files\/2023\/11\/RRF-753x87.jpg 753w\" sizes=\"auto, (max-width: 788px) 100vw, 788px\" \/><\/b><\/p>\n","protected":false},"excerpt":{"rendered":"<p>Folytat\u00f3dott az EFI munkat\u00e1rsak szakmai tov\u00e1bbk\u00e9pz\u00e9se K\u00f6zpontunk a Bel\u00fcgyminiszt\u00e9rium N\u00e9peg\u00e9szs\u00e9g\u00fcgyi F\u0151oszt\u00e1ly\u00e1nak Eg\u00e9szs\u00e9gfejleszt\u00e9si Irod\u00e1k Koordin\u00e1ci\u00f3j\u00e1\u00e9rt Felel\u0151s Oszt\u00e1lya kezdem\u00e9nyez\u00e9s\u00e9re \u201eEg\u00e9szs\u00e9gmonitoroz\u00e1s \u00e9s j\u00e1r\u00e1si eg\u00e9szs\u00e9gtervek k\u00e9sz\u00edt\u00e9se, megval\u00f3s\u00edt\u00e1sa\u201d c\u00edmmel k\u00e9tnapos, elm\u00e9leti \u00e9s gyakorlati elemeket egyar\u00e1nt tartalmaz\u00f3 tov\u00e1bbk\u00e9pz\u00e9seket tartott az eg\u00e9szs\u00e9gfejleszt\u00e9si irod\u00e1k (EFI) munkat\u00e1rsai sz\u00e1m\u00e1ra. A program c\u00e9lja egyr\u00e9szt a T\u00c9R-EPI szakrendszer haszn\u00e1lat\u00e1nak t\u00e1mogat\u00e1s\u00e1val, eg\u00e9szs\u00e9gtervez\u00e9si ismeretek b\u0151v\u00edt\u00e9s\u00e9vel meger\u0151s\u00edts\u00fck a j\u00e1r\u00e1si szint\u0171 &hellip;<\/p>\n","protected":false},"author":102284,"featured_media":0,"parent":2081,"menu_order":4,"comment_status":"closed","ping_status":"closed","template":"template-fullwidth.php","meta":{"_acf_changed":false,"footnotes":""},"categories":[],"tags":[],"class_list":["post-2494","page","type-page","status-publish","hentry"],"acf":[],"_links":{"self":[{"href":"https:\/\/semmelweis.hu\/esk\/wp-json\/wp\/v2\/pages\/2494","targetHints":{"allow":["GET"]}}],"collection":[{"href":"https:\/\/semmelweis.hu\/esk\/wp-json\/wp\/v2\/pages"}],"about":[{"href":"https:\/\/semmelweis.hu\/esk\/wp-json\/wp\/v2\/types\/page"}],"author":[{"embeddable":true,"href":"https:\/\/semmelweis.hu\/esk\/wp-json\/wp\/v2\/users\/102284"}],"replies":[{"embeddable":true,"href":"https:\/\/semmelweis.hu\/esk\/wp-json\/wp\/v2\/comments?post=2494"}],"version-history":[{"count":7,"href":"https:\/\/semmelweis.hu\/esk\/wp-json\/wp\/v2\/pages\/2494\/revisions"}],"predecessor-version":[{"id":2525,"href":"https:\/\/semmelweis.hu\/esk\/wp-json\/wp\/v2\/pages\/2494\/revisions\/2525"}],"up":[{"embeddable":true,"href":"https:\/\/semmelweis.hu\/esk\/wp-json\/wp\/v2\/pages\/2081"}],"wp:attachment":[{"href":"https:\/\/semmelweis.hu\/esk\/wp-json\/wp\/v2\/media?parent=2494"}],"wp:term":[{"taxonomy":"category","embeddable":true,"href":"https:\/\/semmelweis.hu\/esk\/wp-json\/wp\/v2\/categories?post=2494"},{"taxonomy":"post_tag","embeddable":true,"href":"https:\/\/semmelweis.hu\/esk\/wp-json\/wp\/v2\/tags?post=2494"}],"curies":[{"name":"wp","href":"https:\/\/api.w.org\/{rel}","templated":true}]}}