{"id":234,"date":"2023-08-18T10:24:45","date_gmt":"2023-08-18T08:24:45","guid":{"rendered":"https:\/\/semmelweis.hu\/esk\/?page_id=234"},"modified":"2024-12-05T09:18:19","modified_gmt":"2024-12-05T08:18:19","slug":"bemutatkozas","status":"publish","type":"page","link":"https:\/\/semmelweis.hu\/esk\/a-kozpontrol\/bemutatkozas\/","title":{"rendered":"Alaptev\u00e9kenys\u00e9g"},"content":{"rendered":"<p style=\"text-align: justify\">A Semmelweis Egyetem Epidemiol\u00f3giai \u00e9s Surveillance K\u00f6zpontja 2020 okt\u00f3ber\u00e9ben j\u00f6tt l\u00e9tre azzal a c\u00e9llal, hogy a tudom\u00e1nyos kutat\u00e1s m\u00f3dszereivel j\u00e1ruljon hozz\u00e1 a fert\u0151z\u0151 betegs\u00e9gek elleni v\u00e9dekez\u00e9s\u00e9hez \u00e9s a nemfert\u0151z\u0151 betegs\u00e9gek okozta betegs\u00e9gterhek cs\u00f6kkent\u00e9s\u00e9hez Magyarorsz\u00e1gon.<\/p>\n<p style=\"text-align: justify\">Az Epidemiol\u00f3giai \u00e9s Surveillance K\u00f6zpont <a href=\"https:\/\/semmelweis.hu\/esk\/a-kozpontrol\/munkatarsak\/\">munkat\u00e1rsai<\/a> t\u00f6bb mint t\u00edz \u00e9ves tapasztalattal rendelkeznek, mind az epidemiol\u00f3giai kutat\u00f3munk\u00e1ban, mind a n\u00e9peg\u00e9szs\u00e9g\u00fcgyi programok tervez\u00e9ses\u00e9ben, szervez\u00e9s\u00e9ben \u00e9s \u00e9rt\u00e9kel\u00e9s\u00e9ben.<\/p>\n<div class=\"keretes w-100\">\n<h4 style=\"text-align: justify\"><strong>F\u0151 profil:<\/strong><\/h4>\n<ul style=\"text-align: justify\">\n<li>A surveillance rendszerek \u00e1tfog\u00f3 fejleszt\u00e9se \u00e9s az ebb\u0151l sz\u00e1rmaz\u00f3 adatok feldolgoz\u00e1sa<\/li>\n<li>Tudom\u00e1nyos egy\u00fcttm\u0171k\u00f6d\u00e9sek kialak\u00edt\u00e1sa \u00e9s megszil\u00e1rd\u00edt\u00e1sa<\/li>\n<li>Nemzetk\u00f6zi tudom\u00e1nyos egy\u00fcttm\u0171k\u00f6d\u00e9sek keret\u00e9ben, innovat\u00edv surveillance rendszerek b\u00e1zis\u00e1n <a href=\"https:\/\/semmelweis.hu\/esk\/kutatas\/leguti-virusok-elleni-vedooltasok-eredmenyessegenek-meghatarozasa-magyarorszagon-a-2021-2024-evekben\/\">kutat\u00e1si h\u00e1l\u00f3zatok l\u00e9trehoz\u00e1sa \u00e9s m\u0171k\u00f6dtet\u00e9se<\/a> a l\u00e9g\u00fati k\u00f3rokoz\u00f3k epidemiol\u00f3giai vizsg\u00e1lat\u00e1ra<\/li>\n<li>A magyar lakoss\u00e1g morbidit\u00e1si \u00e9s mortalit\u00e1si mutat\u00f3inak <a href=\"https:\/\/semmelweis.hu\/esk\/kutatas\/ter-epi-terepidemiologiai-rendszer\/\">t\u00e9rbeli \u00e9s id\u0151beli elemz\u00e9se<\/a>, k\u00fcl\u00f6n\u00f6s tekintettel a SARS-CoV-2 vil\u00e1gj\u00e1rv\u00e1ny r\u00f6vid, k\u00f6z\u00e9p \u00e9s hossz\u00fat\u00e1v\u00fa eg\u00e9szs\u00e9ghat\u00e1saira<\/li>\n<li>Az eg\u00e9szs\u00e9gbiztons\u00e1g fejleszt\u00e9se<\/li>\n<li>Pand\u00e9mi\u00e1s tervez\u00e9si \u00e9s felk\u00e9sz\u00fcl\u00e9si <a href=\"https:\/\/semmelweis.hu\/esk\/kutatas\/pandemias-tervezesi-es-felkeszulesi-eszkoztar-fejlesztese\/\">eszk\u00f6zt\u00e1rak<\/a> fejleszt\u00e9se<\/li>\n<li>N\u00e9peg\u00e9szs\u00e9g\u00fcgyi kapacit\u00e1s \u00e9s hum\u00e1n er\u0151forr\u00e1s fejleszt\u00e9s<\/li>\n<\/ul>\n<\/div>\n<h4 style=\"text-align: justify\"><strong>A K\u00f6zpont feladata k\u00fcl\u00f6n\u00f6sen:<\/strong><\/h4>\n<ul>\n<li style=\"text-align: justify\">A meglev\u0151 relev\u00e1ns hazai adatgy\u0171jt\u00e9sek, surveillance-ok \u00e1ttekint\u00e9se, egys\u00e9ges\u00edt\u00e9se, k\u00fcl\u00f6nb\u00f6z\u0151 adatforr\u00e1sokb\u00f3l sz\u00e1rmaz\u00f3 adatok \u00f6sszegy\u0171jt\u00e9se, adatmodellek k\u00e9sz\u00edt\u00e9se, adatok elemz\u00e9se, \u00e9rt\u00e9kel\u00e9se, riport\u00e1l\u00e1sa, a k\u00fcl\u00f6nb\u00f6z\u0151 eredm\u00e9ny param\u00e9terek becsatorn\u00e1z\u00e1sa modellekbe. A lakoss\u00e1g eg\u00e9szs\u00e9gi \u00e1llapot\u00e1nak monitoroz\u00e1sa, \u00faj t\u00edpus\u00fa surveillance rendszerek kifejleszt\u00e9se, tesztel\u00e9se, \u00e9rt\u00e9kel\u00e9se. N\u00e9peg\u00e9szs\u00e9g\u00fcgyi szakmai inform\u00e1ci\u00f3s rendszer, korai \u00e9szlel\u00e9si-riaszt\u00e1si rendszer kidolgoz\u00e1sa, el\u00e9rhet\u0151v\u00e9 t\u00e9tele.<\/li>\n<li style=\"text-align: justify\">Megbeteged\u00e9s halmoz\u00f3d\u00e1sok, j\u00e1rv\u00e1nyok felder\u00edt\u00e9se, a terjed\u00e9s mozgat\u00f3rug\u00f3inak \u00e9s a megbeteged\u00e9sek kock\u00e1zati t\u00e9nyez\u0151inek azonos\u00edt\u00e1sa. Fenn\u00e1ll\u00f3 \u00e9s fenyeget\u0151 j\u00e1rv\u00e1ny\u00fcgyi vesz\u00e9lyhelyzetek azonos\u00edt\u00e1sa, \u00e9rt\u00e9kel\u00e9se \u00e9s kommunik\u00e1l\u00e1sa az egyetemi vezet\u00e9s fel\u00e9. Ennek \u00e9rdek\u00e9ben a lehet\u0151 legsz\u00e9lesebb k\u00f6rb\u0151l t\u00f6rt\u00e9n\u0151 inform\u00e1ci\u00f3gy\u0171jt\u00e9s, elemz\u00e9s \u00e9s \u00e9rt\u00e9kel\u00e9s.<\/li>\n<li style=\"text-align: justify\">Az \u00faj hazai \u00e9s nemzetk\u00f6zi, n\u00e9peg\u00e9szs\u00e9g\u00fcgyi jelent\u0151s\u00e9g\u0171 tudom\u00e1nyos evidenci\u00e1k \u00e9rt\u00e9kel\u00e9se, szintetiz\u00e1l\u00e1sa, jelent\u00e9sek k\u00e9sz\u00edt\u00e9se \u00e9s publik\u00e1l\u00e1sa. Adatok elemz\u00e9se \u00e9s \u00e9rt\u00e9kel\u00e9se, ezek alapj\u00e1n evidenci\u00e1k gener\u00e1l\u00e1sa, becsatorn\u00e1z\u00e1sa matematikai modellez\u00e9sbe, (n\u00e9p)eg\u00e9szs\u00e9g\u00fcgyi k\u00e9pz\u00e9sekbe, valamint a napi gyakorlatba. R\u00e9szv\u00e9tel a d\u00f6nt\u00e9s-el\u0151k\u00e9sz\u00edt\u00e9sben \u00e9s a szakmai eredm\u00e9nyek d\u00f6nt\u00e9shoz\u00f3k fel\u00e9 t\u00f6rt\u00e9n\u0151 kommunik\u00e1l\u00e1s\u00e1ban.<\/li>\n<li style=\"text-align: justify\">Evidenci\u00e1kon alapul\u00f3, c\u00e9lzott, kock\u00e1zat\u00e9rt\u00e9kel\u00e9sen alapul\u00f3 int\u00e9zked\u00e9si tervek kidolgoz\u00e1sa, javaslatt\u00e9tel, valamint int\u00e9zked\u00e9sek eredm\u00e9nyess\u00e9g\u00e9nek, hat\u00e9konys\u00e1g\u00e1nak \u00e9rt\u00e9kel\u00e9se;<\/li>\n<li style=\"text-align: justify\">Olyan c\u00e9lzott lakoss\u00e1gi \u00e9s szakmai eg\u00e9szs\u00e9gkommunik\u00e1ci\u00f3 kidolgoz\u00e1sa, amely t\u00e1mogatja bizonyos eg\u00e9szs\u00e9g kock\u00e1zatok cs\u00f6kkent\u00e9s\u00e9t.<\/li>\n<li style=\"text-align: justify\">Strat\u00e9giai partners\u00e9gek kialak\u00edt\u00e1sa \u00e9s m\u0171k\u00f6dtet\u00e9se, k\u00fcl\u00f6n\u00f6sen a J\u00e1rv\u00e1nymatematikai \u00e9s Epidemiol\u00f3gia Projekttel, valamint Magyarorsz\u00e1g j\u00e1rv\u00e1nymatematikai modellez\u00e9si \u00e9s epidemiol\u00f3giai kapacit\u00e1sainak b\u0151v\u00edt\u00e9s\u00e9vel kapcsolatban, j\u00e1rv\u00e1ny\u00fcgyi el\u0151rejelz\u00e9sek k\u00e9sz\u00edt\u00e9se \u00e9rdek\u00e9ben.<\/li>\n<li style=\"text-align: justify\">Az egyetemen m\u0171k\u00f6d\u0151 kutat\u00f3csoportok munk\u00e1j\u00e1nak szakmai t\u00e1mogat\u00e1sa j\u00e1rv\u00e1nymatematikai \u00e9s epidemiol\u00f3giai k\u00e9rd\u00e9sekben.<\/li>\n<li style=\"text-align: justify\">Az RRF-2.3.1-21-2022-00006 azonos\u00edt\u00f3 sz\u00e1m\u00fa, <a href=\"https:\/\/semmelweis.hu\/esk\/kutatas\/\">Eg\u00e9szs\u00e9gbiztons\u00e1g Nemzeti Laborat\u00f3rium<\/a> c\u00edm\u0171 projekt (RRF-2.3.1-21-2022-00006, \u201eNemzeti Laborat\u00f3riumok l\u00e9trehoz\u00e1sa, komplex fejleszt\u00e9se\u201d) eredm\u00e9nyes megval\u00f3s\u00edt\u00e1sa.<\/li>\n<\/ul>\n","protected":false},"excerpt":{"rendered":"<p>A Semmelweis Egyetem Epidemiol\u00f3giai \u00e9s Surveillance K\u00f6zpontja 2020 okt\u00f3ber\u00e9ben j\u00f6tt l\u00e9tre azzal a c\u00e9llal, hogy a tudom\u00e1nyos kutat\u00e1s m\u00f3dszereivel j\u00e1ruljon hozz\u00e1 a fert\u0151z\u0151 betegs\u00e9gek elleni v\u00e9dekez\u00e9s\u00e9hez \u00e9s a nemfert\u0151z\u0151 betegs\u00e9gek okozta betegs\u00e9gterhek cs\u00f6kkent\u00e9s\u00e9hez Magyarorsz\u00e1gon. Az Epidemiol\u00f3giai \u00e9s Surveillance K\u00f6zpont <a href=\"https:\/\/semmelweis.hu\/esk\/a-kozpontrol\/munkatarsak\/\">munkat\u00e1rsai<\/a> t\u00f6bb mint t\u00edz \u00e9ves tapasztalattal rendelkeznek, mind az epidemiol\u00f3giai kutat\u00f3munk\u00e1ban, mind a n\u00e9peg\u00e9szs\u00e9g\u00fcgyi programok tervez\u00e9ses\u00e9ben, szervez\u00e9s\u00e9ben &hellip;<\/p>\n","protected":false},"author":102284,"featured_media":0,"parent":5,"menu_order":1,"comment_status":"closed","ping_status":"closed","template":"","meta":{"_acf_changed":false,"footnotes":""},"categories":[],"tags":[],"class_list":["post-234","page","type-page","status-publish","hentry"],"acf":[],"_links":{"self":[{"href":"https:\/\/semmelweis.hu\/esk\/wp-json\/wp\/v2\/pages\/234","targetHints":{"allow":["GET"]}}],"collection":[{"href":"https:\/\/semmelweis.hu\/esk\/wp-json\/wp\/v2\/pages"}],"about":[{"href":"https:\/\/semmelweis.hu\/esk\/wp-json\/wp\/v2\/types\/page"}],"author":[{"embeddable":true,"href":"https:\/\/semmelweis.hu\/esk\/wp-json\/wp\/v2\/users\/102284"}],"replies":[{"embeddable":true,"href":"https:\/\/semmelweis.hu\/esk\/wp-json\/wp\/v2\/comments?post=234"}],"version-history":[{"count":7,"href":"https:\/\/semmelweis.hu\/esk\/wp-json\/wp\/v2\/pages\/234\/revisions"}],"predecessor-version":[{"id":1747,"href":"https:\/\/semmelweis.hu\/esk\/wp-json\/wp\/v2\/pages\/234\/revisions\/1747"}],"up":[{"embeddable":true,"href":"https:\/\/semmelweis.hu\/esk\/wp-json\/wp\/v2\/pages\/5"}],"wp:attachment":[{"href":"https:\/\/semmelweis.hu\/esk\/wp-json\/wp\/v2\/media?parent=234"}],"wp:term":[{"taxonomy":"category","embeddable":true,"href":"https:\/\/semmelweis.hu\/esk\/wp-json\/wp\/v2\/categories?post=234"},{"taxonomy":"post_tag","embeddable":true,"href":"https:\/\/semmelweis.hu\/esk\/wp-json\/wp\/v2\/tags?post=234"}],"curies":[{"name":"wp","href":"https:\/\/api.w.org\/{rel}","templated":true}]}}