{"id":2115,"date":"2025-05-21T08:09:30","date_gmt":"2025-05-21T06:09:30","guid":{"rendered":"https:\/\/semmelweis.hu\/esk\/?page_id=2115"},"modified":"2026-02-23T10:57:06","modified_gmt":"2026-02-23T09:57:06","slug":"jarasi-egeszsegtervek-keszitese-es-megvalositasa-kepzes-tartott-kozpontunk-az-egeszsegfejlesztesi-irodak-szamara","status":"publish","type":"page","link":"https:\/\/semmelweis.hu\/esk\/esemenyek\/kepzesek\/jarasi-egeszsegtervek-keszitese-es-megvalositasa-kepzes-tartott-kozpontunk-az-egeszsegfejlesztesi-irodak-szamara\/","title":{"rendered":"J\u00e1r\u00e1si eg\u00e9szs\u00e9gtervek k\u00e9sz\u00edt\u00e9se \u00e9s megval\u00f3s\u00edt\u00e1sa pilot k\u00e9pz\u00e9s tartott K\u00f6zpontunk az eg\u00e9szs\u00e9gfejleszt\u00e9si irod\u00e1k sz\u00e1m\u00e1ra"},"content":{"rendered":"<p style=\"text-align: justify\"><img loading=\"lazy\" decoding=\"async\" class=\"size-medium wp-image-2118 alignright\" src=\"https:\/\/semmelweis.hu\/esk\/files\/2025\/05\/EFI-Kepzes_20250508_3-400x239.jpeg\" alt=\"\" width=\"400\" height=\"239\" srcset=\"https:\/\/semmelweis.hu\/esk\/files\/2025\/05\/EFI-Kepzes_20250508_3-400x239.jpeg 400w, https:\/\/semmelweis.hu\/esk\/files\/2025\/05\/EFI-Kepzes_20250508_3-1024x611.jpeg 1024w, https:\/\/semmelweis.hu\/esk\/files\/2025\/05\/EFI-Kepzes_20250508_3-768x459.jpeg 768w, https:\/\/semmelweis.hu\/esk\/files\/2025\/05\/EFI-Kepzes_20250508_3-1536x917.jpeg 1536w, https:\/\/semmelweis.hu\/esk\/files\/2025\/05\/EFI-Kepzes_20250508_3-753x450.jpeg 753w, https:\/\/semmelweis.hu\/esk\/files\/2025\/05\/EFI-Kepzes_20250508_3.jpeg 2005w\" sizes=\"auto, (max-width: 400px) 100vw, 400px\" \/>2025.m\u00e1jus 8-\u00e1n a Semmelweis Egyetem Epidemiol\u00f3giai \u00e9s Surveillance K\u00f6zpontja (SE ESK) m\u00e1sodik alkalommal tartott szakmai k\u00e9pz\u00e9st az eg\u00e9szs\u00e9gfejleszt\u00e9si irod\u00e1k (EFI-k) munkat\u00e1rsai sz\u00e1m\u00e1ra. A k\u00e9pz\u00e9st a Bel\u00fcgyminiszt\u00e9rium Eg\u00e9szs\u00e9g\u00fcgyi \u00c1llamtitk\u00e1rs\u00e1ga kezdem\u00e9nyezte, azzal a c\u00e9llal, hogy az EFI-k m\u00e9lyebb ismereteket szerezzenek a j\u00e1r\u00e1si eg\u00e9szs\u00e9gtervek, k\u00fcl\u00f6n\u00f6sen az ahhoz kapcsol\u00f3d\u00f3 helyzetk\u00e9pek \u00e9s cselekv\u00e9si tervek k\u00e9sz\u00edt\u00e9s\u00e9ben \u00e9s megval\u00f3s\u00edt\u00e1s\u00e1ban. A tervek szerint a k\u00e9pz\u00e9s hamarosan orsz\u00e1gos szinten is el\u00e9rhet\u0151v\u00e9 v\u00e1lik, ezzel is t\u00e1mogatva az egys\u00e9ges \u00e9s a magas sz\u00ednvonal\u00fa eg\u00e9szs\u00e9gtervez\u00e9st minden j\u00e1r\u00e1sban.<\/p>\n<p style=\"text-align: justify\"><img loading=\"lazy\" decoding=\"async\" class=\" wp-image-2117 alignleft\" src=\"https:\/\/semmelweis.hu\/esk\/files\/2025\/05\/EFI-Kepzes_20250508_2-400x288.jpeg\" alt=\"\" width=\"328\" height=\"236\" srcset=\"https:\/\/semmelweis.hu\/esk\/files\/2025\/05\/EFI-Kepzes_20250508_2-400x288.jpeg 400w, https:\/\/semmelweis.hu\/esk\/files\/2025\/05\/EFI-Kepzes_20250508_2-1024x737.jpeg 1024w, https:\/\/semmelweis.hu\/esk\/files\/2025\/05\/EFI-Kepzes_20250508_2-768x553.jpeg 768w, https:\/\/semmelweis.hu\/esk\/files\/2025\/05\/EFI-Kepzes_20250508_2-1536x1106.jpeg 1536w, https:\/\/semmelweis.hu\/esk\/files\/2025\/05\/EFI-Kepzes_20250508_2-753x542.jpeg 753w, https:\/\/semmelweis.hu\/esk\/files\/2025\/05\/EFI-Kepzes_20250508_2.jpeg 1935w\" sizes=\"auto, (max-width: 328px) 100vw, 328px\" \/>A j\u00e1r\u00e1si eg\u00e9szs\u00e9gterv az adott j\u00e1r\u00e1shoz tartoz\u00f3 lakoss\u00e1g eg\u00e9szs\u00e9gi \u00e1llapot\u00e1nak, eg\u00e9szs\u00e9gkult\u00far\u00e1j\u00e1nak, \u00e9letk\u00f6r\u00fclm\u00e9nyeinek, valamint a \u00a0k\u00fcls\u0151 hat\u00e1sok \u00e9s a kapcsol\u00f3d\u00f3 \u00e1gazatok szolg\u00e1ltat\u00e1sai \u00a0figyelembe v\u00e9tel\u00e9vel k\u00e9sz\u00edtett interszektori\u00e1lis cselekv\u00e9si program. A j\u00e1r\u00e1si eg\u00e9szs\u00e9gtervek megalapozott, adatokon nyugv\u00f3 ir\u00e1nymutat\u00e1st adhatnak a helyi eg\u00e9szs\u00e9gfejleszt\u00e9si c\u00e9lokhoz.<\/p>\n<div class=\"keretes w-100\">\n<p style=\"text-align: justify\">A k\u00e9pz\u00e9s c\u00e9lja az volt, hogy felk\u00e9sz\u00edtse az EFI-ket, hogyan lehet n\u00f6velni a lakoss\u00e1g bizalm\u00e1t \u00e9s egy\u00fcttm\u0171k\u00f6d\u00e9s\u00e9t a n\u00e9peg\u00e9szs\u00e9g\u00fcgyben, valamint hogyan lehet bizony\u00edt\u00e9kokon alapul\u00f3 helyzet\u00e9rt\u00e9kel\u00e9seket, valamint k\u00f6z\u00e9pt\u00e1v\u00fa (5 \u00e9ves) \u00e9s r\u00f6vid t\u00e1v\u00fa (1 \u00e9ves) cselekv\u00e9si terveket k\u00e9sz\u00edteni, illetve ezek megval\u00f3s\u00edt\u00e1s\u00e1t akt\u00edvan t\u00e1mogatni \u00e9s monitorozni.<\/p>\n<\/div>\n<p style=\"text-align: justify\">A m\u00e1jusi k\u00e9pz\u00e9sen n\u00e9gy EFI \u2013 a biatorb\u00e1gyi, \u00f3budai, kaposv\u00e1ri \u00e9s szendr\u0151i irod\u00e1k \u2013 munkat\u00e1rsai vettek r\u00e9szt. A r\u00e9sztvev\u0151k gyakorlati p\u00e9ld\u00e1kon kereszt\u00fcl ismerkedtek meg az eg\u00e9szs\u00e9gtervez\u00e9s elm\u00e9leti h\u00e1tter\u00e9vel, a helyzetk\u00e9p \u00e9s cselekv\u00e9si terv k\u00e9sz\u00edt\u00e9s m\u00f3dszertan\u00e1val, valamint az eg\u00e9szs\u00e9gtervez\u00e9s sor\u00e1n megfogalmazott int\u00e9zked\u00e9sek interpret\u00e1l\u00e1s\u00e1val.<img loading=\"lazy\" decoding=\"async\" class=\" wp-image-2116 alignright\" src=\"https:\/\/semmelweis.hu\/esk\/files\/2025\/05\/EFI-Kepzes_20250508-367x400.jpeg\" alt=\"\" width=\"203\" height=\"221\" srcset=\"https:\/\/semmelweis.hu\/esk\/files\/2025\/05\/EFI-Kepzes_20250508-367x400.jpeg 367w, https:\/\/semmelweis.hu\/esk\/files\/2025\/05\/EFI-Kepzes_20250508-939x1024.jpeg 939w, https:\/\/semmelweis.hu\/esk\/files\/2025\/05\/EFI-Kepzes_20250508-768x837.jpeg 768w, https:\/\/semmelweis.hu\/esk\/files\/2025\/05\/EFI-Kepzes_20250508-753x821.jpeg 753w, https:\/\/semmelweis.hu\/esk\/files\/2025\/05\/EFI-Kepzes_20250508.jpeg 1409w\" sizes=\"auto, (max-width: 203px) 100vw, 203px\" \/><\/p>\n<p style=\"text-align: justify\">A k\u00e9pz\u00e9ssorozat 2025. \u0151sz\u00e9n tov\u00e1bb folytat\u00f3dik, ugyanis a SE ESK \u00e9s az Eg\u00e9szs\u00e9g\u00fcgyi \u00c1llamtitk\u00e1rs\u00e1g c\u00e9lja, hogy a j\u00f6v\u0151ben valamennyi EFI munkat\u00e1rs r\u00e9szt vehessen a programban.<\/p>\n<p>&nbsp;<\/p>\n<p>&nbsp;<\/p>\n<p><span style=\"font-size: 12pt;color: #003366\"><em>K\u00e9sz\u00edtette az <img loading=\"lazy\" decoding=\"async\" class=\"alignnone  wp-image-1068\" src=\"https:\/\/semmelweis.hu\/esk\/files\/2024\/02\/se_esk_logo_fekvo_sotet-400x90.png\" alt=\"\" width=\"263\" height=\"59\" srcset=\"https:\/\/semmelweis.hu\/esk\/files\/2024\/02\/se_esk_logo_fekvo_sotet-400x90.png 400w, https:\/\/semmelweis.hu\/esk\/files\/2024\/02\/se_esk_logo_fekvo_sotet-768x172.png 768w, https:\/\/semmelweis.hu\/esk\/files\/2024\/02\/se_esk_logo_fekvo_sotet-753x169.png 753w, https:\/\/semmelweis.hu\/esk\/files\/2024\/02\/se_esk_logo_fekvo_sotet.png 900w\" sizes=\"auto, (max-width: 263px) 100vw, 263px\" \/>\u00a0<\/em><\/span><\/p>\n<p><span style=\"font-size: 12pt\"><em><img loading=\"lazy\" decoding=\"async\" class=\"alignnone  wp-image-1662\" src=\"https:\/\/semmelweis.hu\/esk\/files\/2024\/10\/Nemzeti_Labor__logo-400x167.jpg\" alt=\"\" width=\"165\" height=\"69\" srcset=\"https:\/\/semmelweis.hu\/esk\/files\/2024\/10\/Nemzeti_Labor__logo-400x167.jpg 400w, https:\/\/semmelweis.hu\/esk\/files\/2024\/10\/Nemzeti_Labor__logo.jpg 710w\" sizes=\"auto, (max-width: 165px) 100vw, 165px\" \/><\/em><span style=\"color: #003366\">RRF-2.3.1-21-2022-00006\u00a0<\/span><\/span><\/p>\n<p><b><img loading=\"lazy\" decoding=\"async\" class=\"alignnone wp-image-803 \" src=\"https:\/\/semmelweis.hu\/esk\/files\/2023\/11\/RRF-1024x118.jpg\" alt=\"\" width=\"788\" height=\"91\" srcset=\"https:\/\/semmelweis.hu\/esk\/files\/2023\/11\/RRF-1024x118.jpg 1024w, https:\/\/semmelweis.hu\/esk\/files\/2023\/11\/RRF-400x46.jpg 400w, https:\/\/semmelweis.hu\/esk\/files\/2023\/11\/RRF-768x88.jpg 768w, https:\/\/semmelweis.hu\/esk\/files\/2023\/11\/RRF-1536x177.jpg 1536w, https:\/\/semmelweis.hu\/esk\/files\/2023\/11\/RRF-2048x235.jpg 2048w, https:\/\/semmelweis.hu\/esk\/files\/2023\/11\/RRF-753x87.jpg 753w\" sizes=\"auto, (max-width: 788px) 100vw, 788px\" \/><\/b><\/p>\n","protected":false},"excerpt":{"rendered":"<p>2025.m\u00e1jus 8-\u00e1n a Semmelweis Egyetem Epidemiol\u00f3giai \u00e9s Surveillance K\u00f6zpontja (SE ESK) m\u00e1sodik alkalommal tartott szakmai k\u00e9pz\u00e9st az eg\u00e9szs\u00e9gfejleszt\u00e9si irod\u00e1k (EFI-k) munkat\u00e1rsai sz\u00e1m\u00e1ra. A k\u00e9pz\u00e9st a Bel\u00fcgyminiszt\u00e9rium Eg\u00e9szs\u00e9g\u00fcgyi \u00c1llamtitk\u00e1rs\u00e1ga kezdem\u00e9nyezte, azzal a c\u00e9llal, hogy az EFI-k m\u00e9lyebb ismereteket szerezzenek a j\u00e1r\u00e1si eg\u00e9szs\u00e9gtervek, k\u00fcl\u00f6n\u00f6sen az ahhoz kapcsol\u00f3d\u00f3 helyzetk\u00e9pek \u00e9s cselekv\u00e9si tervek k\u00e9sz\u00edt\u00e9s\u00e9ben \u00e9s megval\u00f3s\u00edt\u00e1s\u00e1ban. A tervek szerint &hellip;<\/p>\n","protected":false},"author":102284,"featured_media":0,"parent":2081,"menu_order":3,"comment_status":"closed","ping_status":"closed","template":"template-fullwidth.php","meta":{"_acf_changed":false,"footnotes":""},"categories":[1],"tags":[],"class_list":["post-2115","page","type-page","status-publish","hentry","category-hirek"],"acf":[],"_links":{"self":[{"href":"https:\/\/semmelweis.hu\/esk\/wp-json\/wp\/v2\/pages\/2115","targetHints":{"allow":["GET"]}}],"collection":[{"href":"https:\/\/semmelweis.hu\/esk\/wp-json\/wp\/v2\/pages"}],"about":[{"href":"https:\/\/semmelweis.hu\/esk\/wp-json\/wp\/v2\/types\/page"}],"author":[{"embeddable":true,"href":"https:\/\/semmelweis.hu\/esk\/wp-json\/wp\/v2\/users\/102284"}],"replies":[{"embeddable":true,"href":"https:\/\/semmelweis.hu\/esk\/wp-json\/wp\/v2\/comments?post=2115"}],"version-history":[{"count":2,"href":"https:\/\/semmelweis.hu\/esk\/wp-json\/wp\/v2\/pages\/2115\/revisions"}],"predecessor-version":[{"id":2490,"href":"https:\/\/semmelweis.hu\/esk\/wp-json\/wp\/v2\/pages\/2115\/revisions\/2490"}],"up":[{"embeddable":true,"href":"https:\/\/semmelweis.hu\/esk\/wp-json\/wp\/v2\/pages\/2081"}],"wp:attachment":[{"href":"https:\/\/semmelweis.hu\/esk\/wp-json\/wp\/v2\/media?parent=2115"}],"wp:term":[{"taxonomy":"category","embeddable":true,"href":"https:\/\/semmelweis.hu\/esk\/wp-json\/wp\/v2\/categories?post=2115"},{"taxonomy":"post_tag","embeddable":true,"href":"https:\/\/semmelweis.hu\/esk\/wp-json\/wp\/v2\/tags?post=2115"}],"curies":[{"name":"wp","href":"https:\/\/api.w.org\/{rel}","templated":true}]}}