{"id":2083,"date":"2025-04-16T13:29:12","date_gmt":"2025-04-16T11:29:12","guid":{"rendered":"https:\/\/semmelweis.hu\/esk\/?page_id=2083"},"modified":"2026-02-23T10:56:17","modified_gmt":"2026-02-23T09:56:17","slug":"sikeresen-lezajlott-az-elso-ter-epi-kepzes-az-egeszsegfejlesztesi-irodak-szamara","status":"publish","type":"page","link":"https:\/\/semmelweis.hu\/esk\/esemenyek\/kepzesek\/sikeresen-lezajlott-az-elso-ter-epi-kepzes-az-egeszsegfejlesztesi-irodak-szamara\/","title":{"rendered":"Sikeresen lezajlott az els\u0151 T\u00c9R-EPI pilot k\u00e9pz\u00e9s az eg\u00e9szs\u00e9gfejleszt\u00e9si irod\u00e1k sz\u00e1m\u00e1ra"},"content":{"rendered":"<p style=\"text-align: justify\">2025. \u00e1prilis 1-\u00e9n a Semmelweis Egyetem Epidemiol\u00f3giai \u00e9s Surveillance K\u00f6zpontja (SE ESK) szakmai k\u00e9pz\u00e9st tartott az eg\u00e9szs\u00e9gfejleszt\u00e9si irod\u00e1k (EFI-k) munkat\u00e1rsai sz\u00e1m\u00e1ra. A k\u00e9pz\u00e9st a Bel\u00fcgyminiszt\u00e9rium N\u00e9peg\u00e9szs\u00e9g\u00fcgyi F\u0151oszt\u00e1ly\u00e1nak Eg\u00e9szs\u00e9gfejleszt\u00e9si Irod\u00e1k Koordin\u00e1ci\u00f3j\u00e1\u00e9rt Felel\u0151s Oszt\u00e1lya kezdem\u00e9nyezte, azzal a c\u00e9llal, hogy az EFI-k m\u00e9lyebb ismereteket szerezzenek a T\u00c9R-EPI szakrendszer alkalmaz\u00e1s\u00e1r\u00f3l az eg\u00e9szs\u00e9gmonitoroz\u00e1sban.<\/p>\n<p style=\"text-align: justify\"><img loading=\"lazy\" decoding=\"async\" class=\" wp-image-1997 alignleft\" src=\"https:\/\/semmelweis.hu\/esk\/files\/2025\/04\/processed-86BA91BF-8467-4AF4-A52A-AE6C60AD0FA6-400x338.jpeg\" alt=\"\" width=\"283\" height=\"239\" srcset=\"https:\/\/semmelweis.hu\/esk\/files\/2025\/04\/processed-86BA91BF-8467-4AF4-A52A-AE6C60AD0FA6-400x338.jpeg 400w, https:\/\/semmelweis.hu\/esk\/files\/2025\/04\/processed-86BA91BF-8467-4AF4-A52A-AE6C60AD0FA6-1024x864.jpeg 1024w, https:\/\/semmelweis.hu\/esk\/files\/2025\/04\/processed-86BA91BF-8467-4AF4-A52A-AE6C60AD0FA6-768x648.jpeg 768w, https:\/\/semmelweis.hu\/esk\/files\/2025\/04\/processed-86BA91BF-8467-4AF4-A52A-AE6C60AD0FA6-1536x1296.jpeg 1536w, https:\/\/semmelweis.hu\/esk\/files\/2025\/04\/processed-86BA91BF-8467-4AF4-A52A-AE6C60AD0FA6-2048x1728.jpeg 2048w, https:\/\/semmelweis.hu\/esk\/files\/2025\/04\/processed-86BA91BF-8467-4AF4-A52A-AE6C60AD0FA6-753x635.jpeg 753w\" sizes=\"auto, (max-width: 283px) 100vw, 283px\" \/>A T\u00c9R-EPI egy innovat\u00edv eg\u00e9szs\u00e9gmonitoroz\u00e1si rendszer, amely lehet\u0151v\u00e9 teszi a lakoss\u00e1g eg\u00e9szs\u00e9gi \u00e1llapot\u00e1t befoly\u00e1sol\u00f3 t\u00e9nyez\u0151k sz\u00e9les k\u00f6r\u0171 elemz\u00e9s\u00e9t \u2013 nem, korcsoport, vizsg\u00e1lati id\u0151szak, valamint ter\u00fcleti bont\u00e1s (megyei, j\u00e1r\u00e1si, telep\u00fcl\u00e9si szint) szerint. A rendszer kulcsfontoss\u00e1g\u00fa szerepet j\u00e1tszik a jogszab\u00e1lyban el\u0151\u00edrt j\u00e1r\u00e1si eg\u00e9szs\u00e9gtervek elk\u00e9sz\u00edt\u00e9s\u00e9ben, melyek megalapozott, adatokon nyugv\u00f3 ir\u00e1nymutat\u00e1st adhatnak a helyi eg\u00e9szs\u00e9gfejleszt\u00e9si c\u00e9lokhoz.<\/p>\n<div class=\"keretes w-100\">\n<p style=\"text-align: justify\">A k\u00e9pz\u00e9s c\u00e9lja az volt, hogy felk\u00e9sz\u00edtse az EFI-ket a T\u00c9R-EPI szakszer\u0171 haszn\u00e1lat\u00e1ra, valamint seg\u00edts\u00e9get ny\u00fajtson sz\u00e1mukra a helyi eg\u00e9szs\u00e9g\u00fcgyi probl\u00e9m\u00e1k azonos\u00edt\u00e1s\u00e1ban \u00e9s prioriz\u00e1l\u00e1s\u00e1ban. A m\u00f3dszertani t\u00e1mogat\u00e1s r\u00e9v\u00e9n az eg\u00e9szs\u00e9gtervek nemcsak form\u00e1lis dokumentumok, hanem val\u00f3di eszk\u00f6z\u00f6k lehetnek a lakoss\u00e1g eg\u00e9szs\u00e9gi \u00e1llapot\u00e1nak jav\u00edt\u00e1s\u00e1ra.<\/p>\n<\/div>\n<p style=\"text-align: justify\"><span style=\"background-color: #ffffff;font-size: 1rem\"><img loading=\"lazy\" decoding=\"async\" class=\"size-medium wp-image-1996 alignleft\" src=\"https:\/\/semmelweis.hu\/esk\/files\/2025\/04\/processed-7ED052FC-BE92-47D5-98EC-9509E322EAB5-400x228.jpeg\" alt=\"\" width=\"400\" height=\"228\" srcset=\"https:\/\/semmelweis.hu\/esk\/files\/2025\/04\/processed-7ED052FC-BE92-47D5-98EC-9509E322EAB5-400x228.jpeg 400w, https:\/\/semmelweis.hu\/esk\/files\/2025\/04\/processed-7ED052FC-BE92-47D5-98EC-9509E322EAB5-1024x583.jpeg 1024w, https:\/\/semmelweis.hu\/esk\/files\/2025\/04\/processed-7ED052FC-BE92-47D5-98EC-9509E322EAB5-768x438.jpeg 768w, https:\/\/semmelweis.hu\/esk\/files\/2025\/04\/processed-7ED052FC-BE92-47D5-98EC-9509E322EAB5-1536x875.jpeg 1536w, https:\/\/semmelweis.hu\/esk\/files\/2025\/04\/processed-7ED052FC-BE92-47D5-98EC-9509E322EAB5-2048x1167.jpeg 2048w, https:\/\/semmelweis.hu\/esk\/files\/2025\/04\/processed-7ED052FC-BE92-47D5-98EC-9509E322EAB5-753x429.jpeg 753w\" sizes=\"auto, (max-width: 400px) 100vw, 400px\" \/><\/span><\/p>\n<p>A k\u00e9pz\u00e9sen n\u00e9gy EFI \u2013 az \u00f3budai, biatorb\u00e1gyi, kaposv\u00e1ri \u00e9s szendr\u0151i irod\u00e1k \u2013 munkat\u00e1rsai vettek r\u00e9szt. A r\u00e9sztvev\u0151k gyakorlati p\u00e9ld\u00e1kon kereszt\u00fcl ismerkedtek meg a rendszer m\u0171k\u00f6d\u00e9s\u00e9vel, az adatok lek\u00e9rdez\u00e9s\u00e9nek lehet\u0151s\u00e9geivel, valamint az eredm\u00e9nyek interpret\u00e1l\u00e1s\u00e1val.<\/p>\n<p style=\"text-align: justify\">A k\u00e9pz\u00e9ssorozat ezzel nem \u00e9rt v\u00e9get \u2013 a SE ESK \u00e9s a BM N\u00e9peg\u00e9szs\u00e9g\u00fcgyi F\u0151oszt\u00e1lya c\u00e9lja, hogy a j\u00f6v\u0151ben tov\u00e1bbi EFI-k munkat\u00e1rsai is r\u00e9szes\u00fcljenek a programban. A tervek szerint orsz\u00e1gos szinten is el\u00e9rhet\u0151v\u00e9 v\u00e1lik a k\u00e9pz\u00e9s, t\u00e1mogatva a szakmai egys\u00e9gess\u00e9get \u00e9s a magas sz\u00ednvonal\u00fa eg\u00e9szs\u00e9gtervez\u00e9st minden j\u00e1r\u00e1sban.<img loading=\"lazy\" decoding=\"async\" class=\"size-medium wp-image-1998 alignright\" src=\"https:\/\/semmelweis.hu\/esk\/files\/2025\/04\/processed-E25C9CCE-4687-43BD-81D5-5559804C87D2-400x203.jpeg\" alt=\"\" width=\"400\" height=\"203\" srcset=\"https:\/\/semmelweis.hu\/esk\/files\/2025\/04\/processed-E25C9CCE-4687-43BD-81D5-5559804C87D2-400x203.jpeg 400w, https:\/\/semmelweis.hu\/esk\/files\/2025\/04\/processed-E25C9CCE-4687-43BD-81D5-5559804C87D2-1024x519.jpeg 1024w, https:\/\/semmelweis.hu\/esk\/files\/2025\/04\/processed-E25C9CCE-4687-43BD-81D5-5559804C87D2-768x390.jpeg 768w, https:\/\/semmelweis.hu\/esk\/files\/2025\/04\/processed-E25C9CCE-4687-43BD-81D5-5559804C87D2-1536x779.jpeg 1536w, https:\/\/semmelweis.hu\/esk\/files\/2025\/04\/processed-E25C9CCE-4687-43BD-81D5-5559804C87D2-2048x1039.jpeg 2048w, https:\/\/semmelweis.hu\/esk\/files\/2025\/04\/processed-E25C9CCE-4687-43BD-81D5-5559804C87D2-753x382.jpeg 753w\" sizes=\"auto, (max-width: 400px) 100vw, 400px\" \/><\/p>\n<p>&nbsp;<\/p>\n<p><span style=\"font-size: 12pt;color: #003366\"><em>K\u00e9sz\u00edtette az <img loading=\"lazy\" decoding=\"async\" class=\"alignnone  wp-image-1068\" src=\"https:\/\/semmelweis.hu\/esk\/files\/2024\/02\/se_esk_logo_fekvo_sotet-400x90.png\" alt=\"\" width=\"263\" height=\"59\" srcset=\"https:\/\/semmelweis.hu\/esk\/files\/2024\/02\/se_esk_logo_fekvo_sotet-400x90.png 400w, https:\/\/semmelweis.hu\/esk\/files\/2024\/02\/se_esk_logo_fekvo_sotet-768x172.png 768w, https:\/\/semmelweis.hu\/esk\/files\/2024\/02\/se_esk_logo_fekvo_sotet-753x169.png 753w, https:\/\/semmelweis.hu\/esk\/files\/2024\/02\/se_esk_logo_fekvo_sotet.png 900w\" sizes=\"auto, (max-width: 263px) 100vw, 263px\" \/>\u00a0<\/em><\/span><\/p>\n<p><span style=\"font-size: 12pt\"><em><img loading=\"lazy\" decoding=\"async\" class=\"alignnone  wp-image-1662\" src=\"https:\/\/semmelweis.hu\/esk\/files\/2024\/10\/Nemzeti_Labor__logo-400x167.jpg\" alt=\"\" width=\"165\" height=\"69\" srcset=\"https:\/\/semmelweis.hu\/esk\/files\/2024\/10\/Nemzeti_Labor__logo-400x167.jpg 400w, https:\/\/semmelweis.hu\/esk\/files\/2024\/10\/Nemzeti_Labor__logo.jpg 710w\" sizes=\"auto, (max-width: 165px) 100vw, 165px\" \/><\/em><span style=\"color: #003366\">RRF-2.3.1-21-2022-00006\u00a0<\/span><\/span><\/p>\n<p><b><img loading=\"lazy\" decoding=\"async\" class=\"alignnone wp-image-803 \" src=\"https:\/\/semmelweis.hu\/esk\/files\/2023\/11\/RRF-1024x118.jpg\" alt=\"\" width=\"788\" height=\"91\" srcset=\"https:\/\/semmelweis.hu\/esk\/files\/2023\/11\/RRF-1024x118.jpg 1024w, https:\/\/semmelweis.hu\/esk\/files\/2023\/11\/RRF-400x46.jpg 400w, https:\/\/semmelweis.hu\/esk\/files\/2023\/11\/RRF-768x88.jpg 768w, https:\/\/semmelweis.hu\/esk\/files\/2023\/11\/RRF-1536x177.jpg 1536w, https:\/\/semmelweis.hu\/esk\/files\/2023\/11\/RRF-2048x235.jpg 2048w, https:\/\/semmelweis.hu\/esk\/files\/2023\/11\/RRF-753x87.jpg 753w\" sizes=\"auto, (max-width: 788px) 100vw, 788px\" \/><\/b><\/p>\n","protected":false},"excerpt":{"rendered":"<p>2025. \u00e1prilis 1-\u00e9n a Semmelweis Egyetem Epidemiol\u00f3giai \u00e9s Surveillance K\u00f6zpontja (SE ESK) szakmai k\u00e9pz\u00e9st tartott az eg\u00e9szs\u00e9gfejleszt\u00e9si irod\u00e1k (EFI-k) munkat\u00e1rsai sz\u00e1m\u00e1ra. A k\u00e9pz\u00e9st a Bel\u00fcgyminiszt\u00e9rium N\u00e9peg\u00e9szs\u00e9g\u00fcgyi F\u0151oszt\u00e1ly\u00e1nak Eg\u00e9szs\u00e9gfejleszt\u00e9si Irod\u00e1k Koordin\u00e1ci\u00f3j\u00e1\u00e9rt Felel\u0151s Oszt\u00e1lya kezdem\u00e9nyezte, azzal a c\u00e9llal, hogy az EFI-k m\u00e9lyebb ismereteket szerezzenek a T\u00c9R-EPI szakrendszer alkalmaz\u00e1s\u00e1r\u00f3l az eg\u00e9szs\u00e9gmonitoroz\u00e1sban. A T\u00c9R-EPI egy innovat\u00edv eg\u00e9szs\u00e9gmonitoroz\u00e1si rendszer, amely &hellip;<\/p>\n","protected":false},"author":102284,"featured_media":1992,"parent":2081,"menu_order":2,"comment_status":"closed","ping_status":"closed","template":"template-fullwidth.php","meta":{"_acf_changed":false,"footnotes":""},"categories":[1],"tags":[],"class_list":["post-2083","page","type-page","status-publish","has-post-thumbnail","hentry","category-hirek"],"acf":[],"_links":{"self":[{"href":"https:\/\/semmelweis.hu\/esk\/wp-json\/wp\/v2\/pages\/2083","targetHints":{"allow":["GET"]}}],"collection":[{"href":"https:\/\/semmelweis.hu\/esk\/wp-json\/wp\/v2\/pages"}],"about":[{"href":"https:\/\/semmelweis.hu\/esk\/wp-json\/wp\/v2\/types\/page"}],"author":[{"embeddable":true,"href":"https:\/\/semmelweis.hu\/esk\/wp-json\/wp\/v2\/users\/102284"}],"replies":[{"embeddable":true,"href":"https:\/\/semmelweis.hu\/esk\/wp-json\/wp\/v2\/comments?post=2083"}],"version-history":[{"count":3,"href":"https:\/\/semmelweis.hu\/esk\/wp-json\/wp\/v2\/pages\/2083\/revisions"}],"predecessor-version":[{"id":2489,"href":"https:\/\/semmelweis.hu\/esk\/wp-json\/wp\/v2\/pages\/2083\/revisions\/2489"}],"up":[{"embeddable":true,"href":"https:\/\/semmelweis.hu\/esk\/wp-json\/wp\/v2\/pages\/2081"}],"wp:featuredmedia":[{"embeddable":true,"href":"https:\/\/semmelweis.hu\/esk\/wp-json\/wp\/v2\/media\/1992"}],"wp:attachment":[{"href":"https:\/\/semmelweis.hu\/esk\/wp-json\/wp\/v2\/media?parent=2083"}],"wp:term":[{"taxonomy":"category","embeddable":true,"href":"https:\/\/semmelweis.hu\/esk\/wp-json\/wp\/v2\/categories?post=2083"},{"taxonomy":"post_tag","embeddable":true,"href":"https:\/\/semmelweis.hu\/esk\/wp-json\/wp\/v2\/tags?post=2083"}],"curies":[{"name":"wp","href":"https:\/\/api.w.org\/{rel}","templated":true}]}}