{"id":2010,"date":"2025-04-11T14:16:07","date_gmt":"2025-04-11T12:16:07","guid":{"rendered":"https:\/\/semmelweis.hu\/esk\/?page_id=2010"},"modified":"2025-06-03T07:36:26","modified_gmt":"2025-06-03T05:36:26","slug":"ter-epi-konferencia-2025-junius-03","status":"publish","type":"page","link":"https:\/\/semmelweis.hu\/esk\/esemenyek\/konferenciak\/ter-epi-konferencia-2025-junius-03\/","title":{"rendered":"T\u00c9R-EPI konferencia 2025. j\u00fanius 03."},"content":{"rendered":"<h3 style=\"text-align: center\">\u00a0<em>K\u00f6sz\u00f6ntj\u00fck a\u00a0<strong>&#8222;T\u00c9R-EPI: \u00faj dimenzi\u00f3k az eg\u00e9szs\u00e9gmonitoroz\u00e1sban, eszk\u00f6z a tervez\u00e9sben&#8221;\u00a0<\/strong>c\u00edm\u0171 konferenci\u00e1nk fel\u00fclet\u00e9n! <\/em><\/h3>\n<p style=\"text-align: justify\">A konferencia c\u00e9lja az Eg\u00e9szs\u00e9gbiztons\u00e1g Nemzeti Laborat\u00f3rium (RRF-2.3.1-21-2022-00006) projekt keret\u00e9ben kifejlesztett T\u00c9R-EPI szakrendszer sz\u00e9lesebb k\u00f6rben t\u00f6rt\u00e9n\u0151 bemutat\u00e1sa.<\/p>\n<p style=\"text-align: justify\"><strong>El\u0151sz\u00f6r is engedje meg, hogy r\u00f6viden bemutassuk \u00d6nnek a T\u00c9R-EPI rendszert!<br \/>\n<\/strong>A T\u00c9R-EPI t\u00e9rk\u00e9pes adatb\u00e1zisa seg\u00edti annak vizsg\u00e1lat\u00e1t, hogy Magyarorsz\u00e1g k\u00fcl\u00f6nb\u00f6z\u0151 r\u00e9szein milyen az emberek eg\u00e9szs\u00e9gi \u00e1llapota. Vannak &#8222;eg\u00e9szs\u00e9gt\u00e9rk\u00e9peink&#8221;, amelyek megmutatj\u00e1k, hol tal\u00e1lhat\u00f3k azok a f\u00f6ldrajzi ter\u00fcletek, ahol az \u00e1tlagosn\u00e1l t\u00f6bb ember szenved \u00e9s hal meg p\u00e9ld\u00e1ul sz\u00edv-\u00e9rrendszeri betegs\u00e9gekben vagy rosszindulat\u00fa daganatok miatt, mint m\u00e1shol. A T\u00c9R-EPI rendszer nemcsak szeml\u00e9lteti ezeket a k\u00fcl\u00f6nbs\u00e9geket, hanem t\u00e1mogat abban, hogy meg\u00e9rts\u00fck \u00e9s felt\u00e1rjuk az okokat, kock\u00e1zatokat.<\/p>\n<div class=\"exp-col-content-holder\"><a class=\"expand-cnt-link\" href=\"#\">Kiknek, milyen ter\u00fcleteknek lehet hasznos a T\u00c9R-EPI?<\/a><\/p>\n<div class=\"hidden-content\">\n<p style=\"text-align: justify\">A T\u00c9R-EPI az eg\u00e9szs\u00e9gmonitoroz\u00e1s fontos eszk\u00f6ze, ami j\u00f3l hasznos\u00edthat\u00f3 az al\u00e1bbi ter\u00fcleteken:<\/p>\n<ul>\n<li style=\"text-align: justify\"><strong>Oktat\u00e1sban\u00a0&#8211;\u00a0<\/strong>seg\u00edt bemutatni \u00e9s elmagyar\u00e1zni a magyar lakoss\u00e1g eg\u00e9szs\u00e9gi \u00e1llapot\u00e1nak egyes jellemz\u0151it \u00e9s az eg\u00e9szs\u00e9gi \u00e1llapot egyenl\u0151tlens\u00e9geit.<\/li>\n<li style=\"text-align: justify\"><strong>Kutat\u00e1sban\u00a0&#8211; <\/strong>sz\u00e1mos kutat\u00e1s le\u00edr\u00f3 epidemiol\u00f3giai elemz\u00e9ssel indul, amelyhez hasznos kiindul\u00e1si pont lehet a T\u00c9R-EPI. Seg\u00edts\u00e9g\u00e9vel kutat\u00e1si hipot\u00e9zisek fogalmazhat\u00f3k meg a betegs\u00e9gek lehets\u00e9ges kock\u00e1zati t\u00e9nyez\u0151ir\u0151l, amelyek ment\u00e9n k\u00e9s\u0151bb \u00f6sszef\u00fcgg\u00e9s-vizsg\u00e1latok v\u00e9gezhet\u0151k. Seg\u00edt felt\u00e1rni a betegs\u00e9gek halmoz\u00f3d\u00e1s\u00e1t is, amely fontos kiindul\u00e1sa lehet etiol\u00f3giai kutat\u00e1soknak.<\/li>\n<li style=\"text-align: justify\"><strong>Eg\u00e9szs\u00e9gpolitikai d\u00f6nt\u00e9sel\u0151k\u00e9sz\u00edt\u00e9sben &#8211;\u00a0<\/strong>a szakrendszer inform\u00e1ci\u00f3i seg\u00edtik a d\u00f6nt\u00e9shozatalt. Ha az eg\u00e9szs\u00e9gpolitikusoknak seg\u00edt\u00fcnk felt\u00e1rni, hogy mely ter\u00fcleteken jelentkezik az \u00e1tlagosn\u00e1l t\u00f6bb eg\u00e9szs\u00e9ggel kapcsolatos-probl\u00e9ma, akkor id\u0151ben be lehet avatkozni. A t\u00e9repidemiol\u00f3gia m\u00e9g a probl\u00e9ma term\u00e9szet\u00e9nek alapos k\u00f6r\u00fclhat\u00e1rol\u00e1s\u00e1ban is seg\u00edthet, ami c\u00e9lzott beavatkoz\u00e1st tesz lehet\u0151v\u00e9 az adott f\u00f6ldrajzi ter\u00fcleten, p\u00e9ld\u00e1ul:\n<ul>\n<li style=\"list-style-type: none\">\n<ul>\n<li><strong>t\u00f6bb sz\u0171r\u0151vizsg\u00e1lat szervez\u00e9s\u00e9t,<\/strong><\/li>\n<li><strong>v\u00e9d\u0151olt\u00e1si program ind\u00edt\u00e1s\u00e1t,\u00a0<\/strong><\/li>\n<li><strong>t\u00f6bb h\u00e1ziorvos, szakrendel\u00e9s vagy mozg\u00f3 szakorvosi szolg\u00e1lat biztos\u00edt\u00e1s\u00e1t,<\/strong><\/li>\n<li><strong>az eg\u00e9szs\u00e9gtudatoss\u00e1g n\u00f6vel\u00e9s\u00e9re n\u00e9peg\u00e9szs\u00e9g\u00fcgyi programok ind\u00edt\u00e1s\u00e1t,<\/strong><\/li>\n<li><strong>az eg\u00e9szs\u00e9g\u00fcgyi ell\u00e1t\u00f3rendszer hozz\u00e1f\u00e9r\u00e9si akad\u00e1lyainak cs\u00f6kkent\u00e9s\u00e9t,<\/strong><\/li>\n<li><strong>az eg\u00e9szs\u00e9g\u00fcgyi ell\u00e1t\u00f3rendszer teljes\u00edtm\u00e9ny\u00e9nek, az ell\u00e1t\u00e1s min\u0151s\u00e9g\u00e9nek a jav\u00edt\u00e1s\u00e1t.<\/strong><\/li>\n<\/ul>\n<\/li>\n<\/ul>\n<\/li>\n<li style=\"text-align: justify\"><strong>K\u00f6z\u00f6ss\u00e9gi eg\u00e9szs\u00e9gtervek k\u00e9sz\u00edt\u00e9s\u00e9ben\u00a0&#8211;\u00a0<\/strong>minden k\u00f6z\u00f6ss\u00e9gnek j\u00f3l felfogott \u00e9rdeke, hogy tagjai eg\u00e9szs\u00e9gesek \u00e9s produkt\u00edvak legyenek. Ezt a c\u00e9lt szolg\u00e1lj\u00e1k az eg\u00e9szs\u00e9gtervek, amelyek akkor lesznek val\u00f3ban hasznosak, ha az adott ter\u00fclet lakoss\u00e1g\u00e1nak t\u00e9nyleges eg\u00e9szs\u00e9gi \u00e1llapot\u00e1b\u00f3l \u00e9s val\u00f3s sz\u00fcks\u00e9gleteib\u0151l indulnak ki.<\/li>\n<li style=\"text-align: justify\"><strong>Mindenkinek hasznos lehet,\u00a0<\/strong>aki k\u00edv\u00e1ncsi, hogy saj\u00e1t lak\u00f3hely\u00e9n milyen az emberek eg\u00e9szs\u00e9gi \u00e1llapota.<\/li>\n<\/ul>\n<\/div>\n<\/div>\n<p style=\"text-align: justify\">A T\u00c9R-EPI egy olyan eszk\u00f6z, amely seg\u00edt jobban meg\u00e9rteni \u00e9s jav\u00edtani Magyarorsz\u00e1g lakoss\u00e1g\u00e1nak eg\u00e9szs\u00e9gi \u00e1llapot\u00e1t. Egy olyan k\u00f6z\u00f6s szakmai T\u00c9R, mely \u00f6sszehozza a k\u00fcl\u00f6nb\u00f6z\u0151 szakter\u00fcleteken, m\u00e9gis hasonl\u00f3 c\u00e9lok \u00e9rdek\u00e9ben dolgoz\u00f3 szakembereket, kutat\u00f3kat. El\u0151seg\u00edti, hogy a tudom\u00e1nyos eredm\u00e9nyek a t\u00e1rsadalom j\u00f3ll\u00e9te \u00e9rdek\u00e9ben min\u00e9l jobban hasznosuljanak.<\/p>\n<p style=\"text-align: justify\"><strong>Ez\u00e9rt is v\u00e1lasztottuk a konferenci\u00e1nk mott\u00f3j\u00e1ul, hogy &#8222;t\u00f6bb, mint t\u00e9rk\u00e9pez\u00e9s, T\u00c9Rer\u0151&#8221;!<\/strong><\/p>\n<div class=\"keretes w-100\">\n<p style=\"text-align: justify\"><strong>A &#8222;T\u00c9R-EPI: \u00faj dimenzi\u00f3k az eg\u00e9szs\u00e9gmonitoroz\u00e1sban, eszk\u00f6z a tervez\u00e9sben&#8221;\u00a0<\/strong>konferenci\u00e1val kapcsolatos legfontosabb tudnival\u00f3k:<\/p>\n<p style=\"text-align: justify\">A konferencia\u00a0<strong><u>id\u0151pontja<\/u><\/strong>: 2025. j\u00fanius 3. 9.00-17.00<\/p>\n<p style=\"text-align: justify\"><strong><u>Helysz\u00edne<\/u><\/strong>: 1094 Budapest, T\u0171zolt\u00f3 utca 37-47., Hevesy Gy\u00f6rgy terem<\/p>\n<p style=\"text-align: center\"><a class=\"btn btn-secondary btn-lg\" href=\"https:\/\/redcap.link\/terepikonferencia2025\" target=\"_blank\" rel=\"noopener\">REGISZTR\u00c1CI\u00d3<\/a><\/p>\n<\/div>\n<p style=\"text-align: justify\">A rendezv\u00e9nyen a r\u00e9szv\u00e9tel ingyenes. Szem\u00e9lyes \u00e9s online jelenl\u00e9ttel is r\u00e9szt lehet venni. A rendezv\u00e9ny helysz\u00edne 150 f\u0151 befogad\u00e1s\u00e1ra alkalmas, \u00edgy az els\u0151 150 f\u0151 szem\u00e9lyes regisztr\u00e1ci\u00f3val jelentkez\u0151t tudjuk ott fogadni, ut\u00e1na csak az online r\u00e9szv\u00e9telre ny\u00edlik lehet\u0151s\u00e9g. Ez ut\u00f3bbi esetben \u00e9rtes\u00edteni fogjuk a regisztr\u00e1l\u00f3kat.<\/p>\n<p>&nbsp;<\/p>\n<div class=\"keretes w-100\">\n<p>Az online r\u00e9sztvev\u0151k az al\u00e1bbi linken tudj\u00e1k k\u00f6vetni a konferenci\u00e1t:<\/p>\n<p><a href=\"https:\/\/semmelweis.zoom.us\/j\/95796925559\">https:\/\/semmelweis.zoom.us\/j\/95796925559<\/a><\/p>\n<p>Meeting ID: 957 9692 5559<\/p>\n<\/div>\n<p style=\"text-align: justify\">Amennyiben szem\u00e9lyes r\u00e9szv\u00e9telre regisztr\u00e1lt, de k\u00e9s\u0151bb kider\u00fcl, hogy m\u00e9gsem tud elj\u00f6nni, nem probl\u00e9ma, de k\u00e9rj\u00fck, hogy jelezze ezt nek\u00fcnk id\u0151ben, mert akkor egy m\u00e1sik \u00e9rdekl\u0151d\u0151nek fel tudjuk aj\u00e1nlani a meg\u00fcresedett hely\u00e9t. A r\u00e9szv\u00e9tel lemond\u00e1sa\u00a0<a href=\"mailto:terepikonf2025@semmelweis.hu\">terepikonf2025@semmelweis.hu<\/a>\u00a0lehets\u00e9ges.<\/p>\n<div class=\"responsive-tabs\">\n<h2 class=\"tabtitle\">PROGRAM<\/h2>\n<div class=\"tabcontent\">\n\n<p>A konferencia programja let\u00f6lthet\u0151, nyomtathat\u00f3 form\u00e1tumban <a href=\"https:\/\/semmelweis.hu\/esk\/files\/2025\/05\/TER-EPI-Uj-dimenziok-az-egeszsegmonitorozasban-eszkoz-a-tervezesben-Konferencia-Program-20250603-1.pdf\" target=\"_blank\" rel=\"noopener\">ITT<\/a> el\u00e9rhet\u0151.<\/p>\n<figure id=\"attachment_2126\" aria-describedby=\"caption-attachment-2126\" style=\"width: 792px\" class=\"wp-caption aligncenter\"><img loading=\"lazy\" decoding=\"async\" class=\"wp-image-2126 size-full\" src=\"https:\/\/semmelweis.hu\/esk\/files\/2025\/05\/TER-EPI-konferencia-program-honlapra-1-2.jpg\" alt=\"\" width=\"792\" height=\"2000\" srcset=\"https:\/\/semmelweis.hu\/esk\/files\/2025\/05\/TER-EPI-konferencia-program-honlapra-1-2.jpg 792w, https:\/\/semmelweis.hu\/esk\/files\/2025\/05\/TER-EPI-konferencia-program-honlapra-1-2-158x400.jpg 158w, https:\/\/semmelweis.hu\/esk\/files\/2025\/05\/TER-EPI-konferencia-program-honlapra-1-2-406x1024.jpg 406w, https:\/\/semmelweis.hu\/esk\/files\/2025\/05\/TER-EPI-konferencia-program-honlapra-1-2-768x1939.jpg 768w, https:\/\/semmelweis.hu\/esk\/files\/2025\/05\/TER-EPI-konferencia-program-honlapra-1-2-608x1536.jpg 608w, https:\/\/semmelweis.hu\/esk\/files\/2025\/05\/TER-EPI-konferencia-program-honlapra-1-2-753x1902.jpg 753w\" sizes=\"auto, (max-width: 792px) 100vw, 792px\" \/><figcaption id=\"caption-attachment-2126\" class=\"wp-caption-text\">T\u00c9R-EPI konferencia program honlapra &#8211; 1<\/figcaption><\/figure>\n\n<\/div><h2 class=\"tabtitle\">EL\u0150AD\u00d3K, ABSZTRAKTOK<\/h2>\n<div class=\"tabcontent\">\n\n<div class=\"exp-col-content-holder\"><a class=\"expand-cnt-link\" href=\"#\">Dr. Oroszi Beatrix: T\u00e9rk\u00e9pre tessz\u00fck az eg\u00e9szs\u00e9get: hogyan seg\u00edt a T\u00c9R-EPI rendszer az eg\u00e9szs\u00e9gmonitoroz\u00e1sban \u00e9s a strat\u00e9giai tervez\u00e9sben? <\/a><\/p>\n<div class=\"hidden-content\">\n<p><img loading=\"lazy\" decoding=\"async\" class=\"aligncenter wp-image-2029 size-full\" src=\"https:\/\/semmelweis.hu\/esk\/files\/2025\/04\/TER-EPI-Konferencia-eloadok-bemutatkozasa_Dr.-Oroszi-Beatrix-1.png\" alt=\"\" width=\"940\" height=\"743\" srcset=\"https:\/\/semmelweis.hu\/esk\/files\/2025\/04\/TER-EPI-Konferencia-eloadok-bemutatkozasa_Dr.-Oroszi-Beatrix-1.png 940w, https:\/\/semmelweis.hu\/esk\/files\/2025\/04\/TER-EPI-Konferencia-eloadok-bemutatkozasa_Dr.-Oroszi-Beatrix-1-400x316.png 400w, https:\/\/semmelweis.hu\/esk\/files\/2025\/04\/TER-EPI-Konferencia-eloadok-bemutatkozasa_Dr.-Oroszi-Beatrix-1-768x607.png 768w, https:\/\/semmelweis.hu\/esk\/files\/2025\/04\/TER-EPI-Konferencia-eloadok-bemutatkozasa_Dr.-Oroszi-Beatrix-1-753x595.png 753w\" sizes=\"auto, (max-width: 940px) 100vw, 940px\" \/><\/p>\n<\/div>\n<\/div>\n<div class=\"exp-col-content-holder\"><a class=\"expand-cnt-link\" href=\"#\">Prof Martin McKee CBE MD DSc FMedSci: Sz\u00e1m\u00edtanak az eg\u00e9szs\u00e9gi \u00e1llapot egyenl\u0151tlens\u00e9gei? <\/a><\/p>\n<div class=\"hidden-content\">\n<p><img loading=\"lazy\" decoding=\"async\" class=\"aligncenter wp-image-2071 size-full\" src=\"https:\/\/semmelweis.hu\/esk\/files\/2025\/04\/TER-EPI-Konferencia-eloadok-bemutatkozasa_Martin-McKee-.png\" alt=\"\" width=\"940\" height=\"728\" srcset=\"https:\/\/semmelweis.hu\/esk\/files\/2025\/04\/TER-EPI-Konferencia-eloadok-bemutatkozasa_Martin-McKee-.png 940w, https:\/\/semmelweis.hu\/esk\/files\/2025\/04\/TER-EPI-Konferencia-eloadok-bemutatkozasa_Martin-McKee--400x310.png 400w, https:\/\/semmelweis.hu\/esk\/files\/2025\/04\/TER-EPI-Konferencia-eloadok-bemutatkozasa_Martin-McKee--768x595.png 768w, https:\/\/semmelweis.hu\/esk\/files\/2025\/04\/TER-EPI-Konferencia-eloadok-bemutatkozasa_Martin-McKee--753x583.png 753w\" sizes=\"auto, (max-width: 940px) 100vw, 940px\" \/><\/p>\n<\/div>\n<\/div>\n<div class=\"exp-col-content-holder\"><a class=\"expand-cnt-link\" href=\"#\">Dr. Jakobi \u00c1kos: Ter\u00fcleti adatelemz\u00e9sek a KSH-ban az alacsonyszint\u0171 adatokt\u00f3l a t\u00e9rinformatikai vizualiz\u00e1ci\u00f3ig <\/a><\/p>\n<div class=\"hidden-content\">\n<p><img loading=\"lazy\" decoding=\"async\" class=\"aligncenter wp-image-2028 size-full\" src=\"https:\/\/semmelweis.hu\/esk\/files\/2025\/04\/TER-EPI-Konferencia-eloadok-bemutatkozasa_Dr.-Jakobi-Akos.png\" alt=\"\" width=\"940\" height=\"700\" srcset=\"https:\/\/semmelweis.hu\/esk\/files\/2025\/04\/TER-EPI-Konferencia-eloadok-bemutatkozasa_Dr.-Jakobi-Akos.png 940w, https:\/\/semmelweis.hu\/esk\/files\/2025\/04\/TER-EPI-Konferencia-eloadok-bemutatkozasa_Dr.-Jakobi-Akos-400x298.png 400w, https:\/\/semmelweis.hu\/esk\/files\/2025\/04\/TER-EPI-Konferencia-eloadok-bemutatkozasa_Dr.-Jakobi-Akos-768x572.png 768w, https:\/\/semmelweis.hu\/esk\/files\/2025\/04\/TER-EPI-Konferencia-eloadok-bemutatkozasa_Dr.-Jakobi-Akos-753x561.png 753w\" sizes=\"auto, (max-width: 940px) 100vw, 940px\" \/><\/p>\n<\/div>\n<\/div>\n<div class=\"exp-col-content-holder\"><a class=\"expand-cnt-link\" href=\"#\">Dr. Linda Beale: A t\u00e9rinformatika szerepe az epidemiol\u00f3gi\u00e1ban<\/a><\/p>\n<div class=\"hidden-content\">\n<p><img loading=\"lazy\" decoding=\"async\" class=\"aligncenter wp-image-2092 size-full\" src=\"https:\/\/semmelweis.hu\/esk\/files\/2025\/04\/TER-EPI-Konferencia-eloadok-bemutatkozasa_Linda-Beale.jpg\" alt=\"\" width=\"940\" height=\"631\" srcset=\"https:\/\/semmelweis.hu\/esk\/files\/2025\/04\/TER-EPI-Konferencia-eloadok-bemutatkozasa_Linda-Beale.jpg 940w, https:\/\/semmelweis.hu\/esk\/files\/2025\/04\/TER-EPI-Konferencia-eloadok-bemutatkozasa_Linda-Beale-400x269.jpg 400w, https:\/\/semmelweis.hu\/esk\/files\/2025\/04\/TER-EPI-Konferencia-eloadok-bemutatkozasa_Linda-Beale-768x516.jpg 768w, https:\/\/semmelweis.hu\/esk\/files\/2025\/04\/TER-EPI-Konferencia-eloadok-bemutatkozasa_Linda-Beale-753x505.jpg 753w, https:\/\/semmelweis.hu\/esk\/files\/2025\/04\/TER-EPI-Konferencia-eloadok-bemutatkozasa_Linda-Beale-203x135.jpg 203w\" sizes=\"auto, (max-width: 940px) 100vw, 940px\" \/><\/p>\n<\/div>\n<\/div>\n<div class=\"exp-col-content-holder\"><a class=\"expand-cnt-link\" href=\"#\">PROF. DR. \u00c1D\u00c1NY R\u00d3ZA: A t\u00e9rinformatikai eg\u00e9szs\u00e9gi \u00e1llapot monitoring t\u00e1rsadalmi hasznosul\u00e1sa<\/a><\/p>\n<div class=\"hidden-content\">\n<p><img loading=\"lazy\" decoding=\"async\" class=\"aligncenter wp-image-2041 size-full\" src=\"https:\/\/semmelweis.hu\/esk\/files\/2025\/04\/TER-EPI-Konferencia-eloadok-bemutatkozasa_Dr.-Adany-Roza-1.png\" alt=\"\" width=\"940\" height=\"788\" srcset=\"https:\/\/semmelweis.hu\/esk\/files\/2025\/04\/TER-EPI-Konferencia-eloadok-bemutatkozasa_Dr.-Adany-Roza-1.png 940w, https:\/\/semmelweis.hu\/esk\/files\/2025\/04\/TER-EPI-Konferencia-eloadok-bemutatkozasa_Dr.-Adany-Roza-1-400x335.png 400w, https:\/\/semmelweis.hu\/esk\/files\/2025\/04\/TER-EPI-Konferencia-eloadok-bemutatkozasa_Dr.-Adany-Roza-1-768x644.png 768w, https:\/\/semmelweis.hu\/esk\/files\/2025\/04\/TER-EPI-Konferencia-eloadok-bemutatkozasa_Dr.-Adany-Roza-1-753x631.png 753w\" sizes=\"auto, (max-width: 940px) 100vw, 940px\" \/><\/p>\n<\/div>\n<\/div>\n<div class=\"exp-col-content-holder\"><a class=\"expand-cnt-link\" href=\"#\">JUH\u00c1SZ ATTILA: Az ER\u0150 vel\u00fcnk van: m\u0171k\u00f6d\u00e9sben a T\u00c9R-EPI<\/a><\/p>\n<div class=\"hidden-content\">\n<p><img loading=\"lazy\" decoding=\"async\" class=\"aligncenter wp-image-2067 size-full\" src=\"https:\/\/semmelweis.hu\/esk\/files\/2025\/04\/TER-EPI-Konferencia-eloadok-bemutatkozasa_Juhasz-Attila-.png\" alt=\"\" width=\"940\" height=\"743\" srcset=\"https:\/\/semmelweis.hu\/esk\/files\/2025\/04\/TER-EPI-Konferencia-eloadok-bemutatkozasa_Juhasz-Attila-.png 940w, https:\/\/semmelweis.hu\/esk\/files\/2025\/04\/TER-EPI-Konferencia-eloadok-bemutatkozasa_Juhasz-Attila--400x316.png 400w, https:\/\/semmelweis.hu\/esk\/files\/2025\/04\/TER-EPI-Konferencia-eloadok-bemutatkozasa_Juhasz-Attila--768x607.png 768w, https:\/\/semmelweis.hu\/esk\/files\/2025\/04\/TER-EPI-Konferencia-eloadok-bemutatkozasa_Juhasz-Attila--753x595.png 753w\" sizes=\"auto, (max-width: 940px) 100vw, 940px\" \/><\/p>\n<\/div>\n<\/div>\n<div class=\"exp-col-content-holder\"><a class=\"expand-cnt-link\" href=\"#\">Dr. Nagy Csilla: Az ER\u0150 nincs mindenkivel: elker\u00fclhet\u0151 hal\u00e1loz\u00e1s egy igazs\u00e1gtalan galaxisban&#8230; <\/a><\/p>\n<div class=\"hidden-content\">\n<p><img loading=\"lazy\" decoding=\"async\" class=\"aligncenter wp-image-2027 size-full\" src=\"https:\/\/semmelweis.hu\/esk\/files\/2025\/04\/TER-EPI-Konferencia-eloadok-bemutatkozasa_Dr.-Nagy-Csilla-.png\" alt=\"\" width=\"940\" height=\"726\" srcset=\"https:\/\/semmelweis.hu\/esk\/files\/2025\/04\/TER-EPI-Konferencia-eloadok-bemutatkozasa_Dr.-Nagy-Csilla-.png 940w, https:\/\/semmelweis.hu\/esk\/files\/2025\/04\/TER-EPI-Konferencia-eloadok-bemutatkozasa_Dr.-Nagy-Csilla--400x309.png 400w, https:\/\/semmelweis.hu\/esk\/files\/2025\/04\/TER-EPI-Konferencia-eloadok-bemutatkozasa_Dr.-Nagy-Csilla--768x593.png 768w, https:\/\/semmelweis.hu\/esk\/files\/2025\/04\/TER-EPI-Konferencia-eloadok-bemutatkozasa_Dr.-Nagy-Csilla--753x582.png 753w\" sizes=\"auto, (max-width: 940px) 100vw, 940px\" \/><\/p>\n<\/div>\n<\/div>\n<div class=\"exp-col-content-holder\"><a class=\"expand-cnt-link\" href=\"#\">Dr. Oroszi Beatrix: Halmoz\u00f3d\u00e1sok, j\u00e1rv\u00e1nyok? A T\u00c9Rer\u0151 legyen veled! <\/a><\/p>\n<div class=\"hidden-content\">\n<p><img loading=\"lazy\" decoding=\"async\" class=\"aligncenter wp-image-2030 size-full\" src=\"https:\/\/semmelweis.hu\/esk\/files\/2025\/04\/TER-EPI-Konferencia-eloadok-bemutatkozasa_Dr.-Oroszi-Beatrix-2.png\" alt=\"\" width=\"940\" height=\"740\" srcset=\"https:\/\/semmelweis.hu\/esk\/files\/2025\/04\/TER-EPI-Konferencia-eloadok-bemutatkozasa_Dr.-Oroszi-Beatrix-2.png 940w, https:\/\/semmelweis.hu\/esk\/files\/2025\/04\/TER-EPI-Konferencia-eloadok-bemutatkozasa_Dr.-Oroszi-Beatrix-2-400x315.png 400w, https:\/\/semmelweis.hu\/esk\/files\/2025\/04\/TER-EPI-Konferencia-eloadok-bemutatkozasa_Dr.-Oroszi-Beatrix-2-768x605.png 768w, https:\/\/semmelweis.hu\/esk\/files\/2025\/04\/TER-EPI-Konferencia-eloadok-bemutatkozasa_Dr.-Oroszi-Beatrix-2-753x593.png 753w\" sizes=\"auto, (max-width: 940px) 100vw, 940px\" \/><\/p>\n<\/div>\n<\/div>\n<div class=\"exp-col-content-holder\"><a class=\"expand-cnt-link\" href=\"#\">Burkali Bernadett: A Tatuin \u00e9s a Coruscant k\u00f6z\u00f6tt: szociodemogr\u00e1fiai k\u00fcl\u00f6nbs\u00e9gek a T\u00c9R-EPI rendszer\u00e9ben <\/a><\/p>\n<div class=\"hidden-content\">\n<p><img loading=\"lazy\" decoding=\"async\" class=\"aligncenter wp-image-2026 size-full\" src=\"https:\/\/semmelweis.hu\/esk\/files\/2025\/04\/TER-EPI-Konferencia-eloadok-bemutatkozasa_Burkali-Bernadett.png\" alt=\"\" width=\"940\" height=\"724\" srcset=\"https:\/\/semmelweis.hu\/esk\/files\/2025\/04\/TER-EPI-Konferencia-eloadok-bemutatkozasa_Burkali-Bernadett.png 940w, https:\/\/semmelweis.hu\/esk\/files\/2025\/04\/TER-EPI-Konferencia-eloadok-bemutatkozasa_Burkali-Bernadett-400x308.png 400w, https:\/\/semmelweis.hu\/esk\/files\/2025\/04\/TER-EPI-Konferencia-eloadok-bemutatkozasa_Burkali-Bernadett-768x592.png 768w, https:\/\/semmelweis.hu\/esk\/files\/2025\/04\/TER-EPI-Konferencia-eloadok-bemutatkozasa_Burkali-Bernadett-753x580.png 753w\" sizes=\"auto, (max-width: 940px) 100vw, 940px\" \/><\/p>\n<\/div>\n<\/div>\n<div class=\"exp-col-content-holder\"><a class=\"expand-cnt-link\" href=\"#\">BEKE D\u00c1NIEL: Hogyan tov\u00e1bb, T\u00c9R-EPI?<\/a><\/p>\n<div class=\"hidden-content\">\n<p><img loading=\"lazy\" decoding=\"async\" class=\"aligncenter wp-image-2043 size-full\" src=\"https:\/\/semmelweis.hu\/esk\/files\/2025\/04\/TER-EPI-Konferencia-eloadok-bemutatkozasa_Beke-Daniel-1.png\" alt=\"\" width=\"940\" height=\"723\" srcset=\"https:\/\/semmelweis.hu\/esk\/files\/2025\/04\/TER-EPI-Konferencia-eloadok-bemutatkozasa_Beke-Daniel-1.png 940w, https:\/\/semmelweis.hu\/esk\/files\/2025\/04\/TER-EPI-Konferencia-eloadok-bemutatkozasa_Beke-Daniel-1-400x308.png 400w, https:\/\/semmelweis.hu\/esk\/files\/2025\/04\/TER-EPI-Konferencia-eloadok-bemutatkozasa_Beke-Daniel-1-768x591.png 768w, https:\/\/semmelweis.hu\/esk\/files\/2025\/04\/TER-EPI-Konferencia-eloadok-bemutatkozasa_Beke-Daniel-1-753x579.png 753w\" sizes=\"auto, (max-width: 940px) 100vw, 940px\" \/><\/p>\n<\/div>\n<\/div>\n<\/div><\/div>\n<p><span style=\"font-size: 12pt;color: #003366\"><em><img loading=\"lazy\" decoding=\"async\" class=\"alignnone  wp-image-1068\" src=\"https:\/\/semmelweis.hu\/esk\/files\/2024\/02\/se_esk_logo_fekvo_sotet-400x90.png\" alt=\"\" width=\"263\" height=\"59\" srcset=\"https:\/\/semmelweis.hu\/esk\/files\/2024\/02\/se_esk_logo_fekvo_sotet-400x90.png 400w, https:\/\/semmelweis.hu\/esk\/files\/2024\/02\/se_esk_logo_fekvo_sotet-768x172.png 768w, https:\/\/semmelweis.hu\/esk\/files\/2024\/02\/se_esk_logo_fekvo_sotet-753x169.png 753w, https:\/\/semmelweis.hu\/esk\/files\/2024\/02\/se_esk_logo_fekvo_sotet.png 900w\" sizes=\"auto, (max-width: 263px) 100vw, 263px\" \/>\u00a0<\/em><\/span><\/p>\n<p><span style=\"font-size: 12pt\"><em><img loading=\"lazy\" decoding=\"async\" class=\"alignnone  wp-image-1662\" src=\"https:\/\/semmelweis.hu\/esk\/files\/2024\/10\/Nemzeti_Labor__logo-400x167.jpg\" alt=\"\" width=\"165\" height=\"69\" srcset=\"https:\/\/semmelweis.hu\/esk\/files\/2024\/10\/Nemzeti_Labor__logo-400x167.jpg 400w, https:\/\/semmelweis.hu\/esk\/files\/2024\/10\/Nemzeti_Labor__logo.jpg 710w\" sizes=\"auto, (max-width: 165px) 100vw, 165px\" \/><\/em><span style=\"color: #003366\">RRF-2.3.1-21-2022-00006\u00a0<\/span><\/span><b style=\"font-size: 1rem\"><img loading=\"lazy\" decoding=\"async\" class=\"alignnone wp-image-803 \" src=\"https:\/\/semmelweis.hu\/esk\/files\/2023\/11\/RRF-1024x118.jpg\" alt=\"\" width=\"788\" height=\"91\" srcset=\"https:\/\/semmelweis.hu\/esk\/files\/2023\/11\/RRF-1024x118.jpg 1024w, https:\/\/semmelweis.hu\/esk\/files\/2023\/11\/RRF-400x46.jpg 400w, https:\/\/semmelweis.hu\/esk\/files\/2023\/11\/RRF-768x88.jpg 768w, https:\/\/semmelweis.hu\/esk\/files\/2023\/11\/RRF-1536x177.jpg 1536w, https:\/\/semmelweis.hu\/esk\/files\/2023\/11\/RRF-2048x235.jpg 2048w, https:\/\/semmelweis.hu\/esk\/files\/2023\/11\/RRF-753x87.jpg 753w\" sizes=\"auto, (max-width: 788px) 100vw, 788px\" \/><\/b><\/p>\n","protected":false},"excerpt":{"rendered":"<p>\u00a0K\u00f6sz\u00f6ntj\u00fck a\u00a0&#8222;T\u00c9R-EPI: \u00faj dimenzi\u00f3k az eg\u00e9szs\u00e9gmonitoroz\u00e1sban, eszk\u00f6z a tervez\u00e9sben&#8221;\u00a0c\u00edm\u0171 konferenci\u00e1nk fel\u00fclet\u00e9n! A konferencia c\u00e9lja az Eg\u00e9szs\u00e9gbiztons\u00e1g Nemzeti Laborat\u00f3rium (RRF-2.3.1-21-2022-00006) projekt keret\u00e9ben kifejlesztett T\u00c9R-EPI szakrendszer sz\u00e9lesebb k\u00f6rben t\u00f6rt\u00e9n\u0151 bemutat\u00e1sa. El\u0151sz\u00f6r is engedje meg, hogy r\u00f6viden bemutassuk \u00d6nnek a T\u00c9R-EPI rendszert! A T\u00c9R-EPI t\u00e9rk\u00e9pes adatb\u00e1zisa seg\u00edti annak vizsg\u00e1lat\u00e1t, hogy Magyarorsz\u00e1g k\u00fcl\u00f6nb\u00f6z\u0151 r\u00e9szein milyen az emberek eg\u00e9szs\u00e9gi \u00e1llapota. &hellip;<\/p>\n","protected":false},"author":102284,"featured_media":0,"parent":2079,"menu_order":1,"comment_status":"closed","ping_status":"closed","template":"template-fullwidth.php","meta":{"_acf_changed":false,"footnotes":""},"categories":[],"tags":[],"class_list":["post-2010","page","type-page","status-publish","hentry"],"acf":[],"_links":{"self":[{"href":"https:\/\/semmelweis.hu\/esk\/wp-json\/wp\/v2\/pages\/2010","targetHints":{"allow":["GET"]}}],"collection":[{"href":"https:\/\/semmelweis.hu\/esk\/wp-json\/wp\/v2\/pages"}],"about":[{"href":"https:\/\/semmelweis.hu\/esk\/wp-json\/wp\/v2\/types\/page"}],"author":[{"embeddable":true,"href":"https:\/\/semmelweis.hu\/esk\/wp-json\/wp\/v2\/users\/102284"}],"replies":[{"embeddable":true,"href":"https:\/\/semmelweis.hu\/esk\/wp-json\/wp\/v2\/comments?post=2010"}],"version-history":[{"count":10,"href":"https:\/\/semmelweis.hu\/esk\/wp-json\/wp\/v2\/pages\/2010\/revisions"}],"predecessor-version":[{"id":2135,"href":"https:\/\/semmelweis.hu\/esk\/wp-json\/wp\/v2\/pages\/2010\/revisions\/2135"}],"up":[{"embeddable":true,"href":"https:\/\/semmelweis.hu\/esk\/wp-json\/wp\/v2\/pages\/2079"}],"wp:attachment":[{"href":"https:\/\/semmelweis.hu\/esk\/wp-json\/wp\/v2\/media?parent=2010"}],"wp:term":[{"taxonomy":"category","embeddable":true,"href":"https:\/\/semmelweis.hu\/esk\/wp-json\/wp\/v2\/categories?post=2010"},{"taxonomy":"post_tag","embeddable":true,"href":"https:\/\/semmelweis.hu\/esk\/wp-json\/wp\/v2\/tags?post=2010"}],"curies":[{"name":"wp","href":"https:\/\/api.w.org\/{rel}","templated":true}]}}