{"id":19,"date":"2022-08-19T10:26:36","date_gmt":"2022-08-19T08:26:36","guid":{"rendered":"https:\/\/semmelweis.hu\/esk\/?page_id=19"},"modified":"2023-09-20T10:17:58","modified_gmt":"2023-09-20T08:17:58","slug":"munkatarsak","status":"publish","type":"page","link":"https:\/\/semmelweis.hu\/esk\/a-kozpontrol\/munkatarsak\/","title":{"rendered":"Munkat\u00e1rsak"},"content":{"rendered":"\r\n<div id=\"telefonkonyv\">\r\n  <div class=\"tel-results col-12 px-0\">\r\n      <p class=\"desc mb-1\"><span>Ha hib\u00e1s, vagy hi\u00e1nyz\u00f3 adatot tal\u00e1l, k\u00e9rj\u00fck jelezze szervezeti egys\u00e9g\u00fcnk titk\u00e1rs\u00e1g\u00e1n.<\/span><\/p>\r\n      <p class=\"desc\"><em>A telefonk\u00f6nyvben tal\u00e1lhat\u00f3 adatok nem haszn\u00e1lhat\u00f3k fel az 1995. \u00e9vi CXIX. t\u00f6rv\u00e9ny szerinti kutat\u00e1s \u00e9s k\u00f6zvetlen \u00fczletszerz\u00e9s c\u00e9lj\u00e1ra.<\/em><\/p>\r\n                <div class=\"row mx-0 mt-3 mb-3 subunit-line text-uppercase font-weight-bold \r\n                    status-SZE\">\r\n                    <div class=\"col col-12 col-md-10 pl-2 pr-0\">\r\n                        <span>Epidemiol\u00f3giai \u00e9s Surveillance K\u00f6zpont<\/span>\r\n                    <\/div>\r\n                <\/div> \r\n          <div class=\"row mx-0 py-2 result-line emp-leader\">\r\n            <div class=\"col col-12 px-0 \"><div class=\"row mx-0 pr-2 result-line-content align-items-center\">\r\n                        <div class=\"col-12 col-md-6 px-0 \">\r\n                            <a class=\"emp-name\" href=\"https:\/\/semmelweis.hu\/telefonkonyv?emp_id=20298\">Dr. Oroszi Beatrix PhD<\/a>\r\n                            <br \/><span class=\"emp-phone\">igazgat\u00f3<\/span><\/div>\r\n                        <div class=\"col-12 col-md-6 px-0\"><span class=\"emp-email\"><i class=\"fa fa-envelope-o\" aria-hidden=\"true\"><\/i>esk<i class=\"fa fa-at m-0 text-body\"><\/i>semmelweis.hu<\/span>\r\n                        <\/div>\r\n                    <\/div>\r\n                \r\n            <\/div>\r\n\r\n                <div class=\"col-12 col-md-6 px-0 d-none\"><span class=\"emp-email\"><i class=\"fa fa-envelope-o\" aria-hidden=\"true\"><\/i>esk<i class=\"fa fa-at m-0 text-body\"><\/i>semmelweis.hu<\/span>\r\n                <\/div>\r\n\r\n\r\n        <\/div>\r\n          <div class=\"row mx-0 py-2 result-line emp-leader\">\r\n            <div class=\"col col-12 px-0 \"><div class=\"row mx-0 pr-2 result-line-content align-items-center\">\r\n                        <div class=\"col-12 col-md-6 px-0 \">\r\n                            <a class=\"emp-name\" href=\"https:\/\/semmelweis.hu\/telefonkonyv?emp_id=20297\">Dr. Horv\u00e1th Judit Krisztina <\/a>\r\n                            <br \/><span class=\"emp-phone\">igazgat\u00f3helyettes<\/span><span class=\"badge badge-info\">Tart\u00f3san t\u00e1vol<\/span><\/div>\r\n                        <div class=\"col-12 col-md-6 px-0\"><span class=\"emp-phone\"><i class=\"fa fa-phone\" aria-hidden=\"true\"><\/i>+36-30-016-4156, <\/span><span class=\"emp-email\"><i class=\"fa fa-envelope-o\" aria-hidden=\"true\"><\/i>horvath.judit.krisztina<i class=\"fa fa-at m-0 text-body\"><\/i>semmelweis.hu<\/span>\r\n                        <\/div>\r\n                    <\/div>\r\n                \r\n            <\/div>\r\n\r\n                <div class=\"col-12 col-md-6 px-0 d-none\"><span class=\"emp-phone\"><i class=\"fa fa-phone\" aria-hidden=\"true\"><\/i>+36-30-016-4156, <\/span><span class=\"emp-email\"><i class=\"fa fa-envelope-o\" aria-hidden=\"true\"><\/i>horvath.judit.krisztina<i class=\"fa fa-at m-0 text-body\"><\/i>semmelweis.hu<\/span>\r\n                <\/div>\r\n\r\n\r\n        <\/div>\r\n          <div class=\"row mx-0 py-2 result-line emp-leader\">\r\n            <div class=\"col col-12 px-0 \"><div class=\"row mx-0 pr-2 result-line-content align-items-center\">\r\n                        <div class=\"col-12 col-md-6 px-0 \">\r\n                            <a class=\"emp-name\" href=\"https:\/\/semmelweis.hu\/telefonkonyv?emp_id=21833\">Dr. Nagy Csilla <\/a>\r\n                            <br \/><span class=\"emp-phone\">igazgat\u00f3helyettes<\/span><\/div>\r\n                        <div class=\"col-12 col-md-6 px-0\"><span class=\"emp-phone\"><i class=\"fa fa-phone\" aria-hidden=\"true\"><\/i>+36-20-825-8455, <\/span><span class=\"emp-email\"><i class=\"fa fa-envelope-o\" aria-hidden=\"true\"><\/i>nagy.csilla<i class=\"fa fa-at m-0 text-body\"><\/i>semmelweis.hu<\/span>\r\n                        <\/div>\r\n                    <\/div>\r\n                \r\n            <\/div>\r\n\r\n                <div class=\"col-12 col-md-6 px-0 d-none\"><span class=\"emp-phone\"><i class=\"fa fa-phone\" aria-hidden=\"true\"><\/i>+36-20-825-8455, <\/span><span class=\"emp-email\"><i class=\"fa fa-envelope-o\" aria-hidden=\"true\"><\/i>nagy.csilla<i class=\"fa fa-at m-0 text-body\"><\/i>semmelweis.hu<\/span>\r\n                <\/div>\r\n\r\n\r\n        <\/div>\r\n          <div class=\"row mx-0 py-2 result-line \">\r\n            <div class=\"col col-12 px-0 \"><div class=\"row mx-0 pr-2 result-line-content align-items-center\">\r\n                        <div class=\"col-12 col-md-6 px-0 \">\r\n                            <a class=\"emp-name\" href=\"https:\/\/semmelweis.hu\/telefonkonyv?emp_id=21831\">Prof. Dr. \u00c1d\u00e1ny R\u00f3za <\/a>\r\n                            <br \/><span class=\"emp-phone\">senior kutat\u00f3<\/span><\/div>\r\n                        <div class=\"col-12 col-md-6 px-0\"><span class=\"emp-phone\"><i class=\"fa fa-phone\" aria-hidden=\"true\"><\/i>+36-52-512-765, 77147<\/span><span class=\"emp-email\"><i class=\"fa fa-envelope-o\" aria-hidden=\"true\"><\/i>adany.roza<i class=\"fa fa-at m-0 text-body\"><\/i>semmelweis.hu<\/span>\r\n                        <\/div>\r\n                    <\/div>\r\n                \r\n            <\/div>\r\n\r\n                <div class=\"col-12 col-md-6 px-0 d-none\"><span class=\"emp-phone\"><i class=\"fa fa-phone\" aria-hidden=\"true\"><\/i>+36-52-512-765, 77147<\/span><span class=\"emp-email\"><i class=\"fa fa-envelope-o\" aria-hidden=\"true\"><\/i>adany.roza<i class=\"fa fa-at m-0 text-body\"><\/i>semmelweis.hu<\/span>\r\n                <\/div>\r\n\r\n\r\n        <\/div>\r\n          <div class=\"row mx-0 py-2 result-line \">\r\n            <div class=\"col col-12 px-0 \"><div class=\"row mx-0 pr-2 result-line-content align-items-center\">\r\n                        <div class=\"col-12 col-md-6 px-0 \">\r\n                            <a class=\"emp-name\" href=\"https:\/\/semmelweis.hu\/telefonkonyv?emp_id=20299\">Dr. B\u00e1nhidin\u00e9 Kony\u00e1ri Erika <\/a>\r\n                            <br \/><span class=\"emp-phone\">n\u00e9peg\u00e9szs\u00e9g\u00fcgyi szakmai szak\u00e9rt\u0151<\/span><\/div>\r\n                        <div class=\"col-12 col-md-6 px-0\"><span class=\"emp-email\"><i class=\"fa fa-envelope-o\" aria-hidden=\"true\"><\/i>banhidine.konyari.erika<i class=\"fa fa-at m-0 text-body\"><\/i>semmelweis.hu<\/span>\r\n                        <\/div>\r\n                    <\/div>\r\n                \r\n            <\/div>\r\n\r\n                <div class=\"col-12 col-md-6 px-0 d-none\"><span class=\"emp-email\"><i class=\"fa fa-envelope-o\" aria-hidden=\"true\"><\/i>banhidine.konyari.erika<i class=\"fa fa-at m-0 text-body\"><\/i>semmelweis.hu<\/span>\r\n                <\/div>\r\n\r\n\r\n        <\/div>\r\n          <div class=\"row mx-0 py-2 result-line \">\r\n            <div class=\"col col-12 px-0 \"><div class=\"row mx-0 pr-2 result-line-content align-items-center\">\r\n                        <div class=\"col-12 col-md-6 px-0 \">\r\n                            <a class=\"emp-name\" href=\"https:\/\/semmelweis.hu\/telefonkonyv?emp_id=21836\"> Bilics Edit <\/a>\r\n                            <br \/><span class=\"emp-phone\">senior kutat\u00f3<\/span><\/div>\r\n                        <div class=\"col-12 col-md-6 px-0\"><span class=\"emp-phone\"><i class=\"fa fa-phone\" aria-hidden=\"true\"><\/i>+36-30-915-8924, <\/span><span class=\"emp-email\"><i class=\"fa fa-envelope-o\" aria-hidden=\"true\"><\/i>bilics.edit<i class=\"fa fa-at m-0 text-body\"><\/i>semmelweis.hu<\/span>\r\n                        <\/div>\r\n                    <\/div>\r\n                \r\n            <\/div>\r\n\r\n                <div class=\"col-12 col-md-6 px-0 d-none\"><span class=\"emp-phone\"><i class=\"fa fa-phone\" aria-hidden=\"true\"><\/i>+36-30-915-8924, <\/span><span class=\"emp-email\"><i class=\"fa fa-envelope-o\" aria-hidden=\"true\"><\/i>bilics.edit<i class=\"fa fa-at m-0 text-body\"><\/i>semmelweis.hu<\/span>\r\n                <\/div>\r\n\r\n\r\n        <\/div>\r\n          <div class=\"row mx-0 py-2 result-line \">\r\n            <div class=\"col col-12 px-0 \"><div class=\"row mx-0 pr-2 result-line-content align-items-center\">\r\n                        <div class=\"col-12 col-md-6 px-0 \">\r\n                            <a class=\"emp-name\" href=\"https:\/\/semmelweis.hu\/telefonkonyv?emp_id=21838\"> Burkali Bernadett <\/a>\r\n                            <br \/><span class=\"emp-phone\">senior kutat\u00f3<\/span><\/div>\r\n                        <div class=\"col-12 col-md-6 px-0\"><span class=\"emp-email\"><i class=\"fa fa-envelope-o\" aria-hidden=\"true\"><\/i>burkali.bernadett<i class=\"fa fa-at m-0 text-body\"><\/i>semmelweis.hu<\/span>\r\n                        <\/div>\r\n                    <\/div>\r\n                \r\n            <\/div>\r\n\r\n                <div class=\"col-12 col-md-6 px-0 d-none\"><span class=\"emp-email\"><i class=\"fa fa-envelope-o\" aria-hidden=\"true\"><\/i>burkali.bernadett<i class=\"fa fa-at m-0 text-body\"><\/i>semmelweis.hu<\/span>\r\n                <\/div>\r\n\r\n\r\n        <\/div>\r\n          <div class=\"row mx-0 py-2 result-line \">\r\n            <div class=\"col col-12 px-0 \"><div class=\"row mx-0 pr-2 result-line-content align-items-center\">\r\n                        <div class=\"col-12 col-md-6 px-0 \">\r\n                            <a class=\"emp-name\" href=\"https:\/\/semmelweis.hu\/telefonkonyv?emp_id=20295\"> Ferenczi Annam\u00e1ria <\/a>\r\n                            <br \/><span class=\"emp-phone\">senior epidemiol\u00f3gus<\/span><\/div>\r\n                        <div class=\"col-12 col-md-6 px-0\"><span class=\"emp-phone\"><i class=\"fa fa-phone\" aria-hidden=\"true\"><\/i>+36-30-877-4910, <\/span><span class=\"emp-email\"><i class=\"fa fa-envelope-o\" aria-hidden=\"true\"><\/i>ferenczi.annamaria<i class=\"fa fa-at m-0 text-body\"><\/i>semmelweis.hu<\/span>\r\n                        <\/div>\r\n                    <\/div>\r\n                \r\n            <\/div>\r\n\r\n                <div class=\"col-12 col-md-6 px-0 d-none\"><span class=\"emp-phone\"><i class=\"fa fa-phone\" aria-hidden=\"true\"><\/i>+36-30-877-4910, <\/span><span class=\"emp-email\"><i class=\"fa fa-envelope-o\" aria-hidden=\"true\"><\/i>ferenczi.annamaria<i class=\"fa fa-at m-0 text-body\"><\/i>semmelweis.hu<\/span>\r\n                <\/div>\r\n\r\n\r\n        <\/div>\r\n          <div class=\"row mx-0 py-2 result-line \">\r\n            <div class=\"col col-12 px-0 \"><div class=\"row mx-0 pr-2 result-line-content align-items-center\">\r\n                        <div class=\"col-12 col-md-6 px-0 \">\r\n                            <a class=\"emp-name\" href=\"https:\/\/semmelweis.hu\/telefonkonyv?emp_id=26349\"> Horv\u00e1th Eszter <\/a>\r\n                            <br \/><span class=\"emp-phone\">senior szakmai szak\u00e9rt\u0151<\/span><\/div>\r\n                        <div class=\"col-12 col-md-6 px-0\"><span class=\"emp-phone\"><i class=\"fa fa-phone\" aria-hidden=\"true\"><\/i>+36-20-390-36-30, <\/span><span class=\"emp-email\"><i class=\"fa fa-envelope-o\" aria-hidden=\"true\"><\/i>horvath.eszter4<i class=\"fa fa-at m-0 text-body\"><\/i>semmelweis.hu<\/span>\r\n                        <\/div>\r\n                    <\/div>\r\n                \r\n            <\/div>\r\n\r\n                <div class=\"col-12 col-md-6 px-0 d-none\"><span class=\"emp-phone\"><i class=\"fa fa-phone\" aria-hidden=\"true\"><\/i>+36-20-390-36-30, <\/span><span class=\"emp-email\"><i class=\"fa fa-envelope-o\" aria-hidden=\"true\"><\/i>horvath.eszter4<i class=\"fa fa-at m-0 text-body\"><\/i>semmelweis.hu<\/span>\r\n                <\/div>\r\n\r\n\r\n        <\/div>\r\n          <div class=\"row mx-0 py-2 result-line \">\r\n            <div class=\"col col-12 px-0 \"><div class=\"row mx-0 pr-2 result-line-content align-items-center\">\r\n                        <div class=\"col-12 col-md-6 px-0 \">\r\n                            <a class=\"emp-name\" href=\"https:\/\/semmelweis.hu\/telefonkonyv?emp_id=21834\"> Juh\u00e1sz Attila PhD<\/a>\r\n                            <br \/><span class=\"emp-phone\">vezet\u0151 kutat\u00f3<\/span><\/div>\r\n                        <div class=\"col-12 col-md-6 px-0\"><span class=\"emp-phone\"><i class=\"fa fa-phone\" aria-hidden=\"true\"><\/i>+36-20-663-2882, <\/span><span class=\"emp-email\"><i class=\"fa fa-envelope-o\" aria-hidden=\"true\"><\/i>juhasz.attila<i class=\"fa fa-at m-0 text-body\"><\/i>semmelweis.hu<\/span>\r\n                        <\/div>\r\n                    <\/div>\r\n                \r\n            <\/div>\r\n\r\n                <div class=\"col-12 col-md-6 px-0 d-none\"><span class=\"emp-phone\"><i class=\"fa fa-phone\" aria-hidden=\"true\"><\/i>+36-20-663-2882, <\/span><span class=\"emp-email\"><i class=\"fa fa-envelope-o\" aria-hidden=\"true\"><\/i>juhasz.attila<i class=\"fa fa-at m-0 text-body\"><\/i>semmelweis.hu<\/span>\r\n                <\/div>\r\n\r\n\r\n        <\/div>\r\n          <div class=\"row mx-0 py-2 result-line \">\r\n            <div class=\"col col-12 px-0 \"><div class=\"row mx-0 pr-2 result-line-content align-items-center\">\r\n                        <div class=\"col-12 col-md-6 px-0 \">\r\n                            <a class=\"emp-name\" href=\"https:\/\/semmelweis.hu\/telefonkonyv?emp_id=20293\">Dr. Krisztalovics Katalin <\/a>\r\n                            <br \/><span class=\"emp-phone\">epidemiol\u00f3gus<\/span><\/div>\r\n                        <div class=\"col-12 col-md-6 px-0\"><span class=\"emp-phone\"><i class=\"fa fa-phone\" aria-hidden=\"true\"><\/i>+36-30-016-4519, <\/span><span class=\"emp-email\"><i class=\"fa fa-envelope-o\" aria-hidden=\"true\"><\/i>krisztalovics.katalin<i class=\"fa fa-at m-0 text-body\"><\/i>semmelweis.hu<\/span>\r\n                        <\/div>\r\n                    <\/div>\r\n                \r\n            <\/div>\r\n\r\n                <div class=\"col-12 col-md-6 px-0 d-none\"><span class=\"emp-phone\"><i class=\"fa fa-phone\" aria-hidden=\"true\"><\/i>+36-30-016-4519, <\/span><span class=\"emp-email\"><i class=\"fa fa-envelope-o\" aria-hidden=\"true\"><\/i>krisztalovics.katalin<i class=\"fa fa-at m-0 text-body\"><\/i>semmelweis.hu<\/span>\r\n                <\/div>\r\n\r\n\r\n        <\/div>\r\n          <div class=\"row mx-0 py-2 result-line \">\r\n            <div class=\"col col-12 px-0 \"><div class=\"row mx-0 pr-2 result-line-content align-items-center\">\r\n                        <div class=\"col-12 col-md-6 px-0 \">\r\n                            <a class=\"emp-name\" href=\"https:\/\/semmelweis.hu\/telefonkonyv?emp_id=21835\"> Mucs\u00e1nyin\u00e9 Juh\u00e1sz Krisztina <\/a>\r\n                            <br \/><span class=\"emp-phone\">senior kutat\u00f3<\/span><\/div>\r\n                        <div class=\"col-12 col-md-6 px-0\"><span class=\"emp-phone\"><i class=\"fa fa-phone\" aria-hidden=\"true\"><\/i>+36-30-016-4158, <\/span><span class=\"emp-email\"><i class=\"fa fa-envelope-o\" aria-hidden=\"true\"><\/i>mucsanyine.krisztina<i class=\"fa fa-at m-0 text-body\"><\/i>semmelweis.hu<\/span>\r\n                        <\/div>\r\n                    <\/div>\r\n                \r\n            <\/div>\r\n\r\n                <div class=\"col-12 col-md-6 px-0 d-none\"><span class=\"emp-phone\"><i class=\"fa fa-phone\" aria-hidden=\"true\"><\/i>+36-30-016-4158, <\/span><span class=\"emp-email\"><i class=\"fa fa-envelope-o\" aria-hidden=\"true\"><\/i>mucsanyine.krisztina<i class=\"fa fa-at m-0 text-body\"><\/i>semmelweis.hu<\/span>\r\n                <\/div>\r\n\r\n\r\n        <\/div>\r\n          <div class=\"row mx-0 py-2 result-line \">\r\n            <div class=\"col col-12 px-0 \"><div class=\"row mx-0 pr-2 result-line-content align-items-center\">\r\n                        <div class=\"col-12 col-md-6 px-0 \">\r\n                            <a class=\"emp-name\" href=\"https:\/\/semmelweis.hu\/telefonkonyv?emp_id=21832\"> N\u00e9meth Linda <\/a>\r\n                            <br \/><span class=\"emp-phone\">senior szakmai szak\u00e9rt\u0151<\/span><span class=\"badge badge-info\">Tart\u00f3san t\u00e1vol<\/span><\/div>\r\n                        <div class=\"col-12 col-md-6 px-0\"><span class=\"emp-phone\"><i class=\"fa fa-phone\" aria-hidden=\"true\"><\/i>+36-30-016-4520, <\/span><span class=\"emp-email\"><i class=\"fa fa-envelope-o\" aria-hidden=\"true\"><\/i>nemeth.linda<i class=\"fa fa-at m-0 text-body\"><\/i>semmelweis.hu<\/span>\r\n                        <\/div>\r\n                    <\/div>\r\n                \r\n            <\/div>\r\n\r\n                <div class=\"col-12 col-md-6 px-0 d-none\"><span class=\"emp-phone\"><i class=\"fa fa-phone\" aria-hidden=\"true\"><\/i>+36-30-016-4520, <\/span><span class=\"emp-email\"><i class=\"fa fa-envelope-o\" aria-hidden=\"true\"><\/i>nemeth.linda<i class=\"fa fa-at m-0 text-body\"><\/i>semmelweis.hu<\/span>\r\n                <\/div>\r\n\r\n\r\n        <\/div>\r\n          <div class=\"row mx-0 py-2 result-line \">\r\n            <div class=\"col col-12 px-0 \"><div class=\"row mx-0 pr-2 result-line-content align-items-center\">\r\n                        <div class=\"col-12 col-md-6 px-0 \">\r\n                            <a class=\"emp-name\" href=\"https:\/\/semmelweis.hu\/telefonkonyv?emp_id=21839\">Dr. Pik\u00f3 P\u00e9ter <\/a>\r\n                            <br \/><span class=\"emp-phone\">senior kutat\u00f3<\/span><\/div>\r\n                        <div class=\"col-12 col-md-6 px-0\"><span class=\"emp-email\"><i class=\"fa fa-envelope-o\" aria-hidden=\"true\"><\/i>piko.peter<i class=\"fa fa-at m-0 text-body\"><\/i>semmelweis.hu<\/span>\r\n                        <\/div>\r\n                    <\/div>\r\n                \r\n            <\/div>\r\n\r\n                <div class=\"col-12 col-md-6 px-0 d-none\"><span class=\"emp-email\"><i class=\"fa fa-envelope-o\" aria-hidden=\"true\"><\/i>piko.peter<i class=\"fa fa-at m-0 text-body\"><\/i>semmelweis.hu<\/span>\r\n                <\/div>\r\n\r\n\r\n        <\/div>\r\n          <div class=\"row mx-0 py-2 result-line \">\r\n            <div class=\"col col-12 px-0 \"><div class=\"row mx-0 pr-2 result-line-content align-items-center\">\r\n                        <div class=\"col-12 col-md-6 px-0 \">\r\n                            <a class=\"emp-name\" href=\"https:\/\/semmelweis.hu\/telefonkonyv?emp_id=20296\"> T\u00fari Gerg\u0151 <\/a>\r\n                            <br \/><span class=\"emp-phone\">junior epidemiol\u00f3gus<\/span><\/div>\r\n                        <div class=\"col-12 col-md-6 px-0\"><span class=\"emp-phone\"><i class=\"fa fa-phone\" aria-hidden=\"true\"><\/i>+36-30-016-4157, <\/span><span class=\"emp-email\"><i class=\"fa fa-envelope-o\" aria-hidden=\"true\"><\/i>turi.gergo<i class=\"fa fa-at m-0 text-body\"><\/i>semmelweis.hu<\/span>\r\n                        <\/div>\r\n                    <\/div>\r\n                \r\n            <\/div>\r\n\r\n                <div class=\"col-12 col-md-6 px-0 d-none\"><span class=\"emp-phone\"><i class=\"fa fa-phone\" aria-hidden=\"true\"><\/i>+36-30-016-4157, <\/span><span class=\"emp-email\"><i class=\"fa fa-envelope-o\" aria-hidden=\"true\"><\/i>turi.gergo<i class=\"fa fa-at m-0 text-body\"><\/i>semmelweis.hu<\/span>\r\n                <\/div>\r\n\r\n\r\n        <\/div>\r\n          <div class=\"row mx-0 py-2 result-line \">\r\n            <div class=\"col col-12 px-0 \"><div class=\"row mx-0 pr-2 result-line-content align-items-center\">\r\n                        <div class=\"col-12 col-md-6 px-0 \">\r\n                            <a class=\"emp-name\" href=\"https:\/\/semmelweis.hu\/telefonkonyv?emp_id=22478\"> Velkey Vikt\u00f3ria <\/a>\r\n                            <br \/><span class=\"emp-phone\">senior kutat\u00f3<\/span><\/div>\r\n                        <div class=\"col-12 col-md-6 px-0\"><span class=\"emp-phone\"><i class=\"fa fa-phone\" aria-hidden=\"true\"><\/i>+36-30-877-1962, <\/span><span class=\"emp-email\"><i class=\"fa fa-envelope-o\" aria-hidden=\"true\"><\/i>velkey.viktoria<i class=\"fa fa-at m-0 text-body\"><\/i>semmelweis.hu<\/span>\r\n                        <\/div>\r\n                    <\/div>\r\n                \r\n            <\/div>\r\n\r\n                <div class=\"col-12 col-md-6 px-0 d-none\"><span class=\"emp-phone\"><i class=\"fa fa-phone\" aria-hidden=\"true\"><\/i>+36-30-877-1962, <\/span><span class=\"emp-email\"><i class=\"fa fa-envelope-o\" aria-hidden=\"true\"><\/i>velkey.viktoria<i class=\"fa fa-at m-0 text-body\"><\/i>semmelweis.hu<\/span>\r\n                <\/div>\r\n\r\n\r\n        <\/div><\/div><\/div>\n","protected":false},"excerpt":{"rendered":"","protected":false},"author":102284,"featured_media":0,"parent":5,"menu_order":2,"comment_status":"closed","ping_status":"closed","template":"","meta":{"_acf_changed":false,"footnotes":""},"categories":[],"tags":[],"class_list":["post-19","page","type-page","status-publish","hentry"],"acf":[],"_links":{"self":[{"href":"https:\/\/semmelweis.hu\/esk\/wp-json\/wp\/v2\/pages\/19","targetHints":{"allow":["GET"]}}],"collection":[{"href":"https:\/\/semmelweis.hu\/esk\/wp-json\/wp\/v2\/pages"}],"about":[{"href":"https:\/\/semmelweis.hu\/esk\/wp-json\/wp\/v2\/types\/page"}],"author":[{"embeddable":true,"href":"https:\/\/semmelweis.hu\/esk\/wp-json\/wp\/v2\/users\/102284"}],"replies":[{"embeddable":true,"href":"https:\/\/semmelweis.hu\/esk\/wp-json\/wp\/v2\/comments?post=19"}],"version-history":[{"count":4,"href":"https:\/\/semmelweis.hu\/esk\/wp-json\/wp\/v2\/pages\/19\/revisions"}],"predecessor-version":[{"id":194,"href":"https:\/\/semmelweis.hu\/esk\/wp-json\/wp\/v2\/pages\/19\/revisions\/194"}],"up":[{"embeddable":true,"href":"https:\/\/semmelweis.hu\/esk\/wp-json\/wp\/v2\/pages\/5"}],"wp:attachment":[{"href":"https:\/\/semmelweis.hu\/esk\/wp-json\/wp\/v2\/media?parent=19"}],"wp:term":[{"taxonomy":"category","embeddable":true,"href":"https:\/\/semmelweis.hu\/esk\/wp-json\/wp\/v2\/categories?post=19"},{"taxonomy":"post_tag","embeddable":true,"href":"https:\/\/semmelweis.hu\/esk\/wp-json\/wp\/v2\/tags?post=19"}],"curies":[{"name":"wp","href":"https:\/\/api.w.org\/{rel}","templated":true}]}}