{"id":1749,"date":"2024-12-05T09:56:13","date_gmt":"2024-12-05T08:56:13","guid":{"rendered":"https:\/\/semmelweis.hu\/esk\/?page_id=1749"},"modified":"2024-12-05T13:50:46","modified_gmt":"2024-12-05T12:50:46","slug":"egyuttmukodesek","status":"publish","type":"page","link":"https:\/\/semmelweis.hu\/esk\/a-kozpontrol\/egyuttmukodesek\/","title":{"rendered":"Egy\u00fcttm\u0171k\u00f6d\u00e9sek"},"content":{"rendered":"<p>&nbsp;<\/p>\n<p>&nbsp;<\/p>\n<p><a href=\"https:\/\/www.eglab.hu\/hu_hu\/\" target=\"_blank\" rel=\"noopener\"><img loading=\"lazy\" decoding=\"async\" class=\"alignnone size-medium wp-image-1786\" src=\"https:\/\/semmelweis.hu\/esk\/files\/2024\/12\/Logo_Egeszsegbiztonsag-Nemzeti-Laboratorium-400x114.png\" alt=\"\" width=\"400\" height=\"114\" srcset=\"https:\/\/semmelweis.hu\/esk\/files\/2024\/12\/Logo_Egeszsegbiztonsag-Nemzeti-Laboratorium-400x114.png 400w, https:\/\/semmelweis.hu\/esk\/files\/2024\/12\/Logo_Egeszsegbiztonsag-Nemzeti-Laboratorium.png 479w\" sizes=\"auto, (max-width: 400px) 100vw, 400px\" \/><\/a><\/p>\n<p>&nbsp;<\/p>\n<p>&nbsp;<\/p>\n<p><a href=\"https:\/\/www.e-bug.eu\/\" target=\"_blank\" rel=\"noopener\"><img loading=\"lazy\" decoding=\"async\" class=\"alignnone size-full wp-image-1778\" src=\"https:\/\/semmelweis.hu\/esk\/files\/2024\/12\/e-Bug.png\" alt=\"\" width=\"304\" height=\"166\" \/><\/a> <a href=\"https:\/\/www.gov.uk\/government\/organisations\/uk-health-security-agency\" target=\"_blank\" rel=\"noopener\"><img loading=\"lazy\" decoding=\"async\" class=\"alignnone size-medium wp-image-1779\" src=\"https:\/\/semmelweis.hu\/esk\/files\/2024\/12\/UKHSA.png\" alt=\"\" width=\"275\" height=\"183\" srcset=\"https:\/\/semmelweis.hu\/esk\/files\/2024\/12\/UKHSA.png 275w, https:\/\/semmelweis.hu\/esk\/files\/2024\/12\/UKHSA-203x135.png 203w\" sizes=\"auto, (max-width: 275px) 100vw, 275px\" \/><\/a><\/p>\n","protected":false},"excerpt":{"rendered":"<p>&nbsp;<br \/>\n&nbsp;<br \/>\n<a href=\"https:\/\/www.eglab.hu\/hu_hu\/\" target=\"_blank\" rel=\"noopener\"><\/a><br \/>\n&nbsp;<br \/>\n&nbsp;<br \/>\n<a href=\"https:\/\/www.e-bug.eu\/\" target=\"_blank\" rel=\"noopener\"><\/a> <a href=\"https:\/\/www.gov.uk\/government\/organisations\/uk-health-security-agency\" target=\"_blank\" rel=\"noopener\"><\/a><\/p>\n","protected":false},"author":102284,"featured_media":0,"parent":5,"menu_order":5,"comment_status":"closed","ping_status":"closed","template":"","meta":{"_acf_changed":false,"footnotes":""},"categories":[],"tags":[],"class_list":["post-1749","page","type-page","status-publish","hentry"],"acf":[],"_links":{"self":[{"href":"https:\/\/semmelweis.hu\/esk\/wp-json\/wp\/v2\/pages\/1749","targetHints":{"allow":["GET"]}}],"collection":[{"href":"https:\/\/semmelweis.hu\/esk\/wp-json\/wp\/v2\/pages"}],"about":[{"href":"https:\/\/semmelweis.hu\/esk\/wp-json\/wp\/v2\/types\/page"}],"author":[{"embeddable":true,"href":"https:\/\/semmelweis.hu\/esk\/wp-json\/wp\/v2\/users\/102284"}],"replies":[{"embeddable":true,"href":"https:\/\/semmelweis.hu\/esk\/wp-json\/wp\/v2\/comments?post=1749"}],"version-history":[{"count":4,"href":"https:\/\/semmelweis.hu\/esk\/wp-json\/wp\/v2\/pages\/1749\/revisions"}],"predecessor-version":[{"id":1787,"href":"https:\/\/semmelweis.hu\/esk\/wp-json\/wp\/v2\/pages\/1749\/revisions\/1787"}],"up":[{"embeddable":true,"href":"https:\/\/semmelweis.hu\/esk\/wp-json\/wp\/v2\/pages\/5"}],"wp:attachment":[{"href":"https:\/\/semmelweis.hu\/esk\/wp-json\/wp\/v2\/media?parent=1749"}],"wp:term":[{"taxonomy":"category","embeddable":true,"href":"https:\/\/semmelweis.hu\/esk\/wp-json\/wp\/v2\/categories?post=1749"},{"taxonomy":"post_tag","embeddable":true,"href":"https:\/\/semmelweis.hu\/esk\/wp-json\/wp\/v2\/tags?post=1749"}],"curies":[{"name":"wp","href":"https:\/\/api.w.org\/{rel}","templated":true}]}}