{"id":947,"date":"2022-02-02T15:33:00","date_gmt":"2022-02-02T14:33:00","guid":{"rendered":"https:\/\/semmelweis.hu\/ersebeszet\/?page_id=947"},"modified":"2022-02-02T15:39:33","modified_gmt":"2022-02-02T14:39:33","slug":"lead-kutatocsoport","status":"publish","type":"page","link":"https:\/\/semmelweis.hu\/ersebeszet\/kutatasi-teruletek\/lead-kutatocsoport\/","title":{"rendered":"LEAD KUTAT\u00d3CSOPORT"},"content":{"rendered":"<p><span style=\"color: #008080\">LEAD KUTAT\u00d3CSOPORT<\/span><\/p>\n<p><span style=\"color: #008080\">Kutat\u00e1svezet\u0151: Prof. Dr. S\u00f3tonyi P\u00e9ter<\/span><br \/>\n<span style=\"color: #008080\">R\u00e9sztvev\u0151k: dr. E\u0151ry Aj\u00e1nd\u00e9k, dr. B\u00e9k\u00e1si S\u00e1ndor (MMSZ), Nyiri D\u00e1niel, Uri Benj\u00e1min<\/span><\/p>\n<p><img loading=\"lazy\" decoding=\"async\" class=\"alignleft wp-image-948\" src=\"https:\/\/semmelweis.hu\/ersebeszet\/files\/2022\/02\/lead.jpg\" alt=\"\" width=\"178\" height=\"178\" srcset=\"https:\/\/semmelweis.hu\/ersebeszet\/files\/2022\/02\/lead.jpg 225w, https:\/\/semmelweis.hu\/ersebeszet\/files\/2022\/02\/lead-150x150.jpg 150w\" sizes=\"auto, (max-width: 178px) 100vw, 178px\" \/><\/p>\n<p style=\"text-align: justify\">Magyarorsz\u00e1gon, hasonl\u00f3an a vil\u00e1g m\u00e1s fejlett orsz\u00e1gaihoz, a sz\u00edv-\u00e9s \u00e9rrendszeri betegs\u00e9gek k\u00e9pezik a vezet\u0151 hal\u00e1lokot. A perif\u00e9ri\u00e1s ver\u0151\u00e9r betegek sz\u00e1ma a korral folyamatosan n\u0151, k\u00fcl\u00f6n\u00f6sen vesz\u00e9lyeztetett csoportba tartoznak a doh\u00e1nyosok, cukorbetegek, \u00e9s a sz\u00edv \u00e9s \u00e9rrendszeri betegs\u00e9gben szenved\u0151k. A beteg \u00e9vekig t\u00fcnetmentes, majd megjelennek a panaszok, pl. az id\u0151szakos s\u00e1nt\u00edt\u00e1s, de sok esetben csak akkor ker\u00fcl felismer\u00e9sre, amikor a roml\u00f3 v\u00e9rell\u00e1t\u00e1s k\u00f6vetkezt\u00e9ben a j\u00e1r\u00e1s er\u0151sen korl\u00e1tozott\u00e1 v\u00e1lik vagy a l\u00e1bon nyugalmi f\u00e1jdalom, nem gy\u00f3gyul\u00f3 seb, fek\u00e9ly alakul ki. A j\u00e1r\u00e1s korl\u00e1tozotts\u00e1ga \u00f6nmag\u00e1ban is komoly panaszokat, a h\u00e9tk\u00f6znapi feladatok ell\u00e1t\u00e1s\u00e1nak akad\u00e1ly\u00e1t jelenti, \u00edgy jelent\u0151s \u00e9letmin\u0151s\u00e9g-roml\u00e1st okoz, s\u00falyos esetben a v\u00e9gtag elveszt\u00e9s\u00e9hez, amput\u00e1ci\u00f3hoz vezet. Mindezek alapj\u00e1n a ver\u0151\u00e9rbetegs\u00e9g felder\u00edt\u00e9se \u00e9s megfelel\u0151 id\u0151ben elkezdett kezel\u00e9se a betegek \u00e9letmin\u0151s\u00e9g\u00e9nek jav\u00edt\u00e1sa szempontj\u00e1b\u00f3l is kiemelked\u0151en fontos.<\/p>\n<p style=\"text-align: justify\">A <em>Semmelweis Egyetem \u00c9rseb\u00e9szeti \u00e9s Endovaszkul\u00e1ris Tansz\u00e9ke \u00e9s a Magyar M\u00e1ltai Szeretetszolg\u00e1lat<\/em> \u00e1ltal szervezett orsz\u00e1gos sz\u0171r\u0151vizsg\u00e1lat \u00e9s az erre \u00e9p\u00fcl\u0151 kutat\u00e1s c\u00e9lja, hogy az \u00e1ltalunk vizsg\u00e1lt szoci\u00e1lisan h\u00e1tr\u00e1nyos helyzet\u0171 t\u00e1rsadalmi csoportban felm\u00e9rj\u00fck az als\u00f3 v\u00e9gtagi art\u00e9ri\u00e1s betegs\u00e9gek el\u0151fordul\u00e1s\u00e1nak ar\u00e1ny\u00e1t, a betegeket kisz\u0171rj\u00fck \u00e9s megfelel\u0151 szakell\u00e1t\u00f3 int\u00e9zm\u00e9ny fel\u00e9 ir\u00e1ny\u00edtsuk.<\/p>\n","protected":false},"excerpt":{"rendered":"<p>LEAD KUTAT\u00d3CSOPORT Kutat\u00e1svezet\u0151: Prof. Dr. S\u00f3tonyi P\u00e9ter R\u00e9sztvev\u0151k: dr. E\u0151ry Aj\u00e1nd\u00e9k, dr. B\u00e9k\u00e1si S\u00e1ndor (MMSZ), Nyiri D\u00e1niel, Uri Benj\u00e1min Magyarorsz\u00e1gon, hasonl\u00f3an a vil\u00e1g m\u00e1s fejlett orsz\u00e1gaihoz, a sz\u00edv-\u00e9s \u00e9rrendszeri betegs\u00e9gek k\u00e9pezik a vezet\u0151 hal\u00e1lokot. A perif\u00e9ri\u00e1s ver\u0151\u00e9r betegek sz\u00e1ma a korral folyamatosan n\u0151, k\u00fcl\u00f6n\u00f6sen vesz\u00e9lyeztetett csoportba tartoznak a doh\u00e1nyosok, cukorbetegek, \u00e9s a sz\u00edv \u00e9s \u00e9rrendszeri &hellip;<\/p>\n","protected":false},"author":101838,"featured_media":0,"parent":8,"menu_order":6,"comment_status":"closed","ping_status":"closed","template":"","meta":{"_acf_changed":false,"footnotes":""},"categories":[],"tags":[],"class_list":["post-947","page","type-page","status-publish","hentry"],"acf":[],"_links":{"self":[{"href":"https:\/\/semmelweis.hu\/ersebeszet\/wp-json\/wp\/v2\/pages\/947","targetHints":{"allow":["GET"]}}],"collection":[{"href":"https:\/\/semmelweis.hu\/ersebeszet\/wp-json\/wp\/v2\/pages"}],"about":[{"href":"https:\/\/semmelweis.hu\/ersebeszet\/wp-json\/wp\/v2\/types\/page"}],"author":[{"embeddable":true,"href":"https:\/\/semmelweis.hu\/ersebeszet\/wp-json\/wp\/v2\/users\/101838"}],"replies":[{"embeddable":true,"href":"https:\/\/semmelweis.hu\/ersebeszet\/wp-json\/wp\/v2\/comments?post=947"}],"version-history":[{"count":4,"href":"https:\/\/semmelweis.hu\/ersebeszet\/wp-json\/wp\/v2\/pages\/947\/revisions"}],"predecessor-version":[{"id":953,"href":"https:\/\/semmelweis.hu\/ersebeszet\/wp-json\/wp\/v2\/pages\/947\/revisions\/953"}],"up":[{"embeddable":true,"href":"https:\/\/semmelweis.hu\/ersebeszet\/wp-json\/wp\/v2\/pages\/8"}],"wp:attachment":[{"href":"https:\/\/semmelweis.hu\/ersebeszet\/wp-json\/wp\/v2\/media?parent=947"}],"wp:term":[{"taxonomy":"category","embeddable":true,"href":"https:\/\/semmelweis.hu\/ersebeszet\/wp-json\/wp\/v2\/categories?post=947"},{"taxonomy":"post_tag","embeddable":true,"href":"https:\/\/semmelweis.hu\/ersebeszet\/wp-json\/wp\/v2\/tags?post=947"}],"curies":[{"name":"wp","href":"https:\/\/api.w.org\/{rel}","templated":true}]}}