{"id":913,"date":"2021-05-12T15:16:51","date_gmt":"2021-05-12T13:16:51","guid":{"rendered":"https:\/\/semmelweis.hu\/ersebeszet\/?page_id=913"},"modified":"2021-06-30T11:07:06","modified_gmt":"2021-06-30T09:07:06","slug":"oktatovideok","status":"publish","type":"page","link":"https:\/\/semmelweis.hu\/ersebeszet\/oktatas\/oktatasi-anyagok\/oktatovideok\/","title":{"rendered":"Oktat\u00f3vide\u00f3k"},"content":{"rendered":"<p>Oktat\u00f3vide\u00f3ink:<\/p>\n<div class=\"fontos_div\">\n<p>Fenestrated Endovascular Aortic Repair (fEVAR)<\/p>\n<\/div>\n<p><iframe loading=\"lazy\" id=\"kaltura_player\" src=\"https:\/\/cdnapisec.kaltura.com\/p\/2714041\/sp\/271404100\/embedIframeJs\/uiconf_id\/45220391\/partner_id\/2714041?iframeembed=true&amp;playerId=kaltura_player&amp;entry_id=1_uxqe9ckf&amp;flashvars[streamerType]=auto&amp;flashvars[localizationCode]=hu_HU&amp;flashvars[leadWithHTML5]=true&amp;flashvars[sideBarContainer.plugin]=true&amp;flashvars[sideBarContainer.position]=left&amp;flashvars[sideBarContainer.clickToClose]=true&amp;flashvars[chapters.plugin]=true&amp;flashvars[chapters.layout]=vertical&amp;flashvars[chapters.thumbnailRotator]=false&amp;flashvars[streamSelector.plugin]=true&amp;flashvars[EmbedPlayer.SpinnerTarget]=videoHolder&amp;flashvars[dualScreen.plugin]=true&amp;flashvars[hotspots.plugin]=1&amp;flashvars[Kaltura.addCrossoriginToIframe]=true&amp;&amp;wid=1_wpuxzsjy\" width=\"400\" height=\"285\"><span style=\"width: 0px;overflow: hidden;line-height: 0\" data-mce-type=\"bookmark\" class=\"mce_SELRES_start\">\ufeff<\/span><\/iframe><\/p>\n<div class=\"fontos_div\">\n<p>A IV. \u00e9ves hallgat\u00f3k sz\u00e1m\u00e1ra oktatott \u201cKardiol\u00f3gia, sz\u00edvseb\u00e9szet, angiol\u00f3gia \u00e9s \u00e9rseb\u00e9szet\u201d c\u00edm\u0171 tant\u00e1rgy magyar nyelv\u0171 \u00e9rseb\u00e9szeti el\u0151ad\u00e1sa<\/p>\n<\/div>\n<p><iframe loading=\"lazy\" id=\"kaltura_player\" src=\"https:\/\/cdnapisec.kaltura.com\/p\/2714041\/sp\/271404100\/embedIframeJs\/uiconf_id\/45220391\/partner_id\/2714041?iframeembed=true&amp;playerId=kaltura_player&amp;entry_id=1_04ah9anf&amp;flashvars[streamerType]=auto&amp;flashvars[localizationCode]=hu_HU&amp;flashvars[leadWithHTML5]=true&amp;flashvars[sideBarContainer.plugin]=true&amp;flashvars[sideBarContainer.position]=left&amp;flashvars[sideBarContainer.clickToClose]=true&amp;flashvars[chapters.plugin]=true&amp;flashvars[chapters.layout]=vertical&amp;flashvars[chapters.thumbnailRotator]=false&amp;flashvars[streamSelector.plugin]=true&amp;flashvars[EmbedPlayer.SpinnerTarget]=videoHolder&amp;flashvars[dualScreen.plugin]=true&amp;flashvars[hotspots.plugin]=1&amp;flashvars[Kaltura.addCrossoriginToIframe]=true&amp;&amp;wid=1_pfi32873\" width=\"400\" height=\"285\"><span style=\"width: 0px;overflow: hidden;line-height: 0\" data-mce-type=\"bookmark\" class=\"mce_SELRES_start\">\ufeff<\/span><\/iframe><\/p>\n<div class=\"fontos_div\">\n<p>Deutsche Gef\u00e4\u00dfchirurgie Vorlesung im \u201eKardiologie, Herzchirurgie, Angiologie und Gef\u00e4\u00dfchirurgie\u201c f\u00fcr Studierende im 4. Studienjahr<\/p>\n<\/div>\n<p><iframe loading=\"lazy\" id=\"kaltura_player\" src=\"https:\/\/cdnapisec.kaltura.com\/p\/2714041\/sp\/271404100\/embedIframeJs\/uiconf_id\/45220391\/partner_id\/2714041?iframeembed=true&amp;playerId=kaltura_player&amp;entry_id=1_v9l9ulmb&amp;flashvars[streamerType]=auto&amp;flashvars[localizationCode]=en&amp;flashvars[leadWithHTML5]=true&amp;flashvars[sideBarContainer.plugin]=true&amp;flashvars[sideBarContainer.position]=left&amp;flashvars[sideBarContainer.clickToClose]=true&amp;flashvars[chapters.plugin]=true&amp;flashvars[chapters.layout]=vertical&amp;flashvars[chapters.thumbnailRotator]=false&amp;flashvars[streamSelector.plugin]=true&amp;flashvars[EmbedPlayer.SpinnerTarget]=videoHolder&amp;flashvars[dualScreen.plugin]=true&amp;flashvars[hotspots.plugin]=1&amp;flashvars[Kaltura.addCrossoriginToIframe]=true&amp;&amp;wid=1_1eh78kgj\" width=\"400\" height=\"285\"><\/iframe><\/p>\n<p><a href=\"http:\/\/filmek.olo.hu\/2021_Varosmajor\/Bal_ACC_es_SC_preparalas_subclavia_anastomosis.mp4\">Bal ACC \u00e9s SC prepar\u00e1l\u00e1s, subclavia anastomosis (r\u00e9szlet)<\/a><\/p>\n","protected":false},"excerpt":{"rendered":"<p>Oktat\u00f3vide\u00f3ink:<\/p>\n<p>Fenestrated Endovascular Aortic Repair (fEVAR)<\/p>\n<p>\ufeff<\/p>\n<p>A IV. \u00e9ves hallgat\u00f3k sz\u00e1m\u00e1ra oktatott \u201cKardiol\u00f3gia, sz\u00edvseb\u00e9szet, angiol\u00f3gia \u00e9s \u00e9rseb\u00e9szet\u201d c\u00edm\u0171 tant\u00e1rgy magyar nyelv\u0171 \u00e9rseb\u00e9szeti el\u0151ad\u00e1sa<\/p>\n<p>\ufeff<\/p>\n<p>Deutsche Gef\u00e4\u00dfchirurgie Vorlesung im \u201eKardiologie, Herzchirurgie, Angiologie und Gef\u00e4\u00dfchirurgie\u201c f\u00fcr Studierende im 4. Studienjahr<\/p>\n<p><a href=\"http:\/\/filmek.olo.hu\/2021_Varosmajor\/Bal_ACC_es_SC_preparalas_subclavia_anastomosis.mp4\">Bal ACC \u00e9s SC prepar\u00e1l\u00e1s, subclavia anastomosis (r\u00e9szlet)<\/a><\/p>\n","protected":false},"author":101838,"featured_media":0,"parent":513,"menu_order":4,"comment_status":"closed","ping_status":"closed","template":"","meta":{"_acf_changed":false,"footnotes":""},"categories":[],"tags":[],"class_list":["post-913","page","type-page","status-publish","hentry"],"acf":[],"_links":{"self":[{"href":"https:\/\/semmelweis.hu\/ersebeszet\/wp-json\/wp\/v2\/pages\/913","targetHints":{"allow":["GET"]}}],"collection":[{"href":"https:\/\/semmelweis.hu\/ersebeszet\/wp-json\/wp\/v2\/pages"}],"about":[{"href":"https:\/\/semmelweis.hu\/ersebeszet\/wp-json\/wp\/v2\/types\/page"}],"author":[{"embeddable":true,"href":"https:\/\/semmelweis.hu\/ersebeszet\/wp-json\/wp\/v2\/users\/101838"}],"replies":[{"embeddable":true,"href":"https:\/\/semmelweis.hu\/ersebeszet\/wp-json\/wp\/v2\/comments?post=913"}],"version-history":[{"count":10,"href":"https:\/\/semmelweis.hu\/ersebeszet\/wp-json\/wp\/v2\/pages\/913\/revisions"}],"predecessor-version":[{"id":937,"href":"https:\/\/semmelweis.hu\/ersebeszet\/wp-json\/wp\/v2\/pages\/913\/revisions\/937"}],"up":[{"embeddable":true,"href":"https:\/\/semmelweis.hu\/ersebeszet\/wp-json\/wp\/v2\/pages\/513"}],"wp:attachment":[{"href":"https:\/\/semmelweis.hu\/ersebeszet\/wp-json\/wp\/v2\/media?parent=913"}],"wp:term":[{"taxonomy":"category","embeddable":true,"href":"https:\/\/semmelweis.hu\/ersebeszet\/wp-json\/wp\/v2\/categories?post=913"},{"taxonomy":"post_tag","embeddable":true,"href":"https:\/\/semmelweis.hu\/ersebeszet\/wp-json\/wp\/v2\/tags?post=913"}],"curies":[{"name":"wp","href":"https:\/\/api.w.org\/{rel}","templated":true}]}}