{"id":881,"date":"2021-03-31T09:30:03","date_gmt":"2021-03-31T07:30:03","guid":{"rendered":"https:\/\/semmelweis.hu\/ersebeszet\/?page_id=881"},"modified":"2022-02-18T14:33:42","modified_gmt":"2022-02-18T13:33:42","slug":"homograftok-vizsgalata-kutatocsoport","status":"publish","type":"page","link":"https:\/\/semmelweis.hu\/ersebeszet\/kutatasi-teruletek\/homograftok-vizsgalata-kutatocsoport\/","title":{"rendered":"HOMOGRAFTOK VIZSG\u00c1LATA KUTAT\u00d3CSOPORT"},"content":{"rendered":"<p><span style=\"color: #008080\"><strong>HOMOGRAFTOK VIZSG\u00c1LATA KUTAT\u00d3CSOPORT<\/strong><\/span><\/p>\n<p><span style=\"color: #008080\"><strong>Homograftok biol\u00f3giai, biomechanikai \u00e9s immunol\u00f3giai tulajdons\u00e1gainak in vitro \u00e9s in vivo vizsg\u00e1lata<\/strong><\/span><\/p>\n<p><span style=\"color: #008080\">Kutat\u00e1svezet\u0151: Dr. S\u00f3tonyi P\u00e9ter<\/span><br \/>\n<span style=\"color: #008080\">R\u00e9sztvev\u0151: dr. Hidi L\u00e1szl\u00f3<\/span><\/p>\n<p style=\"text-align: justify\"><img loading=\"lazy\" decoding=\"async\" class=\"n3VNCb alignleft\" src=\"https:\/\/d2jx2rerrg6sh3.cloudfront.net\/image-handler\/picture\/2020\/3\/%40225923_web.jpg\" alt=\"Biomaterials could soon create tissue like blood vessel structures\" width=\"226\" height=\"219\" data-noaft=\"1\" \/>A modern steriliz\u00e1l\u00e1si elj\u00e1r\u00e1sok, sebkezel\u00e9si technik\u00e1k \u00e9s antibiotikumv\u00e9delem ellen\u00e9re a l\u00e1gyr\u00e9szfert\u0151z\u00e9sek m\u00e9g napjainkban is az egyik legnagyobb kih\u00edv\u00e1st jelentik az \u00e9rseb\u00e9szet sz\u00e1m\u00e1ra. A gyullad\u00e1sos folyamatok f\u0151 vesz\u00e9lye, hogy \u00e9relz\u00e1r\u00f3d\u00e1st, szepszist vagy ak\u00e1r \u00e9letet vesz\u00e9lyeztet\u0151 v\u00e9rz\u00e9st is okozhatnak. Ezekben az esetekben egy k\u00f6nnyen el\u00e9rhet\u0151 \u00e9s kezelhet\u0151, a fert\u0151z\u00e9seknek ellen\u00e1ll\u00f3, biokompatibilis \u00e9rp\u00f3tl\u00f3 anyagra van sz\u00fcks\u00e9g\u00fcnk. Amennyiben saj\u00e1t \u00e9r nem haszn\u00e1lhat\u00f3 fel a fenti krit\u00e9riumoknak legink\u00e1bb az \u00fagynevezett homograftok (azonos faj m\u00e1s egyed\u00e9b\u0151l sz\u00e1rmaz\u00f3 v\u00e9na vagy art\u00e9ria) felelnek meg. Klinik\u00e1nkon 1997-ben hozt\u00e1k l\u00e9tre az orsz\u00e1g els\u0151 \u00e9r- \u00e9s sz\u00edvseb\u00e9szeti homograftbankj\u00e1t, amely az\u00f3ta is jelent\u0151sen hozz\u00e1j\u00e1rul a szeptikus \u00e9rseb\u00e9szeti betegek orsz\u00e1gos szint\u0171 ell\u00e1t\u00e1s\u00e1hoz. Kutat\u00f3csoportunk c\u00e9lja a homograftok biol\u00f3giai, biomechanikai \u00e9s immunol\u00f3giai tulajdons\u00e1gainak in vitro \u00e9s in vivo vizsg\u00e1lata jav\u00edtva azok klinikai felhaszn\u00e1lhat\u00f3s\u00e1g\u00e1t.<\/p>\n<p>Vizsg\u00e1latainkat a SE Biofizikai \u00e9s Sug\u00e1rbiol\u00f3giai Int\u00e9zettel egy\u00fcttm\u0171k\u00f6dve v\u00e9gezz\u00fck.<\/p>\n<p>Kutat\u00e1sunk m\u00e1sik aspektusa:<\/p>\n<p><span style=\"color: #008080\"><strong>A homograft-vizsg\u00e1latok klinikai elemz\u00e9s\u00e9nek c\u00e9lja<\/strong> <\/span><\/p>\n<p><span style=\"color: #008080\">Kutat\u00e1svezet\u0151: dr. Szeberin Zolt\u00e1n <br \/>\n<\/span><span style=\"color: #008080\">R\u00e9sztvev\u0151: dr. Garbaisz D\u00e1vid<\/span><\/p>\n<p style=\"text-align: justify\">Az als\u00f3 v\u00e9gtagi v\u00e9rtelens\u00e9g (ischaemia) egyik jelent\u0151s oka a comb-t\u00e9rdhajlati ver\u0151erek hossz\u00fa szakasz\u00fa elz\u00e1r\u00f3d\u00e1sa. Amennyiben a v\u00e9gtagi sz\u00f6vetek v\u00e9rell\u00e1t\u00e1si zavara el\u00e9r egy olyan jelent\u0151s szintet, mikor nyugalomban jelentkez\u0151 f\u00e1jdalom, vagy \u00fan. ischaemias seb, fek\u00e9ly alakul ki (kr\u00f3nikus v\u00e9gtagot vesz\u00e9lyeztet\u0151 ischaemia), az elz\u00e1r\u00f3dott \u00e9rszakasz \u00e1thidal\u00e1s\u00e1ra (bypass) ker\u00fclhet sor. Az \u00e1thidal\u00e1sra els\u0151k\u00e9nt a betegek saj\u00e1t, fel\u00fcletes v\u00e9n\u00e1s rendszer\u00e9b\u0151l vesz\u00fcnk ki egy darabot \u00e9s \u00fcltetj\u00fck vissza az art\u00e9ri\u00e1s rendszerbe, \u00edgy biztos\u00edtva a sz\u00f6vetek megfelel\u0151 v\u00e9rell\u00e1t\u00e1s\u00e1t. Azokban az esetekben, mikor valamilyen okn\u00e1l fogva nem \u00e1ll rendelkez\u00e9sre saj\u00e1t v\u00e9na \u00e9s a m\u0171\u00e9r be\u00fcltet\u00e9st\u0151l nem v\u00e1rn\u00e1nk kedvez\u0151 gy\u00f3gyul\u00e1si es\u00e9lyeket, \u00fan. homograft (allograft) ker\u00fclhet felhaszn\u00e1l\u00e1sra a m\u0171t\u00e9t sor\u00e1n. Biol\u00f3giai sz\u00f6vetk\u00e9nt a homograft t\u00f6bb kedvez\u0151 tulajdons\u00e1ggal rendelkezik, \u00e9s jav\u00edthatja a gy\u00f3gyul\u00e1si es\u00e9lyeket.<\/p>\n<p style=\"text-align: justify\">\u00a0\u00a0\u00a0\u00a0\u00a0\u00a0\u00a0\u00a0\u00a0\u00a0\u00a0\u00a0\u00a0\u00a0\u00a0 A homograftok a transzplant\u00e1ci\u00f3s folyamat sor\u00e1n, az agyhal\u00e1l \u00e1llapot\u00e1ban l\u00e9v\u0151 donorb\u00f3l ker\u00fclnek elt\u00e1vol\u00edt\u00e1sra \u00e9s a klinik\u00e1nkon 1997 \u00f3ta m\u0171k\u00f6d\u0151 Homograft Bankban vannak elt\u00e1rolva. Klinik\u00e1nkon az allograftok \u00e9vente jelent\u0151s sz\u00e1mban ker\u00fclnek be\u00fcltet\u00e9sre a comb-t\u00e9rdhajlati ver\u0151\u00e9r szakaszra. Az \u00e1ltalunk v\u00e9gzett retrospekt\u00edv kutat\u00e1s, betagadatok elemz\u00e9se sor\u00e1n siker\u00fclt bizony\u00edtanunk, hogy a homograft haszn\u00e1lata alacsonyabb graft fert\u0151z\u0151d\u00e9si kock\u00e1zattal, elfogadhat\u00f3 hossz\u00fat\u00e1v\u00fa nyitvamarad\u00e1ssal \u00e9s v\u00e9gtagment\u00e9si ar\u00e1nnyal j\u00e1r. A t\u00e9rd alatti art\u00e9ri\u00e1s \u00e9rszakaszra vezetett \u00e1thidal\u00e1s eset\u00e9n az art\u00e9ri\u00e1s homograftok nyitvamarad\u00e1sa jelent\u0151sen jobb a v\u00e9n\u00e1s homograftokhoz viszony\u00edtva, mely azonos betegcsoporton vizsg\u00e1lva kor\u00e1bban nem ker\u00fclt le\u00edr\u00e1sra. \u00a0\u00a0\u00a0<\/p>\n<p>\u00a0\u00a0\u00a0\u00a0\u00a0\u00a0\u00a0\u00a0\u00a0\u00a0\u00a0\u00a0\u00a0\u00a0\u00a0 Eredm\u00e9nyeink alapj\u00e1n a homograftok megfelel\u0151 alternat\u00edv\u00e1t jelenthetnek a kr\u00f3nikus v\u00e9gtagot vesz\u00e9lyeztet\u0151 ischaemia \u00e1llapot\u00e1ban l\u00e9v\u0151 betegek sz\u00e1m\u00e1ra, a v\u00e9gtagment\u00e9s el\u00e9r\u00e9s\u00e9re.<\/p>\n","protected":false},"excerpt":{"rendered":"<p>HOMOGRAFTOK VIZSG\u00c1LATA KUTAT\u00d3CSOPORT Homograftok biol\u00f3giai, biomechanikai \u00e9s immunol\u00f3giai tulajdons\u00e1gainak in vitro \u00e9s in vivo vizsg\u00e1lata Kutat\u00e1svezet\u0151: Dr. S\u00f3tonyi P\u00e9ter R\u00e9sztvev\u0151: dr. Hidi L\u00e1szl\u00f3 A modern steriliz\u00e1l\u00e1si elj\u00e1r\u00e1sok, sebkezel\u00e9si technik\u00e1k \u00e9s antibiotikumv\u00e9delem ellen\u00e9re a l\u00e1gyr\u00e9szfert\u0151z\u00e9sek m\u00e9g napjainkban is az egyik legnagyobb kih\u00edv\u00e1st jelentik az \u00e9rseb\u00e9szet sz\u00e1m\u00e1ra. A gyullad\u00e1sos folyamatok f\u0151 vesz\u00e9lye, hogy \u00e9relz\u00e1r\u00f3d\u00e1st, szepszist vagy ak\u00e1r &hellip;<\/p>\n","protected":false},"author":101838,"featured_media":0,"parent":8,"menu_order":13,"comment_status":"closed","ping_status":"closed","template":"","meta":{"_acf_changed":false,"footnotes":""},"categories":[],"tags":[],"class_list":["post-881","page","type-page","status-publish","hentry"],"acf":[],"_links":{"self":[{"href":"https:\/\/semmelweis.hu\/ersebeszet\/wp-json\/wp\/v2\/pages\/881","targetHints":{"allow":["GET"]}}],"collection":[{"href":"https:\/\/semmelweis.hu\/ersebeszet\/wp-json\/wp\/v2\/pages"}],"about":[{"href":"https:\/\/semmelweis.hu\/ersebeszet\/wp-json\/wp\/v2\/types\/page"}],"author":[{"embeddable":true,"href":"https:\/\/semmelweis.hu\/ersebeszet\/wp-json\/wp\/v2\/users\/101838"}],"replies":[{"embeddable":true,"href":"https:\/\/semmelweis.hu\/ersebeszet\/wp-json\/wp\/v2\/comments?post=881"}],"version-history":[{"count":6,"href":"https:\/\/semmelweis.hu\/ersebeszet\/wp-json\/wp\/v2\/pages\/881\/revisions"}],"predecessor-version":[{"id":966,"href":"https:\/\/semmelweis.hu\/ersebeszet\/wp-json\/wp\/v2\/pages\/881\/revisions\/966"}],"up":[{"embeddable":true,"href":"https:\/\/semmelweis.hu\/ersebeszet\/wp-json\/wp\/v2\/pages\/8"}],"wp:attachment":[{"href":"https:\/\/semmelweis.hu\/ersebeszet\/wp-json\/wp\/v2\/media?parent=881"}],"wp:term":[{"taxonomy":"category","embeddable":true,"href":"https:\/\/semmelweis.hu\/ersebeszet\/wp-json\/wp\/v2\/categories?post=881"},{"taxonomy":"post_tag","embeddable":true,"href":"https:\/\/semmelweis.hu\/ersebeszet\/wp-json\/wp\/v2\/tags?post=881"}],"curies":[{"name":"wp","href":"https:\/\/api.w.org\/{rel}","templated":true}]}}