{"id":879,"date":"2021-03-31T09:23:08","date_gmt":"2021-03-31T07:23:08","guid":{"rendered":"https:\/\/semmelweis.hu\/ersebeszet\/?page_id=879"},"modified":"2021-04-19T14:43:06","modified_gmt":"2021-04-19T12:43:06","slug":"thrombus-nets-kutatocsoport","status":"publish","type":"page","link":"https:\/\/semmelweis.hu\/ersebeszet\/kutatasi-teruletek\/thrombus-nets-kutatocsoport\/","title":{"rendered":"THROMBUS &#8211; NETs KUTAT\u00d3CSOPORT"},"content":{"rendered":"<p><span style=\"color: #008080\">THROMBUS &#8211; NETs KUTAT\u00d3CSOPORT<\/span><\/p>\n<p><span style=\"color: #008080\">Kutat\u00e1svezet\u0151: dr. Hidi L\u00e1szl\u00f3<br \/>\n<\/span><span style=\"color: #008080\">R\u00e9sztvev\u0151: Dr. S\u00f3tonyi P\u00e9ter<\/span><\/p>\n<p style=\"text-align: justify\"><img loading=\"lazy\" decoding=\"async\" class=\"wp-image-895 alignleft\" src=\"https:\/\/semmelweis.hu\/ersebeszet\/files\/2021\/04\/thrombus-400x300.gif\" alt=\"\" width=\"225\" height=\"169\" \/>Az erek elz\u00e1r\u00f3d\u00e1s\u00e1t \u00e9s \u00edgy az adott szerv perf\u00fazi\u00f3s zavar\u00e1t okoz\u00f3 thromboembolusok (v\u00e9rr\u00f6g\u00f6k) elt\u00e1vol\u00edt\u00e1s\u00e1ra az orvostudom\u00e1ny sz\u00e1mos m\u00f3dszert kidolgozott a fejl\u0151d\u00e9se sor\u00e1n. Napjainkban a kezdeti mechanikus, invaz\u00edv elj\u00e1r\u00e1sok mellett egyre ink\u00e1bb el\u0151t\u00e9rbe ker\u00fclnek a kev\u00e9sb\u00e9 invaz\u00edv, \u00fagynevezett farmakol\u00f3giai (gy\u00f3gyszeres) vagy farmakomechanikai (gy\u00f3gyszeres \u00e9s mechanikus) \u00faton t\u00f6rt\u00e9n\u0151 v\u00e9rr\u00f6gold\u00e1si technik\u00e1k. Ezen m\u00f3dszerek hat\u00e9konys\u00e1g\u00e1nak n\u00f6vel\u00e9s\u00e9hez elengedhetetlen a thromboembolusok keletkez\u00e9s\u00e9nek \u00e9s \u00f6sszet\u00e9tel\u00e9nek pontosabb megismer\u00e9se. A NET-ek (neutrophil extracellular traps) egy m\u00e1sodlagos m\u00e1trix kialak\u00edt\u00e1s\u00e1val n\u00f6velik a thromboembolusok mechanikus stabilit\u00e1s\u00e1t \u00e9s l\u00edtikus rezisztenci\u00e1j\u00e1t. Kutat\u00f3csoportunk akut koron\u00e1ria szindr\u00f3ma miatt koron\u00e1ria intervenci\u00f3n vagy akut perif\u00e9ri\u00e1s art\u00e9ri\u00e1s \u00e9relz\u00e1r\u00f3d\u00e1s miatt \u00e9rseb\u00e9szeti m\u0171t\u00e9ten \u00e1tes\u0151 betegek eset\u00e9ben elemzi ezek szerep\u00e9t az elz\u00e1r\u00f3d\u00e1s kialakul\u00e1s\u00e1ban, illetve ter\u00e1pi\u00e1j\u00e1ban.<\/p>\n<p>Kutat\u00e1sunkban a SE Biok\u00e9miai Tansz\u00e9kkel m\u0171k\u00f6d\u00fcnk egy\u00fctt.<\/p>\n","protected":false},"excerpt":{"rendered":"<p>THROMBUS &#8211; NETs KUTAT\u00d3CSOPORT Kutat\u00e1svezet\u0151: dr. Hidi L\u00e1szl\u00f3 R\u00e9sztvev\u0151: Dr. S\u00f3tonyi P\u00e9ter Az erek elz\u00e1r\u00f3d\u00e1s\u00e1t \u00e9s \u00edgy az adott szerv perf\u00fazi\u00f3s zavar\u00e1t okoz\u00f3 thromboembolusok (v\u00e9rr\u00f6g\u00f6k) elt\u00e1vol\u00edt\u00e1s\u00e1ra az orvostudom\u00e1ny sz\u00e1mos m\u00f3dszert kidolgozott a fejl\u0151d\u00e9se sor\u00e1n. Napjainkban a kezdeti mechanikus, invaz\u00edv elj\u00e1r\u00e1sok mellett egyre ink\u00e1bb el\u0151t\u00e9rbe ker\u00fclnek a kev\u00e9sb\u00e9 invaz\u00edv, \u00fagynevezett farmakol\u00f3giai (gy\u00f3gyszeres) vagy farmakomechanikai (gy\u00f3gyszeres \u00e9s &hellip;<\/p>\n","protected":false},"author":101838,"featured_media":0,"parent":8,"menu_order":12,"comment_status":"closed","ping_status":"closed","template":"","meta":{"_acf_changed":false,"footnotes":""},"categories":[],"tags":[],"class_list":["post-879","page","type-page","status-publish","hentry"],"acf":[],"_links":{"self":[{"href":"https:\/\/semmelweis.hu\/ersebeszet\/wp-json\/wp\/v2\/pages\/879","targetHints":{"allow":["GET"]}}],"collection":[{"href":"https:\/\/semmelweis.hu\/ersebeszet\/wp-json\/wp\/v2\/pages"}],"about":[{"href":"https:\/\/semmelweis.hu\/ersebeszet\/wp-json\/wp\/v2\/types\/page"}],"author":[{"embeddable":true,"href":"https:\/\/semmelweis.hu\/ersebeszet\/wp-json\/wp\/v2\/users\/101838"}],"replies":[{"embeddable":true,"href":"https:\/\/semmelweis.hu\/ersebeszet\/wp-json\/wp\/v2\/comments?post=879"}],"version-history":[{"count":5,"href":"https:\/\/semmelweis.hu\/ersebeszet\/wp-json\/wp\/v2\/pages\/879\/revisions"}],"predecessor-version":[{"id":897,"href":"https:\/\/semmelweis.hu\/ersebeszet\/wp-json\/wp\/v2\/pages\/879\/revisions\/897"}],"up":[{"embeddable":true,"href":"https:\/\/semmelweis.hu\/ersebeszet\/wp-json\/wp\/v2\/pages\/8"}],"wp:attachment":[{"href":"https:\/\/semmelweis.hu\/ersebeszet\/wp-json\/wp\/v2\/media?parent=879"}],"wp:term":[{"taxonomy":"category","embeddable":true,"href":"https:\/\/semmelweis.hu\/ersebeszet\/wp-json\/wp\/v2\/categories?post=879"},{"taxonomy":"post_tag","embeddable":true,"href":"https:\/\/semmelweis.hu\/ersebeszet\/wp-json\/wp\/v2\/tags?post=879"}],"curies":[{"name":"wp","href":"https:\/\/api.w.org\/{rel}","templated":true}]}}