{"id":839,"date":"2021-03-17T11:40:28","date_gmt":"2021-03-17T10:40:28","guid":{"rendered":"https:\/\/semmelweis.hu\/ersebeszet\/?page_id=839"},"modified":"2021-03-18T09:52:50","modified_gmt":"2021-03-18T08:52:50","slug":"az-arterias-erbetegsegek-epidemiologiaja-etiologiaja-rizikofaktorai-es-klinikuma-kutatocsoport","status":"publish","type":"page","link":"https:\/\/semmelweis.hu\/ersebeszet\/kutatasi-teruletek\/az-arterias-erbetegsegek-epidemiologiaja-etiologiaja-rizikofaktorai-es-klinikuma-kutatocsoport\/","title":{"rendered":"AZ ART\u00c9RI\u00c1S \u00c9RBETEGS\u00c9GEK EPIDEMIOL\u00d3GI\u00c1JA, ETIOL\u00d3GI\u00c1JA, RIZIK\u00d3FAKTORAI \u00c9S KLINIKUMA KUTAT\u00d3CSOPORT"},"content":{"rendered":"<p><span style=\"color: #008080\">AZ ART\u00c9RI\u00c1S \u00c9RBETEGS\u00c9GEK EPIDEMIOL\u00d3GI\u00c1JA, ETIOL\u00d3GI\u00c1JA, RIZIK\u00d3FAKTORAI \u00c9S KLINIKUMA KUTAT\u00d3CSOPORT<\/span><\/p>\n<p><span style=\"color: #008080\">Kutat\u00e1svezet\u0151: Prof. Dr. S\u00f3tonyi P\u00e9ter<\/span><br \/>\n<span style=\"color: #008080\">R\u00e9sztvev\u0151k: dr. Ol\u00e1h Zolt\u00e1n, dr. Berencsi Anik\u00f3, dr. P\u00e1l D\u00e1niel, dr. Szil\u00e1gyi Brigitta (BME)<\/span><br \/>\n<span style=\"color: #008080\">PhD hallgat\u00f3: dr. T\u00f3th-Vajna Zsombor<\/span><\/p>\n<p><img loading=\"lazy\" decoding=\"async\" class=\" wp-image-840 alignleft\" src=\"https:\/\/semmelweis.hu\/ersebeszet\/files\/2021\/03\/arteria.jpg\" alt=\"\" width=\"126\" height=\"205\" \/><\/p>\n<p style=\"text-align: justify\">A hazai n\u00e9peg\u00e9szs\u00e9g\u00fcgyi statisztik\u00e1k \u00e9s a tudom\u00e1nyos felm\u00e9r\u00e9sek is felh\u00edvj\u00e1k a figyelmet az \u00e9rbetegs\u00e9gek kiemelt jelent\u0151s\u00e9g\u00e9re. Kutat\u00f3csoportunk az epidemiol\u00f3giai adatok elemz\u00e9s\u00e9vel, az etiol\u00f3giai t\u00e9nyez\u0151k felm\u00e9r\u00e9s\u00e9vel, a klinikai megjelen\u00e9si form\u00e1k le\u00edr\u00e1s\u00e1val szeretne pontosabb k\u00e9pet kapni az art\u00e9ri\u00e1s betegs\u00e9g jellemz\u0151ir\u0151l. Az obliterat\u00edv \u00e9s dilatat\u00edv k\u00f3rk\u00e9pek behat\u00f3bb vizsg\u00e1lat\u00e1val meghat\u00e1rozhat\u00f3ak azok a rizik\u00f3faktorok, melyeknek jelent\u0151s szerep\u00fck lehet a betegs\u00e9g kialakul\u00e1s\u00e1ban.<\/p>\n<p>Kutat\u00e1sainkban h\u00e1rom f\u0151 t\u00e9m\u00e1val foglalkozunk:<\/p>\n<ul>\n<li style=\"text-align: justify\"><em>Az als\u00f3 v\u00e9gtagi art\u00e9ri\u00e1s betegs\u00e9gek (Lower Extremity Arterial Disease \u2013 LEAD)<\/em> sz\u0171r\u00e9s\u00e9nek fejleszt\u00e9s\u00e9t \u00e9s a hazai k\u00f6rnyezetre t\u00f6rt\u00e9n\u0151 adapt\u00e1l\u00e1s\u00e1t t\u0171zt\u00fck ki c\u00e9lul, m\u0171k\u00f6d\u0151 nyugat-eur\u00f3pai \u00e9s amerikai m\u00f3dszereken, valamint a hazai angiol\u00f3giai aj\u00e1nl\u00e1sokon alapul\u00f3, a magyar viszonyoknak megfelel\u0151en m\u00f3dos\u00edtott k\u00e9rd\u0151\u00edvek, fizik\u00e1lis vizsg\u00e1lat, boka-kar index, \u00e9s ujj-boka index alkalmaz\u00e1s\u00e1val; k\u00fcl\u00f6n\u00f6s hangs\u00falyt helyezve az elmaradott r\u00e9gi\u00f3k, szoci\u00e1lisan h\u00e1tr\u00e1nyos helyzet\u0171, \u00e9s id\u0151s betegcsoportok vizsg\u00e1lat\u00e1ra. A kutat\u00e1s r\u00e9sz\u00e9t k\u00e9pezn\u00e9 a betegek ut\u00e1nk\u00f6vet\u00e9se, a diagnosztikus, \u00e9s ter\u00e1pi\u00e1s l\u00e9p\u00e9sek \u00e9rt\u00e9kel\u00e9se is.<\/li>\n<li style=\"text-align: justify\"><em>A dilatat\u00edv betegs\u00e9gek akut megjelen\u00e9si form\u00e1inak vizsg\u00e1lata<\/em> a meteorol\u00f3giai param\u00e9terek (h\u0151m\u00e9rs\u00e9klet, nyom\u00e1s, fronthat\u00e1sok) t\u00fckr\u00e9ben. A kutat\u00f3csoport az aneurysm\u00e1k \u00e9s disszekci\u00f3k mellett t\u00fcd\u0151emb\u00f3li\u00e1k, myocardialis infarctus, perif\u00e9ri\u00e1s emboliz\u00e1ci\u00f3 id\u0151j\u00e1r\u00e1s-f\u00fcgg\u00e9s\u00e9t is elemzi, klinik\u00e1nk kardiol\u00f3giai \u00e9s radiol\u00f3giai profiljaival egy\u00fcttm\u0171k\u00f6dve.<\/li>\n<li style=\"text-align: justify\"><em>A daganatos betegs\u00e9gek \u00e9rseb\u00e9szeti vonatkoz\u00e1sainak vizsg\u00e1lat\u00e1t<\/em> c\u00e9lz\u00f3 kutat\u00e1sunk olyan tumorok vizsg\u00e1lat\u00e1val foglalkozik, melyek onkol\u00f3giai kezel\u00e9s\u00e9hez \u00e9rseb\u00e9szeti vagy intervenci\u00f3s radiol\u00f3giai k\u00f6zrem\u0171k\u00f6d\u00e9s is sz\u00fcks\u00e9ges.<\/li>\n<\/ul>\n","protected":false},"excerpt":{"rendered":"<p>AZ ART\u00c9RI\u00c1S \u00c9RBETEGS\u00c9GEK EPIDEMIOL\u00d3GI\u00c1JA, ETIOL\u00d3GI\u00c1JA, RIZIK\u00d3FAKTORAI \u00c9S KLINIKUMA KUTAT\u00d3CSOPORT Kutat\u00e1svezet\u0151: Prof. Dr. S\u00f3tonyi P\u00e9ter R\u00e9sztvev\u0151k: dr. Ol\u00e1h Zolt\u00e1n, dr. Berencsi Anik\u00f3, dr. P\u00e1l D\u00e1niel, dr. Szil\u00e1gyi Brigitta (BME) PhD hallgat\u00f3: dr. T\u00f3th-Vajna Zsombor A hazai n\u00e9peg\u00e9szs\u00e9g\u00fcgyi statisztik\u00e1k \u00e9s a tudom\u00e1nyos felm\u00e9r\u00e9sek is felh\u00edvj\u00e1k a figyelmet az \u00e9rbetegs\u00e9gek kiemelt jelent\u0151s\u00e9g\u00e9re. Kutat\u00f3csoportunk az epidemiol\u00f3giai adatok elemz\u00e9s\u00e9vel, az &hellip;<\/p>\n","protected":false},"author":101838,"featured_media":0,"parent":8,"menu_order":1,"comment_status":"closed","ping_status":"closed","template":"","meta":{"_acf_changed":false,"footnotes":""},"categories":[],"tags":[],"class_list":["post-839","page","type-page","status-publish","hentry"],"acf":[],"_links":{"self":[{"href":"https:\/\/semmelweis.hu\/ersebeszet\/wp-json\/wp\/v2\/pages\/839","targetHints":{"allow":["GET"]}}],"collection":[{"href":"https:\/\/semmelweis.hu\/ersebeszet\/wp-json\/wp\/v2\/pages"}],"about":[{"href":"https:\/\/semmelweis.hu\/ersebeszet\/wp-json\/wp\/v2\/types\/page"}],"author":[{"embeddable":true,"href":"https:\/\/semmelweis.hu\/ersebeszet\/wp-json\/wp\/v2\/users\/101838"}],"replies":[{"embeddable":true,"href":"https:\/\/semmelweis.hu\/ersebeszet\/wp-json\/wp\/v2\/comments?post=839"}],"version-history":[{"count":1,"href":"https:\/\/semmelweis.hu\/ersebeszet\/wp-json\/wp\/v2\/pages\/839\/revisions"}],"predecessor-version":[{"id":841,"href":"https:\/\/semmelweis.hu\/ersebeszet\/wp-json\/wp\/v2\/pages\/839\/revisions\/841"}],"up":[{"embeddable":true,"href":"https:\/\/semmelweis.hu\/ersebeszet\/wp-json\/wp\/v2\/pages\/8"}],"wp:attachment":[{"href":"https:\/\/semmelweis.hu\/ersebeszet\/wp-json\/wp\/v2\/media?parent=839"}],"wp:term":[{"taxonomy":"category","embeddable":true,"href":"https:\/\/semmelweis.hu\/ersebeszet\/wp-json\/wp\/v2\/categories?post=839"},{"taxonomy":"post_tag","embeddable":true,"href":"https:\/\/semmelweis.hu\/ersebeszet\/wp-json\/wp\/v2\/tags?post=839"}],"curies":[{"name":"wp","href":"https:\/\/api.w.org\/{rel}","templated":true}]}}