{"id":833,"date":"2021-03-17T11:25:49","date_gmt":"2021-03-17T10:25:49","guid":{"rendered":"https:\/\/semmelweis.hu\/ersebeszet\/?page_id=833"},"modified":"2021-03-18T09:54:05","modified_gmt":"2021-03-18T08:54:05","slug":"oncovascularis-korkepek-kutatocsoport","status":"publish","type":"page","link":"https:\/\/semmelweis.hu\/ersebeszet\/kutatasi-teruletek\/oncovascularis-korkepek-kutatocsoport\/","title":{"rendered":"ONCOVASCULARIS K\u00d3RK\u00c9PEK KUTAT\u00d3CSOPORT"},"content":{"rendered":"<p><span style=\"color: #008080\">ONCOVASCULARIS K\u00d3RK\u00c9PEK KUTAT\u00d3CSOPORT<\/span><\/p>\n<p><span style=\"color: #008080\">Kutat\u00e1svezet\u0151: dr. Ol\u00e1h Zolt\u00e1n, dr. Mih\u00e1ly Zsuzsanna<\/span><\/p>\n<p style=\"text-align: justify\"><img loading=\"lazy\" decoding=\"async\" class=\"wp-image-834 alignleft\" src=\"https:\/\/semmelweis.hu\/ersebeszet\/files\/2021\/03\/onco.jpg\" alt=\"\" width=\"174\" height=\"116\" srcset=\"https:\/\/semmelweis.hu\/ersebeszet\/files\/2021\/03\/onco.jpg 385w, https:\/\/semmelweis.hu\/ersebeszet\/files\/2021\/03\/onco-203x135.jpg 203w\" sizes=\"auto, (max-width: 174px) 100vw, 174px\" \/>Kutat\u00e1sunk az al\u00e1bbi ter\u00fcleteket \u00e9rinti: carotis body tumor; angiosarcom\u00e1k \u00e9s l\u00e1gyr\u00e9szt \u00e9rint\u0151 vaszkul\u00e1ris \u00e9rk\u00e9pleteket magukba foglal\u00f3 sarcom\u00e1k; cava-t infiltr\u00e1l\u00f3 vesetumorok.<\/p>\n","protected":false},"excerpt":{"rendered":"<p>ONCOVASCULARIS K\u00d3RK\u00c9PEK KUTAT\u00d3CSOPORT<br \/>\nKutat\u00e1svezet\u0151: dr. Ol\u00e1h Zolt\u00e1n, dr. Mih\u00e1ly Zsuzsanna<br \/>\nKutat\u00e1sunk az al\u00e1bbi ter\u00fcleteket \u00e9rinti: carotis body tumor; angiosarcom\u00e1k \u00e9s l\u00e1gyr\u00e9szt \u00e9rint\u0151 vaszkul\u00e1ris \u00e9rk\u00e9pleteket magukba foglal\u00f3 sarcom\u00e1k; cava-t infiltr\u00e1l\u00f3 vesetumorok.<\/p>\n","protected":false},"author":101838,"featured_media":0,"parent":8,"menu_order":7,"comment_status":"closed","ping_status":"closed","template":"","meta":{"_acf_changed":false,"footnotes":""},"categories":[],"tags":[],"class_list":["post-833","page","type-page","status-publish","hentry"],"acf":[],"_links":{"self":[{"href":"https:\/\/semmelweis.hu\/ersebeszet\/wp-json\/wp\/v2\/pages\/833","targetHints":{"allow":["GET"]}}],"collection":[{"href":"https:\/\/semmelweis.hu\/ersebeszet\/wp-json\/wp\/v2\/pages"}],"about":[{"href":"https:\/\/semmelweis.hu\/ersebeszet\/wp-json\/wp\/v2\/types\/page"}],"author":[{"embeddable":true,"href":"https:\/\/semmelweis.hu\/ersebeszet\/wp-json\/wp\/v2\/users\/101838"}],"replies":[{"embeddable":true,"href":"https:\/\/semmelweis.hu\/ersebeszet\/wp-json\/wp\/v2\/comments?post=833"}],"version-history":[{"count":3,"href":"https:\/\/semmelweis.hu\/ersebeszet\/wp-json\/wp\/v2\/pages\/833\/revisions"}],"predecessor-version":[{"id":851,"href":"https:\/\/semmelweis.hu\/ersebeszet\/wp-json\/wp\/v2\/pages\/833\/revisions\/851"}],"up":[{"embeddable":true,"href":"https:\/\/semmelweis.hu\/ersebeszet\/wp-json\/wp\/v2\/pages\/8"}],"wp:attachment":[{"href":"https:\/\/semmelweis.hu\/ersebeszet\/wp-json\/wp\/v2\/media?parent=833"}],"wp:term":[{"taxonomy":"category","embeddable":true,"href":"https:\/\/semmelweis.hu\/ersebeszet\/wp-json\/wp\/v2\/categories?post=833"},{"taxonomy":"post_tag","embeddable":true,"href":"https:\/\/semmelweis.hu\/ersebeszet\/wp-json\/wp\/v2\/tags?post=833"}],"curies":[{"name":"wp","href":"https:\/\/api.w.org\/{rel}","templated":true}]}}