{"id":827,"date":"2021-03-17T11:20:24","date_gmt":"2021-03-17T10:20:24","guid":{"rendered":"https:\/\/semmelweis.hu\/ersebeszet\/?page_id=827"},"modified":"2021-03-18T09:53:42","modified_gmt":"2021-03-18T08:53:42","slug":"kinepict-digital-variance-analysis-dva-kutatocsoport","status":"publish","type":"page","link":"https:\/\/semmelweis.hu\/ersebeszet\/kutatasi-teruletek\/kinepict-digital-variance-analysis-dva-kutatocsoport\/","title":{"rendered":"KINEPICT \u2013 DIGITAL VARIANCE ANALYSIS (DVA) \u2013 KUTAT\u00d3CSOPORT"},"content":{"rendered":"<p><span style=\"color: #008080\">KINEPICT \u2013 DIGITAL VARIANCE ANALYSIS (DVA) \u2013 KUTAT\u00d3CSOPORT<\/span><\/p>\n<p><span style=\"color: #008080\">Kutat\u00e1svezet\u0151: Prof. Dr. S\u00f3tonyi P\u00e9ter<\/span><br \/>\n<span style=\"color: #008080\">R\u00e9sztvev\u0151k: dr. Legeza P\u00e9ter, dr. Mih\u00e1ly Zsuzsanna<\/span><br \/>\n<span style=\"color: #008080\">PhD hallgat\u00f3k: dr. \u00d3ri\u00e1s Viktor, dr. Berczeli M\u00e1rton, dr. G\u00f3g Istv\u00e1n<\/span><\/p>\n<p style=\"text-align: justify\"><img loading=\"lazy\" decoding=\"async\" class=\" wp-image-828 alignleft\" src=\"https:\/\/semmelweis.hu\/ersebeszet\/files\/2021\/03\/kinepict-343x400.png\" alt=\"\" width=\"197\" height=\"230\" srcset=\"https:\/\/semmelweis.hu\/ersebeszet\/files\/2021\/03\/kinepict-343x400.png 343w, https:\/\/semmelweis.hu\/ersebeszet\/files\/2021\/03\/kinepict.png 689w\" sizes=\"auto, (max-width: 197px) 100vw, 197px\" \/>Kutat\u00e1saink f\u0151 c\u00e9lja, hogy a Kinepict Health Ltd. \u00e1ltal kifejlesztett kinetikus k\u00e9palkot\u00e1s (<em>Digital Variance Angiography \u2013 DVA)<\/em> klinikai felhaszn\u00e1l\u00e1si ter\u00fcleteit megtal\u00e1ljuk, \u00e9s a m\u00f3dszert tov\u00e1bbfejlessz\u00fck.<\/p>\n<p style=\"text-align: justify\">A c\u00e9g a Semmelweis Egyetemmel egy\u00fcttm\u0171k\u00f6d\u00e9sben a k\u00e9pmin\u0151s\u00e9g jav\u00edt\u00e1s\u00e1val, a sug\u00e1r- \u00e9s kontrasztanyag d\u00f3zis\u00e1nak cs\u00f6kkent\u00e9s\u00e9vel, valamint a CO<sub>2<\/sub> angiogr\u00e1fia sz\u00e9lesebb k\u00f6r\u0171 alkalmazhat\u00f3s\u00e1g\u00e1val kapcsolatos vizsg\u00e1latokat folytat. Az eddigi eredm\u00e9nyek alapj\u00e1n a <em>DVA<\/em> jelent\u0151sen jav\u00edtja az angiogr\u00e1fi\u00e1s k\u00e9pek min\u0151s\u00e9g\u00e9t, mely lehet\u0151s\u00e9get ad kifejezett, ak\u00e1r 70%-os sug\u00e1rd\u00f3zis cs\u00f6kkent\u00e9sre. A <em>DVA<\/em> t\u00e9rd alatti \u00e9rter\u00fcleten eddig csak korl\u00e1tozottan \u00e9rt\u00e9kelhet\u0151 CO<sub>2<\/sub> angiogr\u00e1fia min\u0151s\u00e9g\u00e9t jelent\u0151sen megn\u00f6velve lehet\u0151v\u00e9 teszi a diagnosztik\u00e1t \u00e9s intervenci\u00f3t veseel\u00e9gtelen, perif\u00e9ri\u00e1s \u00e9rbetegek k\u00f6r\u00e9ben.<\/p>\n<p style=\"text-align: justify\">T\u00f6bb klinikai study van folyamatban a carotis \u00e9s als\u00f3 v\u00e9gtagi \u00e9rter\u00fcleteken alkalmazott <em>DVA<\/em>-val kapcsolatban. Tov\u00e1bbi tudom\u00e1nyos kutat\u00e1sra ad lehet\u0151s\u00e9get az a t\u00e9ny, hogy a <em>DVA<\/em> m\u00f3dszer lehet\u0151v\u00e9 teszi az angiografia sor\u00e1n bek\u00f6vetkez\u0151 intenzit\u00e1sv\u00e1ltoz\u00e1sok statisztikai anal\u00edzis\u00e9t, mely paremetrikus vagy kvantita\u00edv k\u00e9palkot\u00e1st eredm\u00e9nyez. \u00cdgy a radiol\u00f3giai k\u00e9p id\u0151beli, funkcion\u00e1lis inform\u00e1ci\u00f3tartalma ki\u00e9rt\u00e9kelhet\u0151v\u00e9 \u00e9s megjelen\u00edthet\u0151v\u00e9 v\u00e1lhat. A j\u00f6v\u0151beli kutat\u00e1saink egyik fontos ir\u00e1nya ez lesz \u00e9s azt c\u00e9lozza meg, hogy a <em>\u201ecolor coded\u201d<\/em> m\u00f3d legfontosabb alkalmaz\u00e1si ter\u00fcleteit megtal\u00e1ljuk, \u00e9s azok diagnosztikus \u00e9rt\u00e9k\u00e9t c\u00e9lzott klinikai vizsg\u00e1latokkal igazoljuk. A m\u00f3dszer \u00edgy alkalmass\u00e1 v\u00e1lhat p\u00e9ld\u00e1ul az intervenci\u00f3 el\u0151tti \u00e9s ut\u00e1ni kering\u00e9si \u00e1llapot meghat\u00e1roz\u00e1s\u00e1ra, a kollater\u00e1lis kering\u00e9s vagy az als\u00f3 v\u00e9gtagi krur\u00e1lis \u00e1gak \u00e1ltal ell\u00e1tott ter\u00fcletek (angiosz\u00f3m\u00e1k) pontosabb felt\u00e9rk\u00e9pez\u00e9s\u00e9re.<\/p>\n<p style=\"text-align: justify\">Vizsg\u00e1latainkat a V\u00e1rosmajori Sz\u00edv- \u00e9s \u00c9rgy\u00f3gy\u00e1szati Klinika Intervenci\u00f3s Radiol\u00f3gia Tansz\u00e9k\u00e9vel \u00e9s a Radiol\u00f3giai Oszt\u00e1llyal k\u00f6z\u00f6sen v\u00e9gezz\u00fck.<\/p>\n","protected":false},"excerpt":{"rendered":"<p>KINEPICT \u2013 DIGITAL VARIANCE ANALYSIS (DVA) \u2013 KUTAT\u00d3CSOPORT Kutat\u00e1svezet\u0151: Prof. Dr. S\u00f3tonyi P\u00e9ter R\u00e9sztvev\u0151k: dr. Legeza P\u00e9ter, dr. Mih\u00e1ly Zsuzsanna PhD hallgat\u00f3k: dr. \u00d3ri\u00e1s Viktor, dr. Berczeli M\u00e1rton, dr. G\u00f3g Istv\u00e1n Kutat\u00e1saink f\u0151 c\u00e9lja, hogy a Kinepict Health Ltd. \u00e1ltal kifejlesztett kinetikus k\u00e9palkot\u00e1s (Digital Variance Angiography \u2013 DVA) klinikai felhaszn\u00e1l\u00e1si ter\u00fcleteit megtal\u00e1ljuk, \u00e9s a m\u00f3dszert &hellip;<\/p>\n","protected":false},"author":101838,"featured_media":0,"parent":8,"menu_order":5,"comment_status":"closed","ping_status":"closed","template":"","meta":{"_acf_changed":false,"footnotes":""},"categories":[],"tags":[],"class_list":["post-827","page","type-page","status-publish","hentry"],"acf":[],"_links":{"self":[{"href":"https:\/\/semmelweis.hu\/ersebeszet\/wp-json\/wp\/v2\/pages\/827","targetHints":{"allow":["GET"]}}],"collection":[{"href":"https:\/\/semmelweis.hu\/ersebeszet\/wp-json\/wp\/v2\/pages"}],"about":[{"href":"https:\/\/semmelweis.hu\/ersebeszet\/wp-json\/wp\/v2\/types\/page"}],"author":[{"embeddable":true,"href":"https:\/\/semmelweis.hu\/ersebeszet\/wp-json\/wp\/v2\/users\/101838"}],"replies":[{"embeddable":true,"href":"https:\/\/semmelweis.hu\/ersebeszet\/wp-json\/wp\/v2\/comments?post=827"}],"version-history":[{"count":3,"href":"https:\/\/semmelweis.hu\/ersebeszet\/wp-json\/wp\/v2\/pages\/827\/revisions"}],"predecessor-version":[{"id":850,"href":"https:\/\/semmelweis.hu\/ersebeszet\/wp-json\/wp\/v2\/pages\/827\/revisions\/850"}],"up":[{"embeddable":true,"href":"https:\/\/semmelweis.hu\/ersebeszet\/wp-json\/wp\/v2\/pages\/8"}],"wp:attachment":[{"href":"https:\/\/semmelweis.hu\/ersebeszet\/wp-json\/wp\/v2\/media?parent=827"}],"wp:term":[{"taxonomy":"category","embeddable":true,"href":"https:\/\/semmelweis.hu\/ersebeszet\/wp-json\/wp\/v2\/categories?post=827"},{"taxonomy":"post_tag","embeddable":true,"href":"https:\/\/semmelweis.hu\/ersebeszet\/wp-json\/wp\/v2\/tags?post=827"}],"curies":[{"name":"wp","href":"https:\/\/api.w.org\/{rel}","templated":true}]}}