{"id":824,"date":"2021-03-17T11:17:35","date_gmt":"2021-03-17T10:17:35","guid":{"rendered":"https:\/\/semmelweis.hu\/ersebeszet\/?page_id=824"},"modified":"2021-03-18T09:53:13","modified_gmt":"2021-03-18T08:53:13","slug":"cerab-munkacsoport","status":"publish","type":"page","link":"https:\/\/semmelweis.hu\/ersebeszet\/kutatasi-teruletek\/cerab-munkacsoport\/","title":{"rendered":"CERAB MUNKACSOPORT"},"content":{"rendered":"<p><span style=\"color: #008080\">CERAB MUNKACSOPORT<\/span><\/p>\n<p><span style=\"color: #008080\">Kutat\u00e1svezet\u0151: dr. Szeberin Zolt\u00e1n<\/span><br \/>\n<span style=\"color: #008080\">R\u00e9sztvev\u0151k: dr. Hidi L\u00e1szl\u00f3, dr. Lengyel Bal\u00e1zs<\/span><\/p>\n<p style=\"text-align: justify\"><img loading=\"lazy\" decoding=\"async\" class=\"size-full wp-image-825 alignleft\" src=\"https:\/\/semmelweis.hu\/ersebeszet\/files\/2021\/03\/cerab.jpg\" alt=\"\" width=\"207\" height=\"244\" \/>Az als\u00f3 v\u00e9gtagok v\u00e9rell\u00e1t\u00e1s\u00e1t biztos\u00edt\u00f3 hasi-medencei ver\u0151erek (aorto-iliacalis art\u00e9ri\u00e1k) sz\u0171k\u00fcletei vagy elz\u00e1r\u00f3d\u00e1sai az 50 \u00e9v feletti lakoss\u00e1g k\u00f6r\u00e9ben gyakran el\u0151fordul\u00f3 elv\u00e1ltoz\u00e1sok, amelyek az als\u00f3 v\u00e9gtagi \u00e9rsz\u0171k\u00fcletre jellemz\u0151 panaszok sz\u00e9les sk\u00e1l\u00e1j\u00e1t id\u00e9zhetik el\u0151 a cs\u00f6kkent j\u00e1r\u00e1st\u00e1vols\u00e1gt\u00f3l az amput\u00e1ci\u00f3s vesz\u00e9lyt jelent\u0151, s\u00falyos v\u00e9rell\u00e1t\u00e1si zavarig.<\/p>\n<p style=\"text-align: justify\">Hossz\u00fa \u00e9vtizedeken \u00e1t az ezen a szakaszon l\u00e9trej\u00f6tt sz\u0171k\u00fcletek \u00e9s elz\u00e1r\u00f3d\u00e1sok kezel\u00e9se nyitott m\u0171t\u00e9ti technik\u00e1val t\u00f6rt\u00e9nt. Napjainkban r\u00f6vid szakasz\u00fa elv\u00e1ltoz\u00e1sok eset\u00e9n egyre gyakrabban alkalmazunk endovaszkul\u00e1ris, vagyis kat\u00e9teres \u00faton t\u00f6rt\u00e9n\u0151 \u00e9rt\u00e1g\u00edt\u00e1st. A hossz\u00fa szakaszt \u00e9rint\u0151 aorto-iliacalis sz\u0171k\u00fcletek\/elz\u00e1r\u00f3d\u00e1sok invaz\u00edv kezel\u00e9s\u00e9t a legt\u00f6bb esetben tov\u00e1bbra is a nyitott m\u0171t\u00e9ti megold\u00e1sok jelentik. A tradicion\u00e1lis beavatkoz\u00e1sok j\u00f3 hossz\u00fat\u00e1v\u00fa eredm\u00e9nyt adnak, azonban nagy megterhel\u00e9st jelentenek a sokszor s\u00falyos t\u00e1rsbetegs\u00e9gekkel rendelkez\u0151, id\u0151s betegek sz\u00e1m\u00e1ra, mely miatt a m\u0171t\u00e9ttel j\u00e1r\u00f3 sz\u00f6v\u0151dm\u00e9nyek el\u0151fordul\u00e1sa is magasabb.<\/p>\n<p style=\"text-align: justify\">Mintegy 10 \u00e9ve egy \u00faj technika jelent meg: az aorto-iliacalis \u00e9rszakasz fedett stentekkel t\u00f6rt\u00e9n\u0151 t\u00e1g\u00edt\u00e1sa\/megnyit\u00e1sa (CERAB \u2013 covered endovascular reconstruction of aortic bifurcation), mely ide\u00e1lis megold\u00e1s lehet a trombotikus elv\u00e1ltoz\u00e1ssal vagy nagyobb rizik\u00f3val rendelkez\u0151 betegek minim\u00e1l-invaz\u00edv kezel\u00e9s\u00e9re.\u00a0 M\u00e1r sz\u00e1mos tudom\u00e1nyos k\u00f6zlem\u00e9ny bizony\u00edtotta a CERAB-technika nyitott m\u0171t\u00e9ti kezel\u00e9shez hasonl\u00f3 r\u00f6vidt\u00e1v\u00fa eredm\u00e9nyei mellett a beavatkoz\u00e1ssal j\u00e1r\u00f3 sz\u00f6v\u0151dm\u00e9nyek alacsony el\u0151fordul\u00e1s\u00e1t.<\/p>\n<p style=\"text-align: justify\">Munkacsoportunk az aorto-iliacalis szakasz modern, minim\u00e1l-invaz\u00edv kezel\u00e9si lehet\u0151s\u00e9geivel \u00e9s ezek r\u00f6vid-, k\u00f6z\u00e9p- \u00e9s hossz\u00fat\u00e1v\u00fa eredm\u00e9nyeinek elemz\u00e9s\u00e9vel foglalkozik.<\/p>\n","protected":false},"excerpt":{"rendered":"<p>CERAB MUNKACSOPORT Kutat\u00e1svezet\u0151: dr. Szeberin Zolt\u00e1n R\u00e9sztvev\u0151k: dr. Hidi L\u00e1szl\u00f3, dr. Lengyel Bal\u00e1zs Az als\u00f3 v\u00e9gtagok v\u00e9rell\u00e1t\u00e1s\u00e1t biztos\u00edt\u00f3 hasi-medencei ver\u0151erek (aorto-iliacalis art\u00e9ri\u00e1k) sz\u0171k\u00fcletei vagy elz\u00e1r\u00f3d\u00e1sai az 50 \u00e9v feletti lakoss\u00e1g k\u00f6r\u00e9ben gyakran el\u0151fordul\u00f3 elv\u00e1ltoz\u00e1sok, amelyek az als\u00f3 v\u00e9gtagi \u00e9rsz\u0171k\u00fcletre jellemz\u0151 panaszok sz\u00e9les sk\u00e1l\u00e1j\u00e1t id\u00e9zhetik el\u0151 a cs\u00f6kkent j\u00e1r\u00e1st\u00e1vols\u00e1gt\u00f3l az amput\u00e1ci\u00f3s vesz\u00e9lyt jelent\u0151, s\u00falyos v\u00e9rell\u00e1t\u00e1si zavarig. &hellip;<\/p>\n","protected":false},"author":101838,"featured_media":0,"parent":8,"menu_order":3,"comment_status":"closed","ping_status":"closed","template":"","meta":{"_acf_changed":false,"footnotes":""},"categories":[],"tags":[],"class_list":["post-824","page","type-page","status-publish","hentry"],"acf":[],"_links":{"self":[{"href":"https:\/\/semmelweis.hu\/ersebeszet\/wp-json\/wp\/v2\/pages\/824","targetHints":{"allow":["GET"]}}],"collection":[{"href":"https:\/\/semmelweis.hu\/ersebeszet\/wp-json\/wp\/v2\/pages"}],"about":[{"href":"https:\/\/semmelweis.hu\/ersebeszet\/wp-json\/wp\/v2\/types\/page"}],"author":[{"embeddable":true,"href":"https:\/\/semmelweis.hu\/ersebeszet\/wp-json\/wp\/v2\/users\/101838"}],"replies":[{"embeddable":true,"href":"https:\/\/semmelweis.hu\/ersebeszet\/wp-json\/wp\/v2\/comments?post=824"}],"version-history":[{"count":1,"href":"https:\/\/semmelweis.hu\/ersebeszet\/wp-json\/wp\/v2\/pages\/824\/revisions"}],"predecessor-version":[{"id":826,"href":"https:\/\/semmelweis.hu\/ersebeszet\/wp-json\/wp\/v2\/pages\/824\/revisions\/826"}],"up":[{"embeddable":true,"href":"https:\/\/semmelweis.hu\/ersebeszet\/wp-json\/wp\/v2\/pages\/8"}],"wp:attachment":[{"href":"https:\/\/semmelweis.hu\/ersebeszet\/wp-json\/wp\/v2\/media?parent=824"}],"wp:term":[{"taxonomy":"category","embeddable":true,"href":"https:\/\/semmelweis.hu\/ersebeszet\/wp-json\/wp\/v2\/categories?post=824"},{"taxonomy":"post_tag","embeddable":true,"href":"https:\/\/semmelweis.hu\/ersebeszet\/wp-json\/wp\/v2\/tags?post=824"}],"curies":[{"name":"wp","href":"https:\/\/api.w.org\/{rel}","templated":true}]}}