{"id":816,"date":"2021-03-17T11:10:31","date_gmt":"2021-03-17T10:10:31","guid":{"rendered":"https:\/\/semmelweis.hu\/ersebeszet\/?page_id=816"},"modified":"2021-03-18T09:53:34","modified_gmt":"2021-03-18T08:53:34","slug":"ersebeszeti-regiszter-kutatocsoport","status":"publish","type":"page","link":"https:\/\/semmelweis.hu\/ersebeszet\/kutatasi-teruletek\/ersebeszeti-regiszter-kutatocsoport\/","title":{"rendered":"\u00c9RSEB\u00c9SZETI REGISZTER KUTAT\u00d3CSOPORT"},"content":{"rendered":"<p><span style=\"color: #008080\">\u00c9RSEB\u00c9SZETI REGISZTER KUTAT\u00d3CSOPORT<br \/>\n<\/span><span style=\"color: #008080\">Kutat\u00e1svezet\u0151: dr. Szeberin Zolt\u00e1n<\/p>\n<p><\/span><\/p>\n<p><img loading=\"lazy\" decoding=\"async\" class=\"wp-image-817 alignleft\" src=\"https:\/\/semmelweis.hu\/ersebeszet\/files\/2021\/03\/regiszter-400x394.png\" alt=\"\" width=\"257\" height=\"253\" srcset=\"https:\/\/semmelweis.hu\/ersebeszet\/files\/2021\/03\/regiszter-400x394.png 400w, https:\/\/semmelweis.hu\/ersebeszet\/files\/2021\/03\/regiszter.png 619w\" sizes=\"auto, (max-width: 257px) 100vw, 257px\" \/><\/p>\n<p style=\"text-align: justify\"><strong>\u00a0<\/strong>A gy\u00f3gy\u00edt\u00f3 tev\u00e9kenys\u00e9g kapcs\u00e1n \u00f6sszegy\u0171lt adatok elemz\u00e9se, feldolgoz\u00e1sa, az eredm\u00e9nyek alapj\u00e1n k\u00f6vetkeztet\u00e9sek levon\u00e1sa egyid\u0151s a tudom\u00e1nnyal. A regiszterek a mindennapi gyakorlat eredm\u00e9nyeit t\u00fckr\u00f6zik, ez\u00e1ltal m\u00e1s n\u00e9z\u0151pontb\u00f3l l\u00e1ttatj\u00e1k az aktu\u00e1lis helyzetet. Nagy popul\u00e1ci\u00f3ra vonatkoznak, a randomiz\u00e1lt, kontroll\u00e1lt tanulm\u00e1nyokkal ellent\u00e9tben a mindennapi val\u00f3s\u00e1got t\u00fckr\u00f6zik. Az \u00e9rseb\u00e9szeti tev\u00e9kenys\u00e9g fontos eleme a m\u0171t\u00e9tek hat\u00e9konys\u00e1g\u00e1nak elemz\u00e9se, az eredm\u00e9nyek r\u00f6vid \u00e9s hossz\u00fa t\u00e1v\u00fa \u00e9rt\u00e9kel\u00e9se. Egy orsz\u00e1gos adatb\u00e1zis Magyarorsz\u00e1g eset\u00e9ben 10 milli\u00f3s popul\u00e1ci\u00f3 elemz\u00e9s\u00e9re ad lehet\u0151s\u00e9get. A Magyar Angiol\u00f3giai \u00e9s \u00c9rseb\u00e9szeti T\u00e1rsas\u00e1g mintegy 20 \u00e9ve elemzi az \u00f6nk\u00e9ntes adatszolg\u00e1ltat\u00e1son alapul\u00f3 adatokat a carotis, aneurysma \u00e9s als\u00f3 v\u00e9gtagi art\u00e9ri\u00e1s betegs\u00e9gek vonatkoz\u00e1s\u00e1ban.<\/p>\n<p style=\"text-align: justify\">2021-ben a regiszter meg\u00faj\u00edt\u00e1sa zajlik: Nemzeti Vaszkul\u00e1ris Regiszter kialak\u00edt\u00e1sa indult meg, mely az \u00e9rseb\u00e9szeti oszt\u00e1lyokon folytatott kezel\u00e9sen k\u00edv\u00fcl az \u00f6sszes \u00e9rbeteg ell\u00e1t\u00e1s\u00e1nak adatait hivatott gy\u0171jteni. \u00cdgy a nyitott \u00e9rseb\u00e9szeti m\u0171t\u00e9teken k\u00edv\u00fcl a kat\u00e9teres intervenci\u00f3k \u00e9s a konzervat\u00edv kezel\u00e9s eredm\u00e9nyei is feldolgoz\u00e1sra ker\u00fclnek a k\u00f6zelj\u00f6v\u0151ben.<\/p>\n<p style=\"text-align: justify\">A regisztert karbantart\u00f3 munkacsoport szoros kapcsolatban \u00e1ll az eur\u00f3pai \u00e9s Eur\u00f3p\u00e1n k\u00edv\u00fcli regiszterekkel (VASUNET, ICVR), \u00edgy r\u00e9gi\u00f3nkban egyed\u00fcl\u00e1ll\u00f3an sz\u00e1mos projektben vett\u00fcnk r\u00e9szt, \u00e9s az eredm\u00e9nyekr\u0151l Q1 foly\u00f3iratokban t\u00f6bb tanulm\u00e1ny jelent meg.<\/p>\n<p style=\"text-align: justify\">A nagy adatb\u00e1zisok haszna a j\u00f6v\u0151ben v\u00e1rhat\u00f3an fel\u00e9rt\u00e9kel\u0151dik, ez\u00e9rt a megl\u00e9v\u0151 regiszter moderniz\u00e1l\u00e1sa, m\u0171k\u00f6dtet\u00e9se \u00e9s elemz\u00e9s alapvet\u0151 fontoss\u00e1g\u00fa az \u00e9rbetegek \u00e9s az \u0151ket ell\u00e1t\u00f3 szakemberek sz\u00e1m\u00e1ra.<\/p>\n<p>Munkacsoportunk sz\u00edvesen l\u00e1t minden, a t\u00e9m\u00e1ban \u00e9rdekl\u0151d\u0151 munkat\u00e1rsat.<\/p>\n<p><span style=\"font-size: 12pt\"><em>(K\u00e9p: Behrendt et al. Eur J Vasc Endovasc Surg.\u00a0 2018, 56, 391-9.)<\/em><\/span><\/p>\n","protected":false},"excerpt":{"rendered":"<p>\u00c9RSEB\u00c9SZETI REGISZTER KUTAT\u00d3CSOPORT Kutat\u00e1svezet\u0151: dr. Szeberin Zolt\u00e1n \u00a0A gy\u00f3gy\u00edt\u00f3 tev\u00e9kenys\u00e9g kapcs\u00e1n \u00f6sszegy\u0171lt adatok elemz\u00e9se, feldolgoz\u00e1sa, az eredm\u00e9nyek alapj\u00e1n k\u00f6vetkeztet\u00e9sek levon\u00e1sa egyid\u0151s a tudom\u00e1nnyal. A regiszterek a mindennapi gyakorlat eredm\u00e9nyeit t\u00fckr\u00f6zik, ez\u00e1ltal m\u00e1s n\u00e9z\u0151pontb\u00f3l l\u00e1ttatj\u00e1k az aktu\u00e1lis helyzetet. Nagy popul\u00e1ci\u00f3ra vonatkoznak, a randomiz\u00e1lt, kontroll\u00e1lt tanulm\u00e1nyokkal ellent\u00e9tben a mindennapi val\u00f3s\u00e1got t\u00fckr\u00f6zik. Az \u00e9rseb\u00e9szeti tev\u00e9kenys\u00e9g fontos eleme a &hellip;<\/p>\n","protected":false},"author":101838,"featured_media":0,"parent":8,"menu_order":4,"comment_status":"closed","ping_status":"closed","template":"","meta":{"_acf_changed":false,"footnotes":""},"categories":[],"tags":[],"class_list":["post-816","page","type-page","status-publish","hentry"],"acf":[],"_links":{"self":[{"href":"https:\/\/semmelweis.hu\/ersebeszet\/wp-json\/wp\/v2\/pages\/816","targetHints":{"allow":["GET"]}}],"collection":[{"href":"https:\/\/semmelweis.hu\/ersebeszet\/wp-json\/wp\/v2\/pages"}],"about":[{"href":"https:\/\/semmelweis.hu\/ersebeszet\/wp-json\/wp\/v2\/types\/page"}],"author":[{"embeddable":true,"href":"https:\/\/semmelweis.hu\/ersebeszet\/wp-json\/wp\/v2\/users\/101838"}],"replies":[{"embeddable":true,"href":"https:\/\/semmelweis.hu\/ersebeszet\/wp-json\/wp\/v2\/comments?post=816"}],"version-history":[{"count":4,"href":"https:\/\/semmelweis.hu\/ersebeszet\/wp-json\/wp\/v2\/pages\/816\/revisions"}],"predecessor-version":[{"id":821,"href":"https:\/\/semmelweis.hu\/ersebeszet\/wp-json\/wp\/v2\/pages\/816\/revisions\/821"}],"up":[{"embeddable":true,"href":"https:\/\/semmelweis.hu\/ersebeszet\/wp-json\/wp\/v2\/pages\/8"}],"wp:attachment":[{"href":"https:\/\/semmelweis.hu\/ersebeszet\/wp-json\/wp\/v2\/media?parent=816"}],"wp:term":[{"taxonomy":"category","embeddable":true,"href":"https:\/\/semmelweis.hu\/ersebeszet\/wp-json\/wp\/v2\/categories?post=816"},{"taxonomy":"post_tag","embeddable":true,"href":"https:\/\/semmelweis.hu\/ersebeszet\/wp-json\/wp\/v2\/tags?post=816"}],"curies":[{"name":"wp","href":"https:\/\/api.w.org\/{rel}","templated":true}]}}