{"id":812,"date":"2021-03-17T11:06:51","date_gmt":"2021-03-17T10:06:51","guid":{"rendered":"https:\/\/semmelweis.hu\/ersebeszet\/?page_id=812"},"modified":"2021-03-18T09:53:55","modified_gmt":"2021-03-18T08:53:55","slug":"neurologiai-szovodmenyek-rizikoinak-vizsgalata-kutatocsoport","status":"publish","type":"page","link":"https:\/\/semmelweis.hu\/ersebeszet\/kutatasi-teruletek\/neurologiai-szovodmenyek-rizikoinak-vizsgalata-kutatocsoport\/","title":{"rendered":"NEUROL\u00d3GIAI SZ\u00d6V\u0150DM\u00c9NYEK RIZIK\u00d3INAK VIZSG\u00c1LATA KUTAT\u00d3CSOPORT"},"content":{"rendered":"<p><span style=\"color: #008080\">NEUROL\u00d3GIAI SZ\u00d6V\u0150DM\u00c9NYEK RIZIK\u00d3INAK VIZSG\u00c1LATA KUTAT\u00d3CSOPORT<\/span><\/p>\n<p><span style=\"color: #008080\">Kutat\u00e1svezet\u0151: dr. Banga P\u00e9ter<\/span><br \/>\n<span style=\"color: #008080\">R\u00e9sztvev\u0151k: dr. Csik\u00f3s Gergely, dr. Fab\u00f3 D\u00e1niel (OKTI)<\/span><\/p>\n<p style=\"text-align: justify\"><img loading=\"lazy\" decoding=\"async\" class=\"alignleft wp-image-813 \" src=\"https:\/\/semmelweis.hu\/ersebeszet\/files\/2021\/03\/neurkut.jpg\" alt=\"\" width=\"211\" height=\"173\" \/>Komplex aorta aneurysma ell\u00e1t\u00e1sa sor\u00e1n fell\u00e9p\u0151 neurol\u00f3giai sz\u00f6v\u0151dm\u00e9nyek rizik\u00f3inak vizsg\u00e1lata illetve gerincvel\u0151i v\u00e9delmi protokoll kidolgoz\u00e1sa. Komplex aneurysm\u00e1k ell\u00e1t\u00e1sakor az esetek d\u00f6nt\u0151 t\u00f6bbs\u00e9g\u00e9ben a gerincvel\u0151t ell\u00e1t\u00f3 szegment\u00e1lis \u00e1gak nem vonhat\u00f3ak be a rekonstrukci\u00f3ba, ez\u00e9rt a gerincvel\u0151 v\u00e9rell\u00e1t\u00e1s\u00e1t seg\u00edt\u0151 kollater\u00e1lis rendszer t\u00e1mogat\u00e1sa d\u00f6nt\u0151 jelent\u0151s\u00e9g\u0171 lehet. Ezek az a. subclavia \u00e9s az a. iliaca interna kering\u00e9s\u00e9nek megtart\u00e1s\u00e1t c\u00e9lz\u00f3 m\u0171t\u00e9tek, gerincvel\u0151i folyad\u00e9k nyom\u00e1s\u00e1nak cs\u00f6kkent\u00e9se \u00e9s a sziszt\u00e9m\u00e1s v\u00e9rnyom\u00e1s emel\u00e9se lehet. Sajnos azonban ezek a t\u00e1mogat\u00f3 elj\u00e1r\u00e1sok is hordoznak rizik\u00f3t, ez\u00e9rt alkalmaz\u00e1suk csak akkor indokolt, amikor erre val\u00f3ban sz\u00fcks\u00e9ge van.C\u00e9lunk egy olyan pre- , intra-, \u00e9s perioperat\u00edv protokoll kidolgoz\u00e1sa, amelyet a t\u00f6bb szakaszos m\u0171t\u00e9tek eredm\u00e9nyeinek vizsg\u00e1lata, intraoperat\u00edv neuromonitoroz\u00e1s \u00e9s a perioperat\u00edv gerincvel\u0151i perf\u00fazi\u00f3s nyom\u00e1s hat\u00e1s\u00e1nak vizsg\u00e1lata alapj\u00e1n vezet\u00fcnk be a gyakorlatba.<\/p>\n","protected":false},"excerpt":{"rendered":"<p>NEUROL\u00d3GIAI SZ\u00d6V\u0150DM\u00c9NYEK RIZIK\u00d3INAK VIZSG\u00c1LATA KUTAT\u00d3CSOPORT Kutat\u00e1svezet\u0151: dr. Banga P\u00e9ter R\u00e9sztvev\u0151k: dr. Csik\u00f3s Gergely, dr. Fab\u00f3 D\u00e1niel (OKTI) Komplex aorta aneurysma ell\u00e1t\u00e1sa sor\u00e1n fell\u00e9p\u0151 neurol\u00f3giai sz\u00f6v\u0151dm\u00e9nyek rizik\u00f3inak vizsg\u00e1lata illetve gerincvel\u0151i v\u00e9delmi protokoll kidolgoz\u00e1sa. Komplex aneurysm\u00e1k ell\u00e1t\u00e1sakor az esetek d\u00f6nt\u0151 t\u00f6bbs\u00e9g\u00e9ben a gerincvel\u0151t ell\u00e1t\u00f3 szegment\u00e1lis \u00e1gak nem vonhat\u00f3ak be a rekonstrukci\u00f3ba, ez\u00e9rt a gerincvel\u0151 v\u00e9rell\u00e1t\u00e1s\u00e1t seg\u00edt\u0151 kollater\u00e1lis &hellip;<\/p>\n","protected":false},"author":101838,"featured_media":0,"parent":8,"menu_order":6,"comment_status":"closed","ping_status":"closed","template":"","meta":{"_acf_changed":false,"footnotes":""},"categories":[],"tags":[],"class_list":["post-812","page","type-page","status-publish","hentry"],"acf":[],"_links":{"self":[{"href":"https:\/\/semmelweis.hu\/ersebeszet\/wp-json\/wp\/v2\/pages\/812","targetHints":{"allow":["GET"]}}],"collection":[{"href":"https:\/\/semmelweis.hu\/ersebeszet\/wp-json\/wp\/v2\/pages"}],"about":[{"href":"https:\/\/semmelweis.hu\/ersebeszet\/wp-json\/wp\/v2\/types\/page"}],"author":[{"embeddable":true,"href":"https:\/\/semmelweis.hu\/ersebeszet\/wp-json\/wp\/v2\/users\/101838"}],"replies":[{"embeddable":true,"href":"https:\/\/semmelweis.hu\/ersebeszet\/wp-json\/wp\/v2\/comments?post=812"}],"version-history":[{"count":3,"href":"https:\/\/semmelweis.hu\/ersebeszet\/wp-json\/wp\/v2\/pages\/812\/revisions"}],"predecessor-version":[{"id":823,"href":"https:\/\/semmelweis.hu\/ersebeszet\/wp-json\/wp\/v2\/pages\/812\/revisions\/823"}],"up":[{"embeddable":true,"href":"https:\/\/semmelweis.hu\/ersebeszet\/wp-json\/wp\/v2\/pages\/8"}],"wp:attachment":[{"href":"https:\/\/semmelweis.hu\/ersebeszet\/wp-json\/wp\/v2\/media?parent=812"}],"wp:term":[{"taxonomy":"category","embeddable":true,"href":"https:\/\/semmelweis.hu\/ersebeszet\/wp-json\/wp\/v2\/categories?post=812"},{"taxonomy":"post_tag","embeddable":true,"href":"https:\/\/semmelweis.hu\/ersebeszet\/wp-json\/wp\/v2\/tags?post=812"}],"curies":[{"name":"wp","href":"https:\/\/api.w.org\/{rel}","templated":true}]}}