{"id":81,"date":"2013-05-06T09:35:41","date_gmt":"2013-05-06T07:35:41","guid":{"rendered":"http:\/\/semmelweis-egyetem.hu\/ersebeszet\/?page_id=81"},"modified":"2020-11-13T14:20:07","modified_gmt":"2020-11-13T13:20:07","slug":"tdk","status":"publish","type":"page","link":"https:\/\/semmelweis.hu\/ersebeszet\/oktatas\/tdk\/","title":{"rendered":"TDK \u00e9s Rektori P\u00e1lyamunka"},"content":{"rendered":"<p style=\"text-align: justify\">A Tudom\u00e1nyos Di\u00e1kk\u00f6ri munk\u00e1ra, illetve az ezzel \u00f6sszef\u00fcgg\u00e9sben Rektori P\u00e1lyamunka \u00edr\u00e1s\u00e1ra alkalmas t\u00e9m\u00e1kr\u00f3l, azok t\u00e9mavezet\u0151ir\u0151l a tansz\u00e9kvezet\u0151 k\u00f6z\u00f6sen d\u00f6nt a tansz\u00e9k oktat\u00f3ival. A Tudom\u00e1nyos Di\u00e1kk\u00f6ri munka t\u00e9m\u00e1it, illetve a Rektori P\u00e1lyamunka c\u00edmeket a tansz\u00e9k az egyetem \u00e1ltal meghat\u00e1rozott id\u0151pontig eljuttatja az egyetem fel\u00e9. Az egyes t\u00e9m\u00e1kra a hallgat\u00f3k az igazgat\u00f3i titk\u00e1rs\u00e1g e-mail c\u00edm\u00e9n kereszt\u00fcl, illetve az egyes t\u00e9mavezet\u0151kkel val\u00f3 szem\u00e9lyes, telefonos, vagy \u00edr\u00e1sos kapcsolatfelv\u00e9tel form\u00e1j\u00e1ban jelentkezhetnek. A hallgat\u00f3k a t\u00e9mavezet\u0151kkel egyeztetnek feladataikr\u00f3l. A Tudom\u00e1nyos Di\u00e1kk\u00f6ri Konferenci\u00e1ra csak az a hallgat\u00f3 k\u00fcldhet absztraktot, aki a t\u00e9mavezet\u0151 \u00e1ltal (sz\u00f3ban) igazoltan kell\u0151 mennyis\u00e9g\u0171 \u00e9s min\u0151s\u00e9g\u0171 Tudom\u00e1nyos Di\u00e1kk\u00f6ri munk\u00e1t v\u00e9gzett, illetve megfelel\u0151 elm\u00e9leti tud\u00e1sra tett szert az adott t\u00e9m\u00e1val kapcsolatban. A Tudom\u00e1nyos Di\u00e1kk\u00f6ri Konferenci\u00e1ra a tansz\u00e9kvezet\u0151 \u00e9s a t\u00e9mavezet\u0151 \u00e1ltal k\u00f6z\u00f6sen j\u00f3v\u00e1hagyott absztraktok k\u00fcldhet\u0151k be. A hallgat\u00f3knak a Tudom\u00e1nyos Di\u00e1kk\u00f6ri Konferenci\u00e1ra a t\u00e9mavezet\u0151k instrukci\u00f3i alapj\u00e1n k\u00e9sz\u00edtett el\u0151ad\u00e1sait a konferenci\u00e1t megel\u0151z\u0151en az \u00c9rseb\u00e9szeti Tansz\u00e9k tansz\u00e9kvezet\u0151je, oktat\u00f3i \u00e9s kutat\u00f3i el\u0151tt prezent\u00e1lniuk kell. Az itt megbesz\u00e9lt v\u00e1ltoztat\u00e1sok, tov\u00e1bbi teend\u0151k elv\u00e9gz\u00e9se ut\u00e1n a tansz\u00e9kvezet\u0151 j\u00f3v\u00e1hagy\u00e1s\u00e1t k\u00f6vet\u0151en ker\u00fclhet sor az el\u0151ad\u00e1s megtart\u00e1s\u00e1ra a Tudom\u00e1nyos Di\u00e1kk\u00f6ri Konferenci\u00e1n.<\/p>\n<p><a href=\"https:\/\/semmelweis.hu\/tdk\/\">Aktu\u00e1lis egyetemi inform\u00e1ci\u00f3k<\/a><\/p>\n<p>&nbsp;<\/p>\n<p>&nbsp;<\/p>\n<p>&nbsp;<\/p>\n","protected":false},"excerpt":{"rendered":"<p>A Tudom\u00e1nyos Di\u00e1kk\u00f6ri munk\u00e1ra, illetve az ezzel \u00f6sszef\u00fcgg\u00e9sben Rektori P\u00e1lyamunka \u00edr\u00e1s\u00e1ra alkalmas t\u00e9m\u00e1kr\u00f3l, azok t\u00e9mavezet\u0151ir\u0151l a tansz\u00e9kvezet\u0151 k\u00f6z\u00f6sen d\u00f6nt a tansz\u00e9k oktat\u00f3ival. A Tudom\u00e1nyos Di\u00e1kk\u00f6ri munka t\u00e9m\u00e1it, illetve a Rektori P\u00e1lyamunka c\u00edmeket a tansz\u00e9k az egyetem \u00e1ltal meghat\u00e1rozott id\u0151pontig eljuttatja az egyetem fel\u00e9. Az egyes t\u00e9m\u00e1kra a hallgat\u00f3k az igazgat\u00f3i titk\u00e1rs\u00e1g e-mail c\u00edm\u00e9n kereszt\u00fcl, illetve &hellip;<\/p>\n","protected":false},"author":191,"featured_media":0,"parent":41,"menu_order":9,"comment_status":"closed","ping_status":"closed","template":"","meta":{"_acf_changed":false,"footnotes":""},"categories":[],"tags":[],"class_list":["post-81","page","type-page","status-publish","hentry"],"acf":[],"_links":{"self":[{"href":"https:\/\/semmelweis.hu\/ersebeszet\/wp-json\/wp\/v2\/pages\/81","targetHints":{"allow":["GET"]}}],"collection":[{"href":"https:\/\/semmelweis.hu\/ersebeszet\/wp-json\/wp\/v2\/pages"}],"about":[{"href":"https:\/\/semmelweis.hu\/ersebeszet\/wp-json\/wp\/v2\/types\/page"}],"author":[{"embeddable":true,"href":"https:\/\/semmelweis.hu\/ersebeszet\/wp-json\/wp\/v2\/users\/191"}],"replies":[{"embeddable":true,"href":"https:\/\/semmelweis.hu\/ersebeszet\/wp-json\/wp\/v2\/comments?post=81"}],"version-history":[{"count":10,"href":"https:\/\/semmelweis.hu\/ersebeszet\/wp-json\/wp\/v2\/pages\/81\/revisions"}],"predecessor-version":[{"id":637,"href":"https:\/\/semmelweis.hu\/ersebeszet\/wp-json\/wp\/v2\/pages\/81\/revisions\/637"}],"up":[{"embeddable":true,"href":"https:\/\/semmelweis.hu\/ersebeszet\/wp-json\/wp\/v2\/pages\/41"}],"wp:attachment":[{"href":"https:\/\/semmelweis.hu\/ersebeszet\/wp-json\/wp\/v2\/media?parent=81"}],"wp:term":[{"taxonomy":"category","embeddable":true,"href":"https:\/\/semmelweis.hu\/ersebeszet\/wp-json\/wp\/v2\/categories?post=81"},{"taxonomy":"post_tag","embeddable":true,"href":"https:\/\/semmelweis.hu\/ersebeszet\/wp-json\/wp\/v2\/tags?post=81"}],"curies":[{"name":"wp","href":"https:\/\/api.w.org\/{rel}","templated":true}]}}