{"id":809,"date":"2021-03-17T11:04:04","date_gmt":"2021-03-17T10:04:04","guid":{"rendered":"https:\/\/semmelweis.hu\/ersebeszet\/?page_id=809"},"modified":"2022-03-30T17:58:38","modified_gmt":"2022-03-30T15:58:38","slug":"willis-kor-kutatocsoport","status":"publish","type":"page","link":"https:\/\/semmelweis.hu\/ersebeszet\/kutatasi-teruletek\/willis-kor-kutatocsoport\/","title":{"rendered":"WILLIS-K\u00d6R KUTAT\u00d3CSOPORT"},"content":{"rendered":"<p><span style=\"color: #008080\">WILLIS-K\u00d6R KUTAT\u00d3CSOPORT<\/span><\/p>\n<p><span style=\"color: #008080\">Kutat\u00e1svezet\u0151: dr. Banga P\u00e9ter<\/span><br \/>\n<span style=\"color: #008080\">R\u00e9sztvev\u0151k: dr. Varga Andrea, dr. Borzs\u00e1k Sarolta<\/span><\/p>\n<p style=\"text-align: justify\">Perio<img loading=\"lazy\" decoding=\"async\" class=\"alignleft wp-image-810\" src=\"https:\/\/semmelweis.hu\/ersebeszet\/files\/2021\/03\/CoW-400x400.jpg\" alt=\"\" width=\"165\" height=\"165\" srcset=\"https:\/\/semmelweis.hu\/ersebeszet\/files\/2021\/03\/CoW-400x400.jpg 400w, https:\/\/semmelweis.hu\/ersebeszet\/files\/2021\/03\/CoW-150x150.jpg 150w, https:\/\/semmelweis.hu\/ersebeszet\/files\/2021\/03\/CoW.jpg 500w\" sizes=\"auto, (max-width: 165px) 100vw, 165px\" \/>perat\u00edv stroke rizik\u00f3 cs\u00f6kkent\u00e9se carotis m\u0171t\u00e9tek sor\u00e1n. A carotis kirekeszt\u00e9s alatti \u00e1raml\u00e1si el\u00e9gtelens\u00e9g el\u0151fordul\u00e1s\u00e1nak \u00e9s a Circulus Willisit alkot\u00f3 art\u00e9ri\u00e1s szegmensek \u00e1llapot\u00e1nak \u00f6sszehasonl\u00edt\u00e1sa. Hipot\u00e9zis\u00fcnk alapj\u00e1n amennyiben a Circulus Willisit alkot\u00f3 szegmensek megfelel\u0151 kollater\u00e1lis kering\u00e9st tudnak ny\u00fajtani, a carotis rekonstrukci\u00f3 alatt nincs sz\u00fcks\u00e9g a kering\u00e9st fenntart\u00f3 shunt haszn\u00e1lat\u00e1ra. C\u00e9lunk egy olyan preoperat\u00edv vizsg\u00e1lati protokoll fel\u00e1ll\u00edt\u00e1sa, amely sor\u00e1n ki tudjuk sz\u0171rni azokat az eseteket, ahol nagyobb val\u00f3sz\u00edn\u0171s\u00e9ggel lenne el\u00e9gtelen az intracrani\u00e1lis kollater\u00e1lis rendszer, \u00edgy ezen betegek nyaki ver\u0151\u00e9r rekonstrukci\u00f3j\u00e1t shunt v\u00e9delemben c\u00e9lszer\u0171 v\u00e9gezni.<\/p>\n","protected":false},"excerpt":{"rendered":"<p>WILLIS-K\u00d6R KUTAT\u00d3CSOPORT Kutat\u00e1svezet\u0151: dr. Banga P\u00e9ter R\u00e9sztvev\u0151k: dr. Varga Andrea, dr. Borzs\u00e1k Sarolta Perioperat\u00edv stroke rizik\u00f3 cs\u00f6kkent\u00e9se carotis m\u0171t\u00e9tek sor\u00e1n. A carotis kirekeszt\u00e9s alatti \u00e1raml\u00e1si el\u00e9gtelens\u00e9g el\u0151fordul\u00e1s\u00e1nak \u00e9s a Circulus Willisit alkot\u00f3 art\u00e9ri\u00e1s szegmensek \u00e1llapot\u00e1nak \u00f6sszehasonl\u00edt\u00e1sa. Hipot\u00e9zis\u00fcnk alapj\u00e1n amennyiben a Circulus Willisit alkot\u00f3 szegmensek megfelel\u0151 kollater\u00e1lis kering\u00e9st tudnak ny\u00fajtani, a carotis rekonstrukci\u00f3 alatt nincs sz\u00fcks\u00e9g &hellip;<\/p>\n","protected":false},"author":101838,"featured_media":0,"parent":8,"menu_order":11,"comment_status":"closed","ping_status":"closed","template":"","meta":{"_acf_changed":false,"footnotes":""},"categories":[],"tags":[],"class_list":["post-809","page","type-page","status-publish","hentry"],"acf":[],"_links":{"self":[{"href":"https:\/\/semmelweis.hu\/ersebeszet\/wp-json\/wp\/v2\/pages\/809","targetHints":{"allow":["GET"]}}],"collection":[{"href":"https:\/\/semmelweis.hu\/ersebeszet\/wp-json\/wp\/v2\/pages"}],"about":[{"href":"https:\/\/semmelweis.hu\/ersebeszet\/wp-json\/wp\/v2\/types\/page"}],"author":[{"embeddable":true,"href":"https:\/\/semmelweis.hu\/ersebeszet\/wp-json\/wp\/v2\/users\/101838"}],"replies":[{"embeddable":true,"href":"https:\/\/semmelweis.hu\/ersebeszet\/wp-json\/wp\/v2\/comments?post=809"}],"version-history":[{"count":3,"href":"https:\/\/semmelweis.hu\/ersebeszet\/wp-json\/wp\/v2\/pages\/809\/revisions"}],"predecessor-version":[{"id":972,"href":"https:\/\/semmelweis.hu\/ersebeszet\/wp-json\/wp\/v2\/pages\/809\/revisions\/972"}],"up":[{"embeddable":true,"href":"https:\/\/semmelweis.hu\/ersebeszet\/wp-json\/wp\/v2\/pages\/8"}],"wp:attachment":[{"href":"https:\/\/semmelweis.hu\/ersebeszet\/wp-json\/wp\/v2\/media?parent=809"}],"wp:term":[{"taxonomy":"category","embeddable":true,"href":"https:\/\/semmelweis.hu\/ersebeszet\/wp-json\/wp\/v2\/categories?post=809"},{"taxonomy":"post_tag","embeddable":true,"href":"https:\/\/semmelweis.hu\/ersebeszet\/wp-json\/wp\/v2\/tags?post=809"}],"curies":[{"name":"wp","href":"https:\/\/api.w.org\/{rel}","templated":true}]}}