{"id":806,"date":"2021-03-17T10:58:54","date_gmt":"2021-03-17T09:58:54","guid":{"rendered":"https:\/\/semmelweis.hu\/ersebeszet\/?page_id=806"},"modified":"2021-05-07T11:55:56","modified_gmt":"2021-05-07T09:55:56","slug":"phd-temaink","status":"publish","type":"page","link":"https:\/\/semmelweis.hu\/ersebeszet\/kutatasi-teruletek\/phd-temaink\/","title":{"rendered":"PhD t\u00e9m\u00e1ink"},"content":{"rendered":"<p style=\"text-align: justify\">Tansz\u00e9k\u00fcnk munkat\u00e1rsai \u00e1ltal meghirdetett doktori t\u00e9m\u00e1k a <strong>R\u00e1cz K\u00e1roly Klinikai Orvostudom\u00e1nyok Doktori Iskola <\/strong>(iskolavezet\u0151: Dr. Reusz Gy\u00f6rgy) <strong>12. Klinikai \u00e9s k\u00eds\u00e9rletes angiol\u00f3giai kutat\u00e1sok <\/strong>(programvezet\u0151: Dr. Acs\u00e1dy Gy\u00f6rgy) programj\u00e1ba tartoznak.<strong><br \/>\n<\/strong><\/p>\n<p>A teljes program a <a href=\"https:\/\/semmelweis.hu\/phd\/doktori-iskolak\/klinikai-orvostudomanyok\/\">Doktori Iskola honlapj\u00e1n<\/a> olvashat\u00f3.<\/p>\n<p><strong>T\u00c9M\u00c1INK<\/strong><\/p>\n<ul>\n<li>Az arteriosclerosis \u00e9s a kr\u00f3nikus uraemia kapcsolat\u00e1nak vizsg\u00e1lata.<br \/>\nt\u00e9mavezet\u0151: Dr. Acs\u00e1dy Gy\u00f6rgy<\/li>\n<li>V\u00e9n\u00e1k fiziol\u00f3gi\u00e1s \u00e9s k\u00f3ros adapt\u00e1ci\u00f3ja hemodinamikai stresszre.<br \/>\nt\u00e9mavezet\u0151: Dr. Acs\u00e1dy Gy\u00f6rgy<\/li>\n<li>Az aorta aneurysm\u00e1k \u00e9s aorta v\u00e9rz\u00e9sek etiopathol\u00f3giai anal\u00edzise.<br \/>\nt\u00e9mavezet\u0151: Dr. S\u00f3tonyi P\u00e9ter<\/li>\n<li>Az aorta aneurysm\u00e1k radiol\u00f3giai vizsg\u00e1lata \u00e9s geometriai modellez\u00e9se.<br \/>\nt\u00e9mavezet\u0151: Dr. S\u00f3tonyi P\u00e9ter<\/li>\n<li>A Nociceptin szab\u00e1lyoz\u00f3 szerepe \u00e9s szab\u00e1lyozotts\u00e1ga kardiovaszkul\u00e1ris k\u00f3rk\u00e9pekben.<br \/>\nt\u00e9mavezet\u0151: Dr. S\u00f3tonyi P\u00e9ter<\/li>\n<li>A perif\u00e9ri\u00e1s art\u00e9ri\u00e1s betegs\u00e9gek epidemiol\u00f3gi\u00e1ja \u00e9s klinikuma.<br \/>\nt\u00e9mavezet\u0151: Dr. S\u00f3tonyi P\u00e9ter<\/li>\n<li>A szeptikus \u00e9rsz\u00f6v\u0151dm\u00e9nyek, \u00e9rp\u00f3tl\u00f3 anyagok<br \/>\nt\u00e9mavezet\u0151: Dr. S\u00f3tonyi P\u00e9ter, dr. Szeberin Zolt\u00e1n<\/li>\n<li>A vaszkul\u00e1ris \u00e9s extravaszkul\u00e1ris kalcifik\u00e1ci\u00f3 szerepe az ateroszkler\u00f3zis progresszi\u00f3j\u00e1ban.<br \/>\nt\u00e9mavezet\u0151: Dr. Szeberin Zolt\u00e1n<\/li>\n<\/ul>\n","protected":false},"excerpt":{"rendered":"<p>Tansz\u00e9k\u00fcnk munkat\u00e1rsai \u00e1ltal meghirdetett doktori t\u00e9m\u00e1k a R\u00e1cz K\u00e1roly Klinikai Orvostudom\u00e1nyok Doktori Iskola (iskolavezet\u0151: Dr. Reusz Gy\u00f6rgy) 12. Klinikai \u00e9s k\u00eds\u00e9rletes angiol\u00f3giai kutat\u00e1sok (programvezet\u0151: Dr. Acs\u00e1dy Gy\u00f6rgy) programj\u00e1ba tartoznak. A teljes program a <a href=\"https:\/\/semmelweis.hu\/phd\/doktori-iskolak\/klinikai-orvostudomanyok\/\">Doktori Iskola honlapj\u00e1n<\/a> olvashat\u00f3. T\u00c9M\u00c1INK Az arteriosclerosis \u00e9s a kr\u00f3nikus uraemia kapcsolat\u00e1nak vizsg\u00e1lata. t\u00e9mavezet\u0151: Dr. Acs\u00e1dy Gy\u00f6rgy V\u00e9n\u00e1k fiziol\u00f3gi\u00e1s \u00e9s k\u00f3ros adapt\u00e1ci\u00f3ja hemodinamikai stresszre. t\u00e9mavezet\u0151: &hellip;<\/p>\n","protected":false},"author":101838,"featured_media":0,"parent":8,"menu_order":0,"comment_status":"closed","ping_status":"closed","template":"","meta":{"_acf_changed":false,"footnotes":""},"categories":[],"tags":[],"class_list":["post-806","page","type-page","status-publish","hentry"],"acf":[],"_links":{"self":[{"href":"https:\/\/semmelweis.hu\/ersebeszet\/wp-json\/wp\/v2\/pages\/806","targetHints":{"allow":["GET"]}}],"collection":[{"href":"https:\/\/semmelweis.hu\/ersebeszet\/wp-json\/wp\/v2\/pages"}],"about":[{"href":"https:\/\/semmelweis.hu\/ersebeszet\/wp-json\/wp\/v2\/types\/page"}],"author":[{"embeddable":true,"href":"https:\/\/semmelweis.hu\/ersebeszet\/wp-json\/wp\/v2\/users\/101838"}],"replies":[{"embeddable":true,"href":"https:\/\/semmelweis.hu\/ersebeszet\/wp-json\/wp\/v2\/comments?post=806"}],"version-history":[{"count":5,"href":"https:\/\/semmelweis.hu\/ersebeszet\/wp-json\/wp\/v2\/pages\/806\/revisions"}],"predecessor-version":[{"id":904,"href":"https:\/\/semmelweis.hu\/ersebeszet\/wp-json\/wp\/v2\/pages\/806\/revisions\/904"}],"up":[{"embeddable":true,"href":"https:\/\/semmelweis.hu\/ersebeszet\/wp-json\/wp\/v2\/pages\/8"}],"wp:attachment":[{"href":"https:\/\/semmelweis.hu\/ersebeszet\/wp-json\/wp\/v2\/media?parent=806"}],"wp:term":[{"taxonomy":"category","embeddable":true,"href":"https:\/\/semmelweis.hu\/ersebeszet\/wp-json\/wp\/v2\/categories?post=806"},{"taxonomy":"post_tag","embeddable":true,"href":"https:\/\/semmelweis.hu\/ersebeszet\/wp-json\/wp\/v2\/tags?post=806"}],"curies":[{"name":"wp","href":"https:\/\/api.w.org\/{rel}","templated":true}]}}