{"id":761,"date":"2021-02-24T16:29:10","date_gmt":"2021-02-24T15:29:10","guid":{"rendered":"https:\/\/semmelweis.hu\/ersebeszet\/?page_id=761"},"modified":"2021-04-12T14:17:26","modified_gmt":"2021-04-12T12:17:26","slug":"tankonyv-jegyzet","status":"publish","type":"page","link":"https:\/\/semmelweis.hu\/ersebeszet\/oktatas\/tankonyv-jegyzet\/","title":{"rendered":"Tank\u00f6nyv, jegyzetek"},"content":{"rendered":"<h4 style=\"text-align: center\"><span style=\"color: #008080\">Az \u00c9rseb\u00e9szeti \u00e9s Endovaszkul\u00e1ris Tansz\u00e9k munkat\u00e1rsai k\u00f6zrem\u0171k\u00f6d\u00e9s\u00e9vel \u00f6ssze\u00e1ll\u00edtott kiadv\u00e1nyok:<\/p>\n<p><\/span><\/h4>\n<p><a href=\"https:\/\/www.medicina-kiado.hu\/kiadvanyaink\/szak-es-tankonyvek\/sebeszet-traumatologia\/az-ergyogyaszat-alapvonalai\/\"><strong><img loading=\"lazy\" decoding=\"async\" class=\"zoomImg alignleft\" src=\"https:\/\/www.medicina-kiado.hu\/uploads\/image.php?src=\/uploads\/webshop\/1601979353-Ergyogyaszat2 B jav.jpg&amp;w=900\" width=\"228\" height=\"328\" \/>Az \u00c9rgy\u00f3gy\u00e1szat alapvonalai<\/strong><\/a><strong> tank\u00f6nyv<\/strong><\/p>\n<p>Medicina Kiad\u00f3, 2021<br \/>\n<strong>ISBN:<\/strong> 978 963 226 777 7<\/p>\n<p style=\"text-align: justify\">A tank\u00f6nyv c\u00e9lja, hogy \u00f6sszefoglalja a mindennapi klinikai gyakorlatban hasznos\u00edthat\u00f3 legfontosabb inform\u00e1ci\u00f3kat az \u00e9rseb\u00e9szet, az intervencion\u00e1lis radiol\u00f3gia \u00e9s az angiol\u00f3gia ter\u00fclet\u00e9n. C\u00e9lk\u00f6z\u00f6ns\u00e9g\u00e9t a gradu\u00e1lis k\u00e9pz\u00e9sben <em>\u00e9rseb\u00e9szet, radiol\u00f3gia, vaszkul\u00e1ris medicina, belgy\u00f3gy\u00e1szati angiol\u00f3gia<\/em> t\u00e1rgyakat tanul\u00f3 orvostanhallgat\u00f3k, a szakk\u00e9pz\u00e9sben <em>\u00e9rseb\u00e9szet, angiol\u00f3gia, radiol\u00f3gia szakvizsg\u00e1ra vagy intervenci\u00f3s radiol\u00f3gia licenc vizsg\u00e1ra<\/em> k\u00e9sz\u00fcl\u0151 szakorvos jel\u00f6ltek \u00e9s rezidensek alkotj\u00e1k.\u00a0<\/p>\n<hr \/>\n<p><img loading=\"lazy\" decoding=\"async\" class=\"img-responsive alignleft\" src=\"https:\/\/www.semmelweiskiado.hu\/images\/termekek\/2\/1458\/semmelweis_kiado_1537169609.jpg\" alt=\"\" width=\"227\" height=\"307\" \/><\/p>\n<p><a href=\"https:\/\/www.semmelweiskiado.hu\/termek\/1458\/vaszkularis-medicina\"><strong>Vaszkul\u00e1ris Medicina<\/strong><\/a><strong> jegyzet<\/strong><\/p>\n<p>Semmelweis Kiad\u00f3, 2018<br \/>\n<strong>ISBN:<\/strong> 9789633314470<\/p>\n<p style=\"text-align: justify\"><span style=\"font-size: 14pt\">Az egyetemi jegyzet egyik f\u0151 c\u00e9lja a figyelem felh\u00edv\u00e1sa arra, hogy az \u00e9rbetegek ell\u00e1t\u00e1sa komplex, interdiszciplin\u00e1ris szeml\u00e9letet ig\u00e9nyel, ahol az \u00e9rseb\u00e9szet, az angiol\u00f3gia \u00e9s az intervencion\u00e1lis radiol\u00f3gia mellett tulajdonk\u00e9ppen minden m\u00e1s klinikai szakm\u00e1t meg kell sz\u00f3l\u00edtania a kezel\u0151orvosnak.<\/p>\n<p><\/span><\/p>\n<p>&nbsp;<\/p>\n<hr \/>\n<p><img loading=\"lazy\" decoding=\"async\" class=\"img-responsive alignleft\" src=\"https:\/\/www.semmelweiskiado.hu\/images\/termekek\/2\/1551\/semmelweis_kiado_1569400403.jpg\" alt=\"\" width=\"227\" height=\"307\" \/><\/p>\n<p><strong><a href=\"https:\/\/www.semmelweiskiado.hu\/termek\/1551\/vascular-medicine\">Vascular Medicine\u00a0<\/a> jegyzet<\/strong> (angol)<\/p>\n<p>Semmelweis Kiad\u00f3, 2019<br \/>\n<strong>ISBN:<\/strong> 9789633314852<\/p>\n<p style=\"text-align: justify\"><span style=\"font-size: 14pt\">In this coursebook, our intent was not to include every piece of information, but only to highlight those that are the most relevant in everyday clinical practice for medical students. We attempted to focus on the fundamental questions of vascular medicine, and summarize the most important information in the fields of vascular surgery, angiology, and interventional radiology.<\/p>\n<p><\/span><\/p>\n<hr \/>\n<p><img loading=\"lazy\" decoding=\"async\" class=\"img-responsive alignleft\" src=\"https:\/\/www.semmelweiskiado.hu\/images\/termekek\/2\/1635\/semmelweis_kiado_1597648992.jpg\" alt=\"\" width=\"228\" height=\"308\" \/><a href=\"https:\/\/www.semmelweiskiado.hu\/termek\/1635\/vaskulre-medizin\"><strong>Vaskul\u00e4re Medizin<\/strong><\/a><strong> jegyzet<\/strong> (n\u00e9met)<\/p>\n<p>Semmelweis Kiad\u00f3, 2020<br \/>\n<strong>ISBN:<\/strong> 9789633315170<\/p>\n<p style=\"text-align: justify\"><span style=\"font-size: 14pt\">Beim Schreiben dieses Universit\u00e4tsskriptes wollten wir keinen Anspruch auf Vollst\u00e4ndigkeit anstreben, sondern wir wollten den Studierenden der Medizin die wichtigsten Teile im klinischen Alltag hervorheben. Wir haben versucht, uns auf die grundlegenden Fragen der vaskul\u00e4ren Medizin zu konzentrieren und die wichtigsten Informationen aus der Gef\u00e4\u00dfchirurgie, der Angiologie und der interventionellen Radiologie zusammenzufassen.<br \/>\n<\/span><\/p>\n","protected":false},"excerpt":{"rendered":"<p>Az \u00c9rseb\u00e9szeti \u00e9s Endovaszkul\u00e1ris Tansz\u00e9k munkat\u00e1rsai k\u00f6zrem\u0171k\u00f6d\u00e9s\u00e9vel \u00f6ssze\u00e1ll\u00edtott kiadv\u00e1nyok: <a href=\"https:\/\/www.medicina-kiado.hu\/kiadvanyaink\/szak-es-tankonyvek\/sebeszet-traumatologia\/az-ergyogyaszat-alapvonalai\/\">Az \u00c9rgy\u00f3gy\u00e1szat alapvonalai<\/a> tank\u00f6nyv Medicina Kiad\u00f3, 2021 ISBN: 978 963 226 777 7 A tank\u00f6nyv c\u00e9lja, hogy \u00f6sszefoglalja a mindennapi klinikai gyakorlatban hasznos\u00edthat\u00f3 legfontosabb inform\u00e1ci\u00f3kat az \u00e9rseb\u00e9szet, az intervencion\u00e1lis radiol\u00f3gia \u00e9s az angiol\u00f3gia ter\u00fclet\u00e9n. C\u00e9lk\u00f6z\u00f6ns\u00e9g\u00e9t a gradu\u00e1lis k\u00e9pz\u00e9sben \u00e9rseb\u00e9szet, radiol\u00f3gia, vaszkul\u00e1ris medicina, belgy\u00f3gy\u00e1szati angiol\u00f3gia t\u00e1rgyakat tanul\u00f3 orvostanhallgat\u00f3k, a szakk\u00e9pz\u00e9sben &hellip;<\/p>\n","protected":false},"author":101525,"featured_media":0,"parent":41,"menu_order":0,"comment_status":"closed","ping_status":"closed","template":"","meta":{"_acf_changed":false,"footnotes":""},"categories":[],"tags":[],"class_list":["post-761","page","type-page","status-publish","hentry"],"acf":[],"_links":{"self":[{"href":"https:\/\/semmelweis.hu\/ersebeszet\/wp-json\/wp\/v2\/pages\/761","targetHints":{"allow":["GET"]}}],"collection":[{"href":"https:\/\/semmelweis.hu\/ersebeszet\/wp-json\/wp\/v2\/pages"}],"about":[{"href":"https:\/\/semmelweis.hu\/ersebeszet\/wp-json\/wp\/v2\/types\/page"}],"author":[{"embeddable":true,"href":"https:\/\/semmelweis.hu\/ersebeszet\/wp-json\/wp\/v2\/users\/101525"}],"replies":[{"embeddable":true,"href":"https:\/\/semmelweis.hu\/ersebeszet\/wp-json\/wp\/v2\/comments?post=761"}],"version-history":[{"count":10,"href":"https:\/\/semmelweis.hu\/ersebeszet\/wp-json\/wp\/v2\/pages\/761\/revisions"}],"predecessor-version":[{"id":892,"href":"https:\/\/semmelweis.hu\/ersebeszet\/wp-json\/wp\/v2\/pages\/761\/revisions\/892"}],"up":[{"embeddable":true,"href":"https:\/\/semmelweis.hu\/ersebeszet\/wp-json\/wp\/v2\/pages\/41"}],"wp:attachment":[{"href":"https:\/\/semmelweis.hu\/ersebeszet\/wp-json\/wp\/v2\/media?parent=761"}],"wp:term":[{"taxonomy":"category","embeddable":true,"href":"https:\/\/semmelweis.hu\/ersebeszet\/wp-json\/wp\/v2\/categories?post=761"},{"taxonomy":"post_tag","embeddable":true,"href":"https:\/\/semmelweis.hu\/ersebeszet\/wp-json\/wp\/v2\/tags?post=761"}],"curies":[{"name":"wp","href":"https:\/\/api.w.org\/{rel}","templated":true}]}}