{"id":737,"date":"2021-01-19T14:35:30","date_gmt":"2021-01-19T13:35:30","guid":{"rendered":"https:\/\/semmelweis.hu\/ersebeszet\/?page_id=737"},"modified":"2026-03-26T15:03:53","modified_gmt":"2026-03-26T14:03:53","slug":"vascularis-medicina","status":"publish","type":"page","link":"https:\/\/semmelweis.hu\/ersebeszet\/oktatas\/vascularis-medicina\/","title":{"rendered":"Vascularis Medicina"},"content":{"rendered":"<p>Alapadatok:\u00a0 AOVAGL476_1M, 2 \u00f3ra\/h\u00e9t, 2 kredit<\/p>\n<p><a href=\"https:\/\/semmelweis.hu\/ersebeszet\/files\/2021\/01\/Vascularis-Medicina-k\u00f6vetelm\u00e9nyrendszere-\u00daJ_2020m\u00e1j_JAV.pdf\">K\u00f6vetelm\u00e9nyrendszer 2020\/21<\/a><\/p>\n<p><a href=\"https:\/\/semmelweis.hu\/ersebeszet\/files\/2021\/01\/Vascularis_Medicina_\u00d3rarend_2020-2021_2_honlapra.xlsx\">\u00d3rarend 2020\/21\/2. f\u00e9l\u00e9v<\/a><\/p>\n<p>A t\u00e1rgy sz\u00e1monk\u00e9r\u00e9s\u00e9nek egy\u00e9rtelm\u0171 minimumk\u00f6vetelm\u00e9nye a a Vaszkul\u00e1ris medicina jegyzet tartalm\u00e1nak ismerete:<\/p>\n<p>The minimum requirement for assessment in vascular surgery practice is familiarity with the content of the Vascular Medicine textbook:<\/p>\n<table class=\"table\" style=\"width: 76.5822%\" data-v-792b8c55=\"\">\n<thead class=\"myLabel\" data-v-792b8c55=\"\">\n<tr data-v-792b8c55=\"\">\n<td style=\"width: 10.5466%\" data-v-792b8c55=\"\">Required<\/td>\n<td style=\"width: 25.7387%\" data-v-792b8c55=\"\">Author<\/td>\n<td style=\"width: 15.058%\" data-v-792b8c55=\"\">Title<\/td>\n<td style=\"width: 13.7446%\" data-v-792b8c55=\"\">Publisher<\/td>\n<td style=\"width: 10.449%\" data-v-792b8c55=\"\">Year of publication<\/td>\n<\/tr>\n<\/thead>\n<tbody data-v-792b8c55=\"\">\n<tr data-v-792b8c55=\"\">\n<td class=\"jelleg_td\" style=\"width: 10.5466%\" data-v-792b8c55=\"\">Mandatory<\/td>\n<td class=\"szerzo_td\" style=\"width: 25.7387%\" data-v-792b8c55=\"\">Dr. S\u00f3tonyi P\u00e9ter, Dr. Szeberin Zolt\u00e1n<\/td>\n<td class=\"cim_td\" style=\"width: 15.058%\" data-v-792b8c55=\"\">Vascular Medicine<\/td>\n<td class=\"kiado_td\" style=\"width: 13.7446%\" data-v-792b8c55=\"\">Semmelweis Kiad\u00f3<\/td>\n<td class=\"kiadas_eve_td\" style=\"width: 10.449%\" data-v-792b8c55=\"\">2019<\/td>\n<\/tr>\n<\/tbody>\n<\/table>\n<table class=\"table\" style=\"width: 76.2491%\" data-v-792b8c55=\"\">\n<thead class=\"myLabel\" data-v-792b8c55=\"\">\n<tr data-v-792b8c55=\"\">\n<td style=\"width: 10.7246%\" data-v-792b8c55=\"\">Jelleg<\/td>\n<td style=\"width: 26.3043%\" data-v-792b8c55=\"\">Szerz\u0151<\/td>\n<td style=\"width: 14.9973%\" data-v-792b8c55=\"\">C\u00edm<\/td>\n<td style=\"width: 13.4032%\" data-v-792b8c55=\"\">Kiad\u00f3<\/td>\n<td style=\"width: 10.8749%\" data-v-792b8c55=\"\">Kiad\u00e1s \u00e9ve<\/td>\n<\/tr>\n<\/thead>\n<tbody data-v-792b8c55=\"\">\n<tr data-v-792b8c55=\"\">\n<td class=\"jelleg_td\" style=\"width: 10.7246%\" data-v-792b8c55=\"\">K\u00f6telez\u0151<\/td>\n<td class=\"szerzo_td\" style=\"width: 26.3043%\" data-v-792b8c55=\"\">Dr. S\u00f3tonyi P\u00e9ter \u00e9s Dr. Szeberin Zolt\u00e1n<\/td>\n<td class=\"cim_td\" style=\"width: 14.9973%\" data-v-792b8c55=\"\">Vaszkul\u00e1ris medicina<\/td>\n<td class=\"kiado_td\" style=\"width: 13.4032%\" data-v-792b8c55=\"\">Semmelweis Kiad\u00f3<\/td>\n<td class=\"kiadas_eve_td\" style=\"width: 10.8749%\" data-v-792b8c55=\"\">2018<\/td>\n<\/tr>\n<\/tbody>\n<\/table>\n","protected":false},"excerpt":{"rendered":"<p>Alapadatok:\u00a0 AOVAGL476_1M, 2 \u00f3ra\/h\u00e9t, 2 kredit <a href=\"https:\/\/semmelweis.hu\/ersebeszet\/files\/2021\/01\/Vascularis-Medicina-k\u00f6vetelm\u00e9nyrendszere-\u00daJ_2020m\u00e1j_JAV.pdf\">K\u00f6vetelm\u00e9nyrendszer 2020\/21<\/a> <a href=\"https:\/\/semmelweis.hu\/ersebeszet\/files\/2021\/01\/Vascularis_Medicina_\u00d3rarend_2020-2021_2_honlapra.xlsx\">\u00d3rarend 2020\/21\/2. f\u00e9l\u00e9v<\/a> A t\u00e1rgy sz\u00e1monk\u00e9r\u00e9s\u00e9nek egy\u00e9rtelm\u0171 minimumk\u00f6vetelm\u00e9nye a a Vaszkul\u00e1ris medicina jegyzet tartalm\u00e1nak ismerete: The minimum requirement for assessment in vascular surgery practice is familiarity with the content of the Vascular Medicine textbook: Required Author Title Publisher Year of publication Mandatory Dr. S\u00f3tonyi P\u00e9ter, Dr. Szeberin Zolt\u00e1n Vascular Medicine Semmelweis Kiad\u00f3 &hellip;<\/p>\n","protected":false},"author":101838,"featured_media":0,"parent":41,"menu_order":15,"comment_status":"closed","ping_status":"closed","template":"","meta":{"_acf_changed":false,"footnotes":""},"categories":[],"tags":[],"class_list":["post-737","page","type-page","status-publish","hentry"],"acf":[],"_links":{"self":[{"href":"https:\/\/semmelweis.hu\/ersebeszet\/wp-json\/wp\/v2\/pages\/737","targetHints":{"allow":["GET"]}}],"collection":[{"href":"https:\/\/semmelweis.hu\/ersebeszet\/wp-json\/wp\/v2\/pages"}],"about":[{"href":"https:\/\/semmelweis.hu\/ersebeszet\/wp-json\/wp\/v2\/types\/page"}],"author":[{"embeddable":true,"href":"https:\/\/semmelweis.hu\/ersebeszet\/wp-json\/wp\/v2\/users\/101838"}],"replies":[{"embeddable":true,"href":"https:\/\/semmelweis.hu\/ersebeszet\/wp-json\/wp\/v2\/comments?post=737"}],"version-history":[{"count":6,"href":"https:\/\/semmelweis.hu\/ersebeszet\/wp-json\/wp\/v2\/pages\/737\/revisions"}],"predecessor-version":[{"id":1035,"href":"https:\/\/semmelweis.hu\/ersebeszet\/wp-json\/wp\/v2\/pages\/737\/revisions\/1035"}],"up":[{"embeddable":true,"href":"https:\/\/semmelweis.hu\/ersebeszet\/wp-json\/wp\/v2\/pages\/41"}],"wp:attachment":[{"href":"https:\/\/semmelweis.hu\/ersebeszet\/wp-json\/wp\/v2\/media?parent=737"}],"wp:term":[{"taxonomy":"category","embeddable":true,"href":"https:\/\/semmelweis.hu\/ersebeszet\/wp-json\/wp\/v2\/categories?post=737"},{"taxonomy":"post_tag","embeddable":true,"href":"https:\/\/semmelweis.hu\/ersebeszet\/wp-json\/wp\/v2\/tags?post=737"}],"curies":[{"name":"wp","href":"https:\/\/api.w.org\/{rel}","templated":true}]}}