{"id":718,"date":"2020-11-19T14:22:23","date_gmt":"2020-11-19T13:22:23","guid":{"rendered":"https:\/\/semmelweis.hu\/ersebeszet\/?page_id=718"},"modified":"2020-12-08T11:03:15","modified_gmt":"2020-12-08T10:03:15","slug":"school-of-phd-studies","status":"publish","type":"page","link":"https:\/\/semmelweis.hu\/ersebeszet\/english\/school-of-phd-studies\/","title":{"rendered":"School of PhD Studies"},"content":{"rendered":"<p><strong>K\u00e1roly R\u00e1cz Clinical Medicine Doctoral School<\/strong><br \/>\n(Chairman: Prof. Gy\u00f6rgy Reusz M.D., Ph.D., D.Sc.)<\/p>\n<p><strong>Program 12. Clinical and Experimental Research in Angiology<\/strong><br \/>\n(Coordinator: Prof. Gy\u00f6rgy Acs\u00e1dy, M.D., Ph.D., D.Sc.)<\/p>\n<p>Themes:<\/p>\n<table width=\"802\">\n<tbody>\n<tr>\n<td width=\"181\">Acs\u00e1dy, Gy\u00f6rgy<\/td>\n<td width=\"621\">Relations of arteriosclerosis and chronic uraemia<\/td>\n<\/tr>\n<tr>\n<td width=\"181\">Acs\u00e1dy, Gy\u00f6rgy<\/td>\n<td width=\"621\">Phisiological and pathological adaptation of venous system in cases hemodinamical stress<\/td>\n<\/tr>\n<tr>\n<td width=\"181\">S\u00f3tonyi, P\u00e9ter<\/td>\n<td width=\"621\">Molecular biological aspects of dilatative cardiomyopathy and myocarditis of viral origin<\/td>\n<\/tr>\n<tr>\n<td width=\"181\">S\u00f3tonyi, P\u00e9ter<\/td>\n<td width=\"621\">The Role of regulatory function of Nociceptin in cardiovascular disease and its controll.<\/td>\n<\/tr>\n<tr>\n<td width=\"181\">S\u00f3tonyi, P\u00e9ter<\/td>\n<td width=\"621\">Radiological investigation and geometric analysis of aortic aneurysms<\/td>\n<\/tr>\n<tr>\n<td width=\"181\">S\u00f3tonyi, P\u00e9ter<\/td>\n<td width=\"621\">Epidemiology and clinical features of peripherial arterial disease<\/td>\n<\/tr>\n<\/tbody>\n<\/table>\n<p>&nbsp;<\/p>\n<p>For further informations see the <em><a href=\"https:\/\/semmelweis.hu\/phd\/en\/\">website of PhD Studies.<\/a><\/em><\/p>\n","protected":false},"excerpt":{"rendered":"<p>K\u00e1roly R\u00e1cz Clinical Medicine Doctoral School (Chairman: Prof. Gy\u00f6rgy Reusz M.D., Ph.D., D.Sc.) Program 12. Clinical and Experimental Research in Angiology (Coordinator: Prof. Gy\u00f6rgy Acs\u00e1dy, M.D., Ph.D., D.Sc.) Themes: Acs\u00e1dy, Gy\u00f6rgy Relations of arteriosclerosis and chronic uraemia Acs\u00e1dy, Gy\u00f6rgy Phisiological and pathological adaptation of venous system in cases hemodinamical stress S\u00f3tonyi, P\u00e9ter Molecular biological aspects &hellip;<\/p>\n","protected":false},"author":101838,"featured_media":0,"parent":449,"menu_order":6,"comment_status":"closed","ping_status":"closed","template":"","meta":{"_acf_changed":false,"footnotes":""},"categories":[],"tags":[],"class_list":["post-718","page","type-page","status-publish","hentry"],"acf":[],"_links":{"self":[{"href":"https:\/\/semmelweis.hu\/ersebeszet\/wp-json\/wp\/v2\/pages\/718","targetHints":{"allow":["GET"]}}],"collection":[{"href":"https:\/\/semmelweis.hu\/ersebeszet\/wp-json\/wp\/v2\/pages"}],"about":[{"href":"https:\/\/semmelweis.hu\/ersebeszet\/wp-json\/wp\/v2\/types\/page"}],"author":[{"embeddable":true,"href":"https:\/\/semmelweis.hu\/ersebeszet\/wp-json\/wp\/v2\/users\/101838"}],"replies":[{"embeddable":true,"href":"https:\/\/semmelweis.hu\/ersebeszet\/wp-json\/wp\/v2\/comments?post=718"}],"version-history":[{"count":1,"href":"https:\/\/semmelweis.hu\/ersebeszet\/wp-json\/wp\/v2\/pages\/718\/revisions"}],"predecessor-version":[{"id":719,"href":"https:\/\/semmelweis.hu\/ersebeszet\/wp-json\/wp\/v2\/pages\/718\/revisions\/719"}],"up":[{"embeddable":true,"href":"https:\/\/semmelweis.hu\/ersebeszet\/wp-json\/wp\/v2\/pages\/449"}],"wp:attachment":[{"href":"https:\/\/semmelweis.hu\/ersebeszet\/wp-json\/wp\/v2\/media?parent=718"}],"wp:term":[{"taxonomy":"category","embeddable":true,"href":"https:\/\/semmelweis.hu\/ersebeszet\/wp-json\/wp\/v2\/categories?post=718"},{"taxonomy":"post_tag","embeddable":true,"href":"https:\/\/semmelweis.hu\/ersebeszet\/wp-json\/wp\/v2\/tags?post=718"}],"curies":[{"name":"wp","href":"https:\/\/api.w.org\/{rel}","templated":true}]}}